{"id":201207,"date":"2021-06-03T23:13:15","date_gmt":"2021-06-03T21:13:15","guid":{"rendered":"https:\/\/bagfactory.eu\/ultrasound-material-thermal-joining-pet-rpet-go\/"},"modified":"2025-12-18T08:56:46","modified_gmt":"2025-12-18T06:56:46","slug":"ultrasound-material-thermal-joining-pet-rpet-go","status":"publish","type":"page","link":"https:\/\/bagfactory.eu\/de\/eu-funding\/ultrasound-material-thermal-joining-pet-rpet-go\/","title":{"rendered":"Ultrasound material thermal joining (PET-RPET GO)"},"content":{"rendered":"\t\t<div data-elementor-type=\"wp-page\" data-elementor-id=\"201207\" class=\"elementor elementor-201207 elementor-16017\" data-elementor-settings=\"{&quot;element_pack_global_tooltip_width&quot;:{&quot;unit&quot;:&quot;px&quot;,&quot;size&quot;:&quot;&quot;,&quot;sizes&quot;:[]},&quot;element_pack_global_tooltip_width_tablet&quot;:{&quot;unit&quot;:&quot;px&quot;,&quot;size&quot;:&quot;&quot;,&quot;sizes&quot;:[]},&quot;element_pack_global_tooltip_width_mobile&quot;:{&quot;unit&quot;:&quot;px&quot;,&quot;size&quot;:&quot;&quot;,&quot;sizes&quot;:[]},&quot;element_pack_global_tooltip_padding&quot;:{&quot;unit&quot;:&quot;px&quot;,&quot;top&quot;:&quot;&quot;,&quot;right&quot;:&quot;&quot;,&quot;bottom&quot;:&quot;&quot;,&quot;left&quot;:&quot;&quot;,&quot;isLinked&quot;:true},&quot;element_pack_global_tooltip_padding_tablet&quot;:{&quot;unit&quot;:&quot;px&quot;,&quot;top&quot;:&quot;&quot;,&quot;right&quot;:&quot;&quot;,&quot;bottom&quot;:&quot;&quot;,&quot;left&quot;:&quot;&quot;,&quot;isLinked&quot;:true},&quot;element_pack_global_tooltip_padding_mobile&quot;:{&quot;unit&quot;:&quot;px&quot;,&quot;top&quot;:&quot;&quot;,&quot;right&quot;:&quot;&quot;,&quot;bottom&quot;:&quot;&quot;,&quot;left&quot;:&quot;&quot;,&quot;isLinked&quot;:true},&quot;element_pack_global_tooltip_border_radius&quot;:{&quot;unit&quot;:&quot;px&quot;,&quot;top&quot;:&quot;&quot;,&quot;right&quot;:&quot;&quot;,&quot;bottom&quot;:&quot;&quot;,&quot;left&quot;:&quot;&quot;,&quot;isLinked&quot;:true},&quot;element_pack_global_tooltip_border_radius_tablet&quot;:{&quot;unit&quot;:&quot;px&quot;,&quot;top&quot;:&quot;&quot;,&quot;right&quot;:&quot;&quot;,&quot;bottom&quot;:&quot;&quot;,&quot;left&quot;:&quot;&quot;,&quot;isLinked&quot;:true},&quot;element_pack_global_tooltip_border_radius_mobile&quot;:{&quot;unit&quot;:&quot;px&quot;,&quot;top&quot;:&quot;&quot;,&quot;right&quot;:&quot;&quot;,&quot;bottom&quot;:&quot;&quot;,&quot;left&quot;:&quot;&quot;,&quot;isLinked&quot;:true}}\" data-elementor-post-type=\"page\">\n\t\t\t\t<div class=\"has_eae_slider elementor-element elementor-element-c98e92d e-flex e-con-boxed e-con e-parent\" data-eae-slider=\"60317\" data-id=\"c98e92d\" data-element_type=\"container\">\n\t\t\t\t\t<div class=\"e-con-inner\">\n\t\t<div class=\"has_eae_slider elementor-element elementor-element-7da223f e-con-full e-flex e-con e-child\" data-eae-slider=\"5728\" data-id=\"7da223f\" data-element_type=\"container\">\n\t\t\t\t<div class=\"elementor-element elementor-element-75cb23a elementor-widget elementor-widget-heading\" data-id=\"75cb23a\" data-element_type=\"widget\" data-widget_type=\"heading.default\">\n\t\t\t\t<div class=\"elementor-widget-container\">\n\t\t\t\t\t<h3 class=\"elementor-heading-title elementor-size-default\">Implementing the project <br>\u201cFlexible ultrasound material thermal joining technology for the automatic non-woven bag manufacturing process (PET-RPET GO)\u201d<\/h3>\t\t\t\t<\/div>\n\t\t\t\t<\/div>\n\t\t\t\t<div class=\"elementor-element elementor-element-aaebe36 elementor-view-default elementor-widget elementor-widget-icon\" data-id=\"aaebe36\" data-element_type=\"widget\" data-widget_type=\"icon.default\">\n\t\t\t\t<div class=\"elementor-widget-container\">\n\t\t\t\t\t\t\t<div class=\"elementor-icon-wrapper\">\n\t\t\t<div class=\"elementor-icon\">\n\t\t\t\t\t\t<\/div>\n\t\t<\/div>\n\t\t\t\t\t\t<\/div>\n\t\t\t\t<\/div>\n\t\t\t\t<\/div>\n\t\t<div class=\"has_eae_slider elementor-element elementor-element-870989d e-con-full e-flex e-con e-child\" data-eae-slider=\"8547\" data-id=\"870989d\" data-element_type=\"container\">\n\t\t\t\t<div class=\"elementor-element elementor-element-694056c elementor-widget elementor-widget-image\" data-id=\"694056c\" data-element_type=\"widget\" data-widget_type=\"image.default\">\n\t\t\t\t<div class=\"elementor-widget-container\">\n\t\t\t\t\t\t\t\t\t\t\t\t\t\t\t<img fetchpriority=\"high\" decoding=\"async\" width=\"768\" height=\"171\" src=\"https:\/\/bagfactory.eu\/wp-content\/uploads\/2021\/06\/LVPA-and-ES-Funding-e1623259003342-768x171.jpg\" class=\"attachment-medium_large size-medium_large wp-image-46174\" alt=\"Non woven and Paper Bag manufacturers\" srcset=\"https:\/\/bagfactory.eu\/wp-content\/uploads\/2021\/06\/LVPA-and-ES-Funding-e1623259003342-768x171.jpg 768w, https:\/\/bagfactory.eu\/wp-content\/uploads\/2021\/06\/LVPA-and-ES-Funding-e1623259003342-600x133.jpg 600w, https:\/\/bagfactory.eu\/wp-content\/uploads\/2021\/06\/LVPA-and-ES-Funding-e1623259003342-300x67.jpg 300w, https:\/\/bagfactory.eu\/wp-content\/uploads\/2021\/06\/LVPA-and-ES-Funding-e1623259003342-1024x228.jpg 1024w, https:\/\/bagfactory.eu\/wp-content\/uploads\/2021\/06\/LVPA-and-ES-Funding-e1623259003342.jpg 1444w\" sizes=\"(max-width: 768px) 100vw, 768px\" \/>\t\t\t\t\t\t\t\t\t\t\t\t\t\t\t<\/div>\n\t\t\t\t<\/div>\n\t\t\t\t<div class=\"elementor-element elementor-element-651d90c elementor-widget elementor-widget-text-editor\" data-id=\"651d90c\" data-element_type=\"widget\" data-widget_type=\"text-editor.default\">\n\t\t\t\t<div class=\"elementor-widget-container\">\n\t\t\t\t\t\t\t\t\t<p>UAB Bagfactory ist ein Hersteller von Taschen aus Vliesstoff-PP-Material, Marktf\u00fchrer in Litauen und einer der Marktf\u00fchrer in der EU.<\/p><p>Im Produktionsprozess verwendet das Unternehmen Ultraschalltechnologien f\u00fcr die thermische Kantenverbindung. Die technologischen Produktionsprozesse unter Einsatz von Ultraschalltechnologien werden kontinuierlich verbessert \u2013 vor Kurzem wurde in die Produktionslinie eine von den Spezialisten des Unternehmens entwickelte Innovation integriert, die es erm\u00f6glicht hat, den Standardproduktionsprozess zu optimieren und eine Produktionsgeschwindigkeit von 50 PP-Taschen pro Minute zu erreichen.<\/p><p>Derzeit modelliert der Antragsteller in Zusammenarbeit mit Forschern des Ultraschallinstituts der Technischen Universit\u00e4t Kaunas (KTU) den Produktionsprozess von Taschen aus Vliesstoff-PET-Material, und es werden auch Produktionsprozesse f\u00fcr Vliesstoff-RPET-Material untersucht. Die Forschungsergebnisse zeigen, dass nicht nur realistische Voraussetzungen f\u00fcr eine neue Technologie der ultraschallbasierten thermischen Materialverbindung im automatischen Produktionsprozess f\u00fcr Taschen aus Vliesstoff-PET\/RPET bestehen, sondern auch konkrete Probleme und F&amp;E-Aktivit\u00e4ten identifiziert wurden, um diese Probleme zu l\u00f6sen.<\/p><p>Das eingereichte Projekt zielt auf die automatische Entwicklung einer flexiblen ultraschallbasierten thermischen Materialverbindungstechnologie f\u00fcr den automatischen Produktionsprozess von Vliesstoff-PET\/RPET-Taschen ab. Die F&amp;E-Aktivit\u00e4ten zur L\u00f6sung wissenschaftlicher und technologischer Herausforderungen werden eine technologische L\u00f6sung f\u00fcr die Ultraschallverbindung von Vliesstoff-PET\/RPET unter Bedingungen eines automatischen Produktionsprozesses schaffen, die an bestehende Produktionsanlagen f\u00fcr Vliesstoff-PP-Taschen angepasst werden kann. Zudem werden Voraussetzungen f\u00fcr die Implementierung dieser Methode geschaffen: Im Rahmen des Projekts wird ein automatisches Modul zur Griffbildung und -befestigung f\u00fcr den automatischen Produktionsprozess von Vliesstoff-PET\/RPET-Taschen entwickelt, das die Anwendbarkeit dieser L\u00f6sung auf den g\u00e4ngigsten technologischen Produktionsprozess demonstriert. Das dritte Projektergebnis ist eine Vliesstoff-PET\/RPET-Tasche mit mittels automatischer thermischer Verbindung hergestellten N\u00e4hten.<\/p><p>UAB Bagfactory setzt vom 18. M\u00e4rz 2019 bis zum 13. M\u00e4rz 2021 das Projekt \u201eFlexible Ultraschall-Material-Thermobindungstechnologie f\u00fcr den automatischen Produktionsprozess von Vliesstofftaschen (PET-RPET GO)\u201c (Nr. J05-LVPA-K-04-0014) um, das aus den EU-Strukturfonds f\u00fcr den Zeitraum 2014\u20132020 (Europ\u00e4ischer Fonds f\u00fcr regionale Entwicklung) im Rahmen des Investitionsprogramms Priorit\u00e4t 1 \u201eF\u00f6rderung von Forschung, experimenteller Entwicklung und Innovation\u201c \u2013 Ma\u00dfnahme Nr. J05-LVPA-K-04 \u201eIntelligence. Gemeinsame Wissenschaft-Wirtschaft-Projekte\u201c \u2013 finanziert wird.<\/p><p>Projektbudget: 867 326,97 EUR.<\/p><p>Finanzierungsbetrag des Projekts: 499 947,93 EUR.<\/p><p>Durchf\u00fchrende Institution: Staatliche Agentur f\u00fcr Wirtschaftsf\u00f6rderung Litauen<\/p><p>Weitere Informationen zu Antr\u00e4gen und Projekten:<\/p>\t\t\t\t\t\t\t\t<\/div>\n\t\t\t\t<\/div>\n\t\t\t\t<div class=\"elementor-element elementor-element-1b01202 elementor-widget elementor-widget-text-editor\" data-id=\"1b01202\" data-element_type=\"widget\" data-widget_type=\"text-editor.default\">\n\t\t\t\t<div class=\"elementor-widget-container\">\n\t\t\t\t\t\t\t\t\t<p><a href=\"https:\/\/www.esinvesticijos.lt\/lt\/finansavimas\/paraiskos_ir_projektai\/lanksti-ultragarsine-medziagos-terminio-sujungimo-technologija-automatiniam-neaustines-medziagos-maiseliu-gamybos-procesui-pet-rpet-go\" target=\"_blank\" rel=\"noopener\">EU-F\u00f6rderwebsite<\/a><\/p>\t\t\t\t\t\t\t\t<\/div>\n\t\t\t\t<\/div>\n\t\t\t\t<\/div>\n\t\t\t\t\t<\/div>\n\t\t\t\t<\/div>\n\t\t\t\t<\/div>\n\t\t","protected":false},"excerpt":{"rendered":"<p>Implementing the project \u201cFlexible ultrasound material thermal joining technology for the automatic non-woven bag manufacturing process (PET-RPET GO)\u201d UAB Bagfactory ist ein [&hellip;]<\/p>\n","protected":false},"author":8,"featured_media":55786,"parent":202672,"menu_order":0,"comment_status":"closed","ping_status":"closed","template":"elementor_header_footer","meta":{"_acf_changed":false,"footnotes":""},"class_list":["post-201207","page","type-page","status-publish","has-post-thumbnail","hentry"],"acf":[],"_links":{"self":[{"href":"https:\/\/bagfactory.eu\/de\/wp-json\/wp\/v2\/pages\/201207","targetHints":{"allow":["GET"]}}],"collection":[{"href":"https:\/\/bagfactory.eu\/de\/wp-json\/wp\/v2\/pages"}],"about":[{"href":"https:\/\/bagfactory.eu\/de\/wp-json\/wp\/v2\/types\/page"}],"author":[{"embeddable":true,"href":"https:\/\/bagfactory.eu\/de\/wp-json\/wp\/v2\/users\/8"}],"replies":[{"embeddable":true,"href":"https:\/\/bagfactory.eu\/de\/wp-json\/wp\/v2\/comments?post=201207"}],"version-history":[{"count":1,"href":"https:\/\/bagfactory.eu\/de\/wp-json\/wp\/v2\/pages\/201207\/revisions"}],"predecessor-version":[{"id":201218,"href":"https:\/\/bagfactory.eu\/de\/wp-json\/wp\/v2\/pages\/201207\/revisions\/201218"}],"up":[{"embeddable":true,"href":"https:\/\/bagfactory.eu\/de\/wp-json\/wp\/v2\/pages\/202672"}],"wp:featuredmedia":[{"embeddable":true,"href":"https:\/\/bagfactory.eu\/de\/wp-json\/wp\/v2\/media\/55786"}],"wp:attachment":[{"href":"https:\/\/bagfactory.eu\/de\/wp-json\/wp\/v2\/media?parent=201207"}],"curies":[{"name":"wp","href":"https:\/\/api.w.org\/{rel}","templated":true}]}}