{"id":202176,"date":"2021-06-13T21:44:44","date_gmt":"2021-06-13T19:44:44","guid":{"rendered":"https:\/\/bagfactory.eu\/cookies-policy\/"},"modified":"2025-12-18T08:56:46","modified_gmt":"2025-12-18T06:56:46","slug":"cookies-policy","status":"publish","type":"page","link":"https:\/\/bagfactory.eu\/de\/cookies-policy\/","title":{"rendered":"Cookies Policy"},"content":{"rendered":"\t\t<div data-elementor-type=\"wp-page\" data-elementor-id=\"202176\" class=\"elementor elementor-202176 elementor-17938\" data-elementor-settings=\"{&quot;element_pack_global_tooltip_width&quot;:{&quot;unit&quot;:&quot;px&quot;,&quot;size&quot;:&quot;&quot;,&quot;sizes&quot;:[]},&quot;element_pack_global_tooltip_width_tablet&quot;:{&quot;unit&quot;:&quot;px&quot;,&quot;size&quot;:&quot;&quot;,&quot;sizes&quot;:[]},&quot;element_pack_global_tooltip_width_mobile&quot;:{&quot;unit&quot;:&quot;px&quot;,&quot;size&quot;:&quot;&quot;,&quot;sizes&quot;:[]},&quot;element_pack_global_tooltip_padding&quot;:{&quot;unit&quot;:&quot;px&quot;,&quot;top&quot;:&quot;&quot;,&quot;right&quot;:&quot;&quot;,&quot;bottom&quot;:&quot;&quot;,&quot;left&quot;:&quot;&quot;,&quot;isLinked&quot;:true},&quot;element_pack_global_tooltip_padding_tablet&quot;:{&quot;unit&quot;:&quot;px&quot;,&quot;top&quot;:&quot;&quot;,&quot;right&quot;:&quot;&quot;,&quot;bottom&quot;:&quot;&quot;,&quot;left&quot;:&quot;&quot;,&quot;isLinked&quot;:true},&quot;element_pack_global_tooltip_padding_mobile&quot;:{&quot;unit&quot;:&quot;px&quot;,&quot;top&quot;:&quot;&quot;,&quot;right&quot;:&quot;&quot;,&quot;bottom&quot;:&quot;&quot;,&quot;left&quot;:&quot;&quot;,&quot;isLinked&quot;:true},&quot;element_pack_global_tooltip_border_radius&quot;:{&quot;unit&quot;:&quot;px&quot;,&quot;top&quot;:&quot;&quot;,&quot;right&quot;:&quot;&quot;,&quot;bottom&quot;:&quot;&quot;,&quot;left&quot;:&quot;&quot;,&quot;isLinked&quot;:true},&quot;element_pack_global_tooltip_border_radius_tablet&quot;:{&quot;unit&quot;:&quot;px&quot;,&quot;top&quot;:&quot;&quot;,&quot;right&quot;:&quot;&quot;,&quot;bottom&quot;:&quot;&quot;,&quot;left&quot;:&quot;&quot;,&quot;isLinked&quot;:true},&quot;element_pack_global_tooltip_border_radius_mobile&quot;:{&quot;unit&quot;:&quot;px&quot;,&quot;top&quot;:&quot;&quot;,&quot;right&quot;:&quot;&quot;,&quot;bottom&quot;:&quot;&quot;,&quot;left&quot;:&quot;&quot;,&quot;isLinked&quot;:true}}\" data-elementor-post-type=\"page\">\n\t\t\t\t\t\t<section class=\"has_eae_slider elementor-section elementor-top-section elementor-element elementor-element-1d19704 elementor-section-height-min-height elementor-section-items-bottom elementor-section-full_width elementor-section-height-default\" data-eae-slider=\"92887\" data-id=\"1d19704\" data-element_type=\"section\" data-settings=\"{&quot;background_background&quot;:&quot;classic&quot;}\">\n\t\t\t\t\t\t<div class=\"elementor-container elementor-column-gap-default\">\n\t\t\t\t\t<div class=\"has_eae_slider elementor-column elementor-col-100 elementor-top-column elementor-element elementor-element-53f7e47\" data-eae-slider=\"33314\" data-id=\"53f7e47\" data-element_type=\"column\">\n\t\t\t<div class=\"elementor-widget-wrap elementor-element-populated\">\n\t\t\t\t\t\t<div class=\"elementor-element elementor-element-9e1895a elementor-widget elementor-widget-heading\" data-id=\"9e1895a\" data-element_type=\"widget\" data-widget_type=\"heading.default\">\n\t\t\t\t<div class=\"elementor-widget-container\">\n\t\t\t\t\t<h2 class=\"elementor-heading-title elementor-size-default\">Cookie-Richtlinie<\/h2>\t\t\t\t<\/div>\n\t\t\t\t<\/div>\n\t\t\t\t\t<\/div>\n\t\t<\/div>\n\t\t\t\t\t<\/div>\n\t\t<\/section>\n\t\t\t\t<section class=\"has_eae_slider elementor-section elementor-top-section elementor-element elementor-element-0353795 elementor-section-full_width elementor-section-height-default elementor-section-height-default\" data-eae-slider=\"59940\" data-id=\"0353795\" data-element_type=\"section\">\n\t\t\t\t\t\t<div class=\"elementor-container elementor-column-gap-default\">\n\t\t\t\t\t<div class=\"has_eae_slider elementor-column elementor-col-100 elementor-top-column elementor-element elementor-element-522bfab\" data-eae-slider=\"36484\" data-id=\"522bfab\" data-element_type=\"column\">\n\t\t\t<div class=\"elementor-widget-wrap elementor-element-populated\">\n\t\t\t\t\t\t<div class=\"elementor-element elementor-element-1e4a8ae elementor-widget elementor-widget-text-editor\" data-id=\"1e4a8ae\" data-element_type=\"widget\" data-widget_type=\"text-editor.default\">\n\t\t\t\t<div class=\"elementor-widget-container\">\n\t\t\t\t\t\t\t\t\t<p><strong>PRIVACY- UND COOKIE-RICHTLINIE<\/strong><\/p><p>Durch die Nutzung dieser Website stimmen Sie zu, dass das Unternehmen UAB \u201cBAGFACTORY\u201d, 302842562, Ihre personenbezogenen Daten gem\u00e4\u00df dieser Datenschutz- und Cookie-Richtlinie erhebt und verarbeitet. UAB \u201cBAGFACTORY\u201d verwendet die von Ihnen bei der Registrierung, bei der Aufgabe von Bestellungen oder beim Senden von Anfragen bereitgestellten Informationen, einschlie\u00dflich: Name, Nachname, Ansprechpartner, Telefonnummer, E-Mail-Adresse sowie andere Kontaktdaten (zusammen \u2013 personenbezogene Daten), um Ihre Bestellungen\/Anfragen ordnungsgem\u00e4\u00df zu bearbeiten.<\/p><p><u>Verwendung von Cookies auf unserer Webseite:<\/u><\/p><p><span style=\"text-decoration: underline;\">Analytische Cookies:<\/span><br>Analytische Cookies werden verwendet, um zu verstehen, wie Besucher mit der Website interagieren. Diese Cookies liefern Informationen zu Kennzahlen wie Besucheranzahl, Absprungrate, Herkunft des Datenverkehrs usw.<\/p><p>[cookie_audit category=&#8221;analytics&#8221; style=&#8221;winter&#8221; columns=&#8221;cookie,duration,description&#8221;]<\/p><p><span style=\"text-decoration: underline;\">Erforderliche Cookies:<\/span><br>Erforderliche Cookies sind absolut notwendig, damit die Website ordnungsgem\u00e4\u00df funktioniert. Diese Cookies gew\u00e4hrleisten grundlegende Funktionen und Sicherheitsmerkmale der Website \u2013 anonym.<\/p><p>[cookie_audit category=&#8221;necessary&#8221; style=&#8221;winter&#8221; columns=&#8221;cookie,duration,description&#8221;]<\/p><p><strong>Allgemeine Bestimmungen<\/strong><\/p><p>UAB \u201cBAGFACTORY\u201d verkauft oder \u00fcbermittelt Ihre personenbezogenen Daten niemals ohne Ihre ausdr\u00fcckliche Zustimmung an Dritte. Kein Dritter kann Ihnen \u00fcber die elektronischen Systeme von UAB \u201cBAGFACTORY\u201d Waren oder Dienstleistungen anbieten. UAB \u201cBAGFACTORY\u201d verwendet Ihre personenbezogenen Daten nicht f\u00fcr Direktmarketingzwecke. Falls UAB \u201cBAGFACTORY\u201d Ihre personenbezogenen Daten zu Direktmarketingzwecken verwenden m\u00f6chte, m\u00fcssten Sie dem ausdr\u00fccklich zustimmen und h\u00e4tten jederzeit die M\u00f6glichkeit, dies zu widerrufen.<\/p><p><u>UAB \u201cBAGFACTORY\u201d folgt bei der Verarbeitung personenbezogener Daten den folgenden Grunds\u00e4tzen:<\/u><\/p><ol><li>Personenbezogene Daten werden f\u00fcr festgelegte und legitime Zwecke erhoben;<\/li><li>Personenbezogene Daten werden korrekt und fair verarbeitet;<\/li><li>Personenbezogene Daten werden rechtm\u00e4\u00dfig verarbeitet;<\/li><li>Alle Informationen \u00fcber verarbeitete personenbezogene Daten sind vertraulich.<\/li><\/ol><p>Zum Schutz Ihrer personenbezogenen Daten setzt UAB \u201cBAGFACTORY\u201d organisatorische und technische Ma\u00dfnahmen um, die gew\u00e4hrleisten, dass personenbezogene Daten vor zuf\u00e4lliger oder unrechtm\u00e4\u00dfiger Zerst\u00f6rung, Ver\u00e4nderung, Offenlegung oder jeder anderen unrechtm\u00e4\u00dfigen Verarbeitung gesch\u00fctzt werden. Die Verarbeitung personenbezogener Daten erfolgt in \u00dcbereinstimmung mit der Verordnung (EU) 2016\/679 des Europ\u00e4ischen Parlaments und des Rates vom 27. April 2016.<\/p><p><u>Personenbezogene Daten werden f\u00fcr folgende Zwecke erhoben und verarbeitet:<\/u><\/p><ol><li>Bearbeitung Ihrer Anfragen;<\/li><li>F\u00fcr Direktmarketingzwecke \u2013 ausschlie\u00dflich nach Einwilligung und unter M\u00f6glichkeit zum Widerruf.<\/li><\/ol><p><strong>Rechte der betroffenen Person<\/strong><\/p><p><u>Wenn Sie die Verarbeitung Ihrer personenbezogenen Daten gestatten, haben Sie das Recht:<\/u><\/p><ol><li>die Berichtigung, L\u00f6schung oder Aussetzung der Verarbeitung Ihrer personenbezogenen Daten zu verlangen, wenn diese unter Versto\u00df gegen diese oder andere Rechtsvorschriften verarbeitet werden;<\/li><li>der Verarbeitung Ihrer personenbezogenen Daten zu widersprechen;<\/li><li>UAB \u201cBAGFACTORY\u201d wird Ihnen innerhalb von 30 Kalendertagen nach Eingang Ihres Antrags zur Verarbeitung personenbezogener Daten antworten. Nur per E-Mail an gvidas@bagfactory.eu eingereichte Antr\u00e4ge werden ber\u00fccksichtigt;<\/li><li>Mitglieder\/Kunden von UAB \u201cBAGFACTORY\u201d haben das Recht, die \u00dcbertragung oder L\u00f6schung von Informationen zu ihrer Zahlungshistorie und den von ihnen bereitgestellten Daten zu verlangen. Solche Anfragen werden innerhalb von 30 Tagen nach Eingang per E-Mail unter gvidas@bagfactory.eu bearbeitet.<\/li><\/ol><p><strong>Schlussbestimmungen<\/strong><\/p><p>Wesentliche \u00c4nderungen dieser Datenschutz- und Cookie-Richtlinie werden den Mitgliedern per E-Mail mitgeteilt. UAB \u201cBAGFACTORY\u201d kann diese Datenschutz- und Cookie-Richtlinie ohne vorherige Ank\u00fcndigung \u00e4ndern. Wenn Sie Fragen zu unserer Datenschutz- und Cookie-Richtlinie haben, k\u00f6nnen Sie uns jederzeit per E-Mail unter gvidas@bagfactory.eu kontaktieren.<\/p><p>Datum der letzten Aktualisierung dieses Dokuments: 2020-05-26.<\/p>\t\t\t\t\t\t\t\t<\/div>\n\t\t\t\t<\/div>\n\t\t\t\t\t<\/div>\n\t\t<\/div>\n\t\t\t\t\t<\/div>\n\t\t<\/section>\n\t\t\t\t<\/div>\n\t\t","protected":false},"excerpt":{"rendered":"<p>Cookie-Richtlinie PRIVACY- UND COOKIE-RICHTLINIE Durch die Nutzung dieser Website stimmen Sie zu, dass das Unternehmen UAB \u201cBAGFACTORY\u201d, 302842562, Ihre personenbezogenen Daten gem\u00e4\u00df [&hellip;]<\/p>\n","protected":false},"author":8,"featured_media":0,"parent":0,"menu_order":0,"comment_status":"closed","ping_status":"closed","template":"elementor_header_footer","meta":{"_acf_changed":false,"footnotes":""},"class_list":["post-202176","page","type-page","status-publish","hentry"],"acf":[],"_links":{"self":[{"href":"https:\/\/bagfactory.eu\/de\/wp-json\/wp\/v2\/pages\/202176","targetHints":{"allow":["GET"]}}],"collection":[{"href":"https:\/\/bagfactory.eu\/de\/wp-json\/wp\/v2\/pages"}],"about":[{"href":"https:\/\/bagfactory.eu\/de\/wp-json\/wp\/v2\/types\/page"}],"author":[{"embeddable":true,"href":"https:\/\/bagfactory.eu\/de\/wp-json\/wp\/v2\/users\/8"}],"replies":[{"embeddable":true,"href":"https:\/\/bagfactory.eu\/de\/wp-json\/wp\/v2\/comments?post=202176"}],"version-history":[{"count":1,"href":"https:\/\/bagfactory.eu\/de\/wp-json\/wp\/v2\/pages\/202176\/revisions"}],"predecessor-version":[{"id":202178,"href":"https:\/\/bagfactory.eu\/de\/wp-json\/wp\/v2\/pages\/202176\/revisions\/202178"}],"wp:attachment":[{"href":"https:\/\/bagfactory.eu\/de\/wp-json\/wp\/v2\/media?parent=202176"}],"curies":[{"name":"wp","href":"https:\/\/api.w.org\/{rel}","templated":true}]}}