{"id":202179,"date":"2021-06-11T18:11:47","date_gmt":"2021-06-11T16:11:47","guid":{"rendered":"https:\/\/bagfactory.eu\/non-woven-products-for-covid-19\/"},"modified":"2025-12-18T08:56:46","modified_gmt":"2025-12-18T06:56:46","slug":"non-woven-products-for-covid-19","status":"publish","type":"page","link":"https:\/\/bagfactory.eu\/de\/eu-funding\/non-woven-products-for-covid-19\/","title":{"rendered":"Non-Woven products for COVID-19"},"content":{"rendered":"\t\t<div data-elementor-type=\"wp-page\" data-elementor-id=\"202179\" class=\"elementor elementor-202179 elementor-16873\" data-elementor-settings=\"{&quot;element_pack_global_tooltip_width&quot;:{&quot;unit&quot;:&quot;px&quot;,&quot;size&quot;:&quot;&quot;,&quot;sizes&quot;:[]},&quot;element_pack_global_tooltip_width_tablet&quot;:{&quot;unit&quot;:&quot;px&quot;,&quot;size&quot;:&quot;&quot;,&quot;sizes&quot;:[]},&quot;element_pack_global_tooltip_width_mobile&quot;:{&quot;unit&quot;:&quot;px&quot;,&quot;size&quot;:&quot;&quot;,&quot;sizes&quot;:[]},&quot;element_pack_global_tooltip_padding&quot;:{&quot;unit&quot;:&quot;px&quot;,&quot;top&quot;:&quot;&quot;,&quot;right&quot;:&quot;&quot;,&quot;bottom&quot;:&quot;&quot;,&quot;left&quot;:&quot;&quot;,&quot;isLinked&quot;:true},&quot;element_pack_global_tooltip_padding_tablet&quot;:{&quot;unit&quot;:&quot;px&quot;,&quot;top&quot;:&quot;&quot;,&quot;right&quot;:&quot;&quot;,&quot;bottom&quot;:&quot;&quot;,&quot;left&quot;:&quot;&quot;,&quot;isLinked&quot;:true},&quot;element_pack_global_tooltip_padding_mobile&quot;:{&quot;unit&quot;:&quot;px&quot;,&quot;top&quot;:&quot;&quot;,&quot;right&quot;:&quot;&quot;,&quot;bottom&quot;:&quot;&quot;,&quot;left&quot;:&quot;&quot;,&quot;isLinked&quot;:true},&quot;element_pack_global_tooltip_border_radius&quot;:{&quot;unit&quot;:&quot;px&quot;,&quot;top&quot;:&quot;&quot;,&quot;right&quot;:&quot;&quot;,&quot;bottom&quot;:&quot;&quot;,&quot;left&quot;:&quot;&quot;,&quot;isLinked&quot;:true},&quot;element_pack_global_tooltip_border_radius_tablet&quot;:{&quot;unit&quot;:&quot;px&quot;,&quot;top&quot;:&quot;&quot;,&quot;right&quot;:&quot;&quot;,&quot;bottom&quot;:&quot;&quot;,&quot;left&quot;:&quot;&quot;,&quot;isLinked&quot;:true},&quot;element_pack_global_tooltip_border_radius_mobile&quot;:{&quot;unit&quot;:&quot;px&quot;,&quot;top&quot;:&quot;&quot;,&quot;right&quot;:&quot;&quot;,&quot;bottom&quot;:&quot;&quot;,&quot;left&quot;:&quot;&quot;,&quot;isLinked&quot;:true}}\" data-elementor-post-type=\"page\">\n\t\t\t\t<div class=\"has_eae_slider elementor-element elementor-element-d2c3912 e-con-full e-flex e-con e-parent\" data-eae-slider=\"64634\" data-id=\"d2c3912\" data-element_type=\"container\">\n\t\t<div class=\"has_eae_slider elementor-element elementor-element-607d7e8 e-con-full e-flex e-con e-child\" data-eae-slider=\"67021\" data-id=\"607d7e8\" data-element_type=\"container\">\n\t\t\t\t<div class=\"elementor-element elementor-element-59e73a8 elementor-widget elementor-widget-heading\" data-id=\"59e73a8\" data-element_type=\"widget\" data-widget_type=\"heading.default\">\n\t\t\t\t<div class=\"elementor-widget-container\">\n\t\t\t\t\t<h3 class=\"elementor-heading-title elementor-size-default\">Implementing the project <br>\"Investitionen in die Herstellung von Vliesstoffprodukten zur Bek\u00e4mpfung von COVID-19\"<\/h3>\t\t\t\t<\/div>\n\t\t\t\t<\/div>\n\t\t\t\t<div class=\"elementor-element elementor-element-97f2bc7 elementor-view-default elementor-widget elementor-widget-icon\" data-id=\"97f2bc7\" data-element_type=\"widget\" data-widget_type=\"icon.default\">\n\t\t\t\t<div class=\"elementor-widget-container\">\n\t\t\t\t\t\t\t<div class=\"elementor-icon-wrapper\">\n\t\t\t<div class=\"elementor-icon\">\n\t\t\t\t\t\t<\/div>\n\t\t<\/div>\n\t\t\t\t\t\t<\/div>\n\t\t\t\t<\/div>\n\t\t\t\t<\/div>\n\t\t<div class=\"has_eae_slider elementor-element elementor-element-8bca118 e-con-full e-flex e-con e-child\" data-eae-slider=\"34963\" data-id=\"8bca118\" data-element_type=\"container\">\n\t\t\t\t<div class=\"elementor-element elementor-element-e8bd0e7 elementor-widget elementor-widget-image\" data-id=\"e8bd0e7\" data-element_type=\"widget\" data-widget_type=\"image.default\">\n\t\t\t\t<div class=\"elementor-widget-container\">\n\t\t\t\t\t\t\t\t\t\t\t\t\t\t\t<img fetchpriority=\"high\" decoding=\"async\" width=\"768\" height=\"171\" src=\"https:\/\/bagfactory.eu\/wp-content\/uploads\/2021\/06\/LVPA-and-ES-Funding-e1623259003342-768x171.jpg\" class=\"attachment-medium_large size-medium_large wp-image-46174\" alt=\"Non woven and Paper Bag manufacturers\" srcset=\"https:\/\/bagfactory.eu\/wp-content\/uploads\/2021\/06\/LVPA-and-ES-Funding-e1623259003342-768x171.jpg 768w, https:\/\/bagfactory.eu\/wp-content\/uploads\/2021\/06\/LVPA-and-ES-Funding-e1623259003342-600x133.jpg 600w, https:\/\/bagfactory.eu\/wp-content\/uploads\/2021\/06\/LVPA-and-ES-Funding-e1623259003342-300x67.jpg 300w, https:\/\/bagfactory.eu\/wp-content\/uploads\/2021\/06\/LVPA-and-ES-Funding-e1623259003342-1024x228.jpg 1024w, https:\/\/bagfactory.eu\/wp-content\/uploads\/2021\/06\/LVPA-and-ES-Funding-e1623259003342.jpg 1444w\" sizes=\"(max-width: 768px) 100vw, 768px\" \/>\t\t\t\t\t\t\t\t\t\t\t\t\t\t\t<\/div>\n\t\t\t\t<\/div>\n\t\t\t\t<div class=\"elementor-element elementor-element-bfda56e elementor-widget elementor-widget-text-editor\" data-id=\"bfda56e\" data-element_type=\"widget\" data-widget_type=\"text-editor.default\">\n\t\t\t\t<div class=\"elementor-widget-container\">\n\t\t\t\t\t\t\t\t\t<p id=\"tw-target-text\" class=\"tw-data-text tw-text-large XcVN5d tw-ta\" dir=\"ltr\" data-placeholder=\"Vertimas\"><span class=\"Y2IQFc\" lang=\"de\">UAB Bagfactory setzt vom 17. Februar 2021 bis zum 17. September 2021 das Projekt \u201eInvestitionen in die Herstellung von Vliesstoffprodukten zur Bek\u00e4mpfung von COVID-19\u201c (Nr. 03.3.1-LVPA-T-859-01-0055) um, das im Rahmen des Priorit\u00e4tsbereichs 3 des Investitionsprogramms der EU-Strukturfonds 2014\u20132020 \u201eF\u00f6rderung der Wettbewerbsf\u00e4higkeit kleiner und mittlerer Unternehmen\u201c Ma\u00dfnahme Nr. 03.3.1-LVPA-T-859 \u201eCOVID-19 Produkte LT\u201c kofinanziert wird.<\/span><\/p>\n<p class=\"tw-data-text tw-text-large XcVN5d tw-ta\" dir=\"ltr\" data-placeholder=\"Vertimas\"><span class=\"Y2IQFc\" lang=\"de\">UAB Bagfactory w\u00e4chst intensiv, verf\u00fcgt \u00fcber ein gro\u00dfes weiteres Wachstumspotenzial als Hersteller von Einkaufstaschen, ist Marktf\u00fchrer in Litauen und einer der Marktf\u00fchrer in der EU. Das Unternehmen arbeitet \u00f6kologisch verantwortungsvoll und verwendet sowohl Prim\u00e4rmaterialien (Papier, Polypropylen (PP) und Polyethylenterephthalat (PET) Vliesstoffe) als auch recycelte Rohstoffe (RPET \u2013 recycelter PET-Vliesstoff).<\/span><\/p>\n<p class=\"tw-data-text tw-text-large XcVN5d tw-ta\" dir=\"ltr\" data-placeholder=\"Vertimas\"><span class=\"Y2IQFc\" lang=\"de\">Das laufende Projekt dient der Anschaffung und Installation neuer innovativer Ausr\u00fcstung zur Herstellung der zur Bek\u00e4mpfung von COVID-19 notwendigen Produkte und tr\u00e4gt damit zur Modernisierung der Produktionsbasis des Unternehmens sowie zur Steigerung der Produktionskapazit\u00e4ten bei.<\/span><\/p>\n<p class=\"tw-data-text tw-text-large XcVN5d tw-ta\" dir=\"ltr\" data-placeholder=\"Vertimas\"><span class=\"Y2IQFc\" lang=\"de\">Mit der besten Erfahrung in Litauen in der Herstellung von Vliesstoffprodukten verf\u00fcgt UAB Bagfactory \u00fcber eine starke Position in der Wertsch\u00f6pfungs- und Lieferkette von Vliesstoffprodukten, einschlie\u00dflich stabiler Beziehungen sowohl zu Lieferanten und Herstellern von Vliesstoffen als auch zu nationalen und internationalen Marktteilnehmern. Die etablierten Partnerschaften und die Erfahrung in der Verarbeitung verschiedener Vliesstoffrohstoffe gew\u00e4hrleisten, dass die Investition in die Produktion von Produkten zur Bek\u00e4mpfung von COVID-19 erfolgreich sein wird, die Ausr\u00fcstung in k\u00fcrzester Zeit beschafft werden kann (Verhandlungen mit Lieferanten laufen bereits) und die zur Pandemiebek\u00e4mpfung notwendigen Produkte auf den Markt gelangen.<\/span><\/p>\n<p class=\"tw-data-text tw-text-large XcVN5d tw-ta\" dir=\"ltr\" data-placeholder=\"Vertimas\"><span class=\"Y2IQFc\" lang=\"de\">Das Projektbudget betr\u00e4gt 143.000,00 EUR.<\/span><\/p>\n<p class=\"tw-data-text tw-text-large XcVN5d tw-ta\" dir=\"ltr\" data-placeholder=\"Vertimas\"><span class=\"Y2IQFc\" lang=\"de\">Der finanzierte Betrag betr\u00e4gt 114.400,00 EUR <br>Ausf\u00fchrende Institution: Innovationsagentur Litauen<\/span><\/p>\n<p>Weitere Informationen zu Antr\u00e4gen und Projekten:&nbsp;<\/p>\t\t\t\t\t\t\t\t<\/div>\n\t\t\t\t<\/div>\n\t\t\t\t<div class=\"elementor-element elementor-element-5a2ee81 elementor-widget elementor-widget-text-editor\" data-id=\"5a2ee81\" data-element_type=\"widget\" data-widget_type=\"text-editor.default\">\n\t\t\t\t<div class=\"elementor-widget-container\">\n\t\t\t\t\t\t\t\t\t<p><a href=\"https:\/\/www.esinvesticijos.lt\/lt\/\/finansavimas\/paraiskos_ir_projektai\/investicijos-i-kovai-su-covid-19-skirtu-neaustines-medziagos-produktu-gamyba\" target=\"_blank\" rel=\"noopener\">EU-F\u00f6rderwebsite<\/a><\/p>\t\t\t\t\t\t\t\t<\/div>\n\t\t\t\t<\/div>\n\t\t\t\t<\/div>\n\t\t\t\t<\/div>\n\t\t\t\t<\/div>\n\t\t","protected":false},"excerpt":{"rendered":"<p>Implementing the project &#8220;Investitionen in die Herstellung von Vliesstoffprodukten zur Bek\u00e4mpfung von COVID-19&#8221; UAB Bagfactory setzt vom 17. Februar 2021 bis zum [&hellip;]<\/p>\n","protected":false},"author":8,"featured_media":55786,"parent":202672,"menu_order":0,"comment_status":"closed","ping_status":"closed","template":"elementor_header_footer","meta":{"_acf_changed":false,"footnotes":""},"class_list":["post-202179","page","type-page","status-publish","has-post-thumbnail","hentry"],"acf":[],"_links":{"self":[{"href":"https:\/\/bagfactory.eu\/de\/wp-json\/wp\/v2\/pages\/202179","targetHints":{"allow":["GET"]}}],"collection":[{"href":"https:\/\/bagfactory.eu\/de\/wp-json\/wp\/v2\/pages"}],"about":[{"href":"https:\/\/bagfactory.eu\/de\/wp-json\/wp\/v2\/types\/page"}],"author":[{"embeddable":true,"href":"https:\/\/bagfactory.eu\/de\/wp-json\/wp\/v2\/users\/8"}],"replies":[{"embeddable":true,"href":"https:\/\/bagfactory.eu\/de\/wp-json\/wp\/v2\/comments?post=202179"}],"version-history":[{"count":1,"href":"https:\/\/bagfactory.eu\/de\/wp-json\/wp\/v2\/pages\/202179\/revisions"}],"predecessor-version":[{"id":202180,"href":"https:\/\/bagfactory.eu\/de\/wp-json\/wp\/v2\/pages\/202179\/revisions\/202180"}],"up":[{"embeddable":true,"href":"https:\/\/bagfactory.eu\/de\/wp-json\/wp\/v2\/pages\/202672"}],"wp:featuredmedia":[{"embeddable":true,"href":"https:\/\/bagfactory.eu\/de\/wp-json\/wp\/v2\/media\/55786"}],"wp:attachment":[{"href":"https:\/\/bagfactory.eu\/de\/wp-json\/wp\/v2\/media?parent=202179"}],"curies":[{"name":"wp","href":"https:\/\/api.w.org\/{rel}","templated":true}]}}