{"id":202667,"date":"2021-05-17T23:24:21","date_gmt":"2021-05-17T21:24:21","guid":{"rendered":"https:\/\/bagfactory.eu\/key-sectors\/"},"modified":"2026-01-10T23:52:06","modified_gmt":"2026-01-10T21:52:06","slug":"key-sectors","status":"publish","type":"page","link":"https:\/\/bagfactory.eu\/de\/key-sectors\/","title":{"rendered":"Schl\u00fcsselsektoren"},"content":{"rendered":"\t\t<div data-elementor-type=\"wp-page\" data-elementor-id=\"202667\" class=\"elementor elementor-202667 elementor-25\" data-elementor-settings=\"{&quot;element_pack_global_tooltip_width&quot;:{&quot;unit&quot;:&quot;px&quot;,&quot;size&quot;:&quot;&quot;,&quot;sizes&quot;:[]},&quot;element_pack_global_tooltip_width_tablet&quot;:{&quot;unit&quot;:&quot;px&quot;,&quot;size&quot;:&quot;&quot;,&quot;sizes&quot;:[]},&quot;element_pack_global_tooltip_width_mobile&quot;:{&quot;unit&quot;:&quot;px&quot;,&quot;size&quot;:&quot;&quot;,&quot;sizes&quot;:[]},&quot;element_pack_global_tooltip_padding&quot;:{&quot;unit&quot;:&quot;px&quot;,&quot;top&quot;:&quot;&quot;,&quot;right&quot;:&quot;&quot;,&quot;bottom&quot;:&quot;&quot;,&quot;left&quot;:&quot;&quot;,&quot;isLinked&quot;:true},&quot;element_pack_global_tooltip_padding_tablet&quot;:{&quot;unit&quot;:&quot;px&quot;,&quot;top&quot;:&quot;&quot;,&quot;right&quot;:&quot;&quot;,&quot;bottom&quot;:&quot;&quot;,&quot;left&quot;:&quot;&quot;,&quot;isLinked&quot;:true},&quot;element_pack_global_tooltip_padding_mobile&quot;:{&quot;unit&quot;:&quot;px&quot;,&quot;top&quot;:&quot;&quot;,&quot;right&quot;:&quot;&quot;,&quot;bottom&quot;:&quot;&quot;,&quot;left&quot;:&quot;&quot;,&quot;isLinked&quot;:true},&quot;element_pack_global_tooltip_border_radius&quot;:{&quot;unit&quot;:&quot;px&quot;,&quot;top&quot;:&quot;&quot;,&quot;right&quot;:&quot;&quot;,&quot;bottom&quot;:&quot;&quot;,&quot;left&quot;:&quot;&quot;,&quot;isLinked&quot;:true},&quot;element_pack_global_tooltip_border_radius_tablet&quot;:{&quot;unit&quot;:&quot;px&quot;,&quot;top&quot;:&quot;&quot;,&quot;right&quot;:&quot;&quot;,&quot;bottom&quot;:&quot;&quot;,&quot;left&quot;:&quot;&quot;,&quot;isLinked&quot;:true},&quot;element_pack_global_tooltip_border_radius_mobile&quot;:{&quot;unit&quot;:&quot;px&quot;,&quot;top&quot;:&quot;&quot;,&quot;right&quot;:&quot;&quot;,&quot;bottom&quot;:&quot;&quot;,&quot;left&quot;:&quot;&quot;,&quot;isLinked&quot;:true}}\" data-elementor-post-type=\"page\">\n\t\t\t\t<div class=\"has_eae_slider elementor-element elementor-element-fcb68d0  ui-fluid-animation-3 e-flex e-con-boxed e-con e-parent\" data-eae-slider=\"8817\" data-id=\"fcb68d0\" data-element_type=\"container\" data-settings=\"{&quot;section_fluid_on&quot;:&quot;yes&quot;,&quot;uicore_fluid_animation&quot;:&quot;ui-fluid-animation-3&quot;}\">\n\t\t\t\t\t<div class=\"e-con-inner\">\n\t\t\t\t<div class=\"elementor-element elementor-element-64fd57b elementor-widget elementor-widget-heading\" data-id=\"64fd57b\" data-element_type=\"widget\" data-widget_type=\"heading.default\">\n\t\t\t\t<div class=\"elementor-widget-container\">\n\t\t\t\t\t<h2 class=\"elementor-heading-title elementor-size-default\">Komplettl\u00f6sungen f\u00fcr umweltfreundliche Taschen in verschiedenen Branchen  <\/h2>\t\t\t\t<\/div>\n\t\t\t\t<\/div>\n\t\t\t\t<div class=\"elementor-element elementor-element-ca27ec4 elementor-widget elementor-widget-text-editor\" data-id=\"ca27ec4\" data-element_type=\"widget\" data-widget_type=\"text-editor.default\">\n\t\t\t\t<div class=\"elementor-widget-container\">\n\t\t\t\t\t\t\t\t\t<p>Wir bieten eine Vielzahl hochwertiger, ma\u00dfgeschneiderter wiederverwendbarer oder Papiertaschen f\u00fcr unterschiedliche Branchen an.<br \/><span style=\"font-size: inherit; text-align: var(--text-align); font-style: var(--uicore-typography--p-st,'normal'); letter-spacing: var(--uicore-typography--p-ls,'-0.027em'); text-transform: var(--uicore-typography--p-t,'none');\">Unsere umfangreiche Erfahrung mit wiederverwendbaren und Papiertaschen in allen Branchen erm\u00f6glicht es uns, frische Ideen und ma\u00dfgeschneiderte Verpackungsl\u00f6sungen anzubieten, die allen Kundenanforderungen gerecht werden.<\/span><\/p>  \t\t\t\t\t\t\t\t<\/div>\n\t\t\t\t<\/div>\n\t\t<div class=\"has_eae_slider elementor-element elementor-element-a9464f4 e-flex e-con-boxed elementor-invisible e-con e-child\" data-eae-slider=\"6609\" data-id=\"a9464f4\" data-element_type=\"container\" data-settings=\"{&quot;animation&quot;:&quot;fadeInDown&quot;}\">\n\t\t\t\t\t<div class=\"e-con-inner\">\n\t\t<div class=\"has_eae_slider elementor-element elementor-element-a9831ae e-con-full e-flex e-con e-child\" data-eae-slider=\"73869\" data-id=\"a9831ae\" data-element_type=\"container\" data-settings=\"{&quot;background_background&quot;:&quot;classic&quot;}\">\n\t\t\t\t<div class=\"elementor-element elementor-element-09fb3e1 elementor-widget elementor-widget-heading\" data-id=\"09fb3e1\" data-element_type=\"widget\" data-widget_type=\"heading.default\">\n\t\t\t\t<div class=\"elementor-widget-container\">\n\t\t\t\t\t<h4 class=\"elementor-heading-title elementor-size-default\">Suchen Sie eine umweltfreundliche L\u00f6sung f\u00fcr die Taschen Ihres Unternehmens? Dann sind Sie hier genau richtig!  <\/h4>\t\t\t\t<\/div>\n\t\t\t\t<\/div>\n\t\t\t\t<div class=\"elementor-element elementor-element-0de2675 elementor-widget elementor-widget-text-editor\" data-id=\"0de2675\" data-element_type=\"widget\" data-widget_type=\"text-editor.default\">\n\t\t\t\t<div class=\"elementor-widget-container\">\n\t\t\t\t\t\t\t\t\tWir stellen eine gro\u00dfe Auswahl an hochwertigen, wiederverwendbaren und Papiertaschen f\u00fcr verschiedene Branchen her. Unser erfahrenes Team bietet Ihnen frische Ideen und ma\u00dfgeschneiderte Verpackungsl\u00f6sungen \u2013 egal ob Sie ein Bekleidungsh\u00e4ndler, Supermarkt oder Lebensmittelladen sind.  \t\t\t\t\t\t\t\t<\/div>\n\t\t\t\t<\/div>\n\t\t\t\t<\/div>\n\t\t<div data-ep-wrapper-link=\"{&quot;url&quot;:&quot;https:\\\/\\\/bagfactory.eu\\\/key-sectors\\\/supermarkets-and-department-stores\\\/&quot;,&quot;is_external&quot;:&quot;&quot;,&quot;nofollow&quot;:&quot;&quot;,&quot;custom_attributes&quot;:&quot;&quot;}\" style=\"cursor: pointer\" class=\"bdt-element-link has_eae_slider elementor-element elementor-element-30837e6 e-con-full e-flex e-con e-child\" data-eae-slider=\"37133\" data-id=\"30837e6\" data-element_type=\"container\" data-settings=\"{&quot;background_background&quot;:&quot;classic&quot;}\">\n\t\t\t\t<div class=\"elementor-element elementor-element-93a97d5 elementor-widget elementor-widget-heading\" data-id=\"93a97d5\" data-element_type=\"widget\" data-widget_type=\"heading.default\">\n\t\t\t\t<div class=\"elementor-widget-container\">\n\t\t\t\t\t<h4 class=\"elementor-heading-title elementor-size-default\">Taschen f\u00fcr Superm\u00e4rkte und Kaufh\u00e4user  <\/h4>\t\t\t\t<\/div>\n\t\t\t\t<\/div>\n\t\t\t\t<div class=\"elementor-element elementor-element-66f9c38 elementor-widget elementor-widget-image\" data-id=\"66f9c38\" data-element_type=\"widget\" data-widget_type=\"image.default\">\n\t\t\t\t<div class=\"elementor-widget-container\">\n\t\t\t\t\t\t\t\t\t\t\t\t\t\t\t<img fetchpriority=\"high\" decoding=\"async\" width=\"768\" height=\"1001\" src=\"https:\/\/bagfactory.eu\/wp-content\/uploads\/2025\/01\/Bags-for-supermarket-and-department-stores-768x1001.png\" class=\"attachment-medium_large size-medium_large wp-image-233230\" alt=\"bag producer\" srcset=\"https:\/\/bagfactory.eu\/wp-content\/uploads\/2025\/01\/Bags-for-supermarket-and-department-stores-768x1001.png 768w, https:\/\/bagfactory.eu\/wp-content\/uploads\/2025\/01\/Bags-for-supermarket-and-department-stores-230x300.png 230w, https:\/\/bagfactory.eu\/wp-content\/uploads\/2025\/01\/Bags-for-supermarket-and-department-stores-785x1024.png 785w, https:\/\/bagfactory.eu\/wp-content\/uploads\/2025\/01\/Bags-for-supermarket-and-department-stores-498x650.png 498w, https:\/\/bagfactory.eu\/wp-content\/uploads\/2025\/01\/Bags-for-supermarket-and-department-stores.png 1000w\" sizes=\"(max-width: 768px) 100vw, 768px\">\t\t\t\t\t\t\t\t\t\t\t\t\t\t\t<\/div>\n\t\t\t\t<\/div>\n\t\t\t\t<\/div>\n\t\t<div data-ep-wrapper-link=\"{&quot;url&quot;:&quot;https:\\\/\\\/bagfactory.eu\\\/key-sectors\\\/clothing-footwear\\\/&quot;,&quot;is_external&quot;:&quot;&quot;,&quot;nofollow&quot;:&quot;&quot;,&quot;custom_attributes&quot;:&quot;&quot;}\" style=\"cursor: pointer\" class=\"bdt-element-link has_eae_slider elementor-element elementor-element-ed944e3 e-con-full e-flex e-con e-child\" data-eae-slider=\"77241\" data-id=\"ed944e3\" data-element_type=\"container\" data-settings=\"{&quot;background_background&quot;:&quot;classic&quot;}\">\n\t\t\t\t<div class=\"elementor-element elementor-element-2a14174 elementor-widget elementor-widget-heading\" data-id=\"2a14174\" data-element_type=\"widget\" data-widget_type=\"heading.default\">\n\t\t\t\t<div class=\"elementor-widget-container\">\n\t\t\t\t\t<h4 class=\"elementor-heading-title elementor-size-default\">Taschen f\u00fcr Bekleidungs- und Schuhindustrie  <\/h4>\t\t\t\t<\/div>\n\t\t\t\t<\/div>\n\t\t\t\t<div class=\"elementor-element elementor-element-429f030 elementor-widget elementor-widget-image\" data-id=\"429f030\" data-element_type=\"widget\" data-widget_type=\"image.default\">\n\t\t\t\t<div class=\"elementor-widget-container\">\n\t\t\t\t\t\t\t\t\t\t\t\t\t\t\t<img decoding=\"async\" width=\"768\" height=\"1001\" src=\"https:\/\/bagfactory.eu\/wp-content\/uploads\/2025\/01\/Bags-for-clothing-and-footwear-industry-768x1001.png\" class=\"attachment-medium_large size-medium_large wp-image-196917\" alt=\"bag producer\" srcset=\"https:\/\/bagfactory.eu\/wp-content\/uploads\/2025\/01\/Bags-for-clothing-and-footwear-industry-768x1001.png 768w, https:\/\/bagfactory.eu\/wp-content\/uploads\/2025\/01\/Bags-for-clothing-and-footwear-industry-230x300.png 230w, https:\/\/bagfactory.eu\/wp-content\/uploads\/2025\/01\/Bags-for-clothing-and-footwear-industry-785x1024.png 785w, https:\/\/bagfactory.eu\/wp-content\/uploads\/2025\/01\/Bags-for-clothing-and-footwear-industry-498x650.png 498w, https:\/\/bagfactory.eu\/wp-content\/uploads\/2025\/01\/Bags-for-clothing-and-footwear-industry.png 1000w\" sizes=\"(max-width: 768px) 100vw, 768px\">\t\t\t\t\t\t\t\t\t\t\t\t\t\t\t<\/div>\n\t\t\t\t<\/div>\n\t\t\t\t<\/div>\n\t\t<div data-ep-wrapper-link=\"{&quot;url&quot;:&quot;https:\\\/\\\/bagfactory.eu\\\/key-sectors\\\/restaurants-takeaways\\\/&quot;,&quot;is_external&quot;:&quot;&quot;,&quot;nofollow&quot;:&quot;&quot;,&quot;custom_attributes&quot;:&quot;&quot;}\" style=\"cursor: pointer\" class=\"bdt-element-link has_eae_slider elementor-element elementor-element-8ad5a1c e-con-full e-flex e-con e-child\" data-eae-slider=\"94634\" data-id=\"8ad5a1c\" data-element_type=\"container\" data-settings=\"{&quot;background_background&quot;:&quot;classic&quot;}\">\n\t\t\t\t<div class=\"elementor-element elementor-element-af49f8c elementor-widget elementor-widget-heading\" data-id=\"af49f8c\" data-element_type=\"widget\" data-widget_type=\"heading.default\">\n\t\t\t\t<div class=\"elementor-widget-container\">\n\t\t\t\t\t<h4 class=\"elementor-heading-title elementor-size-default\">Taschen f\u00fcr Restaurants, Caf\u00e9s und Imbissbetriebe  <\/h4>\t\t\t\t<\/div>\n\t\t\t\t<\/div>\n\t\t\t\t<div class=\"elementor-element elementor-element-584eb0f elementor-widget elementor-widget-image\" data-id=\"584eb0f\" data-element_type=\"widget\" data-widget_type=\"image.default\">\n\t\t\t\t<div class=\"elementor-widget-container\">\n\t\t\t\t\t\t\t\t\t\t\t\t\t\t\t<img decoding=\"async\" width=\"768\" height=\"1001\" src=\"https:\/\/bagfactory.eu\/wp-content\/uploads\/2025\/01\/Bags-for-restaurants-cafes-and-takeaways-768x1001.png\" class=\"attachment-medium_large size-medium_large wp-image-196950\" alt=\"bag producer\" srcset=\"https:\/\/bagfactory.eu\/wp-content\/uploads\/2025\/01\/Bags-for-restaurants-cafes-and-takeaways-768x1001.png 768w, https:\/\/bagfactory.eu\/wp-content\/uploads\/2025\/01\/Bags-for-restaurants-cafes-and-takeaways-230x300.png 230w, https:\/\/bagfactory.eu\/wp-content\/uploads\/2025\/01\/Bags-for-restaurants-cafes-and-takeaways-785x1024.png 785w, https:\/\/bagfactory.eu\/wp-content\/uploads\/2025\/01\/Bags-for-restaurants-cafes-and-takeaways-498x650.png 498w, https:\/\/bagfactory.eu\/wp-content\/uploads\/2025\/01\/Bags-for-restaurants-cafes-and-takeaways.png 1000w\" sizes=\"(max-width: 768px) 100vw, 768px\">\t\t\t\t\t\t\t\t\t\t\t\t\t\t\t<\/div>\n\t\t\t\t<\/div>\n\t\t\t\t<\/div>\n\t\t<div data-ep-wrapper-link=\"{&quot;url&quot;:&quot;https:\\\/\\\/bagfactory.eu\\\/key-sectors\\\/consumer-electronics\\\/&quot;,&quot;is_external&quot;:&quot;&quot;,&quot;nofollow&quot;:&quot;&quot;,&quot;custom_attributes&quot;:&quot;&quot;}\" style=\"cursor: pointer\" class=\"bdt-element-link has_eae_slider elementor-element elementor-element-ccc9c76 e-con-full e-flex e-con e-child\" data-eae-slider=\"35248\" data-id=\"ccc9c76\" data-element_type=\"container\" data-settings=\"{&quot;background_background&quot;:&quot;classic&quot;}\">\n\t\t\t\t<div class=\"elementor-element elementor-element-8dbdefe elementor-widget elementor-widget-heading\" data-id=\"8dbdefe\" data-element_type=\"widget\" data-widget_type=\"heading.default\">\n\t\t\t\t<div class=\"elementor-widget-container\">\n\t\t\t\t\t<h4 class=\"elementor-heading-title elementor-size-default\">Taschen f\u00fcr Unterhaltungselektronik  <\/h4>\t\t\t\t<\/div>\n\t\t\t\t<\/div>\n\t\t\t\t<div class=\"elementor-element elementor-element-a17bbfc elementor-widget elementor-widget-image\" data-id=\"a17bbfc\" data-element_type=\"widget\" data-widget_type=\"image.default\">\n\t\t\t\t<div class=\"elementor-widget-container\">\n\t\t\t\t\t\t\t\t\t\t\t\t\t\t\t<img loading=\"lazy\" decoding=\"async\" width=\"768\" height=\"1001\" src=\"https:\/\/bagfactory.eu\/wp-content\/uploads\/2025\/01\/Bags-for-consumer-electronics-goods-768x1001.png\" class=\"attachment-medium_large size-medium_large wp-image-196927\" alt=\"bag producer\" srcset=\"https:\/\/bagfactory.eu\/wp-content\/uploads\/2025\/01\/Bags-for-consumer-electronics-goods-768x1001.png 768w, https:\/\/bagfactory.eu\/wp-content\/uploads\/2025\/01\/Bags-for-consumer-electronics-goods-230x300.png 230w, https:\/\/bagfactory.eu\/wp-content\/uploads\/2025\/01\/Bags-for-consumer-electronics-goods-785x1024.png 785w, https:\/\/bagfactory.eu\/wp-content\/uploads\/2025\/01\/Bags-for-consumer-electronics-goods-498x650.png 498w, https:\/\/bagfactory.eu\/wp-content\/uploads\/2025\/01\/Bags-for-consumer-electronics-goods.png 1000w\" sizes=\"(max-width: 768px) 100vw, 768px\">\t\t\t\t\t\t\t\t\t\t\t\t\t\t\t<\/div>\n\t\t\t\t<\/div>\n\t\t\t\t<\/div>\n\t\t<div data-ep-wrapper-link=\"{&quot;url&quot;:&quot;https:\\\/\\\/bagfactory.eu\\\/key-sectors\\\/promotional-industry\\\/&quot;,&quot;is_external&quot;:&quot;&quot;,&quot;nofollow&quot;:&quot;&quot;,&quot;custom_attributes&quot;:&quot;&quot;}\" style=\"cursor: pointer\" class=\"bdt-element-link has_eae_slider elementor-element elementor-element-90ffaf7 e-con-full e-flex e-con e-child\" data-eae-slider=\"220\" data-id=\"90ffaf7\" data-element_type=\"container\" data-settings=\"{&quot;background_background&quot;:&quot;classic&quot;}\">\n\t\t\t\t<div class=\"elementor-element elementor-element-43aa74e elementor-widget elementor-widget-heading\" data-id=\"43aa74e\" data-element_type=\"widget\" data-widget_type=\"heading.default\">\n\t\t\t\t<div class=\"elementor-widget-container\">\n\t\t\t\t\t<h4 class=\"elementor-heading-title elementor-size-default\">Taschen f\u00fcr Werbezwecke  <\/h4>\t\t\t\t<\/div>\n\t\t\t\t<\/div>\n\t\t\t\t<div class=\"elementor-element elementor-element-9abca09 elementor-widget elementor-widget-image\" data-id=\"9abca09\" data-element_type=\"widget\" data-widget_type=\"image.default\">\n\t\t\t\t<div class=\"elementor-widget-container\">\n\t\t\t\t\t\t\t\t\t\t\t\t\t\t\t<img loading=\"lazy\" decoding=\"async\" width=\"768\" height=\"1001\" src=\"https:\/\/bagfactory.eu\/wp-content\/uploads\/2025\/01\/Bags-for-promotional-industry-768x1001.png\" class=\"attachment-medium_large size-medium_large wp-image-196940\" alt=\"bag producer\" srcset=\"https:\/\/bagfactory.eu\/wp-content\/uploads\/2025\/01\/Bags-for-promotional-industry-768x1001.png 768w, https:\/\/bagfactory.eu\/wp-content\/uploads\/2025\/01\/Bags-for-promotional-industry-230x300.png 230w, https:\/\/bagfactory.eu\/wp-content\/uploads\/2025\/01\/Bags-for-promotional-industry-785x1024.png 785w, https:\/\/bagfactory.eu\/wp-content\/uploads\/2025\/01\/Bags-for-promotional-industry-498x650.png 498w, https:\/\/bagfactory.eu\/wp-content\/uploads\/2025\/01\/Bags-for-promotional-industry.png 1000w\" sizes=\"(max-width: 768px) 100vw, 768px\">\t\t\t\t\t\t\t\t\t\t\t\t\t\t\t<\/div>\n\t\t\t\t<\/div>\n\t\t\t\t<\/div>\n\t\t\t\t\t<\/div>\n\t\t\t\t<\/div>\n\t\t\t\t\t<\/div>\n\t\t\t\t<\/div>\n\t\t\t\t<\/div>\n\t\t","protected":false},"excerpt":{"rendered":"<p>Komplettl\u00f6sungen f\u00fcr umweltfreundliche Taschen in verschiedenen Branchen Wir bieten eine Vielzahl hochwertiger, ma\u00dfgeschneiderter wiederverwendbarer oder Papiertaschen f\u00fcr unterschiedliche Branchen an.Unsere umfangreiche Erfahrung [&hellip;]<\/p>\n","protected":false},"author":8,"featured_media":194493,"parent":0,"menu_order":0,"comment_status":"closed","ping_status":"closed","template":"elementor_header_footer","meta":{"_acf_changed":false,"footnotes":""},"class_list":["post-202667","page","type-page","status-publish","has-post-thumbnail","hentry"],"acf":[],"_links":{"self":[{"href":"https:\/\/bagfactory.eu\/de\/wp-json\/wp\/v2\/pages\/202667","targetHints":{"allow":["GET"]}}],"collection":[{"href":"https:\/\/bagfactory.eu\/de\/wp-json\/wp\/v2\/pages"}],"about":[{"href":"https:\/\/bagfactory.eu\/de\/wp-json\/wp\/v2\/types\/page"}],"author":[{"embeddable":true,"href":"https:\/\/bagfactory.eu\/de\/wp-json\/wp\/v2\/users\/8"}],"replies":[{"embeddable":true,"href":"https:\/\/bagfactory.eu\/de\/wp-json\/wp\/v2\/comments?post=202667"}],"version-history":[{"count":4,"href":"https:\/\/bagfactory.eu\/de\/wp-json\/wp\/v2\/pages\/202667\/revisions"}],"predecessor-version":[{"id":235001,"href":"https:\/\/bagfactory.eu\/de\/wp-json\/wp\/v2\/pages\/202667\/revisions\/235001"}],"wp:featuredmedia":[{"embeddable":true,"href":"https:\/\/bagfactory.eu\/de\/wp-json\/wp\/v2\/media\/194493"}],"wp:attachment":[{"href":"https:\/\/bagfactory.eu\/de\/wp-json\/wp\/v2\/media?parent=202667"}],"curies":[{"name":"wp","href":"https:\/\/api.w.org\/{rel}","templated":true}]}}