{"id":202677,"date":"2021-05-17T23:22:04","date_gmt":"2021-05-17T21:22:04","guid":{"rendered":"https:\/\/bagfactory.eu\/quality-certifications\/"},"modified":"2026-01-10T10:54:10","modified_gmt":"2026-01-10T08:54:10","slug":"quality-certifications","status":"publish","type":"page","link":"https:\/\/bagfactory.eu\/de\/quality-certifications\/","title":{"rendered":"Qualit\u00e4t &#038; Zertifizierungen"},"content":{"rendered":"\t\t<div data-elementor-type=\"wp-page\" data-elementor-id=\"202677\" class=\"elementor elementor-202677 elementor-17\" data-elementor-settings=\"{&quot;element_pack_global_tooltip_width&quot;:{&quot;unit&quot;:&quot;px&quot;,&quot;size&quot;:&quot;&quot;,&quot;sizes&quot;:[]},&quot;element_pack_global_tooltip_width_tablet&quot;:{&quot;unit&quot;:&quot;px&quot;,&quot;size&quot;:&quot;&quot;,&quot;sizes&quot;:[]},&quot;element_pack_global_tooltip_width_mobile&quot;:{&quot;unit&quot;:&quot;px&quot;,&quot;size&quot;:&quot;&quot;,&quot;sizes&quot;:[]},&quot;element_pack_global_tooltip_padding&quot;:{&quot;unit&quot;:&quot;px&quot;,&quot;top&quot;:&quot;&quot;,&quot;right&quot;:&quot;&quot;,&quot;bottom&quot;:&quot;&quot;,&quot;left&quot;:&quot;&quot;,&quot;isLinked&quot;:true},&quot;element_pack_global_tooltip_padding_tablet&quot;:{&quot;unit&quot;:&quot;px&quot;,&quot;top&quot;:&quot;&quot;,&quot;right&quot;:&quot;&quot;,&quot;bottom&quot;:&quot;&quot;,&quot;left&quot;:&quot;&quot;,&quot;isLinked&quot;:true},&quot;element_pack_global_tooltip_padding_mobile&quot;:{&quot;unit&quot;:&quot;px&quot;,&quot;top&quot;:&quot;&quot;,&quot;right&quot;:&quot;&quot;,&quot;bottom&quot;:&quot;&quot;,&quot;left&quot;:&quot;&quot;,&quot;isLinked&quot;:true},&quot;element_pack_global_tooltip_border_radius&quot;:{&quot;unit&quot;:&quot;px&quot;,&quot;top&quot;:&quot;&quot;,&quot;right&quot;:&quot;&quot;,&quot;bottom&quot;:&quot;&quot;,&quot;left&quot;:&quot;&quot;,&quot;isLinked&quot;:true},&quot;element_pack_global_tooltip_border_radius_tablet&quot;:{&quot;unit&quot;:&quot;px&quot;,&quot;top&quot;:&quot;&quot;,&quot;right&quot;:&quot;&quot;,&quot;bottom&quot;:&quot;&quot;,&quot;left&quot;:&quot;&quot;,&quot;isLinked&quot;:true},&quot;element_pack_global_tooltip_border_radius_mobile&quot;:{&quot;unit&quot;:&quot;px&quot;,&quot;top&quot;:&quot;&quot;,&quot;right&quot;:&quot;&quot;,&quot;bottom&quot;:&quot;&quot;,&quot;left&quot;:&quot;&quot;,&quot;isLinked&quot;:true}}\" data-elementor-post-type=\"page\">\n\t\t\t\t<div class=\"has_eae_slider elementor-element elementor-element-7af9abe e-flex e-con-boxed e-con e-parent\" data-eae-slider=\"12514\" data-id=\"7af9abe\" data-element_type=\"container\">\n\t\t\t\t\t<div class=\"e-con-inner\">\n\t\t<div class=\"has_eae_slider elementor-element elementor-element-7420e81 e-con-full e-flex e-con e-child\" data-eae-slider=\"7026\" data-id=\"7420e81\" data-element_type=\"container\">\n\t\t\t\t<div class=\"elementor-element elementor-element-ec10924 elementor-widget elementor-widget-spacer\" data-id=\"ec10924\" data-element_type=\"widget\" data-widget_type=\"spacer.default\">\n\t\t\t\t<div class=\"elementor-widget-container\">\n\t\t\t\t\t\t\t<div class=\"elementor-spacer\">\n\t\t\t<div class=\"elementor-spacer-inner\"><\/div>\n\t\t<\/div>\n\t\t\t\t\t\t<\/div>\n\t\t\t\t<\/div>\n\t\t\t\t<div class=\"elementor-element elementor-element-0d446bd elementor-widget elementor-widget-heading\" data-id=\"0d446bd\" data-element_type=\"widget\" data-widget_type=\"heading.default\">\n\t\t\t\t<div class=\"elementor-widget-container\">\n\t\t\t\t\t<h2 class=\"elementor-heading-title elementor-size-default\">Bagfactory erf\u00fcllt die h\u00f6chsten Branchenstandards, best\u00e4tigt durch internationale Qualit\u00e4tszertifizierungen.  <\/h2>\t\t\t\t<\/div>\n\t\t\t\t<\/div>\n\t\t\t\t<\/div>\n\t\t<div class=\"has_eae_slider elementor-element elementor-element-5d38f57 e-con-full e-flex e-con e-child\" data-eae-slider=\"97763\" data-id=\"5d38f57\" data-element_type=\"container\">\n\t\t\t\t<div class=\"elementor-element elementor-element-d964c55 elementor-widget elementor-widget-spacer\" data-id=\"d964c55\" data-element_type=\"widget\" data-widget_type=\"spacer.default\">\n\t\t\t\t<div class=\"elementor-widget-container\">\n\t\t\t\t\t\t\t<div class=\"elementor-spacer\">\n\t\t\t<div class=\"elementor-spacer-inner\"><\/div>\n\t\t<\/div>\n\t\t\t\t\t\t<\/div>\n\t\t\t\t<\/div>\n\t\t\t\t<div class=\"elementor-element elementor-element-7474ed4 elementor-widget elementor-widget-text-editor\" data-id=\"7474ed4\" data-element_type=\"widget\" data-widget_type=\"text-editor.default\">\n\t\t\t\t<div class=\"elementor-widget-container\">\n\t\t\t\t\t\t\t\t\t<p>Wir implementieren effektive Systeme und Verfahren, um<br \/>die Qualit\u00e4t unserer Taschen in jeder Produktionsstufe sicherzustellen.<br \/>Unsere Zertifizierungen gew\u00e4hrleisten, dass nur Produkte<br \/>von h\u00f6chster Qualit\u00e4t hergestellt werden.<\/p>\n\t\t\t\t\t\t\t\t<\/div>\n\t\t\t\t<\/div>\n\t\t\t\t<\/div>\n\t\t\t\t\t<\/div>\n\t\t\t\t<\/div>\n\t\t<div class=\"has_eae_slider elementor-element elementor-element-260d51f e-flex e-con-boxed e-con e-parent\" data-eae-slider=\"38159\" data-id=\"260d51f\" data-element_type=\"container\">\n\t\t\t\t\t<div class=\"e-con-inner\">\n\t\t<div class=\"has_eae_slider elementor-element elementor-element-7ebbe00 e-grid e-con-full e-con e-child\" data-eae-slider=\"81774\" data-id=\"7ebbe00\" data-element_type=\"container\">\n\t\t\t\t<div class=\"elementor-element elementor-element-0442cf1 elementor-position-top elementor-widget elementor-widget-image-box\" data-id=\"0442cf1\" data-element_type=\"widget\" data-widget_type=\"image-box.default\">\n\t\t\t\t<div class=\"elementor-widget-container\">\n\t\t\t\t\t<div class=\"elementor-image-box-wrapper\"><figure class=\"elementor-image-box-img\"><img fetchpriority=\"high\" decoding=\"async\" width=\"452\" height=\"338\" src=\"https:\/\/bagfactory.eu\/wp-content\/uploads\/2025\/02\/BRC-Packaging-Materials-grayscale-transparent.png\" class=\"attachment-full size-full wp-image-198276\" alt=\"bag producer\" srcset=\"https:\/\/bagfactory.eu\/wp-content\/uploads\/2025\/02\/BRC-Packaging-Materials-grayscale-transparent.png 452w, https:\/\/bagfactory.eu\/wp-content\/uploads\/2025\/02\/BRC-Packaging-Materials-grayscale-transparent-300x224.png 300w\" sizes=\"(max-width: 452px) 100vw, 452px\" \/><\/figure><div class=\"elementor-image-box-content\"><p class=\"elementor-image-box-description\">BRC Packaging \u2013 diese Zertifizierung gew\u00e4hrleistet die Sicherheit, Qualit\u00e4t und Rechtskonformit\u00e4t von Verpackungsmaterialien, insbesondere f\u00fcr Lebensmittel und Konsumg\u00fcter. Anerkannt durch die Global Food Safety Initiative (GFSI), deckt sie Hygiene, Sicherheit und gesetzliche Vorschriften \u00fcber alle Produktions- und Druckphasen hinweg ab. Die BRCGS-Zertifizierung zeigt das Engagement f\u00fcr zuverl\u00e4ssige, hochwertige und sichere Verpackungsl\u00f6sungen. <br><br><a href=\"https:\/\/www.brcgs.com\/\" target=\"_blank\" rel=\"noopener\">BRCGS-Verpackungszertifizierung<\/a>  <\/p><\/div><\/div>\t\t\t\t<\/div>\n\t\t\t\t<\/div>\n\t\t\t\t<div class=\"elementor-element elementor-element-149e1b6 elementor-position-top elementor-widget elementor-widget-image-box\" data-id=\"149e1b6\" data-element_type=\"widget\" data-widget_type=\"image-box.default\">\n\t\t\t\t<div class=\"elementor-widget-container\">\n\t\t\t\t\t<div class=\"elementor-image-box-wrapper\"><figure class=\"elementor-image-box-img\"><img decoding=\"async\" width=\"338\" height=\"188\" src=\"https:\/\/bagfactory.eu\/wp-content\/uploads\/2025\/01\/Okeo-Tex-standart-100.jpg\" class=\"attachment-full size-full wp-image-111034\" alt=\"bag producer\" srcset=\"https:\/\/bagfactory.eu\/wp-content\/uploads\/2025\/01\/Okeo-Tex-standart-100.jpg 338w, https:\/\/bagfactory.eu\/wp-content\/uploads\/2025\/01\/Okeo-Tex-standart-100-300x167.jpg 300w\" sizes=\"(max-width: 338px) 100vw, 338px\" \/><\/figure><div class=\"elementor-image-box-content\"><p class=\"elementor-image-box-description\">OEKO-TEX\u00ae Standard 100 ist eine weltweit anerkannte Zertifizierung, die garantiert, dass Textilien und verwandte Produkte frei von sch\u00e4dlichen Substanzen und sicher f\u00fcr den menschlichen Gebrauch sind. OEKO-TEX deckt alle Produktionsstufen ab \u2013 von den Rohmaterialien bis zum Endprodukt \u2013 und gew\u00e4hrleistet die Einhaltung strenger chemischer Sicherheitsstandards. Sie gilt als Ma\u00dfstab f\u00fcr Nachhaltigkeit und Verbrauchersicherheit in der Textilindustrie. <br><br><a href=\"https:\/\/www.oeko-tex.com\/\" target=\"_blank\" rel=\"noopener\">OEKO-TEX Standard 100<\/a>  <\/p><\/div><\/div>\t\t\t\t<\/div>\n\t\t\t\t<\/div>\n\t\t\t\t<div class=\"elementor-element elementor-element-26bb794 elementor-position-top elementor-widget elementor-widget-image-box\" data-id=\"26bb794\" data-element_type=\"widget\" data-widget_type=\"image-box.default\">\n\t\t\t\t<div class=\"elementor-widget-container\">\n\t\t\t\t\t<div class=\"elementor-image-box-wrapper\"><figure class=\"elementor-image-box-img\"><img decoding=\"async\" width=\"866\" height=\"650\" src=\"https:\/\/bagfactory.eu\/wp-content\/uploads\/2025\/08\/CU-1-1.png\" class=\"attachment-full size-full wp-image-202678\" alt=\"bag producer\" srcset=\"https:\/\/bagfactory.eu\/wp-content\/uploads\/2025\/08\/CU-1-1.png 866w, https:\/\/bagfactory.eu\/wp-content\/uploads\/2025\/08\/CU-1-1-300x225.png 300w, https:\/\/bagfactory.eu\/wp-content\/uploads\/2025\/08\/CU-1-1-768x576.png 768w, https:\/\/bagfactory.eu\/wp-content\/uploads\/2025\/08\/CU-1-1-16x12.png 16w, https:\/\/bagfactory.eu\/wp-content\/uploads\/2025\/08\/CU-1-1-650x488.png 650w\" sizes=\"(max-width: 866px) 100vw, 866px\" \/><\/figure><div class=\"elementor-image-box-content\"><p class=\"elementor-image-box-description\">Der Global Recycled Standard (GRS) verifiziert den Anteil an recyceltem Material und verfolgt diesen vom Recycler bis zum Endprodukt. Dar\u00fcber hinaus erf\u00fcllen alle beteiligten Einrichtungen \u2013 vom Recycler bis zum Endlieferanten \u2013 soziale, \u00f6kologische und chemische Anforderungen. Ausgew\u00e4hlte Produkte von Bagfactory sind gem\u00e4\u00df g\u00fcltigen Transaktionszertifikaten GRS-zertifiziert. Bagfactory ist nach dem Global Recycled Standard zertifiziert, mit der Zertifikatsnummer Control Union 1114812. Nur Produkte, die durch ein g\u00fcltiges Transaktionszertifikat abgedeckt sind, gelten als GRS-zertifiziert.<br><br><a href=\"https:\/\/www.controlunion.com\/certification-program\/grs-global-recycled-standard\/\" target=\"_blank\" rel=\"noopener\">Global Recycled Standard (GRS)<\/a><\/p><\/div><\/div>\t\t\t\t<\/div>\n\t\t\t\t<\/div>\n\t\t\t\t<\/div>\n\t\t\t\t\t<\/div>\n\t\t\t\t<\/div>\n\t\t\t\t<section class=\"has_eae_slider elementor-section elementor-top-section elementor-element elementor-element-4e45594 elementor-section-full_width elementor-section-height-default elementor-section-height-default\" data-eae-slider=\"64976\" data-id=\"4e45594\" data-element_type=\"section\">\n\t\t\t\t\t\t<div class=\"elementor-container elementor-column-gap-wider\">\n\t\t\t\t\t<div class=\"has_eae_slider elementor-column elementor-col-100 elementor-top-column elementor-element elementor-element-32b1b30\" data-eae-slider=\"41083\" data-id=\"32b1b30\" data-element_type=\"column\">\n\t\t\t<div class=\"elementor-widget-wrap elementor-element-populated\">\n\t\t\t\t\t\t<div class=\"elementor-element elementor-element-44cfa90 elementor-widget elementor-widget-heading\" data-id=\"44cfa90\" data-element_type=\"widget\" data-widget_type=\"heading.default\">\n\t\t\t\t<div class=\"elementor-widget-container\">\n\t\t\t\t\t<h2 class=\"elementor-heading-title elementor-size-default\"><a href=\"https:\/\/bagfactory.eu\/products\/\">Unsere Produkte  <\/a><\/h2>\t\t\t\t<\/div>\n\t\t\t\t<\/div>\n\t\t\t\t<div class=\"elementor-element elementor-element-a114916 elementor-widget-divider--view-line elementor-widget elementor-widget-divider\" data-id=\"a114916\" data-element_type=\"widget\" data-widget_type=\"divider.default\">\n\t\t\t\t<div class=\"elementor-widget-container\">\n\t\t\t\t\t\t\t<div class=\"elementor-divider\">\n\t\t\t<span class=\"elementor-divider-separator\">\n\t\t\t\t\t\t<\/span>\n\t\t<\/div>\n\t\t\t\t\t\t<\/div>\n\t\t\t\t<\/div>\n\t\t\t\t\t<\/div>\n\t\t<\/div>\n\t\t\t\t\t<\/div>\n\t\t<\/section>\n\t\t\t\t<\/div>\n\t\t","protected":false},"excerpt":{"rendered":"<p>Bagfactory erf\u00fcllt die h\u00f6chsten Branchenstandards, best\u00e4tigt durch internationale Qualit\u00e4tszertifizierungen. Wir implementieren effektive Systeme und Verfahren, umdie Qualit\u00e4t unserer Taschen in jeder Produktionsstufe [&hellip;]<\/p>\n","protected":false},"author":8,"featured_media":192909,"parent":0,"menu_order":0,"comment_status":"closed","ping_status":"closed","template":"elementor_header_footer","meta":{"_acf_changed":false,"footnotes":""},"class_list":["post-202677","page","type-page","status-publish","has-post-thumbnail","hentry"],"acf":[],"_links":{"self":[{"href":"https:\/\/bagfactory.eu\/de\/wp-json\/wp\/v2\/pages\/202677","targetHints":{"allow":["GET"]}}],"collection":[{"href":"https:\/\/bagfactory.eu\/de\/wp-json\/wp\/v2\/pages"}],"about":[{"href":"https:\/\/bagfactory.eu\/de\/wp-json\/wp\/v2\/types\/page"}],"author":[{"embeddable":true,"href":"https:\/\/bagfactory.eu\/de\/wp-json\/wp\/v2\/users\/8"}],"replies":[{"embeddable":true,"href":"https:\/\/bagfactory.eu\/de\/wp-json\/wp\/v2\/comments?post=202677"}],"version-history":[{"count":7,"href":"https:\/\/bagfactory.eu\/de\/wp-json\/wp\/v2\/pages\/202677\/revisions"}],"predecessor-version":[{"id":234988,"href":"https:\/\/bagfactory.eu\/de\/wp-json\/wp\/v2\/pages\/202677\/revisions\/234988"}],"wp:featuredmedia":[{"embeddable":true,"href":"https:\/\/bagfactory.eu\/de\/wp-json\/wp\/v2\/media\/192909"}],"wp:attachment":[{"href":"https:\/\/bagfactory.eu\/de\/wp-json\/wp\/v2\/media?parent=202677"}],"curies":[{"name":"wp","href":"https:\/\/api.w.org\/{rel}","templated":true}]}}