{"id":201234,"date":"2021-06-03T23:13:15","date_gmt":"2021-06-03T21:13:15","guid":{"rendered":"https:\/\/bagfactory.eu\/ultrasound-material-thermal-joining-pet-rpet-go\/"},"modified":"2025-12-18T09:54:06","modified_gmt":"2025-12-18T07:54:06","slug":"ultrasound-material-thermal-joining-pet-rpet-go","status":"publish","type":"page","link":"https:\/\/bagfactory.eu\/es\/eu-funding\/ultrasound-material-thermal-joining-pet-rpet-go\/","title":{"rendered":"Ultrasound material thermal joining (PET-RPET GO)"},"content":{"rendered":"\t\t<div data-elementor-type=\"wp-page\" data-elementor-id=\"201234\" class=\"elementor elementor-201234 elementor-16017\" data-elementor-settings=\"{&quot;element_pack_global_tooltip_width&quot;:{&quot;unit&quot;:&quot;px&quot;,&quot;size&quot;:&quot;&quot;,&quot;sizes&quot;:[]},&quot;element_pack_global_tooltip_width_tablet&quot;:{&quot;unit&quot;:&quot;px&quot;,&quot;size&quot;:&quot;&quot;,&quot;sizes&quot;:[]},&quot;element_pack_global_tooltip_width_mobile&quot;:{&quot;unit&quot;:&quot;px&quot;,&quot;size&quot;:&quot;&quot;,&quot;sizes&quot;:[]},&quot;element_pack_global_tooltip_padding&quot;:{&quot;unit&quot;:&quot;px&quot;,&quot;top&quot;:&quot;&quot;,&quot;right&quot;:&quot;&quot;,&quot;bottom&quot;:&quot;&quot;,&quot;left&quot;:&quot;&quot;,&quot;isLinked&quot;:true},&quot;element_pack_global_tooltip_padding_tablet&quot;:{&quot;unit&quot;:&quot;px&quot;,&quot;top&quot;:&quot;&quot;,&quot;right&quot;:&quot;&quot;,&quot;bottom&quot;:&quot;&quot;,&quot;left&quot;:&quot;&quot;,&quot;isLinked&quot;:true},&quot;element_pack_global_tooltip_padding_mobile&quot;:{&quot;unit&quot;:&quot;px&quot;,&quot;top&quot;:&quot;&quot;,&quot;right&quot;:&quot;&quot;,&quot;bottom&quot;:&quot;&quot;,&quot;left&quot;:&quot;&quot;,&quot;isLinked&quot;:true},&quot;element_pack_global_tooltip_border_radius&quot;:{&quot;unit&quot;:&quot;px&quot;,&quot;top&quot;:&quot;&quot;,&quot;right&quot;:&quot;&quot;,&quot;bottom&quot;:&quot;&quot;,&quot;left&quot;:&quot;&quot;,&quot;isLinked&quot;:true},&quot;element_pack_global_tooltip_border_radius_tablet&quot;:{&quot;unit&quot;:&quot;px&quot;,&quot;top&quot;:&quot;&quot;,&quot;right&quot;:&quot;&quot;,&quot;bottom&quot;:&quot;&quot;,&quot;left&quot;:&quot;&quot;,&quot;isLinked&quot;:true},&quot;element_pack_global_tooltip_border_radius_mobile&quot;:{&quot;unit&quot;:&quot;px&quot;,&quot;top&quot;:&quot;&quot;,&quot;right&quot;:&quot;&quot;,&quot;bottom&quot;:&quot;&quot;,&quot;left&quot;:&quot;&quot;,&quot;isLinked&quot;:true}}\" data-elementor-post-type=\"page\">\n\t\t\t\t<div class=\"has_eae_slider elementor-element elementor-element-c98e92d e-flex e-con-boxed e-con e-parent\" data-eae-slider=\"72618\" data-id=\"c98e92d\" data-element_type=\"container\">\n\t\t\t\t\t<div class=\"e-con-inner\">\n\t\t<div class=\"has_eae_slider elementor-element elementor-element-7da223f e-con-full e-flex e-con e-child\" data-eae-slider=\"70040\" data-id=\"7da223f\" data-element_type=\"container\">\n\t\t\t\t<div class=\"elementor-element elementor-element-75cb23a elementor-widget elementor-widget-heading\" data-id=\"75cb23a\" data-element_type=\"widget\" data-widget_type=\"heading.default\">\n\t\t\t\t<div class=\"elementor-widget-container\">\n\t\t\t\t\t<h3 class=\"elementor-heading-title elementor-size-default\">Implementaci\u00f3n del proyecto <br>\u201cTecnolog\u00eda flexible de uni\u00f3n t\u00e9rmica por ultrasonidos para el proceso autom\u00e1tico de fabricaci\u00f3n de bolsas no tejidas (PET-RPET GO)\u201d<\/h3>\t\t\t\t<\/div>\n\t\t\t\t<\/div>\n\t\t\t\t<div class=\"elementor-element elementor-element-aaebe36 elementor-view-default elementor-widget elementor-widget-icon\" data-id=\"aaebe36\" data-element_type=\"widget\" data-widget_type=\"icon.default\">\n\t\t\t\t<div class=\"elementor-widget-container\">\n\t\t\t\t\t\t\t<div class=\"elementor-icon-wrapper\">\n\t\t\t<div class=\"elementor-icon\">\n\t\t\t\t\t\t<\/div>\n\t\t<\/div>\n\t\t\t\t\t\t<\/div>\n\t\t\t\t<\/div>\n\t\t\t\t<\/div>\n\t\t<div class=\"has_eae_slider elementor-element elementor-element-870989d e-con-full e-flex e-con e-child\" data-eae-slider=\"66756\" data-id=\"870989d\" data-element_type=\"container\">\n\t\t\t\t<div class=\"elementor-element elementor-element-694056c elementor-widget elementor-widget-image\" data-id=\"694056c\" data-element_type=\"widget\" data-widget_type=\"image.default\">\n\t\t\t\t<div class=\"elementor-widget-container\">\n\t\t\t\t\t\t\t\t\t\t\t\t\t\t\t<img fetchpriority=\"high\" decoding=\"async\" width=\"768\" height=\"171\" src=\"https:\/\/bagfactory.eu\/wp-content\/uploads\/2021\/06\/LVPA-and-ES-Funding-e1623259003342-768x171.jpg\" class=\"attachment-medium_large size-medium_large wp-image-201235\" alt=\"Non woven and Paper Bag manufacturers\" srcset=\"https:\/\/bagfactory.eu\/wp-content\/uploads\/2021\/06\/LVPA-and-ES-Funding-e1623259003342-768x171.jpg 768w, https:\/\/bagfactory.eu\/wp-content\/uploads\/2021\/06\/LVPA-and-ES-Funding-e1623259003342-600x133.jpg 600w, https:\/\/bagfactory.eu\/wp-content\/uploads\/2021\/06\/LVPA-and-ES-Funding-e1623259003342-300x67.jpg 300w, https:\/\/bagfactory.eu\/wp-content\/uploads\/2021\/06\/LVPA-and-ES-Funding-e1623259003342-1024x228.jpg 1024w, https:\/\/bagfactory.eu\/wp-content\/uploads\/2021\/06\/LVPA-and-ES-Funding-e1623259003342.jpg 1444w\" sizes=\"(max-width: 768px) 100vw, 768px\" \/>\t\t\t\t\t\t\t\t\t\t\t\t\t\t\t<\/div>\n\t\t\t\t<\/div>\n\t\t\t\t<div class=\"elementor-element elementor-element-651d90c elementor-widget elementor-widget-text-editor\" data-id=\"651d90c\" data-element_type=\"widget\" data-widget_type=\"text-editor.default\">\n\t\t\t\t<div class=\"elementor-widget-container\">\n\t\t\t\t\t\t\t\t\t<p>UAB Bagfactory es un fabricante de bolsas de material PP no tejido, l\u00edder del mercado en Lituania y uno de los l\u00edderes del mercado en la UE. <\/p><p>En el proceso de producci\u00f3n, la empresa utiliza tecnolog\u00edas ultras\u00f3nicas para la uni\u00f3n t\u00e9rmica de los bordes. Los procesos tecnol\u00f3gicos de producci\u00f3n que utilizan tecnolog\u00edas de ultrasonidos se mejoran continuamente; recientemente, la l\u00ednea de producci\u00f3n ha introducido una innovaci\u00f3n desarrollada por los especialistas de la empresa, que ha permitido optimizar el proceso est\u00e1ndar de producci\u00f3n y alcanzar una velocidad de fabricaci\u00f3n de 50 bolsas de PP por minuto. <\/p><p>Actualmente, el solicitante, con la participaci\u00f3n de investigadores del Instituto de Ultrasonidos de la KTU, est\u00e1 modelando el proceso de producci\u00f3n de bolsas de material PET no tejido, y tambi\u00e9n se est\u00e1n investigando los procesos de producci\u00f3n para material RPET no tejido. Los resultados de la investigaci\u00f3n muestran que no solo existen condiciones realistas para una nueva tecnolog\u00eda de uni\u00f3n t\u00e9rmica por ultrasonidos para el proceso autom\u00e1tico de producci\u00f3n de bolsas de material PET\/RPET no tejido, sino que tambi\u00e9n se han identificado problemas y actividades de I+D para resolverlos. <\/p><p>El proyecto presentado tiene como objetivo el desarrollo autom\u00e1tico de una tecnolog\u00eda flexible de uni\u00f3n t\u00e9rmica por ultrasonidos para el proceso autom\u00e1tico de producci\u00f3n de bolsas no tejidas de PET\/RPET. Las actividades de I+D para resolver los problemas cient\u00edficos y tecnol\u00f3gicos crear\u00e1n una soluci\u00f3n tecnol\u00f3gica para la uni\u00f3n por ultrasonidos del material PET\/RPET no tejido en condiciones de un proceso de producci\u00f3n autom\u00e1tico, que podr\u00e1 adaptarse a las instalaciones de producci\u00f3n de bolsas de PP no tejido actualmente en el mercado; tambi\u00e9n se crear\u00e1n las condiciones previas para la implementaci\u00f3n de este m\u00e9todo: durante el proyecto se desarrollar\u00e1 un m\u00f3dulo autom\u00e1tico de formaci\u00f3n y fijaci\u00f3n de asas para el proceso autom\u00e1tico de producci\u00f3n de bolsas de PET\/RPET no tejido, lo que demostrar\u00e1 la aplicabilidad de la soluci\u00f3n al proceso tecnol\u00f3gico de producci\u00f3n m\u00e1s est\u00e1ndar. El tercer producto es una bolsa de PET\/RPET no tejido con costuras realizadas mediante uni\u00f3n t\u00e9rmica autom\u00e1tica.<\/p><p>UAB Bagfactory, desde el 18 de marzo de 2019 hasta el 13 de marzo de 2021, implementa el proyecto \u201cTecnolog\u00eda de uni\u00f3n t\u00e9rmica por ultrasonidos para el proceso autom\u00e1tico de producci\u00f3n de bolsas no tejidas (PET-RPET GO)\u201d (N.\u00ba J05-LVPA-K-04-0014), financiado por los fondos de la Uni\u00f3n Europea para 2014\u20132020 (Fondo Europeo de Desarrollo Regional), Programa Operativo de Inversiones Prioridad 1 \u201cPromoci\u00f3n de la investigaci\u00f3n, el desarrollo experimental y la innovaci\u00f3n\u201d, medida N.\u00ba J05-LVPA-K-04 \u201cInteligencia. Proyectos conjuntos ciencia-empresa\u201d.<\/p><p>Presupuesto del proyecto: 867 326,97 EUR.<\/p><p>Importe de financiaci\u00f3n del proyecto: 499 947,93 EUR.<\/p><p>Instituci\u00f3n ejecutora: Agencia de Apoyo Empresarial de Lituania<\/p><p>M\u00e1s informaci\u00f3n sobre solicitudes y proyectos:<\/p>\t\t\t\t\t\t\t\t<\/div>\n\t\t\t\t<\/div>\n\t\t\t\t<div class=\"elementor-element elementor-element-1b01202 elementor-widget elementor-widget-text-editor\" data-id=\"1b01202\" data-element_type=\"widget\" data-widget_type=\"text-editor.default\">\n\t\t\t\t<div class=\"elementor-widget-container\">\n\t\t\t\t\t\t\t\t\t<p><a href=\"https:\/\/www.esinvesticijos.lt\/lt\/finansavimas\/paraiskos_ir_projektai\/lanksti-ultragarsine-medziagos-terminio-sujungimo-technologija-automatiniam-neaustines-medziagos-maiseliu-gamybos-procesui-pet-rpet-go\" target=\"_blank\" rel=\"noopener\">Sitio web de financiaci\u00f3n de la UE<\/a><\/p>\t\t\t\t\t\t\t\t<\/div>\n\t\t\t\t<\/div>\n\t\t\t\t<\/div>\n\t\t\t\t\t<\/div>\n\t\t\t\t<\/div>\n\t\t\t\t<\/div>\n\t\t","protected":false},"excerpt":{"rendered":"<p>Implementaci\u00f3n del proyecto \u201cTecnolog\u00eda flexible de uni\u00f3n t\u00e9rmica por ultrasonidos para el proceso autom\u00e1tico de fabricaci\u00f3n de bolsas no tejidas (PET-RPET GO)\u201d [&hellip;]<\/p>\n","protected":false},"author":8,"featured_media":201247,"parent":202945,"menu_order":0,"comment_status":"closed","ping_status":"closed","template":"elementor_header_footer","meta":{"_acf_changed":false,"footnotes":""},"class_list":["post-201234","page","type-page","status-publish","has-post-thumbnail","hentry"],"acf":[],"_links":{"self":[{"href":"https:\/\/bagfactory.eu\/es\/wp-json\/wp\/v2\/pages\/201234","targetHints":{"allow":["GET"]}}],"collection":[{"href":"https:\/\/bagfactory.eu\/es\/wp-json\/wp\/v2\/pages"}],"about":[{"href":"https:\/\/bagfactory.eu\/es\/wp-json\/wp\/v2\/types\/page"}],"author":[{"embeddable":true,"href":"https:\/\/bagfactory.eu\/es\/wp-json\/wp\/v2\/users\/8"}],"replies":[{"embeddable":true,"href":"https:\/\/bagfactory.eu\/es\/wp-json\/wp\/v2\/comments?post=201234"}],"version-history":[{"count":1,"href":"https:\/\/bagfactory.eu\/es\/wp-json\/wp\/v2\/pages\/201234\/revisions"}],"predecessor-version":[{"id":201248,"href":"https:\/\/bagfactory.eu\/es\/wp-json\/wp\/v2\/pages\/201234\/revisions\/201248"}],"up":[{"embeddable":true,"href":"https:\/\/bagfactory.eu\/es\/wp-json\/wp\/v2\/pages\/202945"}],"wp:featuredmedia":[{"embeddable":true,"href":"https:\/\/bagfactory.eu\/es\/wp-json\/wp\/v2\/media\/201247"}],"wp:attachment":[{"href":"https:\/\/bagfactory.eu\/es\/wp-json\/wp\/v2\/media?parent=201234"}],"curies":[{"name":"wp","href":"https:\/\/api.w.org\/{rel}","templated":true}]}}