{"id":201305,"date":"2021-05-31T20:26:25","date_gmt":"2021-05-31T18:26:25","guid":{"rendered":"https:\/\/bagfactory.eu\/products\/"},"modified":"2025-12-18T09:54:06","modified_gmt":"2025-12-18T07:54:06","slug":"products","status":"publish","type":"page","link":"https:\/\/bagfactory.eu\/es\/products\/","title":{"rendered":"Products"},"content":{"rendered":"\t\t<div data-elementor-type=\"wp-page\" data-elementor-id=\"201305\" class=\"elementor elementor-201305 elementor-15813\" data-elementor-settings=\"{&quot;element_pack_global_tooltip_width&quot;:{&quot;unit&quot;:&quot;px&quot;,&quot;size&quot;:&quot;&quot;,&quot;sizes&quot;:[]},&quot;element_pack_global_tooltip_width_tablet&quot;:{&quot;unit&quot;:&quot;px&quot;,&quot;size&quot;:&quot;&quot;,&quot;sizes&quot;:[]},&quot;element_pack_global_tooltip_width_mobile&quot;:{&quot;unit&quot;:&quot;px&quot;,&quot;size&quot;:&quot;&quot;,&quot;sizes&quot;:[]},&quot;element_pack_global_tooltip_padding&quot;:{&quot;unit&quot;:&quot;px&quot;,&quot;top&quot;:&quot;&quot;,&quot;right&quot;:&quot;&quot;,&quot;bottom&quot;:&quot;&quot;,&quot;left&quot;:&quot;&quot;,&quot;isLinked&quot;:true},&quot;element_pack_global_tooltip_padding_tablet&quot;:{&quot;unit&quot;:&quot;px&quot;,&quot;top&quot;:&quot;&quot;,&quot;right&quot;:&quot;&quot;,&quot;bottom&quot;:&quot;&quot;,&quot;left&quot;:&quot;&quot;,&quot;isLinked&quot;:true},&quot;element_pack_global_tooltip_padding_mobile&quot;:{&quot;unit&quot;:&quot;px&quot;,&quot;top&quot;:&quot;&quot;,&quot;right&quot;:&quot;&quot;,&quot;bottom&quot;:&quot;&quot;,&quot;left&quot;:&quot;&quot;,&quot;isLinked&quot;:true},&quot;element_pack_global_tooltip_border_radius&quot;:{&quot;unit&quot;:&quot;px&quot;,&quot;top&quot;:&quot;&quot;,&quot;right&quot;:&quot;&quot;,&quot;bottom&quot;:&quot;&quot;,&quot;left&quot;:&quot;&quot;,&quot;isLinked&quot;:true},&quot;element_pack_global_tooltip_border_radius_tablet&quot;:{&quot;unit&quot;:&quot;px&quot;,&quot;top&quot;:&quot;&quot;,&quot;right&quot;:&quot;&quot;,&quot;bottom&quot;:&quot;&quot;,&quot;left&quot;:&quot;&quot;,&quot;isLinked&quot;:true},&quot;element_pack_global_tooltip_border_radius_mobile&quot;:{&quot;unit&quot;:&quot;px&quot;,&quot;top&quot;:&quot;&quot;,&quot;right&quot;:&quot;&quot;,&quot;bottom&quot;:&quot;&quot;,&quot;left&quot;:&quot;&quot;,&quot;isLinked&quot;:true}}\" data-elementor-post-type=\"page\">\n\t\t\t\t<div class=\"has_eae_slider elementor-element elementor-element-2996cef e-con-full e-flex e-con e-parent\" data-eae-slider=\"75896\" data-id=\"2996cef\" data-element_type=\"container\">\n\t\t<div class=\"has_eae_slider elementor-element elementor-element-baa6b5d e-con-full e-flex e-con e-child\" data-eae-slider=\"15910\" data-id=\"baa6b5d\" data-element_type=\"container\">\n\t\t\t\t<div class=\"elementor-element elementor-element-cef7ed4 elementor-widget elementor-widget-heading\" data-id=\"cef7ed4\" data-element_type=\"widget\" data-widget_type=\"heading.default\">\n\t\t\t\t<div class=\"elementor-widget-container\">\n\t\t\t\t\t<h2 class=\"elementor-heading-title elementor-size-default\">Bolsas eco-textiles y de papel fabricadas a m\u00e1quina<\/h2>\t\t\t\t<\/div>\n\t\t\t\t<\/div>\n\t\t\t\t<\/div>\n\t\t<div class=\"has_eae_slider elementor-element elementor-element-bf8866d e-con-full e-flex e-con e-child\" data-eae-slider=\"5216\" data-id=\"bf8866d\" data-element_type=\"container\">\n\t\t\t\t<div class=\"elementor-element elementor-element-081aaa9 elementor-widget elementor-widget-text-editor\" data-id=\"081aaa9\" data-element_type=\"widget\" data-widget_type=\"text-editor.default\">\n\t\t\t\t<div class=\"elementor-widget-container\">\n\t\t\t\t\t\t\t\t\t<p class=\"p1\">En Bagfactory nos apasiona proporcionar a nuestros clientes bolsas ecol\u00f3gicas y de calidad para sus productos.<\/p><p class=\"p1\">Ofrecemos tanto bolsas eco-textiles fabricadas a m\u00e1quina como bolsas de papel producidas a m\u00e1quina para satisfacer las necesidades de su negocio.<\/p><p class=\"p1\">Nuestra experiencia y conocimientos abarcan una amplia gama de sectores, desde supermercados hasta la industria de la moda.<\/p><p class=\"p1\">Llevamos muchos a\u00f1os creando alternativas ecol\u00f3gicas de calidad a los pl\u00e1sticos de un solo uso.<\/p><p class=\"p1\">Haga clic en los productos a continuaci\u00f3n para obtener m\u00e1s informaci\u00f3n sobre nuestras bolsas: desde los tama\u00f1os y colores disponibles hasta las formas en que imprimimos su marca en nuestras bolsas ecol\u00f3gicas.<\/p>\t\t\t\t\t\t\t\t<\/div>\n\t\t\t\t<\/div>\n\t\t\t\t<\/div>\n\t\t\t\t<\/div>\n\t\t\t\t<section class=\"has_eae_slider elementor-section elementor-top-section elementor-element elementor-element-d4e27ca pix-scale-in-sm elementor-section-full_width elementor-section-height-default elementor-section-height-default\" data-eae-slider=\"2561\" data-id=\"d4e27ca\" data-element_type=\"section\">\n\t\t\t\t\t\t<div class=\"elementor-container elementor-column-gap-default\">\n\t\t\t\t\t<div data-wts-url=\"https:\/\/lang.bagfactory.eu\/products\/machine-made-eco-textile-bags\/\" data-wts-link=\"yes\" data-wts-new-window=\"\" class=\"has_eae_slider elementor-column elementor-col-50 elementor-top-column elementor-element elementor-element-65ca096 ae-link-yes\" data-eae-slider=\"28551\" data-id=\"65ca096\" data-element_type=\"column\">\n\t\t\t<div class=\"elementor-widget-wrap elementor-element-populated\">\n\t\t\t\t\t\t<section class=\"has_eae_slider elementor-section elementor-inner-section elementor-element elementor-element-6fa99bb elementor-section-height-min-height elementor-section-boxed elementor-section-height-default\" data-eae-slider=\"11677\" data-id=\"6fa99bb\" data-element_type=\"section\">\n\t\t\t\t\t\t<div class=\"elementor-container elementor-column-gap-default\">\n\t\t\t\t\t<div class=\"has_eae_slider elementor-column elementor-col-100 elementor-inner-column elementor-element elementor-element-af69514\" data-eae-slider=\"66064\" data-id=\"af69514\" data-element_type=\"column\">\n\t\t\t<div class=\"elementor-widget-wrap elementor-element-populated\">\n\t\t\t\t\t\t<div class=\"elementor-element elementor-element-3bac1ff elementor-widget elementor-widget-image\" data-id=\"3bac1ff\" data-element_type=\"widget\" data-widget_type=\"image.default\">\n\t\t\t\t<div class=\"elementor-widget-container\">\n\t\t\t\t\t\t\t\t\t\t\t\t\t\t\t<img fetchpriority=\"high\" decoding=\"async\" width=\"599\" height=\"541\" src=\"https:\/\/bagfactory.eu\/wp-content\/uploads\/2022\/01\/Lidl-Bag-Watermarked-3.png\" class=\"attachment-full size-full wp-image-201318\" alt=\"eco textile bags for customers\" srcset=\"https:\/\/bagfactory.eu\/wp-content\/uploads\/2022\/01\/Lidl-Bag-Watermarked-3.png 599w, https:\/\/bagfactory.eu\/wp-content\/uploads\/2022\/01\/Lidl-Bag-Watermarked-3-300x271.png 300w\" sizes=\"(max-width: 599px) 100vw, 599px\" \/>\t\t\t\t\t\t\t\t\t\t\t\t\t\t\t<\/div>\n\t\t\t\t<\/div>\n\t\t\t\t\t<\/div>\n\t\t<\/div>\n\t\t\t\t\t<\/div>\n\t\t<\/section>\n\t\t\t\t<section class=\"has_eae_slider elementor-section elementor-inner-section elementor-element elementor-element-efaf00f elementor-section-height-min-height elementor-section-content-bottom elementor-section-boxed elementor-section-height-default\" data-eae-slider=\"96276\" data-id=\"efaf00f\" data-element_type=\"section\" data-settings=\"{&quot;background_background&quot;:&quot;classic&quot;}\">\n\t\t\t\t\t\t<div class=\"elementor-container elementor-column-gap-default\">\n\t\t\t\t\t<div class=\"has_eae_slider elementor-column elementor-col-50 elementor-inner-column elementor-element elementor-element-bbdf6ad\" data-eae-slider=\"40331\" data-id=\"bbdf6ad\" data-element_type=\"column\">\n\t\t\t<div class=\"elementor-widget-wrap elementor-element-populated\">\n\t\t\t\t\t\t<div class=\"elementor-element elementor-element-f0e2b94 elementor-widget elementor-widget-heading\" data-id=\"f0e2b94\" data-element_type=\"widget\" data-widget_type=\"heading.default\">\n\t\t\t\t<div class=\"elementor-widget-container\">\n\t\t\t\t\t<h2 class=\"elementor-heading-title elementor-size-default\">Fabricadas a m\u00e1quina<\/h2>\t\t\t\t<\/div>\n\t\t\t\t<\/div>\n\t\t\t\t<div class=\"elementor-element elementor-element-07f28a9 elementor-widget elementor-widget-heading\" data-id=\"07f28a9\" data-element_type=\"widget\" data-widget_type=\"heading.default\">\n\t\t\t\t<div class=\"elementor-widget-container\">\n\t\t\t\t\t<h2 class=\"elementor-heading-title elementor-size-default\">Bolsas eco-textiles<\/h2>\t\t\t\t<\/div>\n\t\t\t\t<\/div>\n\t\t\t\t\t<\/div>\n\t\t<\/div>\n\t\t\t\t<div class=\"has_eae_slider elementor-column elementor-col-50 elementor-inner-column elementor-element elementor-element-b3e78a8\" data-eae-slider=\"30791\" data-id=\"b3e78a8\" data-element_type=\"column\">\n\t\t\t<div class=\"elementor-widget-wrap elementor-element-populated\">\n\t\t\t\t\t\t<div class=\"elementor-element elementor-element-fd8f989 elementor-widget elementor-widget-image\" data-id=\"fd8f989\" data-element_type=\"widget\" data-widget_type=\"image.default\">\n\t\t\t\t<div class=\"elementor-widget-container\">\n\t\t\t\t\t\t\t\t\t\t\t\t\t\t\t<img decoding=\"async\" width=\"52\" height=\"26\" src=\"https:\/\/bagfactory.eu\/wp-content\/uploads\/2021\/05\/Path-552_2x.png\" class=\"attachment-full size-full wp-image-201501\" alt=\"personalised paper carrier bags\" \/>\t\t\t\t\t\t\t\t\t\t\t\t\t\t\t<\/div>\n\t\t\t\t<\/div>\n\t\t\t\t\t<\/div>\n\t\t<\/div>\n\t\t\t\t\t<\/div>\n\t\t<\/section>\n\t\t\t\t\t<\/div>\n\t\t<\/div>\n\t\t\t\t<div data-wts-url=\"https:\/\/lang.bagfactory.eu\/products\/machine-made-paper-bags\/\" data-wts-link=\"yes\" data-wts-new-window=\"\" class=\"has_eae_slider elementor-column elementor-col-50 elementor-top-column elementor-element elementor-element-4129021 ae-link-yes\" data-eae-slider=\"18167\" data-id=\"4129021\" data-element_type=\"column\">\n\t\t\t<div class=\"elementor-widget-wrap elementor-element-populated\">\n\t\t\t\t\t\t<section class=\"has_eae_slider elementor-section elementor-inner-section elementor-element elementor-element-fce0228 elementor-section-height-min-height elementor-section-boxed elementor-section-height-default\" data-eae-slider=\"91403\" data-id=\"fce0228\" data-element_type=\"section\">\n\t\t\t\t\t\t<div class=\"elementor-container elementor-column-gap-default\">\n\t\t\t\t\t<div class=\"has_eae_slider elementor-column elementor-col-100 elementor-inner-column elementor-element elementor-element-d42a278\" data-eae-slider=\"38404\" data-id=\"d42a278\" data-element_type=\"column\">\n\t\t\t<div class=\"elementor-widget-wrap elementor-element-populated\">\n\t\t\t\t\t\t<div class=\"elementor-element elementor-element-1fe8ccd elementor-widget elementor-widget-image\" data-id=\"1fe8ccd\" data-element_type=\"widget\" data-widget_type=\"image.default\">\n\t\t\t\t<div class=\"elementor-widget-container\">\n\t\t\t\t\t\t\t\t\t\t\t\t\t\t\t<img decoding=\"async\" width=\"599\" height=\"541\" src=\"https:\/\/bagfactory.eu\/wp-content\/uploads\/2022\/01\/Coop-Bag-Watermarked-4.png\" class=\"attachment-full size-full wp-image-201317\" alt=\"kraft bags for customers\" srcset=\"https:\/\/bagfactory.eu\/wp-content\/uploads\/2022\/01\/Coop-Bag-Watermarked-4.png 599w, https:\/\/bagfactory.eu\/wp-content\/uploads\/2022\/01\/Coop-Bag-Watermarked-4-300x271.png 300w\" sizes=\"(max-width: 599px) 100vw, 599px\" \/>\t\t\t\t\t\t\t\t\t\t\t\t\t\t\t<\/div>\n\t\t\t\t<\/div>\n\t\t\t\t\t<\/div>\n\t\t<\/div>\n\t\t\t\t\t<\/div>\n\t\t<\/section>\n\t\t\t\t<section class=\"has_eae_slider elementor-section elementor-inner-section elementor-element elementor-element-6cd3d74 elementor-section-height-min-height elementor-section-content-bottom elementor-section-boxed elementor-section-height-default\" data-eae-slider=\"93678\" data-id=\"6cd3d74\" data-element_type=\"section\" data-settings=\"{&quot;background_background&quot;:&quot;classic&quot;}\">\n\t\t\t\t\t\t<div class=\"elementor-container elementor-column-gap-default\">\n\t\t\t\t\t<div class=\"has_eae_slider elementor-column elementor-col-50 elementor-inner-column elementor-element elementor-element-fe313b1\" data-eae-slider=\"85979\" data-id=\"fe313b1\" data-element_type=\"column\">\n\t\t\t<div class=\"elementor-widget-wrap elementor-element-populated\">\n\t\t\t\t\t\t<div class=\"elementor-element elementor-element-89bac43 elementor-widget elementor-widget-heading\" data-id=\"89bac43\" data-element_type=\"widget\" data-widget_type=\"heading.default\">\n\t\t\t\t<div class=\"elementor-widget-container\">\n\t\t\t\t\t<h2 class=\"elementor-heading-title elementor-size-default\">Fabricadas a m\u00e1quina<\/h2>\t\t\t\t<\/div>\n\t\t\t\t<\/div>\n\t\t\t\t<div class=\"elementor-element elementor-element-25fe16a elementor-widget elementor-widget-heading\" data-id=\"25fe16a\" data-element_type=\"widget\" data-widget_type=\"heading.default\">\n\t\t\t\t<div class=\"elementor-widget-container\">\n\t\t\t\t\t<h2 class=\"elementor-heading-title elementor-size-default\">Bolsas de papel<\/h2>\t\t\t\t<\/div>\n\t\t\t\t<\/div>\n\t\t\t\t\t<\/div>\n\t\t<\/div>\n\t\t\t\t<div class=\"has_eae_slider elementor-column elementor-col-50 elementor-inner-column elementor-element elementor-element-17a31b7\" data-eae-slider=\"94767\" data-id=\"17a31b7\" data-element_type=\"column\">\n\t\t\t<div class=\"elementor-widget-wrap elementor-element-populated\">\n\t\t\t\t\t\t<div class=\"elementor-element elementor-element-2173c42 elementor-widget elementor-widget-image\" data-id=\"2173c42\" data-element_type=\"widget\" data-widget_type=\"image.default\">\n\t\t\t\t<div class=\"elementor-widget-container\">\n\t\t\t\t\t\t\t\t\t\t\t\t\t\t\t<img loading=\"lazy\" decoding=\"async\" width=\"52\" height=\"26\" src=\"https:\/\/bagfactory.eu\/wp-content\/uploads\/2021\/05\/Path-552_2x.png\" class=\"attachment-large size-large wp-image-201501\" alt=\"personalised paper carrier bags\" \/>\t\t\t\t\t\t\t\t\t\t\t\t\t\t\t<\/div>\n\t\t\t\t<\/div>\n\t\t\t\t\t<\/div>\n\t\t<\/div>\n\t\t\t\t\t<\/div>\n\t\t<\/section>\n\t\t\t\t\t<\/div>\n\t\t<\/div>\n\t\t\t\t\t<\/div>\n\t\t<\/section>\n\t\t\t\t<\/div>\n\t\t","protected":false},"excerpt":{"rendered":"<p>Bolsas eco-textiles y de papel fabricadas a m\u00e1quina En Bagfactory nos apasiona proporcionar a nuestros clientes bolsas ecol\u00f3gicas y de calidad para [&hellip;]<\/p>\n","protected":false},"author":8,"featured_media":201319,"parent":0,"menu_order":0,"comment_status":"closed","ping_status":"closed","template":"elementor_header_footer","meta":{"_acf_changed":false,"footnotes":""},"class_list":["post-201305","page","type-page","status-publish","has-post-thumbnail","hentry"],"acf":[],"_links":{"self":[{"href":"https:\/\/bagfactory.eu\/es\/wp-json\/wp\/v2\/pages\/201305","targetHints":{"allow":["GET"]}}],"collection":[{"href":"https:\/\/bagfactory.eu\/es\/wp-json\/wp\/v2\/pages"}],"about":[{"href":"https:\/\/bagfactory.eu\/es\/wp-json\/wp\/v2\/types\/page"}],"author":[{"embeddable":true,"href":"https:\/\/bagfactory.eu\/es\/wp-json\/wp\/v2\/users\/8"}],"replies":[{"embeddable":true,"href":"https:\/\/bagfactory.eu\/es\/wp-json\/wp\/v2\/comments?post=201305"}],"version-history":[{"count":3,"href":"https:\/\/bagfactory.eu\/es\/wp-json\/wp\/v2\/pages\/201305\/revisions"}],"predecessor-version":[{"id":203952,"href":"https:\/\/bagfactory.eu\/es\/wp-json\/wp\/v2\/pages\/201305\/revisions\/203952"}],"wp:featuredmedia":[{"embeddable":true,"href":"https:\/\/bagfactory.eu\/es\/wp-json\/wp\/v2\/media\/201319"}],"wp:attachment":[{"href":"https:\/\/bagfactory.eu\/es\/wp-json\/wp\/v2\/media?parent=201305"}],"curies":[{"name":"wp","href":"https:\/\/api.w.org\/{rel}","templated":true}]}}