{"id":202074,"date":"2021-06-13T21:44:44","date_gmt":"2021-06-13T19:44:44","guid":{"rendered":"https:\/\/bagfactory.eu\/cookies-policy\/"},"modified":"2025-12-18T09:54:06","modified_gmt":"2025-12-18T07:54:06","slug":"cookies-policy","status":"publish","type":"page","link":"https:\/\/bagfactory.eu\/es\/cookies-policy\/","title":{"rendered":"Cookies Policy"},"content":{"rendered":"\t\t<div data-elementor-type=\"wp-page\" data-elementor-id=\"202074\" class=\"elementor elementor-202074 elementor-17938\" data-elementor-settings=\"{&quot;element_pack_global_tooltip_width&quot;:{&quot;unit&quot;:&quot;px&quot;,&quot;size&quot;:&quot;&quot;,&quot;sizes&quot;:[]},&quot;element_pack_global_tooltip_width_tablet&quot;:{&quot;unit&quot;:&quot;px&quot;,&quot;size&quot;:&quot;&quot;,&quot;sizes&quot;:[]},&quot;element_pack_global_tooltip_width_mobile&quot;:{&quot;unit&quot;:&quot;px&quot;,&quot;size&quot;:&quot;&quot;,&quot;sizes&quot;:[]},&quot;element_pack_global_tooltip_padding&quot;:{&quot;unit&quot;:&quot;px&quot;,&quot;top&quot;:&quot;&quot;,&quot;right&quot;:&quot;&quot;,&quot;bottom&quot;:&quot;&quot;,&quot;left&quot;:&quot;&quot;,&quot;isLinked&quot;:true},&quot;element_pack_global_tooltip_padding_tablet&quot;:{&quot;unit&quot;:&quot;px&quot;,&quot;top&quot;:&quot;&quot;,&quot;right&quot;:&quot;&quot;,&quot;bottom&quot;:&quot;&quot;,&quot;left&quot;:&quot;&quot;,&quot;isLinked&quot;:true},&quot;element_pack_global_tooltip_padding_mobile&quot;:{&quot;unit&quot;:&quot;px&quot;,&quot;top&quot;:&quot;&quot;,&quot;right&quot;:&quot;&quot;,&quot;bottom&quot;:&quot;&quot;,&quot;left&quot;:&quot;&quot;,&quot;isLinked&quot;:true},&quot;element_pack_global_tooltip_border_radius&quot;:{&quot;unit&quot;:&quot;px&quot;,&quot;top&quot;:&quot;&quot;,&quot;right&quot;:&quot;&quot;,&quot;bottom&quot;:&quot;&quot;,&quot;left&quot;:&quot;&quot;,&quot;isLinked&quot;:true},&quot;element_pack_global_tooltip_border_radius_tablet&quot;:{&quot;unit&quot;:&quot;px&quot;,&quot;top&quot;:&quot;&quot;,&quot;right&quot;:&quot;&quot;,&quot;bottom&quot;:&quot;&quot;,&quot;left&quot;:&quot;&quot;,&quot;isLinked&quot;:true},&quot;element_pack_global_tooltip_border_radius_mobile&quot;:{&quot;unit&quot;:&quot;px&quot;,&quot;top&quot;:&quot;&quot;,&quot;right&quot;:&quot;&quot;,&quot;bottom&quot;:&quot;&quot;,&quot;left&quot;:&quot;&quot;,&quot;isLinked&quot;:true}}\" data-elementor-post-type=\"page\">\n\t\t\t\t\t\t<section class=\"has_eae_slider elementor-section elementor-top-section elementor-element elementor-element-1d19704 elementor-section-height-min-height elementor-section-items-bottom elementor-section-full_width elementor-section-height-default\" data-eae-slider=\"74808\" data-id=\"1d19704\" data-element_type=\"section\" data-settings=\"{&quot;background_background&quot;:&quot;classic&quot;}\">\n\t\t\t\t\t\t<div class=\"elementor-container elementor-column-gap-default\">\n\t\t\t\t\t<div class=\"has_eae_slider elementor-column elementor-col-100 elementor-top-column elementor-element elementor-element-53f7e47\" data-eae-slider=\"96323\" data-id=\"53f7e47\" data-element_type=\"column\">\n\t\t\t<div class=\"elementor-widget-wrap elementor-element-populated\">\n\t\t\t\t\t\t<div class=\"elementor-element elementor-element-9e1895a elementor-widget elementor-widget-heading\" data-id=\"9e1895a\" data-element_type=\"widget\" data-widget_type=\"heading.default\">\n\t\t\t\t<div class=\"elementor-widget-container\">\n\t\t\t\t\t<h2 class=\"elementor-heading-title elementor-size-default\">Pol\u00edtica de Cookies<\/h2>\t\t\t\t<\/div>\n\t\t\t\t<\/div>\n\t\t\t\t\t<\/div>\n\t\t<\/div>\n\t\t\t\t\t<\/div>\n\t\t<\/section>\n\t\t\t\t<section class=\"has_eae_slider elementor-section elementor-top-section elementor-element elementor-element-0353795 elementor-section-full_width elementor-section-height-default elementor-section-height-default\" data-eae-slider=\"37981\" data-id=\"0353795\" data-element_type=\"section\">\n\t\t\t\t\t\t<div class=\"elementor-container elementor-column-gap-default\">\n\t\t\t\t\t<div class=\"has_eae_slider elementor-column elementor-col-100 elementor-top-column elementor-element elementor-element-522bfab\" data-eae-slider=\"6506\" data-id=\"522bfab\" data-element_type=\"column\">\n\t\t\t<div class=\"elementor-widget-wrap elementor-element-populated\">\n\t\t\t\t\t\t<div class=\"elementor-element elementor-element-1e4a8ae elementor-widget elementor-widget-text-editor\" data-id=\"1e4a8ae\" data-element_type=\"widget\" data-widget_type=\"text-editor.default\">\n\t\t\t\t<div class=\"elementor-widget-container\">\n\t\t\t\t\t\t\t\t\t<p><strong>POL\u00cdTICA DE PRIVACIDAD Y COOKIES<\/strong><\/p><p>Al utilizar este sitio web, usted da su consentimiento para que la empresa UAB &#8220;BAGFACTORY&#8221;, 302842562, recopile y utilice sus datos personales seg\u00fan lo definido en esta Pol\u00edtica de privacidad y cookies. UAB &#8220;BAGFACTORY&#8221; utiliza la informaci\u00f3n que usted proporciona al registrarse, realizar pedidos o enviarnos solicitudes, incluyendo: nombre, apellido, persona de contacto, n\u00famero, correo electr\u00f3nico u otros datos de contacto (en conjunto \u2013 Datos Personales) para gestionar correctamente sus pedidos y consultas.<\/p><p><u>Uso de cookies en nuestra p\u00e1gina web: <\/u><\/p><p><span style=\"text-decoration: underline;\">Cookies anal\u00edticas:<\/span><br \/>Las cookies anal\u00edticas se utilizan para comprender c\u00f3mo interact\u00faan los visitantes con el sitio web. Estas cookies proporcionan informaci\u00f3n sobre m\u00e9tricas como n\u00famero de visitantes, tasa de rebote, origen del tr\u00e1fico, etc.<\/p><p>[cookie_audit category=&#8221;analytics&#8221; style=&#8221;winter&#8221; columns=&#8221;cookie,duration,description&#8221;]<\/p><p><span style=\"text-decoration: underline;\">Cookies necesarias:<\/span><br \/>Las cookies necesarias son absolutamente esenciales para que el sitio web funcione correctamente. Estas cookies garantizan funcionalidades b\u00e1sicas y caracter\u00edsticas de seguridad del sitio web, de forma an\u00f3nima.<\/p><p>[cookie_audit category=&#8221;necessary&#8221; style=&#8221;winter&#8221; columns=&#8221;cookie,duration,description&#8221;]<\/p><p><strong>Disposiciones generales<\/strong><\/p><p>UAB &#8220;BAGFACTORY&#8221; bajo ninguna circunstancia vende o transmite sus Datos Personales a terceros sin su permiso expreso. Ning\u00fan tercero puede ofrecerle bienes o servicios a trav\u00e9s de los sistemas electr\u00f3nicos de UAB &#8220;BAGFACTORY&#8221;. UAB &#8220;BAGFACTORY&#8221; no utilizar\u00e1 sus Datos Personales para fines de marketing directo. Si UAB &#8220;BAGFACTORY&#8221; llegara a utilizarlos para marketing directo, usted siempre deber\u00eda aceptarlo y tendr\u00eda la opci\u00f3n de cancelarlo.<\/p><p><u>UAB &#8220;BAGFACTORY&#8221; sigue estos principios b\u00e1sicos de procesamiento de datos personales:<\/u><\/p><ol><li>Los datos personales se recopilan para fines espec\u00edficos y leg\u00edtimos;<\/li><li>Los datos personales son procesados con precisi\u00f3n y de manera justa;<\/li><li>Los datos personales se procesan legalmente;<\/li><li>Toda la informaci\u00f3n sobre datos personales procesados es confidencial;<\/li><\/ol><p>Gestionando y protegiendo sus datos personales, UAB &#8220;BAGFACTORY&#8221; implementa medidas organizativas y t\u00e9cnicas que aseguran la protecci\u00f3n de los datos personales contra destrucci\u00f3n accidental o ilegal, alteraci\u00f3n, divulgaci\u00f3n, as\u00ed como cualquier otro manejo ilegal. Los datos personales se procesan de acuerdo con el Reglamento (UE) 2016\/679 del Parlamento Europeo y del Consejo del 27 de abril de 2016.<\/p><p><u>Los datos personales se recopilan y procesan para los siguientes fines:<\/u><\/p><ol><li>Procesar sus consultas;<\/li><li>Para fines de marketing directo, solo con su consentimiento, ofreciendo siempre la opci\u00f3n de rechazarlo o cancelarlo.<\/li><\/ol><p><strong>Derechos personales<\/strong><\/p><p><u>Al permitir la gesti\u00f3n de sus datos personales, usted tiene derecho a:<\/u><\/p><ol><li>Solicitar correcci\u00f3n, eliminaci\u00f3n o suspensi\u00f3n del procesamiento de sus datos personales cuando estos se procesen en incumplimiento de esta u otras leyes;<\/li><li>No estar de acuerdo con el procesamiento de sus datos personales;<\/li><li>UAB &#8220;BAGFACTORY&#8221;, tras recibir su solicitud de procesamiento de datos personales, le proporcionar\u00e1 una respuesta dentro de 30 d\u00edas calendario. Solo se consideran solicitudes enviadas por correo electr\u00f3nico a gvidas@bagfactory.eu;<\/li><li>Los miembros \/ clientes de UAB &#8220;BAGFACTORY&#8221; tienen derecho a solicitar la transferencia o eliminaci\u00f3n de informaci\u00f3n relacionada con su historial de pagos y la informaci\u00f3n que hayan proporcionado. Dichas solicitudes ser\u00e1n procesadas dentro de 30 d\u00edas desde su recepci\u00f3n en el correo electr\u00f3nico gvidas@bagfactory.eu.<\/li><\/ol><p><strong>Disposiciones finales<\/strong><\/p><p>Los cambios sustanciales en esta Pol\u00edtica de privacidad y cookies se enviar\u00e1n a los miembros por correo electr\u00f3nico. UAB &#8220;BAGFACTORY&#8221; puede cambiar esta Pol\u00edtica sin previo aviso. Si tiene preguntas, puede contactarnos en cualquier momento en: gvidas@bagfactory.eu.<\/p><p>La fecha de la \u00faltima actualizaci\u00f3n de este documento es 2020-05-26.<\/p>\t\t\t\t\t\t\t\t<\/div>\n\t\t\t\t<\/div>\n\t\t\t\t\t<\/div>\n\t\t<\/div>\n\t\t\t\t\t<\/div>\n\t\t<\/section>\n\t\t\t\t<\/div>\n\t\t","protected":false},"excerpt":{"rendered":"<p>Pol\u00edtica de Cookies POL\u00cdTICA DE PRIVACIDAD Y COOKIES Al utilizar este sitio web, usted da su consentimiento para que la empresa UAB [&hellip;]<\/p>\n","protected":false},"author":8,"featured_media":0,"parent":0,"menu_order":0,"comment_status":"closed","ping_status":"closed","template":"elementor_header_footer","meta":{"_acf_changed":false,"footnotes":""},"class_list":["post-202074","page","type-page","status-publish","hentry"],"acf":[],"_links":{"self":[{"href":"https:\/\/bagfactory.eu\/es\/wp-json\/wp\/v2\/pages\/202074","targetHints":{"allow":["GET"]}}],"collection":[{"href":"https:\/\/bagfactory.eu\/es\/wp-json\/wp\/v2\/pages"}],"about":[{"href":"https:\/\/bagfactory.eu\/es\/wp-json\/wp\/v2\/types\/page"}],"author":[{"embeddable":true,"href":"https:\/\/bagfactory.eu\/es\/wp-json\/wp\/v2\/users\/8"}],"replies":[{"embeddable":true,"href":"https:\/\/bagfactory.eu\/es\/wp-json\/wp\/v2\/comments?post=202074"}],"version-history":[{"count":1,"href":"https:\/\/bagfactory.eu\/es\/wp-json\/wp\/v2\/pages\/202074\/revisions"}],"predecessor-version":[{"id":202076,"href":"https:\/\/bagfactory.eu\/es\/wp-json\/wp\/v2\/pages\/202074\/revisions\/202076"}],"wp:attachment":[{"href":"https:\/\/bagfactory.eu\/es\/wp-json\/wp\/v2\/media?parent=202074"}],"curies":[{"name":"wp","href":"https:\/\/api.w.org\/{rel}","templated":true}]}}