{"id":202077,"date":"2021-06-11T18:11:47","date_gmt":"2021-06-11T16:11:47","guid":{"rendered":"https:\/\/bagfactory.eu\/non-woven-products-for-covid-19\/"},"modified":"2025-12-18T09:54:06","modified_gmt":"2025-12-18T07:54:06","slug":"non-woven-products-for-covid-19","status":"publish","type":"page","link":"https:\/\/bagfactory.eu\/es\/eu-funding\/non-woven-products-for-covid-19\/","title":{"rendered":"Non-Woven products for COVID-19"},"content":{"rendered":"\t\t<div data-elementor-type=\"wp-page\" data-elementor-id=\"202077\" class=\"elementor elementor-202077 elementor-16873\" data-elementor-settings=\"{&quot;element_pack_global_tooltip_width&quot;:{&quot;unit&quot;:&quot;px&quot;,&quot;size&quot;:&quot;&quot;,&quot;sizes&quot;:[]},&quot;element_pack_global_tooltip_width_tablet&quot;:{&quot;unit&quot;:&quot;px&quot;,&quot;size&quot;:&quot;&quot;,&quot;sizes&quot;:[]},&quot;element_pack_global_tooltip_width_mobile&quot;:{&quot;unit&quot;:&quot;px&quot;,&quot;size&quot;:&quot;&quot;,&quot;sizes&quot;:[]},&quot;element_pack_global_tooltip_padding&quot;:{&quot;unit&quot;:&quot;px&quot;,&quot;top&quot;:&quot;&quot;,&quot;right&quot;:&quot;&quot;,&quot;bottom&quot;:&quot;&quot;,&quot;left&quot;:&quot;&quot;,&quot;isLinked&quot;:true},&quot;element_pack_global_tooltip_padding_tablet&quot;:{&quot;unit&quot;:&quot;px&quot;,&quot;top&quot;:&quot;&quot;,&quot;right&quot;:&quot;&quot;,&quot;bottom&quot;:&quot;&quot;,&quot;left&quot;:&quot;&quot;,&quot;isLinked&quot;:true},&quot;element_pack_global_tooltip_padding_mobile&quot;:{&quot;unit&quot;:&quot;px&quot;,&quot;top&quot;:&quot;&quot;,&quot;right&quot;:&quot;&quot;,&quot;bottom&quot;:&quot;&quot;,&quot;left&quot;:&quot;&quot;,&quot;isLinked&quot;:true},&quot;element_pack_global_tooltip_border_radius&quot;:{&quot;unit&quot;:&quot;px&quot;,&quot;top&quot;:&quot;&quot;,&quot;right&quot;:&quot;&quot;,&quot;bottom&quot;:&quot;&quot;,&quot;left&quot;:&quot;&quot;,&quot;isLinked&quot;:true},&quot;element_pack_global_tooltip_border_radius_tablet&quot;:{&quot;unit&quot;:&quot;px&quot;,&quot;top&quot;:&quot;&quot;,&quot;right&quot;:&quot;&quot;,&quot;bottom&quot;:&quot;&quot;,&quot;left&quot;:&quot;&quot;,&quot;isLinked&quot;:true},&quot;element_pack_global_tooltip_border_radius_mobile&quot;:{&quot;unit&quot;:&quot;px&quot;,&quot;top&quot;:&quot;&quot;,&quot;right&quot;:&quot;&quot;,&quot;bottom&quot;:&quot;&quot;,&quot;left&quot;:&quot;&quot;,&quot;isLinked&quot;:true}}\" data-elementor-post-type=\"page\">\n\t\t\t\t<div class=\"has_eae_slider elementor-element elementor-element-d2c3912 e-con-full e-flex e-con e-parent\" data-eae-slider=\"4143\" data-id=\"d2c3912\" data-element_type=\"container\">\n\t\t<div class=\"has_eae_slider elementor-element elementor-element-607d7e8 e-con-full e-flex e-con e-child\" data-eae-slider=\"10758\" data-id=\"607d7e8\" data-element_type=\"container\">\n\t\t\t\t<div class=\"elementor-element elementor-element-59e73a8 elementor-widget elementor-widget-heading\" data-id=\"59e73a8\" data-element_type=\"widget\" data-widget_type=\"heading.default\">\n\t\t\t\t<div class=\"elementor-widget-container\">\n\t\t\t\t\t<h3 class=\"elementor-heading-title elementor-size-default\">Implementaci\u00f3n del proyecto <br>\"Inversi\u00f3n en la producci\u00f3n de productos no tejidos para combatir el COVID-19\"<\/h3>\t\t\t\t<\/div>\n\t\t\t\t<\/div>\n\t\t\t\t<div class=\"elementor-element elementor-element-97f2bc7 elementor-view-default elementor-widget elementor-widget-icon\" data-id=\"97f2bc7\" data-element_type=\"widget\" data-widget_type=\"icon.default\">\n\t\t\t\t<div class=\"elementor-widget-container\">\n\t\t\t\t\t\t\t<div class=\"elementor-icon-wrapper\">\n\t\t\t<div class=\"elementor-icon\">\n\t\t\t\t\t\t<\/div>\n\t\t<\/div>\n\t\t\t\t\t\t<\/div>\n\t\t\t\t<\/div>\n\t\t\t\t<\/div>\n\t\t<div class=\"has_eae_slider elementor-element elementor-element-8bca118 e-con-full e-flex e-con e-child\" data-eae-slider=\"27793\" data-id=\"8bca118\" data-element_type=\"container\">\n\t\t\t\t<div class=\"elementor-element elementor-element-e8bd0e7 elementor-widget elementor-widget-image\" data-id=\"e8bd0e7\" data-element_type=\"widget\" data-widget_type=\"image.default\">\n\t\t\t\t<div class=\"elementor-widget-container\">\n\t\t\t\t\t\t\t\t\t\t\t\t\t\t\t<img fetchpriority=\"high\" decoding=\"async\" width=\"768\" height=\"171\" src=\"https:\/\/bagfactory.eu\/wp-content\/uploads\/2021\/06\/LVPA-and-ES-Funding-e1623259003342-768x171.jpg\" class=\"attachment-medium_large size-medium_large wp-image-201235\" alt=\"Non woven and Paper Bag manufacturers\" srcset=\"https:\/\/bagfactory.eu\/wp-content\/uploads\/2021\/06\/LVPA-and-ES-Funding-e1623259003342-768x171.jpg 768w, https:\/\/bagfactory.eu\/wp-content\/uploads\/2021\/06\/LVPA-and-ES-Funding-e1623259003342-600x133.jpg 600w, https:\/\/bagfactory.eu\/wp-content\/uploads\/2021\/06\/LVPA-and-ES-Funding-e1623259003342-300x67.jpg 300w, https:\/\/bagfactory.eu\/wp-content\/uploads\/2021\/06\/LVPA-and-ES-Funding-e1623259003342-1024x228.jpg 1024w, https:\/\/bagfactory.eu\/wp-content\/uploads\/2021\/06\/LVPA-and-ES-Funding-e1623259003342.jpg 1444w\" sizes=\"(max-width: 768px) 100vw, 768px\" \/>\t\t\t\t\t\t\t\t\t\t\t\t\t\t\t<\/div>\n\t\t\t\t<\/div>\n\t\t\t\t<div class=\"elementor-element elementor-element-bfda56e elementor-widget elementor-widget-text-editor\" data-id=\"bfda56e\" data-element_type=\"widget\" data-widget_type=\"text-editor.default\">\n\t\t\t\t<div class=\"elementor-widget-container\">\n\t\t\t\t\t\t\t\t\t&#8220;<p id=\"\"tw-target-text\"\" class=\"\"tw-data-text tw-text-large XcVN5d tw-ta\"\" dir=\"\"ltr\"\" data-placeholder=\"\"Vertimas\"\"><span class=\"\"Y2IQFc\"\" lang=\"\"en\"\">UAB Bagfactory desde el 17 de febrero de 2021 hasta el 17 de septiembre de 2021 implementa el proyecto &#8220;&#8221;Inversi\u00f3n en la producci\u00f3n de productos no tejidos para combatir el COVID-19&#8243;&#8221;, (No 03.3.1-LVPA-T-859-01-0055) cofinanciado por los Fondos de la Uni\u00f3n Europea 2014-2020 dentro del Programa Operativo Prioridad 3 \u201cPromoci\u00f3n de la Competitividad de las Peque\u00f1as y Medianas Empresas&#8221;&#8221; Medida n.\u00ba 03.3.1-LVPA-T-859 \u201cCOVID-19 products LT\u201d.<\/span><\/p>\n<p id=\"tw-target-text\" class=\"tw-data-text tw-text-large XcVN5d tw-ta\" dir=\"ltr\" data-placeholder=\"Vertimas\"><span class=\"Y2IQFc\" lang=\"en\">UAB Bagfactory est\u00e1 creciendo intensamente y tiene un gran potencial para seguir creciendo como fabricante de bolsas, l\u00edder del mercado en Lituania y uno de los l\u00edderes en la UE. Es una empresa ambientalmente responsable que utiliza tanto materias primas primarias (papel, polipropileno (PP) y tereftalato de polietileno (PET) no tejido) como material reciclado (RPET \u2013 tejido reciclado de PET).<\/span><\/p>\n<p id=\"tw-target-text\" class=\"tw-data-text tw-text-large XcVN5d tw-ta\" dir=\"ltr\" data-placeholder=\"Vertimas\"><span class=\"Y2IQFc\" lang=\"en\">El proyecto en curso est\u00e1 dedicado a nuevos equipos innovadores para combatir el COVID-19 mediante la adquisici\u00f3n e instalaci\u00f3n de los productos necesarios, contribuyendo as\u00ed a la modernizaci\u00f3n de la base de producci\u00f3n y al aumento de capacidad.<\/span><\/p>\n<p id=\"tw-target-text\" class=\"tw-data-text tw-text-large XcVN5d tw-ta\" dir=\"ltr\" data-placeholder=\"Vertimas\"><span class=\"Y2IQFc\" lang=\"en\">Con la mejor experiencia en Lituania en la producci\u00f3n de no tejidos, UAB Bagfactory tiene una posici\u00f3n s\u00f3lida en la cadena de valor y suministro de productos no tejidos, lo que garantiza v\u00ednculos con proveedores, fabricantes y participantes del mercado tanto nacionales como internacionales. La experiencia establecida garantiza que la inversi\u00f3n para combatir el COVID-19 tendr\u00e1 \u00e9xito, el equipo ser\u00e1 adquirido en el menor tiempo posible y los productos necesarios llegar\u00e1n al mercado.<\/span><\/p>\n<p id=\"tw-target-text\" class=\"tw-data-text tw-text-large XcVN5d tw-ta\" dir=\"ltr\" data-placeholder=\"Vertimas\"><span class=\"Y2IQFc\" lang=\"en\">El presupuesto del proyecto es de 143 000,00 EUR.<\/span><\/p>\n<p id=\"tw-target-text\" class=\"tw-data-text tw-text-large XcVN5d tw-ta\" dir=\"ltr\" data-placeholder=\"Vertimas\"><span class=\"Y2IQFc\" lang=\"en\">La financiaci\u00f3n asciende a 114 400,00 EUR <br>Instituci\u00f3n ejecutora: Agencia de Innovaci\u00f3n de Lituania<\/span><\/p>\n<p>M\u00e1s informaci\u00f3n sobre solicitudes y proyectos:&nbsp;<\/p>\t\t\t\t\t\t\t\t<\/div>\n\t\t\t\t<\/div>\n\t\t\t\t<div class=\"elementor-element elementor-element-5a2ee81 elementor-widget elementor-widget-text-editor\" data-id=\"5a2ee81\" data-element_type=\"widget\" data-widget_type=\"text-editor.default\">\n\t\t\t\t<div class=\"elementor-widget-container\">\n\t\t\t\t\t\t\t\t\t<p><a href=\"https:\/\/www.esinvesticijos.lt\/lt\/\/finansavimas\/paraiskos_ir_projektai\/investicijos-i-kovai-su-covid-19-skirtu-neaustines-medziagos-produktu-gamyba\" target=\"_blank\" rel=\"noopener\">Sitio web de financiaci\u00f3n de la UE<\/a><\/p>\t\t\t\t\t\t\t\t<\/div>\n\t\t\t\t<\/div>\n\t\t\t\t<\/div>\n\t\t\t\t<\/div>\n\t\t\t\t<\/div>\n\t\t","protected":false},"excerpt":{"rendered":"<p>Implementaci\u00f3n del proyecto &#8220;Inversi\u00f3n en la producci\u00f3n de productos no tejidos para combatir el COVID-19&#8221; &#8220; UAB Bagfactory desde el 17 de [&hellip;]<\/p>\n","protected":false},"author":8,"featured_media":201247,"parent":202945,"menu_order":0,"comment_status":"closed","ping_status":"closed","template":"elementor_header_footer","meta":{"_acf_changed":false,"footnotes":""},"class_list":["post-202077","page","type-page","status-publish","has-post-thumbnail","hentry"],"acf":[],"_links":{"self":[{"href":"https:\/\/bagfactory.eu\/es\/wp-json\/wp\/v2\/pages\/202077","targetHints":{"allow":["GET"]}}],"collection":[{"href":"https:\/\/bagfactory.eu\/es\/wp-json\/wp\/v2\/pages"}],"about":[{"href":"https:\/\/bagfactory.eu\/es\/wp-json\/wp\/v2\/types\/page"}],"author":[{"embeddable":true,"href":"https:\/\/bagfactory.eu\/es\/wp-json\/wp\/v2\/users\/8"}],"replies":[{"embeddable":true,"href":"https:\/\/bagfactory.eu\/es\/wp-json\/wp\/v2\/comments?post=202077"}],"version-history":[{"count":1,"href":"https:\/\/bagfactory.eu\/es\/wp-json\/wp\/v2\/pages\/202077\/revisions"}],"predecessor-version":[{"id":202078,"href":"https:\/\/bagfactory.eu\/es\/wp-json\/wp\/v2\/pages\/202077\/revisions\/202078"}],"up":[{"embeddable":true,"href":"https:\/\/bagfactory.eu\/es\/wp-json\/wp\/v2\/pages\/202945"}],"wp:featuredmedia":[{"embeddable":true,"href":"https:\/\/bagfactory.eu\/es\/wp-json\/wp\/v2\/media\/201247"}],"wp:attachment":[{"href":"https:\/\/bagfactory.eu\/es\/wp-json\/wp\/v2\/media?parent=202077"}],"curies":[{"name":"wp","href":"https:\/\/api.w.org\/{rel}","templated":true}]}}