{"id":202955,"date":"2021-05-17T23:22:04","date_gmt":"2021-05-17T21:22:04","guid":{"rendered":"https:\/\/bagfactory.eu\/quality-certifications\/"},"modified":"2026-01-05T10:42:35","modified_gmt":"2026-01-05T08:42:35","slug":"quality-certifications","status":"publish","type":"page","link":"https:\/\/bagfactory.eu\/es\/quality-certifications\/","title":{"rendered":"Calidad y certificaciones"},"content":{"rendered":"\t\t<div data-elementor-type=\"wp-page\" data-elementor-id=\"202955\" class=\"elementor elementor-202955 elementor-17\" data-elementor-settings=\"{&quot;element_pack_global_tooltip_width&quot;:{&quot;unit&quot;:&quot;px&quot;,&quot;size&quot;:&quot;&quot;,&quot;sizes&quot;:[]},&quot;element_pack_global_tooltip_width_tablet&quot;:{&quot;unit&quot;:&quot;px&quot;,&quot;size&quot;:&quot;&quot;,&quot;sizes&quot;:[]},&quot;element_pack_global_tooltip_width_mobile&quot;:{&quot;unit&quot;:&quot;px&quot;,&quot;size&quot;:&quot;&quot;,&quot;sizes&quot;:[]},&quot;element_pack_global_tooltip_padding&quot;:{&quot;unit&quot;:&quot;px&quot;,&quot;top&quot;:&quot;&quot;,&quot;right&quot;:&quot;&quot;,&quot;bottom&quot;:&quot;&quot;,&quot;left&quot;:&quot;&quot;,&quot;isLinked&quot;:true},&quot;element_pack_global_tooltip_padding_tablet&quot;:{&quot;unit&quot;:&quot;px&quot;,&quot;top&quot;:&quot;&quot;,&quot;right&quot;:&quot;&quot;,&quot;bottom&quot;:&quot;&quot;,&quot;left&quot;:&quot;&quot;,&quot;isLinked&quot;:true},&quot;element_pack_global_tooltip_padding_mobile&quot;:{&quot;unit&quot;:&quot;px&quot;,&quot;top&quot;:&quot;&quot;,&quot;right&quot;:&quot;&quot;,&quot;bottom&quot;:&quot;&quot;,&quot;left&quot;:&quot;&quot;,&quot;isLinked&quot;:true},&quot;element_pack_global_tooltip_border_radius&quot;:{&quot;unit&quot;:&quot;px&quot;,&quot;top&quot;:&quot;&quot;,&quot;right&quot;:&quot;&quot;,&quot;bottom&quot;:&quot;&quot;,&quot;left&quot;:&quot;&quot;,&quot;isLinked&quot;:true},&quot;element_pack_global_tooltip_border_radius_tablet&quot;:{&quot;unit&quot;:&quot;px&quot;,&quot;top&quot;:&quot;&quot;,&quot;right&quot;:&quot;&quot;,&quot;bottom&quot;:&quot;&quot;,&quot;left&quot;:&quot;&quot;,&quot;isLinked&quot;:true},&quot;element_pack_global_tooltip_border_radius_mobile&quot;:{&quot;unit&quot;:&quot;px&quot;,&quot;top&quot;:&quot;&quot;,&quot;right&quot;:&quot;&quot;,&quot;bottom&quot;:&quot;&quot;,&quot;left&quot;:&quot;&quot;,&quot;isLinked&quot;:true}}\" data-elementor-post-type=\"page\">\n\t\t\t\t<div class=\"has_eae_slider elementor-element elementor-element-7af9abe e-flex e-con-boxed e-con e-parent\" data-eae-slider=\"3600\" data-id=\"7af9abe\" data-element_type=\"container\">\n\t\t\t\t\t<div class=\"e-con-inner\">\n\t\t<div class=\"has_eae_slider elementor-element elementor-element-7420e81 e-con-full e-flex e-con e-child\" data-eae-slider=\"98127\" data-id=\"7420e81\" data-element_type=\"container\">\n\t\t\t\t<div class=\"elementor-element elementor-element-ec10924 elementor-widget elementor-widget-spacer\" data-id=\"ec10924\" data-element_type=\"widget\" data-widget_type=\"spacer.default\">\n\t\t\t\t<div class=\"elementor-widget-container\">\n\t\t\t\t\t\t\t<div class=\"elementor-spacer\">\n\t\t\t<div class=\"elementor-spacer-inner\"><\/div>\n\t\t<\/div>\n\t\t\t\t\t\t<\/div>\n\t\t\t\t<\/div>\n\t\t\t\t<div class=\"elementor-element elementor-element-0d446bd elementor-widget elementor-widget-heading\" data-id=\"0d446bd\" data-element_type=\"widget\" data-widget_type=\"heading.default\">\n\t\t\t\t<div class=\"elementor-widget-container\">\n\t\t\t\t\t<h2 class=\"elementor-heading-title elementor-size-default\">Bagfactory cumple con los est\u00e1ndares m\u00e1s altos del sector, avalados por certificaciones internacionales de calidad.<\/h2>\t\t\t\t<\/div>\n\t\t\t\t<\/div>\n\t\t\t\t<\/div>\n\t\t<div class=\"has_eae_slider elementor-element elementor-element-5d38f57 e-con-full e-flex e-con e-child\" data-eae-slider=\"23032\" data-id=\"5d38f57\" data-element_type=\"container\">\n\t\t\t\t<div class=\"elementor-element elementor-element-d964c55 elementor-widget elementor-widget-spacer\" data-id=\"d964c55\" data-element_type=\"widget\" data-widget_type=\"spacer.default\">\n\t\t\t\t<div class=\"elementor-widget-container\">\n\t\t\t\t\t\t\t<div class=\"elementor-spacer\">\n\t\t\t<div class=\"elementor-spacer-inner\"><\/div>\n\t\t<\/div>\n\t\t\t\t\t\t<\/div>\n\t\t\t\t<\/div>\n\t\t\t\t<div class=\"elementor-element elementor-element-7474ed4 elementor-widget elementor-widget-text-editor\" data-id=\"7474ed4\" data-element_type=\"widget\" data-widget_type=\"text-editor.default\">\n\t\t\t\t<div class=\"elementor-widget-container\">\n\t\t\t\t\t\t\t\t\t<p>Implementamos sistemas y procedimientos eficaces para<br \/>garantizar la calidad de nuestras bolsas en cada etapa del proceso de producci\u00f3n.<br \/>Nuestras certificaciones aseguran que se fabrican productos de alta calidad.<\/p>\n\t\t\t\t\t\t\t\t<\/div>\n\t\t\t\t<\/div>\n\t\t\t\t<\/div>\n\t\t\t\t\t<\/div>\n\t\t\t\t<\/div>\n\t\t<div class=\"has_eae_slider elementor-element elementor-element-260d51f e-flex e-con-boxed e-con e-parent\" data-eae-slider=\"53688\" data-id=\"260d51f\" data-element_type=\"container\">\n\t\t\t\t\t<div class=\"e-con-inner\">\n\t\t<div class=\"has_eae_slider elementor-element elementor-element-7ebbe00 e-grid e-con-full e-con e-child\" data-eae-slider=\"20954\" data-id=\"7ebbe00\" data-element_type=\"container\">\n\t\t\t\t<div class=\"elementor-element elementor-element-0442cf1 elementor-position-top elementor-widget elementor-widget-image-box\" data-id=\"0442cf1\" data-element_type=\"widget\" data-widget_type=\"image-box.default\">\n\t\t\t\t<div class=\"elementor-widget-container\">\n\t\t\t\t\t<div class=\"elementor-image-box-wrapper\"><figure class=\"elementor-image-box-img\"><img fetchpriority=\"high\" decoding=\"async\" width=\"452\" height=\"338\" src=\"https:\/\/bagfactory.eu\/wp-content\/uploads\/2025\/02\/BRC-Packaging-Materials-grayscale-transparent.png\" class=\"attachment-full size-full wp-image-201145\" alt=\"bag producer\" srcset=\"https:\/\/bagfactory.eu\/wp-content\/uploads\/2025\/02\/BRC-Packaging-Materials-grayscale-transparent.png 452w, https:\/\/bagfactory.eu\/wp-content\/uploads\/2025\/02\/BRC-Packaging-Materials-grayscale-transparent-300x224.png 300w\" sizes=\"(max-width: 452px) 100vw, 452px\" \/><\/figure><div class=\"elementor-image-box-content\"><p class=\"elementor-image-box-description\">BRC Packaging \u2013 esta certificaci\u00f3n garantiza la seguridad, calidad y legalidad de los materiales de embalaje, especialmente para productos alimentarios y de consumo. Reconocida por la Iniciativa Global de Seguridad Alimentaria (GFSI), cubre la higiene, seguridad y conformidad legal en todas las etapas del proceso de fabricaci\u00f3n e impresi\u00f3n. La certificaci\u00f3n BRCGS demuestra un compromiso con la entrega de soluciones de embalaje seguras, fiables y de alta calidad.<br><br><a href=\"https:\/\/www.brcgs.com\/\" target=\"_blank\" rel=\"noopener\">Certificaci\u00f3n de embalaje BRCGS<\/a><\/p><\/div><\/div>\t\t\t\t<\/div>\n\t\t\t\t<\/div>\n\t\t\t\t<div class=\"elementor-element elementor-element-149e1b6 elementor-position-top elementor-widget elementor-widget-image-box\" data-id=\"149e1b6\" data-element_type=\"widget\" data-widget_type=\"image-box.default\">\n\t\t\t\t<div class=\"elementor-widget-container\">\n\t\t\t\t\t<div class=\"elementor-image-box-wrapper\"><figure class=\"elementor-image-box-img\"><img decoding=\"async\" width=\"338\" height=\"188\" src=\"https:\/\/bagfactory.eu\/wp-content\/uploads\/2025\/01\/Okeo-Tex-standart-100.jpg\" class=\"attachment-full size-full wp-image-202957\" alt=\"bag producer\" srcset=\"https:\/\/bagfactory.eu\/wp-content\/uploads\/2025\/01\/Okeo-Tex-standart-100.jpg 338w, https:\/\/bagfactory.eu\/wp-content\/uploads\/2025\/01\/Okeo-Tex-standart-100-300x167.jpg 300w\" sizes=\"(max-width: 338px) 100vw, 338px\" \/><\/figure><div class=\"elementor-image-box-content\"><p class=\"elementor-image-box-description\">OEKO-TEX\u00ae Standard 100 es una certificaci\u00f3n reconocida a nivel mundial que garantiza que los textiles y productos relacionados est\u00e1n libres de sustancias nocivas y son seguros para el uso humano. OEKO-TEX cubre todas las etapas de producci\u00f3n, desde las materias primas hasta el producto final, asegurando el cumplimiento de estrictas normas de seguridad qu\u00edmica. Es un referente de sostenibilidad y seguridad del consumidor en la industria textil.<br><br><a href=\"https:\/\/www.oeko-tex.com\/\" target=\"_blank\" rel=\"noopener\">OEKO-TEX Standard 100<\/a><\/p><\/div><\/div>\t\t\t\t<\/div>\n\t\t\t\t<\/div>\n\t\t\t\t<div class=\"elementor-element elementor-element-26bb794 elementor-position-top elementor-widget elementor-widget-image-box\" data-id=\"26bb794\" data-element_type=\"widget\" data-widget_type=\"image-box.default\">\n\t\t\t\t<div class=\"elementor-widget-container\">\n\t\t\t\t\t<div class=\"elementor-image-box-wrapper\"><figure class=\"elementor-image-box-img\"><img decoding=\"async\" width=\"866\" height=\"650\" src=\"https:\/\/bagfactory.eu\/wp-content\/uploads\/2025\/08\/CU-1-1.png\" class=\"attachment-full size-full wp-image-202958\" alt=\"bag producer\" srcset=\"https:\/\/bagfactory.eu\/wp-content\/uploads\/2025\/08\/CU-1-1.png 866w, https:\/\/bagfactory.eu\/wp-content\/uploads\/2025\/08\/CU-1-1-300x225.png 300w, https:\/\/bagfactory.eu\/wp-content\/uploads\/2025\/08\/CU-1-1-768x576.png 768w, https:\/\/bagfactory.eu\/wp-content\/uploads\/2025\/08\/CU-1-1-16x12.png 16w, https:\/\/bagfactory.eu\/wp-content\/uploads\/2025\/08\/CU-1-1-650x488.png 650w\" sizes=\"(max-width: 866px) 100vw, 866px\" \/><\/figure><div class=\"elementor-image-box-content\"><p class=\"elementor-image-box-description\">La Norma Global de Reciclado (GRS) verifica el porcentaje de contenido reciclado y lo rastrea desde el reciclador hasta el producto final. Adem\u00e1s, las instalaciones desde el reciclador hasta el proveedor final han cumplido con requisitos sociales, medioambientales y qu\u00edmicos. Algunos productos de Bagfactory est\u00e1n certificados por GRS, bas\u00e1ndose en certificados de transacci\u00f3n v\u00e1lidos. Bagfactory est\u00e1 certificada seg\u00fan la Global Recycled Standard, por Control Union 1114812. Solo los productos cubiertos por un certificado de transacci\u00f3n v\u00e1lido est\u00e1n certificados GRS.<br><br><a href=\"https:\/\/www.controlunion.com\/certification-program\/grs-global-recycled-standard\/\" target=\"_blank\" rel=\"noopener\">Norma Global de Reciclado (GRS)<\/a><\/p><\/div><\/div>\t\t\t\t<\/div>\n\t\t\t\t<\/div>\n\t\t\t\t<\/div>\n\t\t\t\t\t<\/div>\n\t\t\t\t<\/div>\n\t\t\t\t<section class=\"has_eae_slider elementor-section elementor-top-section elementor-element elementor-element-4e45594 elementor-section-full_width elementor-section-height-default elementor-section-height-default\" data-eae-slider=\"33212\" data-id=\"4e45594\" data-element_type=\"section\">\n\t\t\t\t\t\t<div class=\"elementor-container elementor-column-gap-wider\">\n\t\t\t\t\t<div class=\"has_eae_slider elementor-column elementor-col-100 elementor-top-column elementor-element elementor-element-32b1b30\" data-eae-slider=\"22384\" data-id=\"32b1b30\" data-element_type=\"column\">\n\t\t\t<div class=\"elementor-widget-wrap elementor-element-populated\">\n\t\t\t\t\t\t<div class=\"elementor-element elementor-element-44cfa90 elementor-widget elementor-widget-heading\" data-id=\"44cfa90\" data-element_type=\"widget\" data-widget_type=\"heading.default\">\n\t\t\t\t<div class=\"elementor-widget-container\">\n\t\t\t\t\t<h2 class=\"elementor-heading-title elementor-size-default\"><a href=\"https:\/\/bagfactory.eu\/products\/\">Nuestros productos<\/a><\/h2>\t\t\t\t<\/div>\n\t\t\t\t<\/div>\n\t\t\t\t<div class=\"elementor-element elementor-element-a114916 elementor-widget-divider--view-line elementor-widget elementor-widget-divider\" data-id=\"a114916\" data-element_type=\"widget\" data-widget_type=\"divider.default\">\n\t\t\t\t<div class=\"elementor-widget-container\">\n\t\t\t\t\t\t\t<div class=\"elementor-divider\">\n\t\t\t<span class=\"elementor-divider-separator\">\n\t\t\t\t\t\t<\/span>\n\t\t<\/div>\n\t\t\t\t\t\t<\/div>\n\t\t\t\t<\/div>\n\t\t\t\t\t<\/div>\n\t\t<\/div>\n\t\t\t\t\t<\/div>\n\t\t<\/section>\n\t\t\t\t<\/div>\n\t\t","protected":false},"excerpt":{"rendered":"<p>Bagfactory cumple con los est\u00e1ndares m\u00e1s altos del sector, avalados por certificaciones internacionales de calidad. Implementamos sistemas y procedimientos eficaces paragarantizar la [&hellip;]<\/p>\n","protected":false},"author":8,"featured_media":202959,"parent":0,"menu_order":0,"comment_status":"closed","ping_status":"closed","template":"elementor_header_footer","meta":{"_acf_changed":false,"footnotes":""},"class_list":["post-202955","page","type-page","status-publish","has-post-thumbnail","hentry"],"acf":[],"_links":{"self":[{"href":"https:\/\/bagfactory.eu\/es\/wp-json\/wp\/v2\/pages\/202955","targetHints":{"allow":["GET"]}}],"collection":[{"href":"https:\/\/bagfactory.eu\/es\/wp-json\/wp\/v2\/pages"}],"about":[{"href":"https:\/\/bagfactory.eu\/es\/wp-json\/wp\/v2\/types\/page"}],"author":[{"embeddable":true,"href":"https:\/\/bagfactory.eu\/es\/wp-json\/wp\/v2\/users\/8"}],"replies":[{"embeddable":true,"href":"https:\/\/bagfactory.eu\/es\/wp-json\/wp\/v2\/comments?post=202955"}],"version-history":[{"count":13,"href":"https:\/\/bagfactory.eu\/es\/wp-json\/wp\/v2\/pages\/202955\/revisions"}],"predecessor-version":[{"id":234359,"href":"https:\/\/bagfactory.eu\/es\/wp-json\/wp\/v2\/pages\/202955\/revisions\/234359"}],"wp:featuredmedia":[{"embeddable":true,"href":"https:\/\/bagfactory.eu\/es\/wp-json\/wp\/v2\/media\/202959"}],"wp:attachment":[{"href":"https:\/\/bagfactory.eu\/es\/wp-json\/wp\/v2\/media?parent=202955"}],"curies":[{"name":"wp","href":"https:\/\/api.w.org\/{rel}","templated":true}]}}