{"id":201993,"date":"2021-06-13T21:44:44","date_gmt":"2021-06-13T19:44:44","guid":{"rendered":"https:\/\/bagfactory.eu\/cookies-policy\/"},"modified":"2025-12-18T12:52:22","modified_gmt":"2025-12-18T10:52:22","slug":"cookies-policy","status":"publish","type":"page","link":"https:\/\/bagfactory.eu\/fr\/cookies-policy\/","title":{"rendered":"Cookies Policy"},"content":{"rendered":"\t\t<div data-elementor-type=\"wp-page\" data-elementor-id=\"201993\" class=\"elementor elementor-201993 elementor-17938\" data-elementor-settings=\"{&quot;element_pack_global_tooltip_width&quot;:{&quot;unit&quot;:&quot;px&quot;,&quot;size&quot;:&quot;&quot;,&quot;sizes&quot;:[]},&quot;element_pack_global_tooltip_width_tablet&quot;:{&quot;unit&quot;:&quot;px&quot;,&quot;size&quot;:&quot;&quot;,&quot;sizes&quot;:[]},&quot;element_pack_global_tooltip_width_mobile&quot;:{&quot;unit&quot;:&quot;px&quot;,&quot;size&quot;:&quot;&quot;,&quot;sizes&quot;:[]},&quot;element_pack_global_tooltip_padding&quot;:{&quot;unit&quot;:&quot;px&quot;,&quot;top&quot;:&quot;&quot;,&quot;right&quot;:&quot;&quot;,&quot;bottom&quot;:&quot;&quot;,&quot;left&quot;:&quot;&quot;,&quot;isLinked&quot;:true},&quot;element_pack_global_tooltip_padding_tablet&quot;:{&quot;unit&quot;:&quot;px&quot;,&quot;top&quot;:&quot;&quot;,&quot;right&quot;:&quot;&quot;,&quot;bottom&quot;:&quot;&quot;,&quot;left&quot;:&quot;&quot;,&quot;isLinked&quot;:true},&quot;element_pack_global_tooltip_padding_mobile&quot;:{&quot;unit&quot;:&quot;px&quot;,&quot;top&quot;:&quot;&quot;,&quot;right&quot;:&quot;&quot;,&quot;bottom&quot;:&quot;&quot;,&quot;left&quot;:&quot;&quot;,&quot;isLinked&quot;:true},&quot;element_pack_global_tooltip_border_radius&quot;:{&quot;unit&quot;:&quot;px&quot;,&quot;top&quot;:&quot;&quot;,&quot;right&quot;:&quot;&quot;,&quot;bottom&quot;:&quot;&quot;,&quot;left&quot;:&quot;&quot;,&quot;isLinked&quot;:true},&quot;element_pack_global_tooltip_border_radius_tablet&quot;:{&quot;unit&quot;:&quot;px&quot;,&quot;top&quot;:&quot;&quot;,&quot;right&quot;:&quot;&quot;,&quot;bottom&quot;:&quot;&quot;,&quot;left&quot;:&quot;&quot;,&quot;isLinked&quot;:true},&quot;element_pack_global_tooltip_border_radius_mobile&quot;:{&quot;unit&quot;:&quot;px&quot;,&quot;top&quot;:&quot;&quot;,&quot;right&quot;:&quot;&quot;,&quot;bottom&quot;:&quot;&quot;,&quot;left&quot;:&quot;&quot;,&quot;isLinked&quot;:true}}\" data-elementor-post-type=\"page\">\n\t\t\t\t\t\t<section class=\"has_eae_slider elementor-section elementor-top-section elementor-element elementor-element-1d19704 elementor-section-height-min-height elementor-section-items-bottom elementor-section-full_width elementor-section-height-default\" data-eae-slider=\"97878\" data-id=\"1d19704\" data-element_type=\"section\" data-settings=\"{&quot;background_background&quot;:&quot;classic&quot;}\">\n\t\t\t\t\t\t<div class=\"elementor-container elementor-column-gap-default\">\n\t\t\t\t\t<div class=\"has_eae_slider elementor-column elementor-col-100 elementor-top-column elementor-element elementor-element-53f7e47\" data-eae-slider=\"21635\" data-id=\"53f7e47\" data-element_type=\"column\">\n\t\t\t<div class=\"elementor-widget-wrap elementor-element-populated\">\n\t\t\t\t\t\t<div class=\"elementor-element elementor-element-9e1895a elementor-widget elementor-widget-heading\" data-id=\"9e1895a\" data-element_type=\"widget\" data-widget_type=\"heading.default\">\n\t\t\t\t<div class=\"elementor-widget-container\">\n\t\t\t\t\t<h2 class=\"elementor-heading-title elementor-size-default\">Politique de cookies<\/h2>\t\t\t\t<\/div>\n\t\t\t\t<\/div>\n\t\t\t\t\t<\/div>\n\t\t<\/div>\n\t\t\t\t\t<\/div>\n\t\t<\/section>\n\t\t\t\t<section class=\"has_eae_slider elementor-section elementor-top-section elementor-element elementor-element-0353795 elementor-section-full_width elementor-section-height-default elementor-section-height-default\" data-eae-slider=\"84446\" data-id=\"0353795\" data-element_type=\"section\">\n\t\t\t\t\t\t<div class=\"elementor-container elementor-column-gap-default\">\n\t\t\t\t\t<div class=\"has_eae_slider elementor-column elementor-col-100 elementor-top-column elementor-element elementor-element-522bfab\" data-eae-slider=\"41533\" data-id=\"522bfab\" data-element_type=\"column\">\n\t\t\t<div class=\"elementor-widget-wrap elementor-element-populated\">\n\t\t\t\t\t\t<div class=\"elementor-element elementor-element-1e4a8ae elementor-widget elementor-widget-text-editor\" data-id=\"1e4a8ae\" data-element_type=\"widget\" data-widget_type=\"text-editor.default\">\n\t\t\t\t<div class=\"elementor-widget-container\">\n\t\t\t\t\t\t\t\t\t<p><strong>POLITIQUE DE CONFIDENTIALIT\u00c9 ET DE COOKIES<\/strong><\/p><p>En utilisant ce site web, vous donnez votre consentement \u00e0 l\u2019entreprise UAB BAGFACTORY, 302842562, pour collecter et utiliser vos donn\u00e9es personnelles telles que d\u00e9finies par cette Politique de confidentialit\u00e9 et de cookies. UAB BAGFACTORY utilise les informations que vous fournissez lors de votre inscription, lors de commandes ou en nous envoyant des demandes, y compris : nom, pr\u00e9nom, personne de contact, num\u00e9ro, e-mail, autres coordonn\u00e9es (ensemble \u2013 Donn\u00e9es personnelles) afin de g\u00e9rer correctement vos commandes et demandes.<\/p><p><u>Utilisation des cookies sur notre site :<\/u><\/p><p><span style=\"text-decoration: underline;\">Cookies analytiques :<\/span>\nLes cookies analytiques sont utilis\u00e9s pour comprendre comment les visiteurs interagissent avec le site web. Ces cookies fournissent des informations sur les mesures telles que le nombre de visiteurs, le taux de rebond, la source du trafic, etc.<\/p><p>[cookie_audit category=&#8221;analytics&#8221; style=&#8221;winter&#8221; columns=&#8221;cookie,duration,description&#8221;]<\/p><p><span style=\"text-decoration: underline;\">Cookies n\u00e9cessaires :<\/span>\nLes cookies n\u00e9cessaires sont absolument essentiels au bon fonctionnement du site. Ces cookies garantissent les fonctionnalit\u00e9s de base et les caract\u00e9ristiques de s\u00e9curit\u00e9 du site, de mani\u00e8re anonyme.<\/p><p>[cookie_audit category=&#8221;necessary&#8221; style=&#8221;winter&#8221; columns=&#8221;cookie,duration,description&#8221;]<\/p><p><strong>Dispositions g\u00e9n\u00e9rales<\/strong><\/p><p>UAB BAGFACTORY ne vend ni ne transmet vos Donn\u00e9es personnelles \u00e0 aucun tiers sans votre autorisation expresse. Aucun tiers ne peut vous offrir des biens ou services via les syst\u00e8mes \u00e9lectroniques de UAB BAGFACTORY. UAB BAGFACTORY n\u2019utilisera pas vos Donn\u00e9es personnelles \u00e0 des fins de marketing direct. Si UAB BAGFACTORY devait utiliser vos donn\u00e9es personnelles \u00e0 des fins de marketing direct, vous devriez toujours donner votre accord et avoir la possibilit\u00e9 d\u2019annuler.<\/p><p><u>UAB BAGFACTORY suit les principes de base suivants concernant le traitement des donn\u00e9es personnelles :<\/u><\/p><ol><li>Les donn\u00e9es personnelles sont collect\u00e9es pour des finalit\u00e9s sp\u00e9cifiques et l\u00e9gitimes.<\/li><li>Les donn\u00e9es personnelles doivent \u00eatre trait\u00e9es avec exactitude et \u00e9quit\u00e9.<\/li><li>Les donn\u00e9es personnelles sont trait\u00e9es l\u00e9galement.<\/li><li>Toutes les informations concernant les donn\u00e9es personnelles trait\u00e9es sont confidentielles.<\/li><\/ol><p>Pour la gestion et la protection de vos donn\u00e9es personnelles, UAB BAGFACTORY met en \u0153uvre des mesures organisationnelles et techniques garantissant la protection contre la destruction accidentelle ou ill\u00e9gale, l\u2019alt\u00e9ration, la divulgation ou tout autre traitement ill\u00e9gal. Les donn\u00e9es personnelles sont trait\u00e9es conform\u00e9ment au R\u00e8glement (UE) 2016\/679 du Parlement europ\u00e9en et du Conseil du 27 avril 2016 relatif \u00e0 la protection des personnes physiques \u00e0 l\u2019\u00e9gard du traitement des donn\u00e9es \u00e0 caract\u00e8re personnel et \u00e0 la libre circulation de ces donn\u00e9es.<\/p><p><u>Les donn\u00e9es personnelles sont collect\u00e9es et trait\u00e9es pour les finalit\u00e9s suivantes :<\/u><\/p><ol><li>Traiter vos demandes.<\/li><li>\u00c0 des fins de marketing direct \u2013 uniquement apr\u00e8s obtention de votre accord, avec la possibilit\u00e9 de refuser et d\u2019annuler.<\/li><\/ol><p><strong>Droits personnels<\/strong><\/p><p><u>En autorisant la gestion de vos donn\u00e9es personnelles, vous avez le droit :<\/u><\/p><ol><li>D\u2019exiger la correction, la destruction ou la suspension du traitement de vos donn\u00e9es personnelles lorsqu\u2019elles sont trait\u00e9es en violation de cette loi ou d\u2019autres r\u00e9glementations.<\/li><li>De vous opposer au traitement de vos donn\u00e9es personnelles.<\/li><li>UAB BAGFACTORY, apr\u00e8s r\u00e9ception de votre demande concernant le traitement de donn\u00e9es personnelles, vous r\u00e9pondra dans les 30 jours calendaires. Seules les demandes soumises par e-mail \u00e0 gvidas@bagfactory.eu\n sont accept\u00e9es.<\/li><li>Les membres \/ clients de UAB BAGFACTORY ont le droit de demander le transfert ou la suppression des informations li\u00e9es \u00e0 leur historique de paiements et aux donn\u00e9es fournies. Ces demandes seront trait\u00e9es dans un d\u00e9lai de 30 jours \u00e0 compter de la r\u00e9ception de l\u2019e-mail envoy\u00e9 \u00e0 gvidas@bagfactory.eu\n.<\/li><\/ol><p><strong>Dispositions finales<\/strong><\/p><p>Les modifications importantes apport\u00e9es \u00e0 cette Politique de confidentialit\u00e9 et de cookies sont envoy\u00e9es aux membres par e-mail. UAB BAGFACTORY peut modifier cette Politique sans pr\u00e9avis. Si vous avez des questions, vous pouvez nous contacter \u00e0 tout moment \u00e0 l\u2019adresse e-mail : gvidas@bagfactory.eu\n.<\/p><p>La date de la derni\u00e8re mise \u00e0 jour de ce document est le 26-05-2020.<\/p>\t\t\t\t\t\t\t\t<\/div>\n\t\t\t\t<\/div>\n\t\t\t\t\t<\/div>\n\t\t<\/div>\n\t\t\t\t\t<\/div>\n\t\t<\/section>\n\t\t\t\t<\/div>\n\t\t","protected":false},"excerpt":{"rendered":"<p>Politique de cookies POLITIQUE DE CONFIDENTIALIT\u00c9 ET DE COOKIES En utilisant ce site web, vous donnez votre consentement \u00e0 l\u2019entreprise UAB BAGFACTORY, [&hellip;]<\/p>\n","protected":false},"author":8,"featured_media":0,"parent":0,"menu_order":0,"comment_status":"closed","ping_status":"closed","template":"elementor_header_footer","meta":{"_acf_changed":false,"footnotes":""},"class_list":["post-201993","page","type-page","status-publish","hentry"],"acf":[],"_links":{"self":[{"href":"https:\/\/bagfactory.eu\/fr\/wp-json\/wp\/v2\/pages\/201993","targetHints":{"allow":["GET"]}}],"collection":[{"href":"https:\/\/bagfactory.eu\/fr\/wp-json\/wp\/v2\/pages"}],"about":[{"href":"https:\/\/bagfactory.eu\/fr\/wp-json\/wp\/v2\/types\/page"}],"author":[{"embeddable":true,"href":"https:\/\/bagfactory.eu\/fr\/wp-json\/wp\/v2\/users\/8"}],"replies":[{"embeddable":true,"href":"https:\/\/bagfactory.eu\/fr\/wp-json\/wp\/v2\/comments?post=201993"}],"version-history":[{"count":1,"href":"https:\/\/bagfactory.eu\/fr\/wp-json\/wp\/v2\/pages\/201993\/revisions"}],"predecessor-version":[{"id":201995,"href":"https:\/\/bagfactory.eu\/fr\/wp-json\/wp\/v2\/pages\/201993\/revisions\/201995"}],"wp:attachment":[{"href":"https:\/\/bagfactory.eu\/fr\/wp-json\/wp\/v2\/media?parent=201993"}],"curies":[{"name":"wp","href":"https:\/\/api.w.org\/{rel}","templated":true}]}}