{"id":201996,"date":"2021-06-11T18:11:47","date_gmt":"2021-06-11T16:11:47","guid":{"rendered":"https:\/\/bagfactory.eu\/non-woven-products-for-covid-19\/"},"modified":"2025-12-18T12:52:22","modified_gmt":"2025-12-18T10:52:22","slug":"non-woven-products-for-covid-19","status":"publish","type":"page","link":"https:\/\/bagfactory.eu\/fr\/eu-funding\/non-woven-products-for-covid-19\/","title":{"rendered":"Non-Woven products for COVID-19"},"content":{"rendered":"\t\t<div data-elementor-type=\"wp-page\" data-elementor-id=\"201996\" class=\"elementor elementor-201996 elementor-16873\" data-elementor-settings=\"{&quot;element_pack_global_tooltip_width&quot;:{&quot;unit&quot;:&quot;px&quot;,&quot;size&quot;:&quot;&quot;,&quot;sizes&quot;:[]},&quot;element_pack_global_tooltip_width_tablet&quot;:{&quot;unit&quot;:&quot;px&quot;,&quot;size&quot;:&quot;&quot;,&quot;sizes&quot;:[]},&quot;element_pack_global_tooltip_width_mobile&quot;:{&quot;unit&quot;:&quot;px&quot;,&quot;size&quot;:&quot;&quot;,&quot;sizes&quot;:[]},&quot;element_pack_global_tooltip_padding&quot;:{&quot;unit&quot;:&quot;px&quot;,&quot;top&quot;:&quot;&quot;,&quot;right&quot;:&quot;&quot;,&quot;bottom&quot;:&quot;&quot;,&quot;left&quot;:&quot;&quot;,&quot;isLinked&quot;:true},&quot;element_pack_global_tooltip_padding_tablet&quot;:{&quot;unit&quot;:&quot;px&quot;,&quot;top&quot;:&quot;&quot;,&quot;right&quot;:&quot;&quot;,&quot;bottom&quot;:&quot;&quot;,&quot;left&quot;:&quot;&quot;,&quot;isLinked&quot;:true},&quot;element_pack_global_tooltip_padding_mobile&quot;:{&quot;unit&quot;:&quot;px&quot;,&quot;top&quot;:&quot;&quot;,&quot;right&quot;:&quot;&quot;,&quot;bottom&quot;:&quot;&quot;,&quot;left&quot;:&quot;&quot;,&quot;isLinked&quot;:true},&quot;element_pack_global_tooltip_border_radius&quot;:{&quot;unit&quot;:&quot;px&quot;,&quot;top&quot;:&quot;&quot;,&quot;right&quot;:&quot;&quot;,&quot;bottom&quot;:&quot;&quot;,&quot;left&quot;:&quot;&quot;,&quot;isLinked&quot;:true},&quot;element_pack_global_tooltip_border_radius_tablet&quot;:{&quot;unit&quot;:&quot;px&quot;,&quot;top&quot;:&quot;&quot;,&quot;right&quot;:&quot;&quot;,&quot;bottom&quot;:&quot;&quot;,&quot;left&quot;:&quot;&quot;,&quot;isLinked&quot;:true},&quot;element_pack_global_tooltip_border_radius_mobile&quot;:{&quot;unit&quot;:&quot;px&quot;,&quot;top&quot;:&quot;&quot;,&quot;right&quot;:&quot;&quot;,&quot;bottom&quot;:&quot;&quot;,&quot;left&quot;:&quot;&quot;,&quot;isLinked&quot;:true}}\" data-elementor-post-type=\"page\">\n\t\t\t\t<div class=\"has_eae_slider elementor-element elementor-element-d2c3912 e-con-full e-flex e-con e-parent\" data-eae-slider=\"90561\" data-id=\"d2c3912\" data-element_type=\"container\">\n\t\t<div class=\"has_eae_slider elementor-element elementor-element-607d7e8 e-con-full e-flex e-con e-child\" data-eae-slider=\"79188\" data-id=\"607d7e8\" data-element_type=\"container\">\n\t\t\t\t<div class=\"elementor-element elementor-element-59e73a8 elementor-widget elementor-widget-heading\" data-id=\"59e73a8\" data-element_type=\"widget\" data-widget_type=\"heading.default\">\n\t\t\t\t<div class=\"elementor-widget-container\">\n\t\t\t\t\t<h3 class=\"elementor-heading-title elementor-size-default\">Mise en \u0153uvre du projet\n<br>\"Investissement dans la production de produits non tiss\u00e9s pour lutter contre le COVID-19<\/h3>\t\t\t\t<\/div>\n\t\t\t\t<\/div>\n\t\t\t\t<div class=\"elementor-element elementor-element-97f2bc7 elementor-view-default elementor-widget elementor-widget-icon\" data-id=\"97f2bc7\" data-element_type=\"widget\" data-widget_type=\"icon.default\">\n\t\t\t\t<div class=\"elementor-widget-container\">\n\t\t\t\t\t\t\t<div class=\"elementor-icon-wrapper\">\n\t\t\t<div class=\"elementor-icon\">\n\t\t\t\t\t\t<\/div>\n\t\t<\/div>\n\t\t\t\t\t\t<\/div>\n\t\t\t\t<\/div>\n\t\t\t\t<\/div>\n\t\t<div class=\"has_eae_slider elementor-element elementor-element-8bca118 e-con-full e-flex e-con e-child\" data-eae-slider=\"46201\" data-id=\"8bca118\" data-element_type=\"container\">\n\t\t\t\t<div class=\"elementor-element elementor-element-e8bd0e7 elementor-widget elementor-widget-image\" data-id=\"e8bd0e7\" data-element_type=\"widget\" data-widget_type=\"image.default\">\n\t\t\t\t<div class=\"elementor-widget-container\">\n\t\t\t\t\t\t\t\t\t\t\t\t\t\t\t<img fetchpriority=\"high\" decoding=\"async\" width=\"768\" height=\"171\" src=\"https:\/\/bagfactory.eu\/wp-content\/uploads\/2021\/06\/LVPA-and-ES-Funding-e1623259003342-768x171.jpg\" class=\"attachment-medium_large size-medium_large wp-image-46173\" alt=\"Non woven and Paper Bag manufacturers\" srcset=\"https:\/\/bagfactory.eu\/wp-content\/uploads\/2021\/06\/LVPA-and-ES-Funding-e1623259003342-768x171.jpg 768w, https:\/\/bagfactory.eu\/wp-content\/uploads\/2021\/06\/LVPA-and-ES-Funding-e1623259003342-600x133.jpg 600w, https:\/\/bagfactory.eu\/wp-content\/uploads\/2021\/06\/LVPA-and-ES-Funding-e1623259003342-300x67.jpg 300w, https:\/\/bagfactory.eu\/wp-content\/uploads\/2021\/06\/LVPA-and-ES-Funding-e1623259003342-1024x228.jpg 1024w, https:\/\/bagfactory.eu\/wp-content\/uploads\/2021\/06\/LVPA-and-ES-Funding-e1623259003342.jpg 1444w\" sizes=\"(max-width: 768px) 100vw, 768px\" \/>\t\t\t\t\t\t\t\t\t\t\t\t\t\t\t<\/div>\n\t\t\t\t<\/div>\n\t\t\t\t<div class=\"elementor-element elementor-element-bfda56e elementor-widget elementor-widget-text-editor\" data-id=\"bfda56e\" data-element_type=\"widget\" data-widget_type=\"text-editor.default\">\n\t\t\t\t<div class=\"elementor-widget-container\">\n\t\t\t\t\t\t\t\t\t<p id=\"tw-target-text\" class=\"tw-data-text tw-text-large XcVN5d tw-ta\" dir=\"ltr\" data-placeholder=\"Vertimas\"><span class=\"Y2IQFc\" lang=\"en\">Depuis le 17 f\u00e9vrier 2021 jusqu\u2019au 17 septembre 2021, UAB Bagfactory met en \u0153uvre le projet Investissement dans la production de produits non tiss\u00e9s pour lutter contre le COVID-19, No 03.3.1-LVPA-T-859-01-0055, cofinanc\u00e9 par l\u2019Union europ\u00e9enne dans le cadre du Programme op\u00e9rationnel d\u2019investissement des Fonds 2014-2020, Priorit\u00e9 3 Promotion de la comp\u00e9titivit\u00e9 des petites et moyennes entreprises, Mesure No. 03.3.1-LVPA-T-859 Produits COVID-19 LT.<\/span><\/p>\n<p class=\"tw-data-text tw-text-large XcVN5d tw-ta\" dir=\"ltr\" data-placeholder=\"Vertimas\"><span class=\"Y2IQFc\" lang=\"en\">UAB Bagfactory est en forte croissance et poss\u00e8de un \u00e9norme potentiel de d\u00e9veloppement futur en tant que fabricant de sacs de courses, leader du march\u00e9 en Lituanie et l\u2019un des leaders du march\u00e9 dans l\u2019UE. C\u2019est une entreprise \u00e9cologiquement responsable qui utilise \u00e0 la fois des mati\u00e8res premi\u00e8res primaires (papier, non-tiss\u00e9 en polypropyl\u00e8ne PP et en poly\u00e9thyl\u00e8ne t\u00e9r\u00e9phtalate PET) et des mati\u00e8res premi\u00e8res recycl\u00e9es (RPET \u2013 tissu en PET recycl\u00e9).<\/span><\/p>\n<p class=\"tw-data-text tw-text-large XcVN5d tw-ta\" dir=\"ltr\" data-placeholder=\"Vertimas\"><span class=\"Y2IQFc\" lang=\"en\">Le projet en cours est d\u00e9di\u00e9 \u00e0 l\u2019acquisition et \u00e0 l\u2019installation d\u2019un nouvel \u00e9quipement innovant destin\u00e9 \u00e0 la lutte contre le COVID-19 pour la production des produits n\u00e9cessaires, contribuant ainsi \u00e0 la modernisation de la base de production de l\u2019entreprise et \u00e0 l\u2019augmentation de sa capacit\u00e9 de production.<\/span><\/p>\n<p class=\"tw-data-text tw-text-large XcVN5d tw-ta\" dir=\"ltr\" data-placeholder=\"Vertimas\"><span class=\"Y2IQFc\" lang=\"en\">Avec les meilleures comp\u00e9tences en Lituanie dans la fabrication de non-tiss\u00e9s, UAB Bagfactory occupe une position forte dans la cha\u00eene de valeur et d\u2019approvisionnement des produits non tiss\u00e9s, garantissant des liens solides avec les fournisseurs et fabricants de tissus non tiss\u00e9s, ainsi qu\u2019avec les acteurs nationaux et internationaux du march\u00e9 des non-tiss\u00e9s. L\u2019exp\u00e9rience \u00e9tablie dans la production de diverses mati\u00e8res premi\u00e8res non tiss\u00e9es garantit que l\u2019investissement dans la production des produits n\u00e9cessaires pour lutter contre le COVID-19 sera couronn\u00e9 de succ\u00e8s, l\u2019\u00e9quipement sera acquis dans les plus brefs d\u00e9lais (les n\u00e9gociations avec les fournisseurs sont d\u00e9j\u00e0 en cours) et les produits requis seront mis sur le march\u00e9.<\/span><\/p>\n<p class=\"tw-data-text tw-text-large XcVN5d tw-ta\" dir=\"ltr\" data-placeholder=\"Vertimas\"><span class=\"Y2IQFc\" lang=\"en\">Le budget du projet est de 143 000,00 EUR.<\/span><\/p>\n<p class=\"tw-data-text tw-text-large XcVN5d tw-ta\" dir=\"ltr\" data-placeholder=\"Vertimas\"><span class=\"Y2IQFc\" lang=\"en\">Le montant financ\u00e9 est de 114 400,00 EUR\nInstitution de mise en \u0153uvre : Agence de l\u2019innovation de Lituanie<\/span><\/p>\n<p>Plus d\u2019informations sur les demandes et les projets :<\/p>\t\t\t\t\t\t\t\t<\/div>\n\t\t\t\t<\/div>\n\t\t\t\t<div class=\"elementor-element elementor-element-5a2ee81 elementor-widget elementor-widget-text-editor\" data-id=\"5a2ee81\" data-element_type=\"widget\" data-widget_type=\"text-editor.default\">\n\t\t\t\t<div class=\"elementor-widget-container\">\n\t\t\t\t\t\t\t\t\t<p><a href=\"https:\/\/www.esinvesticijos.lt\/lt\/\/finansavimas\/paraiskos_ir_projektai\/investicijos-i-kovai-su-covid-19-skirtu-neaustines-medziagos-produktu-gamyba\" target=\"_blank\" rel=\"noopener\">Site de financement de l\u2019UE<\/a><\/p>\t\t\t\t\t\t\t\t<\/div>\n\t\t\t\t<\/div>\n\t\t\t\t<\/div>\n\t\t\t\t<\/div>\n\t\t\t\t<\/div>\n\t\t","protected":false},"excerpt":{"rendered":"<p>Mise en \u0153uvre du projet &#8220;Investissement dans la production de produits non tiss\u00e9s pour lutter contre le COVID-19 Depuis le 17 f\u00e9vrier [&hellip;]<\/p>\n","protected":false},"author":8,"featured_media":55785,"parent":233406,"menu_order":0,"comment_status":"closed","ping_status":"closed","template":"elementor_header_footer","meta":{"_acf_changed":false,"footnotes":""},"class_list":["post-201996","page","type-page","status-publish","has-post-thumbnail","hentry"],"acf":[],"_links":{"self":[{"href":"https:\/\/bagfactory.eu\/fr\/wp-json\/wp\/v2\/pages\/201996","targetHints":{"allow":["GET"]}}],"collection":[{"href":"https:\/\/bagfactory.eu\/fr\/wp-json\/wp\/v2\/pages"}],"about":[{"href":"https:\/\/bagfactory.eu\/fr\/wp-json\/wp\/v2\/types\/page"}],"author":[{"embeddable":true,"href":"https:\/\/bagfactory.eu\/fr\/wp-json\/wp\/v2\/users\/8"}],"replies":[{"embeddable":true,"href":"https:\/\/bagfactory.eu\/fr\/wp-json\/wp\/v2\/comments?post=201996"}],"version-history":[{"count":1,"href":"https:\/\/bagfactory.eu\/fr\/wp-json\/wp\/v2\/pages\/201996\/revisions"}],"predecessor-version":[{"id":201997,"href":"https:\/\/bagfactory.eu\/fr\/wp-json\/wp\/v2\/pages\/201996\/revisions\/201997"}],"up":[{"embeddable":true,"href":"https:\/\/bagfactory.eu\/fr\/wp-json\/wp\/v2\/pages\/233406"}],"wp:featuredmedia":[{"embeddable":true,"href":"https:\/\/bagfactory.eu\/fr\/wp-json\/wp\/v2\/media\/55785"}],"wp:attachment":[{"href":"https:\/\/bagfactory.eu\/fr\/wp-json\/wp\/v2\/media?parent=201996"}],"curies":[{"name":"wp","href":"https:\/\/api.w.org\/{rel}","templated":true}]}}