{"id":233409,"date":"2021-05-17T23:22:04","date_gmt":"2021-05-17T21:22:04","guid":{"rendered":"https:\/\/bagfactory.eu\/quality-certifications\/"},"modified":"2026-01-07T12:40:49","modified_gmt":"2026-01-07T10:40:49","slug":"quality-certifications","status":"publish","type":"page","link":"https:\/\/bagfactory.eu\/fr\/quality-certifications\/","title":{"rendered":"Qualit\u00e9 et certifications"},"content":{"rendered":"\t\t<div data-elementor-type=\"wp-page\" data-elementor-id=\"233409\" class=\"elementor elementor-233409 elementor-17\" data-elementor-settings=\"{&quot;element_pack_global_tooltip_width&quot;:{&quot;unit&quot;:&quot;px&quot;,&quot;size&quot;:&quot;&quot;,&quot;sizes&quot;:[]},&quot;element_pack_global_tooltip_width_tablet&quot;:{&quot;unit&quot;:&quot;px&quot;,&quot;size&quot;:&quot;&quot;,&quot;sizes&quot;:[]},&quot;element_pack_global_tooltip_width_mobile&quot;:{&quot;unit&quot;:&quot;px&quot;,&quot;size&quot;:&quot;&quot;,&quot;sizes&quot;:[]},&quot;element_pack_global_tooltip_padding&quot;:{&quot;unit&quot;:&quot;px&quot;,&quot;top&quot;:&quot;&quot;,&quot;right&quot;:&quot;&quot;,&quot;bottom&quot;:&quot;&quot;,&quot;left&quot;:&quot;&quot;,&quot;isLinked&quot;:true},&quot;element_pack_global_tooltip_padding_tablet&quot;:{&quot;unit&quot;:&quot;px&quot;,&quot;top&quot;:&quot;&quot;,&quot;right&quot;:&quot;&quot;,&quot;bottom&quot;:&quot;&quot;,&quot;left&quot;:&quot;&quot;,&quot;isLinked&quot;:true},&quot;element_pack_global_tooltip_padding_mobile&quot;:{&quot;unit&quot;:&quot;px&quot;,&quot;top&quot;:&quot;&quot;,&quot;right&quot;:&quot;&quot;,&quot;bottom&quot;:&quot;&quot;,&quot;left&quot;:&quot;&quot;,&quot;isLinked&quot;:true},&quot;element_pack_global_tooltip_border_radius&quot;:{&quot;unit&quot;:&quot;px&quot;,&quot;top&quot;:&quot;&quot;,&quot;right&quot;:&quot;&quot;,&quot;bottom&quot;:&quot;&quot;,&quot;left&quot;:&quot;&quot;,&quot;isLinked&quot;:true},&quot;element_pack_global_tooltip_border_radius_tablet&quot;:{&quot;unit&quot;:&quot;px&quot;,&quot;top&quot;:&quot;&quot;,&quot;right&quot;:&quot;&quot;,&quot;bottom&quot;:&quot;&quot;,&quot;left&quot;:&quot;&quot;,&quot;isLinked&quot;:true},&quot;element_pack_global_tooltip_border_radius_mobile&quot;:{&quot;unit&quot;:&quot;px&quot;,&quot;top&quot;:&quot;&quot;,&quot;right&quot;:&quot;&quot;,&quot;bottom&quot;:&quot;&quot;,&quot;left&quot;:&quot;&quot;,&quot;isLinked&quot;:true}}\" data-elementor-post-type=\"page\">\n\t\t\t\t<div class=\"has_eae_slider elementor-element elementor-element-7af9abe e-flex e-con-boxed e-con e-parent\" data-eae-slider=\"83065\" data-id=\"7af9abe\" data-element_type=\"container\">\n\t\t\t\t\t<div class=\"e-con-inner\">\n\t\t<div class=\"has_eae_slider elementor-element elementor-element-7420e81 e-con-full e-flex e-con e-child\" data-eae-slider=\"65826\" data-id=\"7420e81\" data-element_type=\"container\">\n\t\t\t\t<div class=\"elementor-element elementor-element-ec10924 elementor-widget elementor-widget-spacer\" data-id=\"ec10924\" data-element_type=\"widget\" data-widget_type=\"spacer.default\">\n\t\t\t\t<div class=\"elementor-widget-container\">\n\t\t\t\t\t\t\t<div class=\"elementor-spacer\">\n\t\t\t<div class=\"elementor-spacer-inner\"><\/div>\n\t\t<\/div>\n\t\t\t\t\t\t<\/div>\n\t\t\t\t<\/div>\n\t\t\t\t<div class=\"elementor-element elementor-element-0d446bd elementor-widget elementor-widget-heading\" data-id=\"0d446bd\" data-element_type=\"widget\" data-widget_type=\"heading.default\">\n\t\t\t\t<div class=\"elementor-widget-container\">\n\t\t\t\t\t<h2 class=\"elementor-heading-title elementor-size-default\">Bagfactory respecte les normes industrielles les plus \u00e9lev\u00e9es, valid\u00e9es par des certifications internationales de qualit\u00e9.<\/h2>\t\t\t\t<\/div>\n\t\t\t\t<\/div>\n\t\t\t\t<\/div>\n\t\t<div class=\"has_eae_slider elementor-element elementor-element-5d38f57 e-con-full e-flex e-con e-child\" data-eae-slider=\"76393\" data-id=\"5d38f57\" data-element_type=\"container\">\n\t\t\t\t<div class=\"elementor-element elementor-element-d964c55 elementor-widget elementor-widget-spacer\" data-id=\"d964c55\" data-element_type=\"widget\" data-widget_type=\"spacer.default\">\n\t\t\t\t<div class=\"elementor-widget-container\">\n\t\t\t\t\t\t\t<div class=\"elementor-spacer\">\n\t\t\t<div class=\"elementor-spacer-inner\"><\/div>\n\t\t<\/div>\n\t\t\t\t\t\t<\/div>\n\t\t\t\t<\/div>\n\t\t\t\t<div class=\"elementor-element elementor-element-7474ed4 elementor-widget elementor-widget-text-editor\" data-id=\"7474ed4\" data-element_type=\"widget\" data-widget_type=\"text-editor.default\">\n\t\t\t\t<div class=\"elementor-widget-container\">\n\t\t\t\t\t\t\t\t\t<p>Nous mettons en \u0153uvre des syst\u00e8mes et des proc\u00e9dures efficaces pour<br \/>garantir la qualit\u00e9 de nos sacs \u00e0 chaque \u00e9tape de la production.<br \/>Nos certifications assurent que des produits de haute qualit\u00e9 sont<br \/>fabriqu\u00e9s.<\/p>\n\t\t\t\t\t\t\t\t<\/div>\n\t\t\t\t<\/div>\n\t\t\t\t<\/div>\n\t\t\t\t\t<\/div>\n\t\t\t\t<\/div>\n\t\t<div class=\"has_eae_slider elementor-element elementor-element-260d51f e-flex e-con-boxed e-con e-parent\" data-eae-slider=\"23403\" data-id=\"260d51f\" data-element_type=\"container\">\n\t\t\t\t\t<div class=\"e-con-inner\">\n\t\t<div class=\"has_eae_slider elementor-element elementor-element-7ebbe00 e-grid e-con-full e-con e-child\" data-eae-slider=\"73190\" data-id=\"7ebbe00\" data-element_type=\"container\">\n\t\t\t\t<div class=\"elementor-element elementor-element-0442cf1 elementor-position-top elementor-widget elementor-widget-image-box\" data-id=\"0442cf1\" data-element_type=\"widget\" data-widget_type=\"image-box.default\">\n\t\t\t\t<div class=\"elementor-widget-container\">\n\t\t\t\t\t<div class=\"elementor-image-box-wrapper\"><figure class=\"elementor-image-box-img\"><img fetchpriority=\"high\" decoding=\"async\" width=\"452\" height=\"338\" src=\"https:\/\/bagfactory.eu\/wp-content\/uploads\/2025\/02\/BRC-Packaging-Materials-grayscale-transparent.png\" class=\"attachment-full size-full wp-image-198275\" alt=\"bag producer\" srcset=\"https:\/\/bagfactory.eu\/wp-content\/uploads\/2025\/02\/BRC-Packaging-Materials-grayscale-transparent.png 452w, https:\/\/bagfactory.eu\/wp-content\/uploads\/2025\/02\/BRC-Packaging-Materials-grayscale-transparent-300x224.png 300w\" sizes=\"(max-width: 452px) 100vw, 452px\" \/><\/figure><div class=\"elementor-image-box-content\"><p class=\"elementor-image-box-description\">La certification BRC Packaging garantit la s\u00e9curit\u00e9, la qualit\u00e9 et la conformit\u00e9 l\u00e9gale des mat\u00e9riaux d\u2019emballage, en particulier pour les produits alimentaires et de consommation. Reconnue par la Global Food Safety Initiative (GFSI), elle couvre l\u2019hygi\u00e8ne, la s\u00e9curit\u00e9 et la conformit\u00e9 r\u00e9glementaire \u00e0 toutes les \u00e9tapes des processus de fabrication et d\u2019impression. La certification BRCGS d\u00e9montre un engagement \u00e0 fournir des solutions d\u2019emballage fiables, de haute qualit\u00e9 et s\u00fbres.<br><br><a href=\"https:\/\/www.brcgs.com\/\" target=\"_blank\" rel=\"noopener\">BRCGS Packaging Certification<\/a> \u00bb<\/p><\/div><\/div>\t\t\t\t<\/div>\n\t\t\t\t<\/div>\n\t\t\t\t<div class=\"elementor-element elementor-element-149e1b6 elementor-position-top elementor-widget elementor-widget-image-box\" data-id=\"149e1b6\" data-element_type=\"widget\" data-widget_type=\"image-box.default\">\n\t\t\t\t<div class=\"elementor-widget-container\">\n\t\t\t\t\t<div class=\"elementor-image-box-wrapper\"><figure class=\"elementor-image-box-img\"><img decoding=\"async\" width=\"338\" height=\"188\" src=\"https:\/\/bagfactory.eu\/wp-content\/uploads\/2025\/01\/Okeo-Tex-standart-100.jpg\" class=\"attachment-full size-full wp-image-111033\" alt=\"bag producer\" srcset=\"https:\/\/bagfactory.eu\/wp-content\/uploads\/2025\/01\/Okeo-Tex-standart-100.jpg 338w, https:\/\/bagfactory.eu\/wp-content\/uploads\/2025\/01\/Okeo-Tex-standart-100-300x167.jpg 300w\" sizes=\"(max-width: 338px) 100vw, 338px\" \/><\/figure><div class=\"elementor-image-box-content\"><p class=\"elementor-image-box-description\">OEKO-TEX\u00ae Standard 100 est une certification reconnue mondialement qui garantit que les textiles et produits associ\u00e9s sont exempts de substances nocives et s\u00fbrs pour l\u2019usage humain. OEKO-TEX couvre toutes les \u00e9tapes de production, des mati\u00e8res premi\u00e8res au produit final, assurant le respect de normes strictes en mati\u00e8re de s\u00e9curit\u00e9 chimique. Il constitue une r\u00e9f\u00e9rence en mati\u00e8re de durabilit\u00e9 et de s\u00e9curit\u00e9 pour les consommateurs dans l\u2019industrie textile.<br><br><a href=\"https:\/\/www.oeko-tex.com\/\" target=\"_blank\" rel=\"noopener\">OEKO-TEX Standard 100<\/a><\/p><\/div><\/div>\t\t\t\t<\/div>\n\t\t\t\t<\/div>\n\t\t\t\t<div class=\"elementor-element elementor-element-26bb794 elementor-position-top elementor-widget elementor-widget-image-box\" data-id=\"26bb794\" data-element_type=\"widget\" data-widget_type=\"image-box.default\">\n\t\t\t\t<div class=\"elementor-widget-container\">\n\t\t\t\t\t<div class=\"elementor-image-box-wrapper\"><figure class=\"elementor-image-box-img\"><img decoding=\"async\" width=\"866\" height=\"650\" src=\"https:\/\/bagfactory.eu\/wp-content\/uploads\/2025\/08\/CU-1-1.png\" class=\"attachment-full size-full wp-image-233118\" alt=\"bag producer\" srcset=\"https:\/\/bagfactory.eu\/wp-content\/uploads\/2025\/08\/CU-1-1.png 866w, https:\/\/bagfactory.eu\/wp-content\/uploads\/2025\/08\/CU-1-1-300x225.png 300w, https:\/\/bagfactory.eu\/wp-content\/uploads\/2025\/08\/CU-1-1-768x576.png 768w, https:\/\/bagfactory.eu\/wp-content\/uploads\/2025\/08\/CU-1-1-16x12.png 16w, https:\/\/bagfactory.eu\/wp-content\/uploads\/2025\/08\/CU-1-1-650x488.png 650w\" sizes=\"(max-width: 866px) 100vw, 866px\" \/><\/figure><div class=\"elementor-image-box-content\"><p class=\"elementor-image-box-description\">La norme Global Recycled Standard (GRS) v\u00e9rifie le pourcentage de contenu recycl\u00e9 et assure sa tra\u00e7abilit\u00e9 depuis le recycleur jusqu\u2019au produit final. De plus, les installations, du recycleur au fournisseur final, respectent des exigences sociales, environnementales et chimiques. Certains produits Bagfactory sont certifi\u00e9s GRS, sur la base de certificats de transaction valides. Bagfactory est certifi\u00e9e selon la norme Global Recycled Standard, certifi\u00e9e par Control Union 1114812. Seuls les produits couverts par un certificat de transaction valide sont certifi\u00e9s GRS.<br><br><a href=\"https:\/\/www.controlunion.com\/certification-program\/grs-global-recycled-standard\/\" target=\"_blank\" rel=\"noopener\">Global Recycled Standard (GRS)<\/a><\/p><\/div><\/div>\t\t\t\t<\/div>\n\t\t\t\t<\/div>\n\t\t\t\t<\/div>\n\t\t\t\t\t<\/div>\n\t\t\t\t<\/div>\n\t\t\t\t<section class=\"has_eae_slider elementor-section elementor-top-section elementor-element elementor-element-4e45594 elementor-section-full_width elementor-section-height-default elementor-section-height-default\" data-eae-slider=\"18029\" data-id=\"4e45594\" data-element_type=\"section\">\n\t\t\t\t\t\t<div class=\"elementor-container elementor-column-gap-wider\">\n\t\t\t\t\t<div class=\"has_eae_slider elementor-column elementor-col-100 elementor-top-column elementor-element elementor-element-32b1b30\" data-eae-slider=\"86610\" data-id=\"32b1b30\" data-element_type=\"column\">\n\t\t\t<div class=\"elementor-widget-wrap elementor-element-populated\">\n\t\t\t\t\t\t<div class=\"elementor-element elementor-element-44cfa90 elementor-widget elementor-widget-heading\" data-id=\"44cfa90\" data-element_type=\"widget\" data-widget_type=\"heading.default\">\n\t\t\t\t<div class=\"elementor-widget-container\">\n\t\t\t\t\t<h2 class=\"elementor-heading-title elementor-size-default\"><a href=\"https:\/\/bagfactory.eu\/products\/\">Nos produits<\/a><\/h2>\t\t\t\t<\/div>\n\t\t\t\t<\/div>\n\t\t\t\t<div class=\"elementor-element elementor-element-a114916 elementor-widget-divider--view-line elementor-widget elementor-widget-divider\" data-id=\"a114916\" data-element_type=\"widget\" data-widget_type=\"divider.default\">\n\t\t\t\t<div class=\"elementor-widget-container\">\n\t\t\t\t\t\t\t<div class=\"elementor-divider\">\n\t\t\t<span class=\"elementor-divider-separator\">\n\t\t\t\t\t\t<\/span>\n\t\t<\/div>\n\t\t\t\t\t\t<\/div>\n\t\t\t\t<\/div>\n\t\t\t\t\t<\/div>\n\t\t<\/div>\n\t\t\t\t\t<\/div>\n\t\t<\/section>\n\t\t\t\t<\/div>\n\t\t","protected":false},"excerpt":{"rendered":"<p>Bagfactory respecte les normes industrielles les plus \u00e9lev\u00e9es, valid\u00e9es par des certifications internationales de qualit\u00e9. Nous mettons en \u0153uvre des syst\u00e8mes et [&hellip;]<\/p>\n","protected":false},"author":8,"featured_media":192908,"parent":0,"menu_order":0,"comment_status":"closed","ping_status":"closed","template":"elementor_header_footer","meta":{"_acf_changed":false,"footnotes":""},"class_list":["post-233409","page","type-page","status-publish","has-post-thumbnail","hentry"],"acf":[],"_links":{"self":[{"href":"https:\/\/bagfactory.eu\/fr\/wp-json\/wp\/v2\/pages\/233409","targetHints":{"allow":["GET"]}}],"collection":[{"href":"https:\/\/bagfactory.eu\/fr\/wp-json\/wp\/v2\/pages"}],"about":[{"href":"https:\/\/bagfactory.eu\/fr\/wp-json\/wp\/v2\/types\/page"}],"author":[{"embeddable":true,"href":"https:\/\/bagfactory.eu\/fr\/wp-json\/wp\/v2\/users\/8"}],"replies":[{"embeddable":true,"href":"https:\/\/bagfactory.eu\/fr\/wp-json\/wp\/v2\/comments?post=233409"}],"version-history":[{"count":5,"href":"https:\/\/bagfactory.eu\/fr\/wp-json\/wp\/v2\/pages\/233409\/revisions"}],"predecessor-version":[{"id":234704,"href":"https:\/\/bagfactory.eu\/fr\/wp-json\/wp\/v2\/pages\/233409\/revisions\/234704"}],"wp:featuredmedia":[{"embeddable":true,"href":"https:\/\/bagfactory.eu\/fr\/wp-json\/wp\/v2\/media\/192908"}],"wp:attachment":[{"href":"https:\/\/bagfactory.eu\/fr\/wp-json\/wp\/v2\/media?parent=233409"}],"curies":[{"name":"wp","href":"https:\/\/api.w.org\/{rel}","templated":true}]}}