{"id":201219,"date":"2021-06-03T23:13:15","date_gmt":"2021-06-03T21:13:15","guid":{"rendered":"https:\/\/bagfactory.eu\/ultrasound-material-thermal-joining-pet-rpet-go\/"},"modified":"2025-12-18T13:24:04","modified_gmt":"2025-12-18T11:24:04","slug":"ultrasound-material-thermal-joining-pet-rpet-go","status":"publish","type":"page","link":"https:\/\/bagfactory.eu\/it\/eu-funding\/ultrasound-material-thermal-joining-pet-rpet-go\/","title":{"rendered":"Ultrasound material thermal joining (PET-RPET GO)"},"content":{"rendered":"\t\t<div data-elementor-type=\"wp-page\" data-elementor-id=\"201219\" class=\"elementor elementor-201219 elementor-16017\" data-elementor-settings=\"{&quot;element_pack_global_tooltip_width&quot;:{&quot;unit&quot;:&quot;px&quot;,&quot;size&quot;:&quot;&quot;,&quot;sizes&quot;:[]},&quot;element_pack_global_tooltip_width_tablet&quot;:{&quot;unit&quot;:&quot;px&quot;,&quot;size&quot;:&quot;&quot;,&quot;sizes&quot;:[]},&quot;element_pack_global_tooltip_width_mobile&quot;:{&quot;unit&quot;:&quot;px&quot;,&quot;size&quot;:&quot;&quot;,&quot;sizes&quot;:[]},&quot;element_pack_global_tooltip_padding&quot;:{&quot;unit&quot;:&quot;px&quot;,&quot;top&quot;:&quot;&quot;,&quot;right&quot;:&quot;&quot;,&quot;bottom&quot;:&quot;&quot;,&quot;left&quot;:&quot;&quot;,&quot;isLinked&quot;:true},&quot;element_pack_global_tooltip_padding_tablet&quot;:{&quot;unit&quot;:&quot;px&quot;,&quot;top&quot;:&quot;&quot;,&quot;right&quot;:&quot;&quot;,&quot;bottom&quot;:&quot;&quot;,&quot;left&quot;:&quot;&quot;,&quot;isLinked&quot;:true},&quot;element_pack_global_tooltip_padding_mobile&quot;:{&quot;unit&quot;:&quot;px&quot;,&quot;top&quot;:&quot;&quot;,&quot;right&quot;:&quot;&quot;,&quot;bottom&quot;:&quot;&quot;,&quot;left&quot;:&quot;&quot;,&quot;isLinked&quot;:true},&quot;element_pack_global_tooltip_border_radius&quot;:{&quot;unit&quot;:&quot;px&quot;,&quot;top&quot;:&quot;&quot;,&quot;right&quot;:&quot;&quot;,&quot;bottom&quot;:&quot;&quot;,&quot;left&quot;:&quot;&quot;,&quot;isLinked&quot;:true},&quot;element_pack_global_tooltip_border_radius_tablet&quot;:{&quot;unit&quot;:&quot;px&quot;,&quot;top&quot;:&quot;&quot;,&quot;right&quot;:&quot;&quot;,&quot;bottom&quot;:&quot;&quot;,&quot;left&quot;:&quot;&quot;,&quot;isLinked&quot;:true},&quot;element_pack_global_tooltip_border_radius_mobile&quot;:{&quot;unit&quot;:&quot;px&quot;,&quot;top&quot;:&quot;&quot;,&quot;right&quot;:&quot;&quot;,&quot;bottom&quot;:&quot;&quot;,&quot;left&quot;:&quot;&quot;,&quot;isLinked&quot;:true}}\" data-elementor-post-type=\"page\">\n\t\t\t\t<div class=\"has_eae_slider elementor-element elementor-element-c98e92d e-flex e-con-boxed e-con e-parent\" data-eae-slider=\"47027\" data-id=\"c98e92d\" data-element_type=\"container\">\n\t\t\t\t\t<div class=\"e-con-inner\">\n\t\t<div class=\"has_eae_slider elementor-element elementor-element-7da223f e-con-full e-flex e-con e-child\" data-eae-slider=\"30340\" data-id=\"7da223f\" data-element_type=\"container\">\n\t\t\t\t<div class=\"elementor-element elementor-element-75cb23a elementor-widget elementor-widget-heading\" data-id=\"75cb23a\" data-element_type=\"widget\" data-widget_type=\"heading.default\">\n\t\t\t\t<div class=\"elementor-widget-container\">\n\t\t\t\t\t<h3 class=\"elementor-heading-title elementor-size-default\">Attuazione del progetto <br>\u201cTecnologia flessibile di giunzione termica a ultrasuoni per il processo automatico di produzione di borse non tessute (PET-RPET GO)\"<\/h3>\t\t\t\t<\/div>\n\t\t\t\t<\/div>\n\t\t\t\t<div class=\"elementor-element elementor-element-aaebe36 elementor-view-default elementor-widget elementor-widget-icon\" data-id=\"aaebe36\" data-element_type=\"widget\" data-widget_type=\"icon.default\">\n\t\t\t\t<div class=\"elementor-widget-container\">\n\t\t\t\t\t\t\t<div class=\"elementor-icon-wrapper\">\n\t\t\t<div class=\"elementor-icon\">\n\t\t\t\t\t\t<\/div>\n\t\t<\/div>\n\t\t\t\t\t\t<\/div>\n\t\t\t\t<\/div>\n\t\t\t\t<\/div>\n\t\t<div class=\"has_eae_slider elementor-element elementor-element-870989d e-con-full e-flex e-con e-child\" data-eae-slider=\"4221\" data-id=\"870989d\" data-element_type=\"container\">\n\t\t\t\t<div class=\"elementor-element elementor-element-694056c elementor-widget elementor-widget-image\" data-id=\"694056c\" data-element_type=\"widget\" data-widget_type=\"image.default\">\n\t\t\t\t<div class=\"elementor-widget-container\">\n\t\t\t\t\t\t\t\t\t\t\t\t\t\t\t<img fetchpriority=\"high\" decoding=\"async\" width=\"768\" height=\"171\" src=\"https:\/\/bagfactory.eu\/wp-content\/uploads\/2021\/06\/LVPA-and-ES-Funding-e1623259003342-768x171.jpg\" class=\"attachment-medium_large size-medium_large wp-image-201220\" alt=\"Non woven and Paper Bag manufacturers\" srcset=\"https:\/\/bagfactory.eu\/wp-content\/uploads\/2021\/06\/LVPA-and-ES-Funding-e1623259003342-768x171.jpg 768w, https:\/\/bagfactory.eu\/wp-content\/uploads\/2021\/06\/LVPA-and-ES-Funding-e1623259003342-600x133.jpg 600w, https:\/\/bagfactory.eu\/wp-content\/uploads\/2021\/06\/LVPA-and-ES-Funding-e1623259003342-300x67.jpg 300w, https:\/\/bagfactory.eu\/wp-content\/uploads\/2021\/06\/LVPA-and-ES-Funding-e1623259003342-1024x228.jpg 1024w, https:\/\/bagfactory.eu\/wp-content\/uploads\/2021\/06\/LVPA-and-ES-Funding-e1623259003342.jpg 1444w\" sizes=\"(max-width: 768px) 100vw, 768px\" \/>\t\t\t\t\t\t\t\t\t\t\t\t\t\t\t<\/div>\n\t\t\t\t<\/div>\n\t\t\t\t<div class=\"elementor-element elementor-element-651d90c elementor-widget elementor-widget-text-editor\" data-id=\"651d90c\" data-element_type=\"widget\" data-widget_type=\"text-editor.default\">\n\t\t\t\t<div class=\"elementor-widget-container\">\n\t\t\t\t\t\t\t\t\t<p>UAB Bagfactory \u00e8 un produttore di borse in materiale non tessuto PP, leader di mercato in Lituania e tra i principali produttori nell\u2019Unione Europea.<\/p> <p>Nel processo produttivo l\u2019azienda utilizza tecnologie a ultrasuoni per la saldatura termica dei bordi. I processi tecnologici basati sugli ultrasuoni vengono costantemente migliorati e, di recente, la linea di produzione ha introdotto un\u2019innovazione sviluppata dagli specialisti dell\u2019azienda che ha permesso di ottimizzare il processo standard e raggiungere una velocit\u00e0 di produzione di 50 sacchetti PP al minuto.<\/p> <p>Attualmente il richiedente, con la partecipazione dei ricercatori dell\u2019Istituto Ultrasuoni della KTU, sta modellando il processo produttivo per borse in materiale non tessuto PET e sta analizzando anche i processi per borse in materiale non tessuto RPET. I risultati delle ricerche mostrano non solo che esistono basi realistiche per sviluppare una nuova tecnologia di saldatura termica a ultrasuoni per la produzione automatica di borse in materiale non tessuto PET\/RPET, ma anche che sono gi\u00e0 stati identificati problemi e attivit\u00e0 di ricerca e sviluppo necessarie per risolverli.<\/p> <p>Il progetto presentato ha l\u2019obiettivo di sviluppare una tecnologia flessibile di saldatura termica a ultrasuoni per la produzione automatica di borse in materiale non tessuto PET\/RPET. Le attivit\u00e0 di R&#038;S volte a risolvere i problemi scientifici e tecnologici creeranno una soluzione tecnologica per l\u2019unione a ultrasuoni del materiale non tessuto PET\/RPET in condizioni di processo produttivo automatico, adattabile agli impianti attualmente utilizzati per la produzione di borse in PP non tessuto. Verranno inoltre create le condizioni necessarie per implementare questo metodo: nel corso del progetto verr\u00e0 sviluppato un modulo automatico per la formatura e il fissaggio delle maniglie destinato alla produzione automatizzata di borse in materiale non tessuto PET\/RPET, che dimostrer\u00e0 l\u2019applicabilit\u00e0 della soluzione al pi\u00f9 standardizzato processo tecnologico produttivo. Il terzo risultato del progetto sar\u00e0 una borsa in materiale non tessuto PET\/RPET con giunzioni realizzate mediante saldatura termica automatica.<\/p> <p>Dal 18 marzo 2019 al 13 marzo 2021, UAB Bagfactory realizza il progetto \u201cTecnologia flessibile di saldatura termica a ultrasuoni per il processo automatico di produzione di borse in materiale non tessuto (PET-RPET GO)\u201d (Nr. J05-LVPA-K-04-0014), finanziato dai fondi dell\u2019Unione Europea 2014\u20132020 (Fondo Europeo di Sviluppo Regionale), Programma Operativo Priorit\u00e0 1 \u201cPromozione della Ricerca, dello Sviluppo Sperimentale e dell\u2019Innovazione\u201d, misura J05-LVPA-K-04 \u201cIntelligence. Progetti congiunti scienza\u2013impresa\u201d.<\/p> <p>Budget del progetto: 867.326,97 EUR.<\/p> <p>Finanziamento ottenuto: 499.947,93 EUR.<\/p> <p>Istituzione attuatrice: Agenzia Lituana per il Sostegno alle Imprese (SE Lithuanian Business Support Agency)<\/p> <p>Maggiori informazioni su domande e progetti:<\/p>\t\t\t\t\t\t\t\t<\/div>\n\t\t\t\t<\/div>\n\t\t\t\t<div class=\"elementor-element elementor-element-1b01202 elementor-widget elementor-widget-text-editor\" data-id=\"1b01202\" data-element_type=\"widget\" data-widget_type=\"text-editor.default\">\n\t\t\t\t<div class=\"elementor-widget-container\">\n\t\t\t\t\t\t\t\t\t<p><a href=\"https:\/\/www.esinvesticijos.lt\/lt\/finansavimas\/paraiskos_ir_projektai\/lanksti-ultragarsine-medziagos-terminio-sujungimo-technologija-automatiniam-neaustines-medziagos-maiseliu-gamybos-procesui-pet-rpet-go\" target=\"_blank\" rel=\"noopener\">Sito ufficiale dei finanziamenti UE<\/a><\/p>\t\t\t\t\t\t\t\t<\/div>\n\t\t\t\t<\/div>\n\t\t\t\t<\/div>\n\t\t\t\t\t<\/div>\n\t\t\t\t<\/div>\n\t\t\t\t<\/div>\n\t\t","protected":false},"excerpt":{"rendered":"<p>Attuazione del progetto \u201cTecnologia flessibile di giunzione termica a ultrasuoni per il processo automatico di produzione di borse non tessute (PET-RPET GO)&#8221; [&hellip;]<\/p>\n","protected":false},"author":8,"featured_media":201232,"parent":233526,"menu_order":0,"comment_status":"closed","ping_status":"closed","template":"elementor_header_footer","meta":{"_acf_changed":false,"footnotes":""},"class_list":["post-201219","page","type-page","status-publish","has-post-thumbnail","hentry"],"acf":[],"_links":{"self":[{"href":"https:\/\/bagfactory.eu\/it\/wp-json\/wp\/v2\/pages\/201219","targetHints":{"allow":["GET"]}}],"collection":[{"href":"https:\/\/bagfactory.eu\/it\/wp-json\/wp\/v2\/pages"}],"about":[{"href":"https:\/\/bagfactory.eu\/it\/wp-json\/wp\/v2\/types\/page"}],"author":[{"embeddable":true,"href":"https:\/\/bagfactory.eu\/it\/wp-json\/wp\/v2\/users\/8"}],"replies":[{"embeddable":true,"href":"https:\/\/bagfactory.eu\/it\/wp-json\/wp\/v2\/comments?post=201219"}],"version-history":[{"count":1,"href":"https:\/\/bagfactory.eu\/it\/wp-json\/wp\/v2\/pages\/201219\/revisions"}],"predecessor-version":[{"id":201233,"href":"https:\/\/bagfactory.eu\/it\/wp-json\/wp\/v2\/pages\/201219\/revisions\/201233"}],"up":[{"embeddable":true,"href":"https:\/\/bagfactory.eu\/it\/wp-json\/wp\/v2\/pages\/233526"}],"wp:featuredmedia":[{"embeddable":true,"href":"https:\/\/bagfactory.eu\/it\/wp-json\/wp\/v2\/media\/201232"}],"wp:attachment":[{"href":"https:\/\/bagfactory.eu\/it\/wp-json\/wp\/v2\/media?parent=201219"}],"curies":[{"name":"wp","href":"https:\/\/api.w.org\/{rel}","templated":true}]}}