{"id":201888,"date":"2021-06-13T21:44:44","date_gmt":"2021-06-13T19:44:44","guid":{"rendered":"https:\/\/bagfactory.eu\/cookies-policy\/"},"modified":"2025-12-18T13:24:04","modified_gmt":"2025-12-18T11:24:04","slug":"cookies-policy","status":"publish","type":"page","link":"https:\/\/bagfactory.eu\/it\/cookies-policy\/","title":{"rendered":"Cookies Policy"},"content":{"rendered":"\t\t<div data-elementor-type=\"wp-page\" data-elementor-id=\"201888\" class=\"elementor elementor-201888 elementor-17938\" data-elementor-settings=\"{&quot;element_pack_global_tooltip_width&quot;:{&quot;unit&quot;:&quot;px&quot;,&quot;size&quot;:&quot;&quot;,&quot;sizes&quot;:[]},&quot;element_pack_global_tooltip_width_tablet&quot;:{&quot;unit&quot;:&quot;px&quot;,&quot;size&quot;:&quot;&quot;,&quot;sizes&quot;:[]},&quot;element_pack_global_tooltip_width_mobile&quot;:{&quot;unit&quot;:&quot;px&quot;,&quot;size&quot;:&quot;&quot;,&quot;sizes&quot;:[]},&quot;element_pack_global_tooltip_padding&quot;:{&quot;unit&quot;:&quot;px&quot;,&quot;top&quot;:&quot;&quot;,&quot;right&quot;:&quot;&quot;,&quot;bottom&quot;:&quot;&quot;,&quot;left&quot;:&quot;&quot;,&quot;isLinked&quot;:true},&quot;element_pack_global_tooltip_padding_tablet&quot;:{&quot;unit&quot;:&quot;px&quot;,&quot;top&quot;:&quot;&quot;,&quot;right&quot;:&quot;&quot;,&quot;bottom&quot;:&quot;&quot;,&quot;left&quot;:&quot;&quot;,&quot;isLinked&quot;:true},&quot;element_pack_global_tooltip_padding_mobile&quot;:{&quot;unit&quot;:&quot;px&quot;,&quot;top&quot;:&quot;&quot;,&quot;right&quot;:&quot;&quot;,&quot;bottom&quot;:&quot;&quot;,&quot;left&quot;:&quot;&quot;,&quot;isLinked&quot;:true},&quot;element_pack_global_tooltip_border_radius&quot;:{&quot;unit&quot;:&quot;px&quot;,&quot;top&quot;:&quot;&quot;,&quot;right&quot;:&quot;&quot;,&quot;bottom&quot;:&quot;&quot;,&quot;left&quot;:&quot;&quot;,&quot;isLinked&quot;:true},&quot;element_pack_global_tooltip_border_radius_tablet&quot;:{&quot;unit&quot;:&quot;px&quot;,&quot;top&quot;:&quot;&quot;,&quot;right&quot;:&quot;&quot;,&quot;bottom&quot;:&quot;&quot;,&quot;left&quot;:&quot;&quot;,&quot;isLinked&quot;:true},&quot;element_pack_global_tooltip_border_radius_mobile&quot;:{&quot;unit&quot;:&quot;px&quot;,&quot;top&quot;:&quot;&quot;,&quot;right&quot;:&quot;&quot;,&quot;bottom&quot;:&quot;&quot;,&quot;left&quot;:&quot;&quot;,&quot;isLinked&quot;:true}}\" data-elementor-post-type=\"page\">\n\t\t\t\t\t\t<section class=\"has_eae_slider elementor-section elementor-top-section elementor-element elementor-element-1d19704 elementor-section-height-min-height elementor-section-items-bottom elementor-section-full_width elementor-section-height-default\" data-eae-slider=\"64702\" data-id=\"1d19704\" data-element_type=\"section\" data-settings=\"{&quot;background_background&quot;:&quot;classic&quot;}\">\n\t\t\t\t\t\t<div class=\"elementor-container elementor-column-gap-default\">\n\t\t\t\t\t<div class=\"has_eae_slider elementor-column elementor-col-100 elementor-top-column elementor-element elementor-element-53f7e47\" data-eae-slider=\"50626\" data-id=\"53f7e47\" data-element_type=\"column\">\n\t\t\t<div class=\"elementor-widget-wrap elementor-element-populated\">\n\t\t\t\t\t\t<div class=\"elementor-element elementor-element-9e1895a elementor-widget elementor-widget-heading\" data-id=\"9e1895a\" data-element_type=\"widget\" data-widget_type=\"heading.default\">\n\t\t\t\t<div class=\"elementor-widget-container\">\n\t\t\t\t\t<h2 class=\"elementor-heading-title elementor-size-default\">Politica sui cookie<\/h2>\t\t\t\t<\/div>\n\t\t\t\t<\/div>\n\t\t\t\t\t<\/div>\n\t\t<\/div>\n\t\t\t\t\t<\/div>\n\t\t<\/section>\n\t\t\t\t<section class=\"has_eae_slider elementor-section elementor-top-section elementor-element elementor-element-0353795 elementor-section-full_width elementor-section-height-default elementor-section-height-default\" data-eae-slider=\"93150\" data-id=\"0353795\" data-element_type=\"section\">\n\t\t\t\t\t\t<div class=\"elementor-container elementor-column-gap-default\">\n\t\t\t\t\t<div class=\"has_eae_slider elementor-column elementor-col-100 elementor-top-column elementor-element elementor-element-522bfab\" data-eae-slider=\"51608\" data-id=\"522bfab\" data-element_type=\"column\">\n\t\t\t<div class=\"elementor-widget-wrap elementor-element-populated\">\n\t\t\t\t\t\t<div class=\"elementor-element elementor-element-1e4a8ae elementor-widget elementor-widget-text-editor\" data-id=\"1e4a8ae\" data-element_type=\"widget\" data-widget_type=\"text-editor.default\">\n\t\t\t\t<div class=\"elementor-widget-container\">\n\t\t\t\t\t\t\t\t\t<p><strong>POLITICA SULLA PRIVACY E SUI COOKIE<\/strong><\/p><p>Utilizzando questo sito web, Lei acconsente che la societ\u00e0 UAB \u201cBAGFACTORY\u201d, codice 302842562, raccolga e utilizzi i Suoi dati personali cos\u00ec come definito nella presente Informativa sulla Privacy e sui Cookie. UAB \u201cBAGFACTORY\u201d utilizza le informazioni da Lei fornite al momento della registrazione, dell\u2019invio di ordini o richieste, inclusi: nome, cognome, referente, numero di telefono, e-mail e altri dati di contatto (di seguito complessivamente \u201cDati Personali\u201d), al fine di gestire correttamente i Suoi ordini e le Sue richieste.<\/p><p><u>Utilizzo dei cookie sul nostro sito:<\/u><\/p><p><span style=\"text-decoration: underline;\">Cookie analitici:<\/span><br>I cookie analitici vengono utilizzati per comprendere come i visitatori interagiscono con il sito web. Tali cookie forniscono informazioni su metriche come numero di visitatori, frequenza di rimbalzo, provenienza del traffico e altri dati statistici.<\/p><p>[cookie_audit category=&#8221;analytics&#8221; style=&#8221;winter&#8221; columns=&#8221;cookie,duration,description&#8221;]<\/p><p><span style=\"text-decoration: underline;\">Cookie necessari:<\/span><br>I cookie necessari sono essenziali per il corretto funzionamento del sito. Essi garantiscono funzionalit\u00e0 di base e caratteristiche di sicurezza del sito web, in forma anonima.<\/p><p>[cookie_audit category=&#8221;necessary&#8221; style=&#8221;winter&#8221; columns=&#8221;cookie,duration,description&#8221;]<\/p><p><strong>Disposizioni generali<\/strong><\/p><p>UAB \u201cBAGFACTORY\u201d non vende n\u00e9 trasmette i Suoi Dati Personali a terze parti senza il Suo esplicito consenso. Nessuna terza parte pu\u00f2 offrire beni o servizi tramite i sistemi elettronici di UAB \u201cBAGFACTORY\u201d. UAB \u201cBAGFACTORY\u201d non utilizzer\u00e0 i Suoi Dati Personali per finalit\u00e0 di marketing diretto senza il Suo consenso, e in ogni caso Le verr\u00e0 sempre data la possibilit\u00e0 di revocarlo.<\/p><p><u>UAB \u201cBAGFACTORY\u201d segue i seguenti principi fondamentali nel trattamento dei dati personali:<\/u><\/p>\n<ol><li>I dati personali sono raccolti per scopi specifici e legittimi;<\/li><li>I dati personali sono trattati in modo accurato e corretto;<\/li><li>I dati personali sono trattati in modo lecito;<\/li><li>Tutte le informazioni relative ai dati personali trattati sono mantenute riservate.<\/li><\/ol><p>Per la gestione e la protezione dei Suoi Dati Personali, UAB \u201cBAGFACTORY\u201d applica misure organizzative e tecniche che garantiscono la protezione dei dati contro distruzione accidentale o illecita, alterazione, divulgazione o qualsiasi altra forma di trattamento illecito. I Dati Personali sono trattati in conformit\u00e0 al Regolamento (UE) 2016\/679 del Parlamento Europeo e del Consiglio del 27 aprile 2016.<\/p><p><u>I dati personali vengono raccolti e trattati per i seguenti scopi:<\/u><\/p><ol><li>Gestire le Sue richieste;<\/li><li>Marketing diretto \u2013 esclusivamente previo Suo consenso e sempre con possibilit\u00e0 di revoca.<\/li><\/ol><p><strong>Diritti dell\u2019interessato<\/strong><\/p><p><u>Autorizzando il trattamento dei Suoi dati personali, Lei ha diritto a:<\/u><\/p><ol><li>Richiedere la correzione, cancellazione o limitazione del trattamento dei Suoi dati qualora trattati in violazione di leggi o della presente informativa;<\/li><li>Opporsi al trattamento dei Suoi dati personali;<\/li><li>Ricevere una risposta da UAB \u201cBAGFACTORY\u201d entro 30 giorni di calendario dalla presentazione della Sua richiesta. Saranno prese in considerazione esclusivamente le richieste inviate via e-mail a: gvidas@bagfactory.eu;<\/li><li>Richiedere il trasferimento o la cancellazione delle informazioni relative alla Sua cronologia dei pagamenti e ai dati forniti. Tali richieste saranno elaborate entro 30 giorni dal loro ricevimento via e-mail all\u2019indirizzo: gvidas@bagfactory.eu.<\/li><\/ol><p><strong>Disposizioni finali<\/strong><\/p><p>Eventuali modifiche sostanziali alla presente Informativa sulla Privacy e sui Cookie verranno comunicate agli utenti via e-mail. UAB \u201cBAGFACTORY\u201d si riserva il diritto di modificare la presente Informativa senza preavviso. Per qualsiasi domanda relativa alla nostra Informativa sulla Privacy e sui Cookie, pu\u00f2 contattarci in qualsiasi momento scrivendo a: gvidas@bagfactory.eu.<\/p><p>Data dell\u2019ultimo aggiornamento del documento: 26\/05\/2020.<\/p>\t\t\t\t\t\t\t\t<\/div>\n\t\t\t\t<\/div>\n\t\t\t\t\t<\/div>\n\t\t<\/div>\n\t\t\t\t\t<\/div>\n\t\t<\/section>\n\t\t\t\t<\/div>\n\t\t","protected":false},"excerpt":{"rendered":"<p>Politica sui cookie POLITICA SULLA PRIVACY E SUI COOKIE Utilizzando questo sito web, Lei acconsente che la societ\u00e0 UAB \u201cBAGFACTORY\u201d, codice 302842562, [&hellip;]<\/p>\n","protected":false},"author":8,"featured_media":0,"parent":0,"menu_order":0,"comment_status":"closed","ping_status":"closed","template":"elementor_header_footer","meta":{"_acf_changed":false,"footnotes":""},"class_list":["post-201888","page","type-page","status-publish","hentry"],"acf":[],"_links":{"self":[{"href":"https:\/\/bagfactory.eu\/it\/wp-json\/wp\/v2\/pages\/201888","targetHints":{"allow":["GET"]}}],"collection":[{"href":"https:\/\/bagfactory.eu\/it\/wp-json\/wp\/v2\/pages"}],"about":[{"href":"https:\/\/bagfactory.eu\/it\/wp-json\/wp\/v2\/types\/page"}],"author":[{"embeddable":true,"href":"https:\/\/bagfactory.eu\/it\/wp-json\/wp\/v2\/users\/8"}],"replies":[{"embeddable":true,"href":"https:\/\/bagfactory.eu\/it\/wp-json\/wp\/v2\/comments?post=201888"}],"version-history":[{"count":1,"href":"https:\/\/bagfactory.eu\/it\/wp-json\/wp\/v2\/pages\/201888\/revisions"}],"predecessor-version":[{"id":201890,"href":"https:\/\/bagfactory.eu\/it\/wp-json\/wp\/v2\/pages\/201888\/revisions\/201890"}],"wp:attachment":[{"href":"https:\/\/bagfactory.eu\/it\/wp-json\/wp\/v2\/media?parent=201888"}],"curies":[{"name":"wp","href":"https:\/\/api.w.org\/{rel}","templated":true}]}}