{"id":201891,"date":"2021-06-11T18:11:47","date_gmt":"2021-06-11T16:11:47","guid":{"rendered":"https:\/\/bagfactory.eu\/non-woven-products-for-covid-19\/"},"modified":"2025-12-18T13:24:04","modified_gmt":"2025-12-18T11:24:04","slug":"non-woven-products-for-covid-19","status":"publish","type":"page","link":"https:\/\/bagfactory.eu\/it\/eu-funding\/non-woven-products-for-covid-19\/","title":{"rendered":"Non-Woven products for COVID-19"},"content":{"rendered":"\t\t<div data-elementor-type=\"wp-page\" data-elementor-id=\"201891\" class=\"elementor elementor-201891 elementor-16873\" data-elementor-settings=\"{&quot;element_pack_global_tooltip_width&quot;:{&quot;unit&quot;:&quot;px&quot;,&quot;size&quot;:&quot;&quot;,&quot;sizes&quot;:[]},&quot;element_pack_global_tooltip_width_tablet&quot;:{&quot;unit&quot;:&quot;px&quot;,&quot;size&quot;:&quot;&quot;,&quot;sizes&quot;:[]},&quot;element_pack_global_tooltip_width_mobile&quot;:{&quot;unit&quot;:&quot;px&quot;,&quot;size&quot;:&quot;&quot;,&quot;sizes&quot;:[]},&quot;element_pack_global_tooltip_padding&quot;:{&quot;unit&quot;:&quot;px&quot;,&quot;top&quot;:&quot;&quot;,&quot;right&quot;:&quot;&quot;,&quot;bottom&quot;:&quot;&quot;,&quot;left&quot;:&quot;&quot;,&quot;isLinked&quot;:true},&quot;element_pack_global_tooltip_padding_tablet&quot;:{&quot;unit&quot;:&quot;px&quot;,&quot;top&quot;:&quot;&quot;,&quot;right&quot;:&quot;&quot;,&quot;bottom&quot;:&quot;&quot;,&quot;left&quot;:&quot;&quot;,&quot;isLinked&quot;:true},&quot;element_pack_global_tooltip_padding_mobile&quot;:{&quot;unit&quot;:&quot;px&quot;,&quot;top&quot;:&quot;&quot;,&quot;right&quot;:&quot;&quot;,&quot;bottom&quot;:&quot;&quot;,&quot;left&quot;:&quot;&quot;,&quot;isLinked&quot;:true},&quot;element_pack_global_tooltip_border_radius&quot;:{&quot;unit&quot;:&quot;px&quot;,&quot;top&quot;:&quot;&quot;,&quot;right&quot;:&quot;&quot;,&quot;bottom&quot;:&quot;&quot;,&quot;left&quot;:&quot;&quot;,&quot;isLinked&quot;:true},&quot;element_pack_global_tooltip_border_radius_tablet&quot;:{&quot;unit&quot;:&quot;px&quot;,&quot;top&quot;:&quot;&quot;,&quot;right&quot;:&quot;&quot;,&quot;bottom&quot;:&quot;&quot;,&quot;left&quot;:&quot;&quot;,&quot;isLinked&quot;:true},&quot;element_pack_global_tooltip_border_radius_mobile&quot;:{&quot;unit&quot;:&quot;px&quot;,&quot;top&quot;:&quot;&quot;,&quot;right&quot;:&quot;&quot;,&quot;bottom&quot;:&quot;&quot;,&quot;left&quot;:&quot;&quot;,&quot;isLinked&quot;:true}}\" data-elementor-post-type=\"page\">\n\t\t\t\t<div class=\"has_eae_slider elementor-element elementor-element-d2c3912 e-con-full e-flex e-con e-parent\" data-eae-slider=\"75566\" data-id=\"d2c3912\" data-element_type=\"container\">\n\t\t<div class=\"has_eae_slider elementor-element elementor-element-607d7e8 e-con-full e-flex e-con e-child\" data-eae-slider=\"54640\" data-id=\"607d7e8\" data-element_type=\"container\">\n\t\t\t\t<div class=\"elementor-element elementor-element-59e73a8 elementor-widget elementor-widget-heading\" data-id=\"59e73a8\" data-element_type=\"widget\" data-widget_type=\"heading.default\">\n\t\t\t\t<div class=\"elementor-widget-container\">\n\t\t\t\t\t<h3 class=\"elementor-heading-title elementor-size-default\">Attuazione del progetto<br>\"Investimento nella produzione di prodotti in tessuto non tessuto per la lotta al COVID-19\"<\/h3>\t\t\t\t<\/div>\n\t\t\t\t<\/div>\n\t\t\t\t<div class=\"elementor-element elementor-element-97f2bc7 elementor-view-default elementor-widget elementor-widget-icon\" data-id=\"97f2bc7\" data-element_type=\"widget\" data-widget_type=\"icon.default\">\n\t\t\t\t<div class=\"elementor-widget-container\">\n\t\t\t\t\t\t\t<div class=\"elementor-icon-wrapper\">\n\t\t\t<div class=\"elementor-icon\">\n\t\t\t\t\t\t<\/div>\n\t\t<\/div>\n\t\t\t\t\t\t<\/div>\n\t\t\t\t<\/div>\n\t\t\t\t<\/div>\n\t\t<div class=\"has_eae_slider elementor-element elementor-element-8bca118 e-con-full e-flex e-con e-child\" data-eae-slider=\"72258\" data-id=\"8bca118\" data-element_type=\"container\">\n\t\t\t\t<div class=\"elementor-element elementor-element-e8bd0e7 elementor-widget elementor-widget-image\" data-id=\"e8bd0e7\" data-element_type=\"widget\" data-widget_type=\"image.default\">\n\t\t\t\t<div class=\"elementor-widget-container\">\n\t\t\t\t\t\t\t\t\t\t\t\t\t\t\t<img fetchpriority=\"high\" decoding=\"async\" width=\"768\" height=\"171\" src=\"https:\/\/bagfactory.eu\/wp-content\/uploads\/2021\/06\/LVPA-and-ES-Funding-e1623259003342-768x171.jpg\" class=\"attachment-medium_large size-medium_large wp-image-201220\" alt=\"Non woven and Paper Bag manufacturers\" srcset=\"https:\/\/bagfactory.eu\/wp-content\/uploads\/2021\/06\/LVPA-and-ES-Funding-e1623259003342-768x171.jpg 768w, https:\/\/bagfactory.eu\/wp-content\/uploads\/2021\/06\/LVPA-and-ES-Funding-e1623259003342-600x133.jpg 600w, https:\/\/bagfactory.eu\/wp-content\/uploads\/2021\/06\/LVPA-and-ES-Funding-e1623259003342-300x67.jpg 300w, https:\/\/bagfactory.eu\/wp-content\/uploads\/2021\/06\/LVPA-and-ES-Funding-e1623259003342-1024x228.jpg 1024w, https:\/\/bagfactory.eu\/wp-content\/uploads\/2021\/06\/LVPA-and-ES-Funding-e1623259003342.jpg 1444w\" sizes=\"(max-width: 768px) 100vw, 768px\" \/>\t\t\t\t\t\t\t\t\t\t\t\t\t\t\t<\/div>\n\t\t\t\t<\/div>\n\t\t\t\t<div class=\"elementor-element elementor-element-bfda56e elementor-widget elementor-widget-text-editor\" data-id=\"bfda56e\" data-element_type=\"widget\" data-widget_type=\"text-editor.default\">\n\t\t\t\t<div class=\"elementor-widget-container\">\n\t\t\t\t\t\t\t\t\t<p id=\"tw-target-text\" class=\"tw-data-text tw-text-large XcVN5d tw-ta\" dir=\"ltr\" data-placeholder=\"Vertimas\"><span class=\"Y2IQFc\">Dal 17 febbraio 2021 al 17 settembre 2021 UAB Bagfactory ha realizzato il progetto \u201cInvestimento nella produzione di prodotti in tessuto non tessuto per combattere il COVID-19\u201d (N. 03.3.1-LVPA-T-859-01-0055), cofinanziato dall\u2019Unione Europea attraverso il Programma Operativo dei Fondi Strutturali 2014\u20132020, Priorit\u00e0 3 \u201cPromozione della competitivit\u00e0 delle piccole e medie imprese\u201d, Misura n. 03.3.1-LVPA-T-859 \u201cCOVID-19 products LT\u201d.<\/span><\/p> <p class=\"tw-data-text tw-text-large XcVN5d tw-ta\" dir=\"ltr\" data-placeholder=\"Vertimas\"><span class=\"Y2IQFc\">UAB Bagfactory \u00e8 un produttore di borse per la spesa in forte crescita, con un grande potenziale di ulteriore sviluppo, leader di mercato in Lituania e tra i principali produttori dell\u2019Unione Europea. \u00c8 un\u2019azienda ambientalmente responsabile che utilizza sia materie prime primarie (carta, polipropilene e tessuti non tessuti in polietilene tereftalato) sia materiali riciclati (RPET, tessuto PET riciclato).<\/span><\/p> <p class=\"tw-data-text tw-text-large XcVN5d tw-ta\" dir=\"ltr\" data-placeholder=\"Vertimas\"><span class=\"Y2IQFc\">Il progetto \u00e8 dedicato all\u2019acquisto e all\u2019installazione di nuove attrezzature innovative per la produzione di articoli necessari per combattere il COVID-19, contribuendo cos\u00ec all\u2019ammodernamento della base produttiva aziendale e all\u2019aumento della capacit\u00e0 di produzione.<\/span><\/p> <p class=\"tw-data-text tw-text-large XcVN5d tw-ta\" dir=\"ltr\" data-placeholder=\"Vertimas\"><span class=\"Y2IQFc\">Grazie alla migliore esperienza in Lituania nella produzione di articoli in tessuto non tessuto, UAB Bagfactory occupa una posizione solida nella catena di valore e di approvvigionamento dei prodotti non tessuti, con collegamenti consolidati sia con i fornitori di tessuti e i produttori, sia con gli operatori del mercato nazionale e internazionale. Le collaborazioni esistenti e l\u2019esperienza nella lavorazione di diverse materie prime non tessute garantiscono che l\u2019investimento nella produzione dei prodotti necessari per combattere il COVID-19 sar\u00e0 efficace, che le attrezzature verranno acquistate nel pi\u00f9 breve tempo possibile (le trattative sono gi\u00e0 in corso) e che i prodotti necessari per combattere la pandemia verranno immessi sul mercato.<\/span><\/p> <p class=\"tw-data-text tw-text-large XcVN5d tw-ta\" dir=\"ltr\" data-placeholder=\"Vertimas\"><span class=\"Y2IQFc\">Il budget del progetto \u00e8 pari a 143.000,00 EUR.<\/span><\/p> <p class=\"tw-data-text tw-text-large XcVN5d tw-ta\" dir=\"ltr\" data-placeholder=\"Vertimas\"><span class=\"Y2IQFc\">L\u2019importo finanziato \u00e8 di 114.400,00 EUR.<br>Ente attuatore: Innovation Agency Lithuania.<\/span><\/p> <p>Maggiori informazioni su domande e progetti:&nbsp;<\/p> \t\t\t\t\t\t\t\t<\/div>\n\t\t\t\t<\/div>\n\t\t\t\t<div class=\"elementor-element elementor-element-5a2ee81 elementor-widget elementor-widget-text-editor\" data-id=\"5a2ee81\" data-element_type=\"widget\" data-widget_type=\"text-editor.default\">\n\t\t\t\t<div class=\"elementor-widget-container\">\n\t\t\t\t\t\t\t\t\t<p><a href=\"https:\/\/www.esinvesticijos.lt\/lt\/\/finansavimas\/paraiskos_ir_projektai\/investicijos-i-kovai-su-covid-19-skirtu-neaustines-medziagos-produktu-gamyba\" target=\"_blank\" rel=\"noopener\">Sito web dei finanziamenti UE<\/a><\/p>\t\t\t\t\t\t\t\t<\/div>\n\t\t\t\t<\/div>\n\t\t\t\t<\/div>\n\t\t\t\t<\/div>\n\t\t\t\t<\/div>\n\t\t","protected":false},"excerpt":{"rendered":"<p>Attuazione del progetto&#8220;Investimento nella produzione di prodotti in tessuto non tessuto per la lotta al COVID-19&#8221; Dal 17 febbraio 2021 al 17 [&hellip;]<\/p>\n","protected":false},"author":8,"featured_media":201232,"parent":233526,"menu_order":0,"comment_status":"closed","ping_status":"closed","template":"elementor_header_footer","meta":{"_acf_changed":false,"footnotes":""},"class_list":["post-201891","page","type-page","status-publish","has-post-thumbnail","hentry"],"acf":[],"_links":{"self":[{"href":"https:\/\/bagfactory.eu\/it\/wp-json\/wp\/v2\/pages\/201891","targetHints":{"allow":["GET"]}}],"collection":[{"href":"https:\/\/bagfactory.eu\/it\/wp-json\/wp\/v2\/pages"}],"about":[{"href":"https:\/\/bagfactory.eu\/it\/wp-json\/wp\/v2\/types\/page"}],"author":[{"embeddable":true,"href":"https:\/\/bagfactory.eu\/it\/wp-json\/wp\/v2\/users\/8"}],"replies":[{"embeddable":true,"href":"https:\/\/bagfactory.eu\/it\/wp-json\/wp\/v2\/comments?post=201891"}],"version-history":[{"count":1,"href":"https:\/\/bagfactory.eu\/it\/wp-json\/wp\/v2\/pages\/201891\/revisions"}],"predecessor-version":[{"id":201892,"href":"https:\/\/bagfactory.eu\/it\/wp-json\/wp\/v2\/pages\/201891\/revisions\/201892"}],"up":[{"embeddable":true,"href":"https:\/\/bagfactory.eu\/it\/wp-json\/wp\/v2\/pages\/233526"}],"wp:featuredmedia":[{"embeddable":true,"href":"https:\/\/bagfactory.eu\/it\/wp-json\/wp\/v2\/media\/201232"}],"wp:attachment":[{"href":"https:\/\/bagfactory.eu\/it\/wp-json\/wp\/v2\/media?parent=201891"}],"curies":[{"name":"wp","href":"https:\/\/api.w.org\/{rel}","templated":true}]}}