{"id":18642,"date":"2021-06-13T21:44:44","date_gmt":"2021-06-13T18:44:44","guid":{"rendered":"https:\/\/lang.bagfactory.eu\/privatumo-ir-slapuku-naudojimo-politika\/"},"modified":"2025-11-03T16:25:44","modified_gmt":"2025-11-03T13:25:44","slug":"privatumo-ir-slapuku-naudojimo-politika","status":"publish","type":"page","link":"https:\/\/bagfactory.eu\/lt\/privatumo-ir-slapuku-naudojimo-politika\/","title":{"rendered":"Privatumo ir slapuk\u0173 naudojimo politika"},"content":{"rendered":"\t\t<div data-elementor-type=\"wp-page\" data-elementor-id=\"18642\" class=\"elementor elementor-18642 elementor-17938\" data-elementor-settings=\"{&quot;element_pack_global_tooltip_width&quot;:{&quot;unit&quot;:&quot;px&quot;,&quot;size&quot;:&quot;&quot;,&quot;sizes&quot;:[]},&quot;element_pack_global_tooltip_width_tablet&quot;:{&quot;unit&quot;:&quot;px&quot;,&quot;size&quot;:&quot;&quot;,&quot;sizes&quot;:[]},&quot;element_pack_global_tooltip_width_mobile&quot;:{&quot;unit&quot;:&quot;px&quot;,&quot;size&quot;:&quot;&quot;,&quot;sizes&quot;:[]},&quot;element_pack_global_tooltip_padding&quot;:{&quot;unit&quot;:&quot;px&quot;,&quot;top&quot;:&quot;&quot;,&quot;right&quot;:&quot;&quot;,&quot;bottom&quot;:&quot;&quot;,&quot;left&quot;:&quot;&quot;,&quot;isLinked&quot;:true},&quot;element_pack_global_tooltip_padding_tablet&quot;:{&quot;unit&quot;:&quot;px&quot;,&quot;top&quot;:&quot;&quot;,&quot;right&quot;:&quot;&quot;,&quot;bottom&quot;:&quot;&quot;,&quot;left&quot;:&quot;&quot;,&quot;isLinked&quot;:true},&quot;element_pack_global_tooltip_padding_mobile&quot;:{&quot;unit&quot;:&quot;px&quot;,&quot;top&quot;:&quot;&quot;,&quot;right&quot;:&quot;&quot;,&quot;bottom&quot;:&quot;&quot;,&quot;left&quot;:&quot;&quot;,&quot;isLinked&quot;:true},&quot;element_pack_global_tooltip_border_radius&quot;:{&quot;unit&quot;:&quot;px&quot;,&quot;top&quot;:&quot;&quot;,&quot;right&quot;:&quot;&quot;,&quot;bottom&quot;:&quot;&quot;,&quot;left&quot;:&quot;&quot;,&quot;isLinked&quot;:true},&quot;element_pack_global_tooltip_border_radius_tablet&quot;:{&quot;unit&quot;:&quot;px&quot;,&quot;top&quot;:&quot;&quot;,&quot;right&quot;:&quot;&quot;,&quot;bottom&quot;:&quot;&quot;,&quot;left&quot;:&quot;&quot;,&quot;isLinked&quot;:true},&quot;element_pack_global_tooltip_border_radius_mobile&quot;:{&quot;unit&quot;:&quot;px&quot;,&quot;top&quot;:&quot;&quot;,&quot;right&quot;:&quot;&quot;,&quot;bottom&quot;:&quot;&quot;,&quot;left&quot;:&quot;&quot;,&quot;isLinked&quot;:true}}\" data-elementor-post-type=\"page\">\n\t\t\t\t\t\t<section class=\"has_eae_slider elementor-section elementor-top-section elementor-element elementor-element-1d19704 elementor-section-height-min-height elementor-section-items-bottom elementor-section-full_width elementor-section-height-default\" data-eae-slider=\"76662\" data-id=\"1d19704\" data-element_type=\"section\" data-settings=\"{&quot;background_background&quot;:&quot;classic&quot;}\">\n\t\t\t\t\t\t<div class=\"elementor-container elementor-column-gap-default\">\n\t\t\t\t\t<div class=\"has_eae_slider elementor-column elementor-col-100 elementor-top-column elementor-element elementor-element-53f7e47\" data-eae-slider=\"40081\" data-id=\"53f7e47\" data-element_type=\"column\">\n\t\t\t<div class=\"elementor-widget-wrap elementor-element-populated\">\n\t\t\t\t\t\t<div class=\"elementor-element elementor-element-9e1895a elementor-widget elementor-widget-heading\" data-id=\"9e1895a\" data-element_type=\"widget\" data-widget_type=\"heading.default\">\n\t\t\t\t<div class=\"elementor-widget-container\">\n\t\t\t\t\t<h2 class=\"elementor-heading-title elementor-size-default\">Privatumo ir slapuk\u0173 naudojimo politika<\/h2>\t\t\t\t<\/div>\n\t\t\t\t<\/div>\n\t\t\t\t\t<\/div>\n\t\t<\/div>\n\t\t\t\t\t<\/div>\n\t\t<\/section>\n\t\t\t\t<section class=\"has_eae_slider elementor-section elementor-top-section elementor-element elementor-element-0353795 elementor-section-full_width elementor-section-height-default elementor-section-height-default\" data-eae-slider=\"59167\" data-id=\"0353795\" data-element_type=\"section\">\n\t\t\t\t\t\t<div class=\"elementor-container elementor-column-gap-default\">\n\t\t\t\t\t<div class=\"has_eae_slider elementor-column elementor-col-100 elementor-top-column elementor-element elementor-element-522bfab\" data-eae-slider=\"52284\" data-id=\"522bfab\" data-element_type=\"column\">\n\t\t\t<div class=\"elementor-widget-wrap elementor-element-populated\">\n\t\t\t\t\t\t<div class=\"elementor-element elementor-element-1e4a8ae elementor-widget elementor-widget-text-editor\" data-id=\"1e4a8ae\" data-element_type=\"widget\" data-widget_type=\"text-editor.default\">\n\t\t\t\t<div class=\"elementor-widget-container\">\n\t\t\t\t\t\t\t\t\t<p>PRIVATUMO IR SLAPUK\u0172 NAUDOJIMO POLITIKA<\/p>\n<p>Naudodamiesi \u0161ia interneto svetaine J\u016bs duodate savo sutikim\u0105 \u012fmonei UAB &#8220;BAGFACTORY&#8221;,<br>302842562 rinkti ir naudoti J\u016bs\u0173 Asmens duomenis taip, kaip apibr\u0117\u017eiama \u0161ioje Privatumo ir slapuk\u0173<br>naudojimo politikoje. UAB &#8220;BAGFACTORY&#8221; naudoja informacij\u0105, kuri\u0105 pateikiate registruodamiesi,<br>atlikdami u\u017esakymus ar si\u0173sdami u\u017eklausas mums, tame tarpe: vardas, pavard\u0117, telefono numeris,<br>elektroninio pa\u0161to adresas, kit\u0105 kontaktin\u0119 informacij\u0105 (visi kartu \u2013 Asmens duomenys), siekdama<br>tinkamai administruoti J\u016bs\u0173 u\u017esakymus\/u\u017eklausas.<br>Slapuk\u0173 naudojimas tinklapyje:&nbsp;<\/p>\n<p>Analitiniai slapukai:<\/p>\n<p>[cookie_audit category=&#8221;analytics&#8221; style=&#8221;winter&#8221; columns=&#8221;cookie,duration,description&#8221;]<\/p>\n<p>B\u016btinieji (privalomi) slapukai:<\/p>\n<p>[cookie_audit category=&#8221;necessary&#8221; style=&#8221;winter&#8221; columns=&#8221;cookie,duration,description&#8221;]<\/p>\n<div>&nbsp;<\/div>\n<p>Bendrosios nuostatos<\/p>\n<p>UAB &#8220;BAGFACTORY&#8221; jokiu b\u016bdu neparduoda ir neperduoda J\u016bs\u0173 Asmens duomen\u0173 jokiai<br>tre\u010diai \u0161aliai be atskiro j\u016bs\u0173 sutikimo. Jokia tre\u010dia \u0161alis negali si\u016blyti Jums savo preki\u0173 ar paslaug\u0173 per<br>UAB &#8220;BAGFACTORY&#8221; Valdomas elektronines sistemas. UAB &#8220;BAGFACTORY&#8221; nenaudoja J\u016bs\u0173<br>Asmens duomen\u0173 tiesiogin\u0117s rinkodaros tikslais. Jei UAB &#8220;BAGFACTORY&#8221; naudot\u0173 j\u016bs\u0173 Asmens<br>duomenis tiesiogin\u0117s rinkodaros tikslais, J\u016bs\u0173 sutikimas privalo b\u016bti gautas ir suteikta galimyb\u0117<br>atsisakyti.<br>UAB &#8220;BAGFACTORY&#8221; vadovaujasi \u0161iais pagrindiniais Asmens duomen\u0173 tvarkymo principais:<br>1. Asmens duomenys renkami apibr\u0117\u017etais ir teis\u0117tais tikslais<br>2. Asmens duomenys tvarkomi tiksliai ir s\u0105\u017einingai<br>3. Asmens duomenys tvarkomi teis\u0117tai<br>4. Visa informacija apie tvarkomus Asmens duomenis yra konfidenciali<br>Tvarkydama ir saugodama J\u016bs\u0173 Asmens duomenis UAB &#8220;BAGFACTORY&#8221; \u012fgyvendina<br>organizacines ir technines priemones, kurios u\u017etikrina Asmens duomenims apsaug\u0105 nuo atsitiktinio ar<br>neteis\u0117to sunaikinimo, pakeitimo, atskleidimo, taip pat nuo bet kokio kito neteis\u0117to tvarkymo. Asmens<br>duomenys tvarkomi vadovaujantis 2016 m. baland\u017eio 27 d. Europos Parlamento ir Tarybos reglamentu<br>(ES) 2016\/679 d\u0117l fizini\u0173 asmen\u0173 apsaugos tvarkant Asmens duomenis ir d\u0117l laisvo toki\u0173 duomen\u0173<br>jud\u0117jimo.<br>Asmens duomenys renkami ir tvarkomi \u0161iems tikslams:<br>1. Apdoroti J\u016bs\u0173 u\u017eklausas;<br>2. Tiesiogin\u0117s rinkodaros tikslais \u2013 tik suteikus galimyb\u0119 atsisakyti ir atskirai sutikus;<\/p>\n<p>Asmens teis\u0117s<br>J\u016bs, leid\u0119s tvarkyti savo Asmens duomenis, turite teis\u0119:<\/p>\n<p>1. Reikalauti i\u0161taisyti, sunaikinti arba sustabdyti J\u016bs\u0173 Asmens duomen\u0173 tvarkymo veiksmus, kai<br>duomenys tvarkomi nesilaikant auk\u0161\u010diau pamin\u0117to Europos reglamento ir kit\u0173 \u012fstatym\u0173 nuostat\u0173;<br>2. Nesutikti, kad b\u016bt\u0173 tvarkomi J\u016bs\u0173 Asmens duomenys;<br>3. UAB &#8220;BAGFACTORY&#8221;, gavusi J\u016bs\u0173 pra\u0161ym\u0105 d\u0117l Asmens duomen\u0173 tvarkymo, ne v\u0117liau kaip per<br>30 kalendorini\u0173 dien\u0173 nuo J\u016bs\u0173 kreipimosi dienos, pateiks Jums atsakym\u0105. Nagrin\u0117jami tik tie<br>pra\u0161ymai d\u0117l Asmens duomen\u0173 tvarkymo, kurie pateikiami el. pa\u0161tu gvidas@bagfactory.eu;<br>4. UAB &#8220;BAGFACTORY&#8221; Nariai\/Klientai turi teis\u0119 kreiptis d\u0117l informacijos, susijusios su j\u0173<br>mok\u0117jim\u0173 istorija ir pa\u010di\u0173 pateiktos informacijos, perk\u0117limo arba panaikinimo. Tokie pra\u0161ymai<br>\u012fvykdomi per 30 d. Nuo lai\u0161ko gavimo el. pa\u0161tu gvidas@bagfactory.eu.<br>Baigiamosios nuostatos<\/p>\n<p>Esminiai \u0161ios Privatumo ir slapuk\u0173 naudojimo politikos pakeitimai nariams siun\u010diami<br>elektroniniu pa\u0161tu. UAB &#8220;BAGFACTORY&#8221; gali pakeisti \u0161i\u0105 Privatumo ir slapuk\u0173 naudojimo politik\u0105<br>be i\u0161ankstinio persp\u0117jimo. Jei turite klausim\u0173 d\u0117l Privatumo ir slapuk\u0173 naudojimo politikos, bet kada<br>galite kreiptis el. pa\u0161tu gvidas@bagfactory.eu.<br>\u0160io dokumento paskutinio atnaujinimo data yra 2020-05-26.s<\/p>\t\t\t\t\t\t\t\t<\/div>\n\t\t\t\t<\/div>\n\t\t\t\t\t<\/div>\n\t\t<\/div>\n\t\t\t\t\t<\/div>\n\t\t<\/section>\n\t\t\t\t<\/div>\n\t\t","protected":false},"excerpt":{"rendered":"<p>Privatumo ir slapuk\u0173 naudojimo politika PRIVATUMO IR SLAPUK\u0172 NAUDOJIMO POLITIKA Naudodamiesi \u0161ia interneto svetaine J\u016bs duodate savo sutikim\u0105 \u012fmonei UAB &#8220;BAGFACTORY&#8221;, 302842562 [&hellip;]<\/p>\n","protected":false},"author":8,"featured_media":0,"parent":0,"menu_order":0,"comment_status":"closed","ping_status":"closed","template":"elementor_header_footer","meta":{"_acf_changed":false,"footnotes":""},"class_list":["post-18642","page","type-page","status-publish","hentry"],"acf":[],"_links":{"self":[{"href":"https:\/\/bagfactory.eu\/lt\/wp-json\/wp\/v2\/pages\/18642","targetHints":{"allow":["GET"]}}],"collection":[{"href":"https:\/\/bagfactory.eu\/lt\/wp-json\/wp\/v2\/pages"}],"about":[{"href":"https:\/\/bagfactory.eu\/lt\/wp-json\/wp\/v2\/types\/page"}],"author":[{"embeddable":true,"href":"https:\/\/bagfactory.eu\/lt\/wp-json\/wp\/v2\/users\/8"}],"replies":[{"embeddable":true,"href":"https:\/\/bagfactory.eu\/lt\/wp-json\/wp\/v2\/comments?post=18642"}],"version-history":[{"count":5,"href":"https:\/\/bagfactory.eu\/lt\/wp-json\/wp\/v2\/pages\/18642\/revisions"}],"predecessor-version":[{"id":29144,"href":"https:\/\/bagfactory.eu\/lt\/wp-json\/wp\/v2\/pages\/18642\/revisions\/29144"}],"wp:attachment":[{"href":"https:\/\/bagfactory.eu\/lt\/wp-json\/wp\/v2\/media?parent=18642"}],"curies":[{"name":"wp","href":"https:\/\/api.w.org\/{rel}","templated":true}]}}