{"id":199523,"date":"2021-05-17T23:22:04","date_gmt":"2021-05-17T21:22:04","guid":{"rendered":"https:\/\/lang.bagfactory.eu\/?page_id=199523"},"modified":"2025-12-10T21:12:25","modified_gmt":"2025-12-10T19:12:25","slug":"kokybe","status":"publish","type":"page","link":"https:\/\/bagfactory.eu\/lt\/kokybe\/","title":{"rendered":"Kokyb\u0117 ir sertifikatai"},"content":{"rendered":"\t\t<div data-elementor-type=\"wp-page\" data-elementor-id=\"199523\" class=\"elementor elementor-199523 elementor-17\" data-elementor-settings=\"{&quot;element_pack_global_tooltip_width&quot;:{&quot;unit&quot;:&quot;px&quot;,&quot;size&quot;:&quot;&quot;,&quot;sizes&quot;:[]},&quot;element_pack_global_tooltip_width_tablet&quot;:{&quot;unit&quot;:&quot;px&quot;,&quot;size&quot;:&quot;&quot;,&quot;sizes&quot;:[]},&quot;element_pack_global_tooltip_width_mobile&quot;:{&quot;unit&quot;:&quot;px&quot;,&quot;size&quot;:&quot;&quot;,&quot;sizes&quot;:[]},&quot;element_pack_global_tooltip_padding&quot;:{&quot;unit&quot;:&quot;px&quot;,&quot;top&quot;:&quot;&quot;,&quot;right&quot;:&quot;&quot;,&quot;bottom&quot;:&quot;&quot;,&quot;left&quot;:&quot;&quot;,&quot;isLinked&quot;:true},&quot;element_pack_global_tooltip_padding_tablet&quot;:{&quot;unit&quot;:&quot;px&quot;,&quot;top&quot;:&quot;&quot;,&quot;right&quot;:&quot;&quot;,&quot;bottom&quot;:&quot;&quot;,&quot;left&quot;:&quot;&quot;,&quot;isLinked&quot;:true},&quot;element_pack_global_tooltip_padding_mobile&quot;:{&quot;unit&quot;:&quot;px&quot;,&quot;top&quot;:&quot;&quot;,&quot;right&quot;:&quot;&quot;,&quot;bottom&quot;:&quot;&quot;,&quot;left&quot;:&quot;&quot;,&quot;isLinked&quot;:true},&quot;element_pack_global_tooltip_border_radius&quot;:{&quot;unit&quot;:&quot;px&quot;,&quot;top&quot;:&quot;&quot;,&quot;right&quot;:&quot;&quot;,&quot;bottom&quot;:&quot;&quot;,&quot;left&quot;:&quot;&quot;,&quot;isLinked&quot;:true},&quot;element_pack_global_tooltip_border_radius_tablet&quot;:{&quot;unit&quot;:&quot;px&quot;,&quot;top&quot;:&quot;&quot;,&quot;right&quot;:&quot;&quot;,&quot;bottom&quot;:&quot;&quot;,&quot;left&quot;:&quot;&quot;,&quot;isLinked&quot;:true},&quot;element_pack_global_tooltip_border_radius_mobile&quot;:{&quot;unit&quot;:&quot;px&quot;,&quot;top&quot;:&quot;&quot;,&quot;right&quot;:&quot;&quot;,&quot;bottom&quot;:&quot;&quot;,&quot;left&quot;:&quot;&quot;,&quot;isLinked&quot;:true}}\" data-elementor-post-type=\"page\">\n\t\t\t\t<div class=\"has_eae_slider elementor-element elementor-element-7af9abe e-flex e-con-boxed e-con e-parent\" data-eae-slider=\"11145\" data-id=\"7af9abe\" data-element_type=\"container\">\n\t\t\t\t\t<div class=\"e-con-inner\">\n\t\t<div class=\"has_eae_slider elementor-element elementor-element-7420e81 e-con-full e-flex e-con e-child\" data-eae-slider=\"8551\" data-id=\"7420e81\" data-element_type=\"container\">\n\t\t\t\t<div class=\"elementor-element elementor-element-ec10924 elementor-widget elementor-widget-spacer\" data-id=\"ec10924\" data-element_type=\"widget\" data-widget_type=\"spacer.default\">\n\t\t\t\t<div class=\"elementor-widget-container\">\n\t\t\t\t\t\t\t<div class=\"elementor-spacer\">\n\t\t\t<div class=\"elementor-spacer-inner\"><\/div>\n\t\t<\/div>\n\t\t\t\t\t\t<\/div>\n\t\t\t\t<\/div>\n\t\t\t\t<div class=\"elementor-element elementor-element-0d446bd elementor-widget elementor-widget-heading\" data-id=\"0d446bd\" data-element_type=\"widget\" data-widget_type=\"heading.default\">\n\t\t\t\t<div class=\"elementor-widget-container\">\n\t\t\t\t\t<h2 class=\"elementor-heading-title elementor-size-default\">M\u016bs\u0173 turimi tarptautiniai kokyb\u0117s sertifikatai patvirtina, kad \u201eBagfactory\u201c laikosi auk\u0161\u010diausi\u0173 pramon\u0117s standart\u0173.<\/h2>\t\t\t\t<\/div>\n\t\t\t\t<\/div>\n\t\t\t\t<\/div>\n\t\t<div class=\"has_eae_slider elementor-element elementor-element-5d38f57 e-con-full e-flex e-con e-child\" data-eae-slider=\"27700\" data-id=\"5d38f57\" data-element_type=\"container\">\n\t\t\t\t<div class=\"elementor-element elementor-element-d964c55 elementor-widget elementor-widget-spacer\" data-id=\"d964c55\" data-element_type=\"widget\" data-widget_type=\"spacer.default\">\n\t\t\t\t<div class=\"elementor-widget-container\">\n\t\t\t\t\t\t\t<div class=\"elementor-spacer\">\n\t\t\t<div class=\"elementor-spacer-inner\"><\/div>\n\t\t<\/div>\n\t\t\t\t\t\t<\/div>\n\t\t\t\t<\/div>\n\t\t\t\t<div class=\"elementor-element elementor-element-7474ed4 elementor-widget elementor-widget-text-editor\" data-id=\"7474ed4\" data-element_type=\"widget\" data-widget_type=\"text-editor.default\">\n\t\t\t\t<div class=\"elementor-widget-container\">\n\t\t\t\t\t\t\t\t\tSiekdami u\u017etikrinti auk\u0161\u010diausi\u0105 gamini\u0173 kokyb\u0119, kiekviename gamybos etape taikome grie\u017etas kontrol\u0117s proced\u016bras, o m\u016bs\u0173 atitikt\u012f standartams patvirtina tarptautiniai sertifikatai.\t\t\t\t\t\t\t\t<\/div>\n\t\t\t\t<\/div>\n\t\t\t\t<\/div>\n\t\t\t\t\t<\/div>\n\t\t\t\t<\/div>\n\t\t<div class=\"has_eae_slider elementor-element elementor-element-260d51f e-flex e-con-boxed e-con e-parent\" data-eae-slider=\"97418\" data-id=\"260d51f\" data-element_type=\"container\">\n\t\t\t\t\t<div class=\"e-con-inner\">\n\t\t<div class=\"has_eae_slider elementor-element elementor-element-7ebbe00 e-grid e-con-full e-con e-child\" data-eae-slider=\"61685\" data-id=\"7ebbe00\" data-element_type=\"container\">\n\t\t\t\t<div class=\"elementor-element elementor-element-0442cf1 elementor-position-top elementor-widget elementor-widget-image-box\" data-id=\"0442cf1\" data-element_type=\"widget\" data-widget_type=\"image-box.default\">\n\t\t\t\t<div class=\"elementor-widget-container\">\n\t\t\t\t\t<div class=\"elementor-image-box-wrapper\"><figure class=\"elementor-image-box-img\"><img fetchpriority=\"high\" decoding=\"async\" width=\"452\" height=\"338\" src=\"https:\/\/bagfactory.eu\/wp-content\/uploads\/2025\/02\/BRC-Packaging-Materials-grayscale-transparent.png\" class=\"attachment-full size-full wp-image-200171\" alt=\"bag producer\" srcset=\"https:\/\/bagfactory.eu\/wp-content\/uploads\/2025\/02\/BRC-Packaging-Materials-grayscale-transparent.png 452w, https:\/\/bagfactory.eu\/wp-content\/uploads\/2025\/02\/BRC-Packaging-Materials-grayscale-transparent-300x224.png 300w\" sizes=\"(max-width: 452px) 100vw, 452px\" \/><\/figure><div class=\"elementor-image-box-content\"><p class=\"elementor-image-box-description\">\u201eBRC Packaging\u201c sertifikatas u\u017etikrina pakavimo med\u017eiag\u0173, ypa\u010d skirt\u0173 maisto ir vartojimo produktams, saug\u0105, kokyb\u0119 ir teis\u0117tum\u0105. Jis pripa\u017e\u012fstamas Pasaulin\u0117s maisto saugos iniciatyvos (GFSI) ir apima higienos, saugos bei teisini\u0173 reikalavim\u0173 laikym\u0105si visuose gamybos ir spausdinimo etapuose. BRCGS sertifikatas parodo \u012fsipareigojim\u0105 teikti patikimus, kokybi\u0161kus ir saugius pakavimo sprendimus.<br>\n<br><a href=\"https:\/\/www.brcgs.com\/\" target=\"_blank\" rel=\"noopener\">BRCGS pakuo\u010di\u0173 sertifikavimas<\/a><\/p><\/div><\/div>\t\t\t\t<\/div>\n\t\t\t\t<\/div>\n\t\t\t\t<div class=\"elementor-element elementor-element-149e1b6 elementor-position-top elementor-widget elementor-widget-image-box\" data-id=\"149e1b6\" data-element_type=\"widget\" data-widget_type=\"image-box.default\">\n\t\t\t\t<div class=\"elementor-widget-container\">\n\t\t\t\t\t<div class=\"elementor-image-box-wrapper\"><figure class=\"elementor-image-box-img\"><img decoding=\"async\" width=\"338\" height=\"188\" src=\"https:\/\/bagfactory.eu\/wp-content\/uploads\/2025\/01\/Okeo-Tex-standart-100.jpg\" class=\"attachment-full size-full wp-image-200136\" alt=\"bag producer\" srcset=\"https:\/\/bagfactory.eu\/wp-content\/uploads\/2025\/01\/Okeo-Tex-standart-100.jpg 338w, https:\/\/bagfactory.eu\/wp-content\/uploads\/2025\/01\/Okeo-Tex-standart-100-300x167.jpg 300w\" sizes=\"(max-width: 338px) 100vw, 338px\" \/><\/figure><div class=\"elementor-image-box-content\"><p class=\"elementor-image-box-description\">OEKO-TEX\u00ae Standard 100 \u2013 tai visame pasaulyje pripa\u017eintas sertifikatas, u\u017etikrinantis, kad tekstil\u0117s ir susijusiuose gaminiuose n\u0117ra kenksming\u0173 med\u017eiag\u0173 ir jie yra saug\u016bs naudoti. OEKO-TEX apima visus gamybos etapus \u2013 nuo \u017ealiav\u0173 iki galutinio gaminio \u2013 ir garantuoja grie\u017et\u0173 chemin\u0117s saugos standart\u0173 laikym\u0105si. Tai auk\u0161\u010diausias tvarumo ir vartotoj\u0173 saugos standartas tekstil\u0117s pramon\u0117je.<br><br><br><a href=\"https:\/\/www.oeko-tex.com\/\" target=\"_blank\" rel=\"noopener\">OEKO-TEX standartas 100<\/a><\/p><\/div><\/div>\t\t\t\t<\/div>\n\t\t\t\t<\/div>\n\t\t\t\t<div class=\"elementor-element elementor-element-26bb794 elementor-position-top elementor-widget elementor-widget-image-box\" data-id=\"26bb794\" data-element_type=\"widget\" data-widget_type=\"image-box.default\">\n\t\t\t\t<div class=\"elementor-widget-container\">\n\t\t\t\t\t<div class=\"elementor-image-box-wrapper\"><figure class=\"elementor-image-box-img\"><img decoding=\"async\" width=\"866\" height=\"650\" src=\"https:\/\/bagfactory.eu\/wp-content\/uploads\/2025\/08\/CU-1-1.png\" class=\"attachment-full size-full wp-image-200143\" alt=\"bag producer\" srcset=\"https:\/\/bagfactory.eu\/wp-content\/uploads\/2025\/08\/CU-1-1.png 866w, https:\/\/bagfactory.eu\/wp-content\/uploads\/2025\/08\/CU-1-1-300x225.png 300w, https:\/\/bagfactory.eu\/wp-content\/uploads\/2025\/08\/CU-1-1-768x576.png 768w, https:\/\/bagfactory.eu\/wp-content\/uploads\/2025\/08\/CU-1-1-16x12.png 16w, https:\/\/bagfactory.eu\/wp-content\/uploads\/2025\/08\/CU-1-1-650x488.png 650w\" sizes=\"(max-width: 866px) 100vw, 866px\" \/><\/figure><div class=\"elementor-image-box-content\"><p class=\"elementor-image-box-description\">Pasaulinis perdirbimo standartas (GRS) patvirtina tiksl\u0173 perdirbt\u0173 med\u017eiag\u0173 kiek\u012f produkte ir u\u017etikrina j\u0173 atsekamum\u0105 nuo \u017ealiavos tiek\u0117jo iki galutinio gaminio. Standartas taip pat reikalauja, kad visa tiekimo grandin\u0117 atitikt\u0173 grie\u017etus socialinius, aplinkosaugos ir chemini\u0173 med\u017eiag\u0173 naudojimo reikalavimus.\n\u201eBagfactory\u201c  \u012fmon\u0117  yra sertifikuota pagal GRS (\u201eControl Union\u201c, licencijos Nr. 1114812).\nDalis \u012fmon\u0117s gaminam\u0173 produkt\u0173 yra sertifikuoti pagal GRS standart\u0105. \n<br><br><a href=\"https:\/\/www.controlunion.com\/certification-program\/grs-global-recycled-standard\/\" target=\"_blank\" rel=\"noopener\">Global Recycled Standard (GRS)<\/a><\/p><\/div><\/div>\t\t\t\t<\/div>\n\t\t\t\t<\/div>\n\t\t\t\t<\/div>\n\t\t\t\t\t<\/div>\n\t\t\t\t<\/div>\n\t\t\t\t<section class=\"has_eae_slider elementor-section elementor-top-section elementor-element elementor-element-4e45594 elementor-section-full_width elementor-section-height-default elementor-section-height-default\" data-eae-slider=\"30822\" data-id=\"4e45594\" data-element_type=\"section\">\n\t\t\t\t\t\t<div class=\"elementor-container elementor-column-gap-wider\">\n\t\t\t\t\t<div class=\"has_eae_slider elementor-column elementor-col-100 elementor-top-column elementor-element elementor-element-32b1b30\" data-eae-slider=\"36856\" data-id=\"32b1b30\" data-element_type=\"column\">\n\t\t\t<div class=\"elementor-widget-wrap elementor-element-populated\">\n\t\t\t\t\t\t<div class=\"elementor-element elementor-element-44cfa90 elementor-widget elementor-widget-heading\" data-id=\"44cfa90\" data-element_type=\"widget\" data-widget_type=\"heading.default\">\n\t\t\t\t<div class=\"elementor-widget-container\">\n\t\t\t\t\t<h2 class=\"elementor-heading-title elementor-size-default\"><a href=\"https:\/\/bagfactory.eu\/lt\/produktai\/\">M\u016bs\u0173 produktai<\/a><\/h2>\t\t\t\t<\/div>\n\t\t\t\t<\/div>\n\t\t\t\t<div class=\"elementor-element elementor-element-a114916 elementor-widget-divider--view-line elementor-widget elementor-widget-divider\" data-id=\"a114916\" data-element_type=\"widget\" data-widget_type=\"divider.default\">\n\t\t\t\t<div class=\"elementor-widget-container\">\n\t\t\t\t\t\t\t<div class=\"elementor-divider\">\n\t\t\t<span class=\"elementor-divider-separator\">\n\t\t\t\t\t\t<\/span>\n\t\t<\/div>\n\t\t\t\t\t\t<\/div>\n\t\t\t\t<\/div>\n\t\t\t\t\t<\/div>\n\t\t<\/div>\n\t\t\t\t\t<\/div>\n\t\t<\/section>\n\t\t\t\t<\/div>\n\t\t","protected":false},"excerpt":{"rendered":"<p>M\u016bs\u0173 turimi tarptautiniai kokyb\u0117s sertifikatai patvirtina, kad \u201eBagfactory\u201c laikosi auk\u0161\u010diausi\u0173 pramon\u0117s standart\u0173. Siekdami u\u017etikrinti auk\u0161\u010diausi\u0105 gamini\u0173 kokyb\u0119, kiekviename gamybos etape taikome grie\u017etas [&hellip;]<\/p>\n","protected":false},"author":8,"featured_media":42200,"parent":0,"menu_order":0,"comment_status":"closed","ping_status":"closed","template":"elementor_header_footer","meta":{"_acf_changed":false,"footnotes":""},"class_list":["post-199523","page","type-page","status-publish","has-post-thumbnail","hentry"],"acf":[],"_links":{"self":[{"href":"https:\/\/bagfactory.eu\/lt\/wp-json\/wp\/v2\/pages\/199523","targetHints":{"allow":["GET"]}}],"collection":[{"href":"https:\/\/bagfactory.eu\/lt\/wp-json\/wp\/v2\/pages"}],"about":[{"href":"https:\/\/bagfactory.eu\/lt\/wp-json\/wp\/v2\/types\/page"}],"author":[{"embeddable":true,"href":"https:\/\/bagfactory.eu\/lt\/wp-json\/wp\/v2\/users\/8"}],"replies":[{"embeddable":true,"href":"https:\/\/bagfactory.eu\/lt\/wp-json\/wp\/v2\/comments?post=199523"}],"version-history":[{"count":14,"href":"https:\/\/bagfactory.eu\/lt\/wp-json\/wp\/v2\/pages\/199523\/revisions"}],"predecessor-version":[{"id":233107,"href":"https:\/\/bagfactory.eu\/lt\/wp-json\/wp\/v2\/pages\/199523\/revisions\/233107"}],"wp:featuredmedia":[{"embeddable":true,"href":"https:\/\/bagfactory.eu\/lt\/wp-json\/wp\/v2\/media\/42200"}],"wp:attachment":[{"href":"https:\/\/bagfactory.eu\/lt\/wp-json\/wp\/v2\/media?parent=199523"}],"curies":[{"name":"wp","href":"https:\/\/api.w.org\/{rel}","templated":true}]}}