{"id":199604,"date":"2021-05-17T23:23:06","date_gmt":"2021-05-17T20:23:06","guid":{"rendered":"https:\/\/lang.bagfactory.eu\/?page_id=199604"},"modified":"2025-11-03T16:15:08","modified_gmt":"2025-11-03T13:15:08","slug":"es-finansavimas","status":"publish","type":"page","link":"https:\/\/bagfactory.eu\/lt\/es-finansavimas\/","title":{"rendered":"ES finansavimas"},"content":{"rendered":"\t\t<div data-elementor-type=\"wp-page\" data-elementor-id=\"199604\" class=\"elementor elementor-199604 elementor-21\" data-elementor-settings=\"{&quot;element_pack_global_tooltip_width&quot;:{&quot;unit&quot;:&quot;px&quot;,&quot;size&quot;:&quot;&quot;,&quot;sizes&quot;:[]},&quot;element_pack_global_tooltip_width_tablet&quot;:{&quot;unit&quot;:&quot;px&quot;,&quot;size&quot;:&quot;&quot;,&quot;sizes&quot;:[]},&quot;element_pack_global_tooltip_width_mobile&quot;:{&quot;unit&quot;:&quot;px&quot;,&quot;size&quot;:&quot;&quot;,&quot;sizes&quot;:[]},&quot;element_pack_global_tooltip_padding&quot;:{&quot;unit&quot;:&quot;px&quot;,&quot;top&quot;:&quot;&quot;,&quot;right&quot;:&quot;&quot;,&quot;bottom&quot;:&quot;&quot;,&quot;left&quot;:&quot;&quot;,&quot;isLinked&quot;:true},&quot;element_pack_global_tooltip_padding_tablet&quot;:{&quot;unit&quot;:&quot;px&quot;,&quot;top&quot;:&quot;&quot;,&quot;right&quot;:&quot;&quot;,&quot;bottom&quot;:&quot;&quot;,&quot;left&quot;:&quot;&quot;,&quot;isLinked&quot;:true},&quot;element_pack_global_tooltip_padding_mobile&quot;:{&quot;unit&quot;:&quot;px&quot;,&quot;top&quot;:&quot;&quot;,&quot;right&quot;:&quot;&quot;,&quot;bottom&quot;:&quot;&quot;,&quot;left&quot;:&quot;&quot;,&quot;isLinked&quot;:true},&quot;element_pack_global_tooltip_border_radius&quot;:{&quot;unit&quot;:&quot;px&quot;,&quot;top&quot;:&quot;&quot;,&quot;right&quot;:&quot;&quot;,&quot;bottom&quot;:&quot;&quot;,&quot;left&quot;:&quot;&quot;,&quot;isLinked&quot;:true},&quot;element_pack_global_tooltip_border_radius_tablet&quot;:{&quot;unit&quot;:&quot;px&quot;,&quot;top&quot;:&quot;&quot;,&quot;right&quot;:&quot;&quot;,&quot;bottom&quot;:&quot;&quot;,&quot;left&quot;:&quot;&quot;,&quot;isLinked&quot;:true},&quot;element_pack_global_tooltip_border_radius_mobile&quot;:{&quot;unit&quot;:&quot;px&quot;,&quot;top&quot;:&quot;&quot;,&quot;right&quot;:&quot;&quot;,&quot;bottom&quot;:&quot;&quot;,&quot;left&quot;:&quot;&quot;,&quot;isLinked&quot;:true}}\" data-elementor-post-type=\"page\">\n\t\t\t\t<div class=\"has_eae_slider elementor-element elementor-element-33c5155 e-flex e-con-boxed e-con e-parent\" data-eae-slider=\"21375\" data-id=\"33c5155\" data-element_type=\"container\">\n\t\t\t\t\t<div class=\"e-con-inner\">\n\t\t<div class=\"has_eae_slider elementor-element elementor-element-037698a e-con-full e-flex e-con e-child\" data-eae-slider=\"37210\" data-id=\"037698a\" data-element_type=\"container\">\n\t\t\t\t<div class=\"elementor-element elementor-element-581b926 elementor-widget elementor-widget-heading\" data-id=\"581b926\" data-element_type=\"widget\" data-widget_type=\"heading.default\">\n\t\t\t\t<div class=\"elementor-widget-container\">\n\t\t\t\t\t<h3 class=\"elementor-heading-title elementor-size-default\">Projektai<\/h3>\t\t\t\t<\/div>\n\t\t\t\t<\/div>\n\t\t\t\t<div class=\"elementor-element elementor-element-dc2f327 elementor-widget elementor-widget-text-editor\" data-id=\"dc2f327\" data-element_type=\"widget\" data-widget_type=\"text-editor.default\">\n\t\t\t\t<div class=\"elementor-widget-container\">\n\t\t\t\t\t\t\t\t\t<p>Did\u017eiuojam\u0117s, kad ES finansavimas padeda m\u016bs\u0173 gamyklai augti.<\/p>\t\t\t\t\t\t\t\t<\/div>\n\t\t\t\t<\/div>\n\t\t\t\t<\/div>\n\t\t\t\t\t<\/div>\n\t\t\t\t<\/div>\n\t\t<div class=\"has_eae_slider elementor-element elementor-element-32f60f7 e-flex e-con-boxed e-con e-parent\" data-eae-slider=\"13273\" data-id=\"32f60f7\" data-element_type=\"container\">\n\t\t\t\t\t<div class=\"e-con-inner\">\n\t\t<div data-ep-wrapper-link=\"{&quot;url&quot;:&quot;https:\\\/\\\/bagfactory.eu\\\/lt\\\/es-finansavimas\\\/ultragarsinis-terminis-medziagos-sujungimas-pet-rpet-go\\\/&quot;,&quot;is_external&quot;:&quot;&quot;,&quot;nofollow&quot;:&quot;&quot;,&quot;custom_attributes&quot;:&quot;&quot;}\" style=\"cursor: pointer\" class=\"bdt-element-link has_eae_slider elementor-element elementor-element-36a8363 e-con-full e-flex e-con e-child\" data-eae-slider=\"55075\" data-id=\"36a8363\" data-element_type=\"container\" data-settings=\"{&quot;background_background&quot;:&quot;classic&quot;}\">\n\t\t<div class=\"has_eae_slider elementor-element elementor-element-35af053 e-con-full e-flex e-con e-child\" data-eae-slider=\"18875\" data-id=\"35af053\" data-element_type=\"container\">\n\t\t\t\t<div class=\"elementor-element elementor-element-646ec9b elementor-view-default elementor-widget elementor-widget-icon\" data-id=\"646ec9b\" data-element_type=\"widget\" data-widget_type=\"icon.default\">\n\t\t\t\t<div class=\"elementor-widget-container\">\n\t\t\t\t\t\t\t<div class=\"elementor-icon-wrapper\">\n\t\t\t<div class=\"elementor-icon\">\n\t\t\t<svg xmlns=\"http:\/\/www.w3.org\/2000\/svg\" id=\"Component_15_1\" data-name=\"Component 15 &#x2013; 1\" width=\"61\" height=\"58.967\" viewBox=\"0 0 61 58.967\"><g id=\"Group_583\" data-name=\"Group 583\"><path id=\"Path_496\" data-name=\"Path 496\" d=\"M229.323,26.343,228.067,24l-1.257,2.343-2.81.376,2.033,1.824-.48,2.575,2.513-1.216,2.513,1.216-.48-2.575,2.033-1.824Z\" transform=\"translate(-197.567 -24)\" fill=\"#399e53\"><\/path><path id=\"Path_497\" data-name=\"Path 497\" d=\"M333.323,50.343,332.067,48l-1.257,2.343-2.81.376,2.033,1.824-.48,2.575,2.513-1.216,2.513,1.216-.48-2.575,2.033-1.824Z\" transform=\"translate(-288.35 -44.95)\" fill=\"#399e53\"><\/path><path id=\"Path_498\" data-name=\"Path 498\" d=\"M413.323,122.343,412.067,120l-1.257,2.343-2.81.376,2.033,1.824-.48,2.575,2.513-1.216,2.513,1.216-.48-2.575,2.033-1.824Z\" transform=\"translate(-358.183 -107.8)\" fill=\"#399e53\"><\/path><path id=\"Path_499\" data-name=\"Path 499\" d=\"M405.323,330.343,404.067,328l-1.257,2.343-2.81.376,2.033,1.823-.48,2.575,2.513-1.216,2.513,1.216-.48-2.575,2.033-1.823Z\" transform=\"translate(-351.2 -289.367)\" fill=\"#399e53\"><\/path><path id=\"Path_500\" data-name=\"Path 500\" d=\"M333.323,410.343,332.067,408l-1.257,2.343-2.81.376,2.033,1.824-.48,2.575,2.513-1.216,2.513,1.216-.48-2.575,2.033-1.824Z\" transform=\"translate(-288.35 -359.2)\" fill=\"#399e53\"><\/path><path id=\"Path_501\" data-name=\"Path 501\" d=\"M229.323,434.343,228.067,432l-1.257,2.343-2.81.376,2.033,1.824-.48,2.575,2.513-1.216,2.513,1.216-.48-2.575,2.033-1.824Z\" transform=\"translate(-197.567 -380.15)\" fill=\"#399e53\"><\/path><path id=\"Path_502\" data-name=\"Path 502\" d=\"M436.067,232l-1.257,2.343-2.81.376,2.033,1.824-.48,2.575,2.513-1.216,2.513,1.216-.48-2.575,2.033-1.824-2.81-.376Z\" transform=\"translate(-379.133 -205.567)\" fill=\"#399e53\"><\/path><path id=\"Path_503\" data-name=\"Path 503\" d=\"M125.323,50.343,124.067,48l-1.257,2.343-2.81.376,2.033,1.824-.48,2.575,2.513-1.216,2.513,1.216-.48-2.575,2.033-1.824Z\" transform=\"translate(-106.783 -44.95)\" fill=\"#399e53\"><\/path><path id=\"Path_504\" data-name=\"Path 504\" d=\"M44.067,125.9l2.513,1.216-.48-2.575,2.033-1.824-2.81-.376L44.067,120l-1.257,2.343-2.81.376,2.033,1.824-.48,2.575Z\" transform=\"translate(-36.95 -107.8)\" fill=\"#399e53\"><\/path><path id=\"Path_505\" data-name=\"Path 505\" d=\"M53.323,330.343,52.067,328l-1.257,2.343-2.81.376,2.033,1.823-.48,2.575,2.513-1.216,2.513,1.216-.48-2.575,2.033-1.823Z\" transform=\"translate(-43.933 -289.367)\" fill=\"#399e53\"><\/path><path id=\"Path_506\" data-name=\"Path 506\" d=\"M125.323,410.343,124.067,408l-1.257,2.343-2.81.376,2.033,1.824-.48,2.575,2.513-1.216,2.513,1.216-.48-2.575,2.033-1.824Z\" transform=\"translate(-106.783 -359.2)\" fill=\"#399e53\"><\/path><path id=\"Path_507\" data-name=\"Path 507\" d=\"M17.553,239.117l2.513-1.216,2.513,1.216-.48-2.575,2.033-1.824-2.81-.376L20.067,232l-1.257,2.343-2.81.376,2.033,1.824Z\" transform=\"translate(-16 -205.567)\" fill=\"#399e53\"><\/path><\/g><\/svg>\t\t\t<\/div>\n\t\t<\/div>\n\t\t\t\t\t\t<\/div>\n\t\t\t\t<\/div>\n\t\t\t\t<div class=\"elementor-element elementor-element-346d9a5 elementor-widget elementor-widget-text-editor\" data-id=\"346d9a5\" data-element_type=\"widget\" data-widget_type=\"text-editor.default\">\n\t\t\t\t<div class=\"elementor-widget-container\">\n\t\t\t\t\t\t\t\t\t<h4>Lanksti ultragarsin\u0117 terminio sujungimo technologija automatiniam neaustini\u0173 \u201ePET\u2013R-PET Go\u201c mai\u0161eli\u0173 gamybos procesui.<\/h4>\t\t\t\t\t\t\t\t<\/div>\n\t\t\t\t<\/div>\n\t\t\t\t<\/div>\n\t\t\t\t<div class=\"elementor-element elementor-element-4625ea2 elementor-view-default elementor-widget elementor-widget-icon\" data-id=\"4625ea2\" data-element_type=\"widget\" data-widget_type=\"icon.default\">\n\t\t\t\t<div class=\"elementor-widget-container\">\n\t\t\t\t\t\t\t<div class=\"elementor-icon-wrapper\">\n\t\t\t<div class=\"elementor-icon\">\n\t\t\t\t\t\t<\/div>\n\t\t<\/div>\n\t\t\t\t\t\t<\/div>\n\t\t\t\t<\/div>\n\t\t\t\t<\/div>\n\t\t<div data-ep-wrapper-link=\"{&quot;url&quot;:&quot;https:\\\/\\\/bagfactory.eu\\\/lt\\\/es-finansavimas\\\/konkurencingumo-didinimas\\\/&quot;,&quot;is_external&quot;:&quot;&quot;,&quot;nofollow&quot;:&quot;&quot;,&quot;custom_attributes&quot;:&quot;&quot;}\" style=\"cursor: pointer\" class=\"bdt-element-link has_eae_slider elementor-element elementor-element-ff43331 e-con-full e-flex e-con e-child\" data-eae-slider=\"45597\" data-id=\"ff43331\" data-element_type=\"container\" data-settings=\"{&quot;background_background&quot;:&quot;classic&quot;}\">\n\t\t<div class=\"has_eae_slider elementor-element elementor-element-eee397c e-con-full e-flex e-con e-child\" data-eae-slider=\"1871\" data-id=\"eee397c\" data-element_type=\"container\">\n\t\t\t\t<div class=\"elementor-element elementor-element-8d530d9 elementor-view-default elementor-widget elementor-widget-icon\" data-id=\"8d530d9\" data-element_type=\"widget\" data-widget_type=\"icon.default\">\n\t\t\t\t<div class=\"elementor-widget-container\">\n\t\t\t\t\t\t\t<div class=\"elementor-icon-wrapper\">\n\t\t\t<div class=\"elementor-icon\">\n\t\t\t<svg xmlns=\"http:\/\/www.w3.org\/2000\/svg\" id=\"Component_15_1\" data-name=\"Component 15 &#x2013; 1\" width=\"61\" height=\"58.967\" viewBox=\"0 0 61 58.967\"><g id=\"Group_583\" data-name=\"Group 583\"><path id=\"Path_496\" data-name=\"Path 496\" d=\"M229.323,26.343,228.067,24l-1.257,2.343-2.81.376,2.033,1.824-.48,2.575,2.513-1.216,2.513,1.216-.48-2.575,2.033-1.824Z\" transform=\"translate(-197.567 -24)\" fill=\"#399e53\"><\/path><path id=\"Path_497\" data-name=\"Path 497\" d=\"M333.323,50.343,332.067,48l-1.257,2.343-2.81.376,2.033,1.824-.48,2.575,2.513-1.216,2.513,1.216-.48-2.575,2.033-1.824Z\" transform=\"translate(-288.35 -44.95)\" fill=\"#399e53\"><\/path><path id=\"Path_498\" data-name=\"Path 498\" d=\"M413.323,122.343,412.067,120l-1.257,2.343-2.81.376,2.033,1.824-.48,2.575,2.513-1.216,2.513,1.216-.48-2.575,2.033-1.824Z\" transform=\"translate(-358.183 -107.8)\" fill=\"#399e53\"><\/path><path id=\"Path_499\" data-name=\"Path 499\" d=\"M405.323,330.343,404.067,328l-1.257,2.343-2.81.376,2.033,1.823-.48,2.575,2.513-1.216,2.513,1.216-.48-2.575,2.033-1.823Z\" transform=\"translate(-351.2 -289.367)\" fill=\"#399e53\"><\/path><path id=\"Path_500\" data-name=\"Path 500\" d=\"M333.323,410.343,332.067,408l-1.257,2.343-2.81.376,2.033,1.824-.48,2.575,2.513-1.216,2.513,1.216-.48-2.575,2.033-1.824Z\" transform=\"translate(-288.35 -359.2)\" fill=\"#399e53\"><\/path><path id=\"Path_501\" data-name=\"Path 501\" d=\"M229.323,434.343,228.067,432l-1.257,2.343-2.81.376,2.033,1.824-.48,2.575,2.513-1.216,2.513,1.216-.48-2.575,2.033-1.824Z\" transform=\"translate(-197.567 -380.15)\" fill=\"#399e53\"><\/path><path id=\"Path_502\" data-name=\"Path 502\" d=\"M436.067,232l-1.257,2.343-2.81.376,2.033,1.824-.48,2.575,2.513-1.216,2.513,1.216-.48-2.575,2.033-1.824-2.81-.376Z\" transform=\"translate(-379.133 -205.567)\" fill=\"#399e53\"><\/path><path id=\"Path_503\" data-name=\"Path 503\" d=\"M125.323,50.343,124.067,48l-1.257,2.343-2.81.376,2.033,1.824-.48,2.575,2.513-1.216,2.513,1.216-.48-2.575,2.033-1.824Z\" transform=\"translate(-106.783 -44.95)\" fill=\"#399e53\"><\/path><path id=\"Path_504\" data-name=\"Path 504\" d=\"M44.067,125.9l2.513,1.216-.48-2.575,2.033-1.824-2.81-.376L44.067,120l-1.257,2.343-2.81.376,2.033,1.824-.48,2.575Z\" transform=\"translate(-36.95 -107.8)\" fill=\"#399e53\"><\/path><path id=\"Path_505\" data-name=\"Path 505\" d=\"M53.323,330.343,52.067,328l-1.257,2.343-2.81.376,2.033,1.823-.48,2.575,2.513-1.216,2.513,1.216-.48-2.575,2.033-1.823Z\" transform=\"translate(-43.933 -289.367)\" fill=\"#399e53\"><\/path><path id=\"Path_506\" data-name=\"Path 506\" d=\"M125.323,410.343,124.067,408l-1.257,2.343-2.81.376,2.033,1.824-.48,2.575,2.513-1.216,2.513,1.216-.48-2.575,2.033-1.824Z\" transform=\"translate(-106.783 -359.2)\" fill=\"#399e53\"><\/path><path id=\"Path_507\" data-name=\"Path 507\" d=\"M17.553,239.117l2.513-1.216,2.513,1.216-.48-2.575,2.033-1.824-2.81-.376L20.067,232l-1.257,2.343-2.81.376,2.033,1.824Z\" transform=\"translate(-16 -205.567)\" fill=\"#399e53\"><\/path><\/g><\/svg>\t\t\t<\/div>\n\t\t<\/div>\n\t\t\t\t\t\t<\/div>\n\t\t\t\t<\/div>\n\t\t\t\t<div class=\"elementor-element elementor-element-384aafb elementor-widget elementor-widget-text-editor\" data-id=\"384aafb\" data-element_type=\"widget\" data-widget_type=\"text-editor.default\">\n\t\t\t\t<div class=\"elementor-widget-container\">\n\t\t\t\t\t\t\t\t\t<h4>UAB \u201eBagfactory\u201c konkurencingumo didinimas pl\u0117tojant eksport\u0105 \u012f u\u017esienio rinkas<\/h4>\t\t\t\t\t\t\t\t<\/div>\n\t\t\t\t<\/div>\n\t\t\t\t<\/div>\n\t\t\t\t<div class=\"elementor-element elementor-element-d37596c elementor-view-default elementor-widget elementor-widget-icon\" data-id=\"d37596c\" data-element_type=\"widget\" data-widget_type=\"icon.default\">\n\t\t\t\t<div class=\"elementor-widget-container\">\n\t\t\t\t\t\t\t<div class=\"elementor-icon-wrapper\">\n\t\t\t<div class=\"elementor-icon\">\n\t\t\t\t\t\t<\/div>\n\t\t<\/div>\n\t\t\t\t\t\t<\/div>\n\t\t\t\t<\/div>\n\t\t\t\t<\/div>\n\t\t\t\t\t<\/div>\n\t\t\t\t<\/div>\n\t\t<div class=\"has_eae_slider elementor-element elementor-element-4a67ccd e-flex e-con-boxed e-con e-parent\" data-eae-slider=\"43343\" data-id=\"4a67ccd\" data-element_type=\"container\">\n\t\t\t\t\t<div class=\"e-con-inner\">\n\t\t<div data-ep-wrapper-link=\"{&quot;url&quot;:&quot;https:\\\/\\\/bagfactory.eu\\\/lt\\\/es-finansavimas\\\/pirkiniu-maiseliu-skaitmeninimo-sprendimai\\\/&quot;,&quot;is_external&quot;:&quot;&quot;,&quot;nofollow&quot;:&quot;&quot;,&quot;custom_attributes&quot;:&quot;&quot;}\" style=\"cursor: pointer\" class=\"bdt-element-link has_eae_slider elementor-element elementor-element-ff10e7a e-con-full e-flex e-con e-child\" data-eae-slider=\"29213\" data-id=\"ff10e7a\" data-element_type=\"container\" data-settings=\"{&quot;background_background&quot;:&quot;classic&quot;}\">\n\t\t<div class=\"has_eae_slider elementor-element elementor-element-fc4cb9b e-con-full e-flex e-con e-child\" data-eae-slider=\"32190\" data-id=\"fc4cb9b\" data-element_type=\"container\">\n\t\t\t\t<div class=\"elementor-element elementor-element-97fe8c7 elementor-view-default elementor-widget elementor-widget-icon\" data-id=\"97fe8c7\" data-element_type=\"widget\" data-widget_type=\"icon.default\">\n\t\t\t\t<div class=\"elementor-widget-container\">\n\t\t\t\t\t\t\t<div class=\"elementor-icon-wrapper\">\n\t\t\t<div class=\"elementor-icon\">\n\t\t\t<svg xmlns=\"http:\/\/www.w3.org\/2000\/svg\" id=\"Component_15_1\" data-name=\"Component 15 &#x2013; 1\" width=\"61\" height=\"58.967\" viewBox=\"0 0 61 58.967\"><g id=\"Group_583\" data-name=\"Group 583\"><path id=\"Path_496\" data-name=\"Path 496\" d=\"M229.323,26.343,228.067,24l-1.257,2.343-2.81.376,2.033,1.824-.48,2.575,2.513-1.216,2.513,1.216-.48-2.575,2.033-1.824Z\" transform=\"translate(-197.567 -24)\" fill=\"#399e53\"><\/path><path id=\"Path_497\" data-name=\"Path 497\" d=\"M333.323,50.343,332.067,48l-1.257,2.343-2.81.376,2.033,1.824-.48,2.575,2.513-1.216,2.513,1.216-.48-2.575,2.033-1.824Z\" transform=\"translate(-288.35 -44.95)\" fill=\"#399e53\"><\/path><path id=\"Path_498\" data-name=\"Path 498\" d=\"M413.323,122.343,412.067,120l-1.257,2.343-2.81.376,2.033,1.824-.48,2.575,2.513-1.216,2.513,1.216-.48-2.575,2.033-1.824Z\" transform=\"translate(-358.183 -107.8)\" fill=\"#399e53\"><\/path><path id=\"Path_499\" data-name=\"Path 499\" d=\"M405.323,330.343,404.067,328l-1.257,2.343-2.81.376,2.033,1.823-.48,2.575,2.513-1.216,2.513,1.216-.48-2.575,2.033-1.823Z\" transform=\"translate(-351.2 -289.367)\" fill=\"#399e53\"><\/path><path id=\"Path_500\" data-name=\"Path 500\" d=\"M333.323,410.343,332.067,408l-1.257,2.343-2.81.376,2.033,1.824-.48,2.575,2.513-1.216,2.513,1.216-.48-2.575,2.033-1.824Z\" transform=\"translate(-288.35 -359.2)\" fill=\"#399e53\"><\/path><path id=\"Path_501\" data-name=\"Path 501\" d=\"M229.323,434.343,228.067,432l-1.257,2.343-2.81.376,2.033,1.824-.48,2.575,2.513-1.216,2.513,1.216-.48-2.575,2.033-1.824Z\" transform=\"translate(-197.567 -380.15)\" fill=\"#399e53\"><\/path><path id=\"Path_502\" data-name=\"Path 502\" d=\"M436.067,232l-1.257,2.343-2.81.376,2.033,1.824-.48,2.575,2.513-1.216,2.513,1.216-.48-2.575,2.033-1.824-2.81-.376Z\" transform=\"translate(-379.133 -205.567)\" fill=\"#399e53\"><\/path><path id=\"Path_503\" data-name=\"Path 503\" d=\"M125.323,50.343,124.067,48l-1.257,2.343-2.81.376,2.033,1.824-.48,2.575,2.513-1.216,2.513,1.216-.48-2.575,2.033-1.824Z\" transform=\"translate(-106.783 -44.95)\" fill=\"#399e53\"><\/path><path id=\"Path_504\" data-name=\"Path 504\" d=\"M44.067,125.9l2.513,1.216-.48-2.575,2.033-1.824-2.81-.376L44.067,120l-1.257,2.343-2.81.376,2.033,1.824-.48,2.575Z\" transform=\"translate(-36.95 -107.8)\" fill=\"#399e53\"><\/path><path id=\"Path_505\" data-name=\"Path 505\" d=\"M53.323,330.343,52.067,328l-1.257,2.343-2.81.376,2.033,1.823-.48,2.575,2.513-1.216,2.513,1.216-.48-2.575,2.033-1.823Z\" transform=\"translate(-43.933 -289.367)\" fill=\"#399e53\"><\/path><path id=\"Path_506\" data-name=\"Path 506\" d=\"M125.323,410.343,124.067,408l-1.257,2.343-2.81.376,2.033,1.824-.48,2.575,2.513-1.216,2.513,1.216-.48-2.575,2.033-1.824Z\" transform=\"translate(-106.783 -359.2)\" fill=\"#399e53\"><\/path><path id=\"Path_507\" data-name=\"Path 507\" d=\"M17.553,239.117l2.513-1.216,2.513,1.216-.48-2.575,2.033-1.824-2.81-.376L20.067,232l-1.257,2.343-2.81.376,2.033,1.824Z\" transform=\"translate(-16 -205.567)\" fill=\"#399e53\"><\/path><\/g><\/svg>\t\t\t<\/div>\n\t\t<\/div>\n\t\t\t\t\t\t<\/div>\n\t\t\t\t<\/div>\n\t\t\t\t<div class=\"elementor-element elementor-element-e68059f elementor-widget elementor-widget-text-editor\" data-id=\"e68059f\" data-element_type=\"widget\" data-widget_type=\"text-editor.default\">\n\t\t\t\t<div class=\"elementor-widget-container\">\n\t\t\t\t\t\t\t\t\t<h4>**Pirkini\u0173 mai\u0161eli\u0173 skaitmeninimo sprendimai gamybos proces\u0173 modernizavimui (BF GO-DIGITAL)<\/h4>\t\t\t\t\t\t\t\t<\/div>\n\t\t\t\t<\/div>\n\t\t\t\t<\/div>\n\t\t\t\t<div class=\"elementor-element elementor-element-2874b0b elementor-view-default elementor-widget elementor-widget-icon\" data-id=\"2874b0b\" data-element_type=\"widget\" data-widget_type=\"icon.default\">\n\t\t\t\t<div class=\"elementor-widget-container\">\n\t\t\t\t\t\t\t<div class=\"elementor-icon-wrapper\">\n\t\t\t<div class=\"elementor-icon\">\n\t\t\t\t\t\t<\/div>\n\t\t<\/div>\n\t\t\t\t\t\t<\/div>\n\t\t\t\t<\/div>\n\t\t\t\t<\/div>\n\t\t<div data-ep-wrapper-link=\"{&quot;url&quot;:&quot;https:\\\/\\\/bagfactory.eu\\\/lt\\\/es-finansavimas\\\/neaustiniai-gaminiai-skirti-covid-19\\\/&quot;,&quot;is_external&quot;:&quot;&quot;,&quot;nofollow&quot;:&quot;&quot;,&quot;custom_attributes&quot;:&quot;&quot;}\" style=\"cursor: pointer\" class=\"bdt-element-link has_eae_slider elementor-element elementor-element-77a0357 e-con-full e-flex e-con e-child\" data-eae-slider=\"78813\" data-id=\"77a0357\" data-element_type=\"container\" data-settings=\"{&quot;background_background&quot;:&quot;classic&quot;}\">\n\t\t<div class=\"has_eae_slider elementor-element elementor-element-1b041c4 e-con-full e-flex e-con e-child\" data-eae-slider=\"47824\" data-id=\"1b041c4\" data-element_type=\"container\">\n\t\t\t\t<div class=\"elementor-element elementor-element-9e16295 elementor-view-default elementor-widget elementor-widget-icon\" data-id=\"9e16295\" data-element_type=\"widget\" data-widget_type=\"icon.default\">\n\t\t\t\t<div class=\"elementor-widget-container\">\n\t\t\t\t\t\t\t<div class=\"elementor-icon-wrapper\">\n\t\t\t<div class=\"elementor-icon\">\n\t\t\t<svg xmlns=\"http:\/\/www.w3.org\/2000\/svg\" id=\"Component_15_1\" data-name=\"Component 15 &#x2013; 1\" width=\"61\" height=\"58.967\" viewBox=\"0 0 61 58.967\"><g id=\"Group_583\" data-name=\"Group 583\"><path id=\"Path_496\" data-name=\"Path 496\" d=\"M229.323,26.343,228.067,24l-1.257,2.343-2.81.376,2.033,1.824-.48,2.575,2.513-1.216,2.513,1.216-.48-2.575,2.033-1.824Z\" transform=\"translate(-197.567 -24)\" fill=\"#399e53\"><\/path><path id=\"Path_497\" data-name=\"Path 497\" d=\"M333.323,50.343,332.067,48l-1.257,2.343-2.81.376,2.033,1.824-.48,2.575,2.513-1.216,2.513,1.216-.48-2.575,2.033-1.824Z\" transform=\"translate(-288.35 -44.95)\" fill=\"#399e53\"><\/path><path id=\"Path_498\" data-name=\"Path 498\" d=\"M413.323,122.343,412.067,120l-1.257,2.343-2.81.376,2.033,1.824-.48,2.575,2.513-1.216,2.513,1.216-.48-2.575,2.033-1.824Z\" transform=\"translate(-358.183 -107.8)\" fill=\"#399e53\"><\/path><path id=\"Path_499\" data-name=\"Path 499\" d=\"M405.323,330.343,404.067,328l-1.257,2.343-2.81.376,2.033,1.823-.48,2.575,2.513-1.216,2.513,1.216-.48-2.575,2.033-1.823Z\" transform=\"translate(-351.2 -289.367)\" fill=\"#399e53\"><\/path><path id=\"Path_500\" data-name=\"Path 500\" d=\"M333.323,410.343,332.067,408l-1.257,2.343-2.81.376,2.033,1.824-.48,2.575,2.513-1.216,2.513,1.216-.48-2.575,2.033-1.824Z\" transform=\"translate(-288.35 -359.2)\" fill=\"#399e53\"><\/path><path id=\"Path_501\" data-name=\"Path 501\" d=\"M229.323,434.343,228.067,432l-1.257,2.343-2.81.376,2.033,1.824-.48,2.575,2.513-1.216,2.513,1.216-.48-2.575,2.033-1.824Z\" transform=\"translate(-197.567 -380.15)\" fill=\"#399e53\"><\/path><path id=\"Path_502\" data-name=\"Path 502\" d=\"M436.067,232l-1.257,2.343-2.81.376,2.033,1.824-.48,2.575,2.513-1.216,2.513,1.216-.48-2.575,2.033-1.824-2.81-.376Z\" transform=\"translate(-379.133 -205.567)\" fill=\"#399e53\"><\/path><path id=\"Path_503\" data-name=\"Path 503\" d=\"M125.323,50.343,124.067,48l-1.257,2.343-2.81.376,2.033,1.824-.48,2.575,2.513-1.216,2.513,1.216-.48-2.575,2.033-1.824Z\" transform=\"translate(-106.783 -44.95)\" fill=\"#399e53\"><\/path><path id=\"Path_504\" data-name=\"Path 504\" d=\"M44.067,125.9l2.513,1.216-.48-2.575,2.033-1.824-2.81-.376L44.067,120l-1.257,2.343-2.81.376,2.033,1.824-.48,2.575Z\" transform=\"translate(-36.95 -107.8)\" fill=\"#399e53\"><\/path><path id=\"Path_505\" data-name=\"Path 505\" d=\"M53.323,330.343,52.067,328l-1.257,2.343-2.81.376,2.033,1.823-.48,2.575,2.513-1.216,2.513,1.216-.48-2.575,2.033-1.823Z\" transform=\"translate(-43.933 -289.367)\" fill=\"#399e53\"><\/path><path id=\"Path_506\" data-name=\"Path 506\" d=\"M125.323,410.343,124.067,408l-1.257,2.343-2.81.376,2.033,1.824-.48,2.575,2.513-1.216,2.513,1.216-.48-2.575,2.033-1.824Z\" transform=\"translate(-106.783 -359.2)\" fill=\"#399e53\"><\/path><path id=\"Path_507\" data-name=\"Path 507\" d=\"M17.553,239.117l2.513-1.216,2.513,1.216-.48-2.575,2.033-1.824-2.81-.376L20.067,232l-1.257,2.343-2.81.376,2.033,1.824Z\" transform=\"translate(-16 -205.567)\" fill=\"#399e53\"><\/path><\/g><\/svg>\t\t\t<\/div>\n\t\t<\/div>\n\t\t\t\t\t\t<\/div>\n\t\t\t\t<\/div>\n\t\t\t\t<div class=\"elementor-element elementor-element-1b66eab elementor-widget elementor-widget-text-editor\" data-id=\"1b66eab\" data-element_type=\"widget\" data-widget_type=\"text-editor.default\">\n\t\t\t\t<div class=\"elementor-widget-container\">\n\t\t\t\t\t\t\t\t\t<h4>Investicijos \u012f neaustini\u0173 gamini\u0173, skirt\u0173 COVID-19, gamyb\u0105<\/h4>\t\t\t\t\t\t\t\t<\/div>\n\t\t\t\t<\/div>\n\t\t\t\t<\/div>\n\t\t\t\t<div class=\"elementor-element elementor-element-48c29b9 elementor-view-default elementor-widget elementor-widget-icon\" data-id=\"48c29b9\" data-element_type=\"widget\" data-widget_type=\"icon.default\">\n\t\t\t\t<div class=\"elementor-widget-container\">\n\t\t\t\t\t\t\t<div class=\"elementor-icon-wrapper\">\n\t\t\t<div class=\"elementor-icon\">\n\t\t\t\t\t\t<\/div>\n\t\t<\/div>\n\t\t\t\t\t\t<\/div>\n\t\t\t\t<\/div>\n\t\t\t\t<\/div>\n\t\t\t\t\t<\/div>\n\t\t\t\t<\/div>\n\t\t\t\t<\/div>\n\t\t","protected":false},"excerpt":{"rendered":"<p>Projektai Did\u017eiuojam\u0117s, kad ES finansavimas padeda m\u016bs\u0173 gamyklai augti. Lanksti ultragarsin\u0117 terminio sujungimo technologija automatiniam neaustini\u0173 \u201ePET\u2013R-PET Go\u201c mai\u0161eli\u0173 gamybos procesui. UAB [&hellip;]<\/p>\n","protected":false},"author":17,"featured_media":40104,"parent":0,"menu_order":0,"comment_status":"closed","ping_status":"closed","template":"elementor_header_footer","meta":{"_acf_changed":false,"footnotes":""},"class_list":["post-199604","page","type-page","status-publish","has-post-thumbnail","hentry"],"acf":[],"_links":{"self":[{"href":"https:\/\/bagfactory.eu\/lt\/wp-json\/wp\/v2\/pages\/199604","targetHints":{"allow":["GET"]}}],"collection":[{"href":"https:\/\/bagfactory.eu\/lt\/wp-json\/wp\/v2\/pages"}],"about":[{"href":"https:\/\/bagfactory.eu\/lt\/wp-json\/wp\/v2\/types\/page"}],"author":[{"embeddable":true,"href":"https:\/\/bagfactory.eu\/lt\/wp-json\/wp\/v2\/users\/17"}],"replies":[{"embeddable":true,"href":"https:\/\/bagfactory.eu\/lt\/wp-json\/wp\/v2\/comments?post=199604"}],"version-history":[{"count":20,"href":"https:\/\/bagfactory.eu\/lt\/wp-json\/wp\/v2\/pages\/199604\/revisions"}],"predecessor-version":[{"id":199901,"href":"https:\/\/bagfactory.eu\/lt\/wp-json\/wp\/v2\/pages\/199604\/revisions\/199901"}],"wp:featuredmedia":[{"embeddable":true,"href":"https:\/\/bagfactory.eu\/lt\/wp-json\/wp\/v2\/media\/40104"}],"wp:attachment":[{"href":"https:\/\/bagfactory.eu\/lt\/wp-json\/wp\/v2\/media?parent=199604"}],"curies":[{"name":"wp","href":"https:\/\/api.w.org\/{rel}","templated":true}]}}