{"id":199610,"date":"2025-10-30T11:29:11","date_gmt":"2025-10-30T08:29:11","guid":{"rendered":"https:\/\/lang.bagfactory.eu\/?page_id=199610"},"modified":"2025-10-30T11:32:52","modified_gmt":"2025-10-30T08:32:52","slug":"ultragarsinis-terminis-medziagos-sujungimas-pet-rpet-go","status":"publish","type":"page","link":"https:\/\/bagfactory.eu\/lt\/es-finansavimas\/ultragarsinis-terminis-medziagos-sujungimas-pet-rpet-go\/","title":{"rendered":"Ultragarsinis terminis med\u017eiagos sujungimas (PET-RPET GO)"},"content":{"rendered":"\t\t<div data-elementor-type=\"wp-page\" data-elementor-id=\"199610\" class=\"elementor elementor-199610 elementor-16017\" data-elementor-settings=\"{&quot;element_pack_global_tooltip_width&quot;:{&quot;unit&quot;:&quot;px&quot;,&quot;size&quot;:&quot;&quot;,&quot;sizes&quot;:[]},&quot;element_pack_global_tooltip_width_tablet&quot;:{&quot;unit&quot;:&quot;px&quot;,&quot;size&quot;:&quot;&quot;,&quot;sizes&quot;:[]},&quot;element_pack_global_tooltip_width_mobile&quot;:{&quot;unit&quot;:&quot;px&quot;,&quot;size&quot;:&quot;&quot;,&quot;sizes&quot;:[]},&quot;element_pack_global_tooltip_padding&quot;:{&quot;unit&quot;:&quot;px&quot;,&quot;top&quot;:&quot;&quot;,&quot;right&quot;:&quot;&quot;,&quot;bottom&quot;:&quot;&quot;,&quot;left&quot;:&quot;&quot;,&quot;isLinked&quot;:true},&quot;element_pack_global_tooltip_padding_tablet&quot;:{&quot;unit&quot;:&quot;px&quot;,&quot;top&quot;:&quot;&quot;,&quot;right&quot;:&quot;&quot;,&quot;bottom&quot;:&quot;&quot;,&quot;left&quot;:&quot;&quot;,&quot;isLinked&quot;:true},&quot;element_pack_global_tooltip_padding_mobile&quot;:{&quot;unit&quot;:&quot;px&quot;,&quot;top&quot;:&quot;&quot;,&quot;right&quot;:&quot;&quot;,&quot;bottom&quot;:&quot;&quot;,&quot;left&quot;:&quot;&quot;,&quot;isLinked&quot;:true},&quot;element_pack_global_tooltip_border_radius&quot;:{&quot;unit&quot;:&quot;px&quot;,&quot;top&quot;:&quot;&quot;,&quot;right&quot;:&quot;&quot;,&quot;bottom&quot;:&quot;&quot;,&quot;left&quot;:&quot;&quot;,&quot;isLinked&quot;:true},&quot;element_pack_global_tooltip_border_radius_tablet&quot;:{&quot;unit&quot;:&quot;px&quot;,&quot;top&quot;:&quot;&quot;,&quot;right&quot;:&quot;&quot;,&quot;bottom&quot;:&quot;&quot;,&quot;left&quot;:&quot;&quot;,&quot;isLinked&quot;:true},&quot;element_pack_global_tooltip_border_radius_mobile&quot;:{&quot;unit&quot;:&quot;px&quot;,&quot;top&quot;:&quot;&quot;,&quot;right&quot;:&quot;&quot;,&quot;bottom&quot;:&quot;&quot;,&quot;left&quot;:&quot;&quot;,&quot;isLinked&quot;:true}}\" data-elementor-post-type=\"page\">\n\t\t\t\t<div class=\"has_eae_slider elementor-element elementor-element-c98e92d e-flex e-con-boxed e-con e-parent\" data-eae-slider=\"29782\" data-id=\"c98e92d\" data-element_type=\"container\">\n\t\t\t\t\t<div class=\"e-con-inner\">\n\t\t<div class=\"has_eae_slider elementor-element elementor-element-7da223f e-con-full e-flex e-con e-child\" data-eae-slider=\"36195\" data-id=\"7da223f\" data-element_type=\"container\">\n\t\t\t\t<div class=\"elementor-element elementor-element-75cb23a elementor-widget elementor-widget-heading\" data-id=\"75cb23a\" data-element_type=\"widget\" data-widget_type=\"heading.default\">\n\t\t\t\t<div class=\"elementor-widget-container\">\n\t\t\t\t\t<h3 class=\"elementor-heading-title elementor-size-default\">Projekto \u012fgyvendinimas <br> \"Lanks\u010dios ultragarsin\u0117s med\u017eiagos terminio sujungimo jungimo technologija, skirta automatiniam neaustini\u0173 mai\u0161eli\u0173 gamybos procesui (PET-RPET GO)\"<\/h3>\t\t\t\t<\/div>\n\t\t\t\t<\/div>\n\t\t\t\t<div class=\"elementor-element elementor-element-aaebe36 elementor-view-default elementor-widget elementor-widget-icon\" data-id=\"aaebe36\" data-element_type=\"widget\" data-widget_type=\"icon.default\">\n\t\t\t\t<div class=\"elementor-widget-container\">\n\t\t\t\t\t\t\t<div class=\"elementor-icon-wrapper\">\n\t\t\t<div class=\"elementor-icon\">\n\t\t\t\t\t\t<\/div>\n\t\t<\/div>\n\t\t\t\t\t\t<\/div>\n\t\t\t\t<\/div>\n\t\t\t\t<\/div>\n\t\t<div class=\"has_eae_slider elementor-element elementor-element-870989d e-con-full e-flex e-con e-child\" data-eae-slider=\"85232\" data-id=\"870989d\" data-element_type=\"container\">\n\t\t\t\t<div class=\"elementor-element elementor-element-694056c elementor-widget elementor-widget-image\" data-id=\"694056c\" data-element_type=\"widget\" data-widget_type=\"image.default\">\n\t\t\t\t<div class=\"elementor-widget-container\">\n\t\t\t\t\t\t\t\t\t\t\t\t\t\t\t<img fetchpriority=\"high\" decoding=\"async\" width=\"768\" height=\"171\" src=\"https:\/\/bagfactory.eu\/wp-content\/uploads\/2021\/06\/LVPA-and-ES-Funding-e1623259003342-768x171.jpg\" class=\"attachment-medium_large size-medium_large wp-image-205434\" alt=\"Non woven and Paper Bag manufacturers\" srcset=\"https:\/\/bagfactory.eu\/wp-content\/uploads\/2021\/06\/LVPA-and-ES-Funding-e1623259003342-768x171.jpg 768w, https:\/\/bagfactory.eu\/wp-content\/uploads\/2021\/06\/LVPA-and-ES-Funding-e1623259003342-600x133.jpg 600w, https:\/\/bagfactory.eu\/wp-content\/uploads\/2021\/06\/LVPA-and-ES-Funding-e1623259003342-300x67.jpg 300w, https:\/\/bagfactory.eu\/wp-content\/uploads\/2021\/06\/LVPA-and-ES-Funding-e1623259003342-1024x228.jpg 1024w, https:\/\/bagfactory.eu\/wp-content\/uploads\/2021\/06\/LVPA-and-ES-Funding-e1623259003342.jpg 1444w\" sizes=\"(max-width: 768px) 100vw, 768px\" \/>\t\t\t\t\t\t\t\t\t\t\t\t\t\t\t<\/div>\n\t\t\t\t<\/div>\n\t\t\t\t<div class=\"elementor-element elementor-element-651d90c elementor-widget elementor-widget-text-editor\" data-id=\"651d90c\" data-element_type=\"widget\" data-widget_type=\"text-editor.default\">\n\t\t\t\t<div class=\"elementor-widget-container\">\n\t\t\t\t\t\t\t\t\t<p>UAB &#8220;Bagfactory&#8221; yra neaustini\u0173 PP med\u017eiag\u0173 mai\u0161\u0173 gamintoja, rinkos lyder\u0117 Lietuvoje ir viena i\u0161 rinkos lyderi\u0173 ES.\u00a0<\/p><p>Gamybos procese bendrov\u0117 naudoja ultragarso technologijas terminiam kra\u0161t\u0173 sujungimui. Technologiniai gamybos procesai, kuriuose naudojamos ultragarso technologijos, nuolat tobulinami &#8211; neseniai gamybos linijoje \u012fdiegta bendrov\u0117s specialist\u0173 sukurta naujov\u0117, kuri leido optimizuoti standartin\u012f gamybos proces\u0105 ir pasiekti 50 PP mai\u0161eli\u0173 per minut\u0119 gamybos greit\u012f.\u00a0<\/p><p>\u0160iuo metu parei\u0161k\u0117jas, dalyvaujant KTU Ultragarso instituto mokslininkams, modeliuoja neaustin\u0117s PET med\u017eiagos mai\u0161eli\u0173 gamybos proces\u0105, taip pat tiriami neaustin\u0117s RPET med\u017eiagos gamybos procesai. Tyrim\u0173 rezultatai rodo, kad yra ne tik realios prielaidos naujai ultragarsinei med\u017eiag\u0173 terminio klijavimo technologijai, skirtai automatiniam neaustini\u0173 PET \/ RPET med\u017eiag\u0173 mai\u0161eli\u0173 gamybos procesui, bet ir identifikuotos problemos bei numatyti MTTP veiksmai \u0161ioms problemoms spr\u0119sti.\u00a0<\/p><p>Pateikto projekto tikslas &#8211; sukurti lanks\u010di\u0105 ultragarsinio terminio med\u017eiag\u0173 klijavimo technologij\u0105, skirt\u0105 automatiniam neaustini\u0173 PET \/ RPET mai\u0161eli\u0173 gamybos procesui. Vykdant MTTP veikl\u0105, skirt\u0105 mokslin\u0117ms ir technologin\u0117ms problemoms spr\u0119sti, bus sukurtas neaustini\u0173 PET \/ RPET med\u017eiag\u0173 jungimo ultragarsu automatinio gamybos proceso s\u0105lygomis technologinis sprendimas, kur\u012f galima pritaikyti \u0161iuo metu rinkoje esantiems neaustini\u0173 PP mai\u0161eli\u0173 gamybos \u012frenginiams; taip pat bus sukurtos prielaidos \u0161iam metodui \u012fgyvendinti: Projekto metu bus sukurtas automatinis ranken\u0173 formavimo ir tvirtinimo modulis, skirtas neaustini\u0173 PET \/ RPET mai\u0161eli\u0173 automatiniam gamybos procesui, kuris parodys, kad sprendimas gali b\u016bti pritaikytas standartiniam gamybos technologiniam procesui. Tre\u010diasis gaminys &#8211; neaustinis PET \/ RPET mai\u0161elis su si\u016bl\u0117mis, padarytomis automatinio terminio klijavimo b\u016bdu.<\/p><p>UAB Bagfactory nuo 2019 m. Kovo 18 d. iki 2021 m. Kovo 13 d. \u012fgyvendina projekt\u0105 &#8220;Lanks\u010di\u0173 ultragarsini\u0173 med\u017eiag\u0173 terminio klijavimo technologija automatiniam neaustini\u0173 mai\u0161eli\u0173 gamybos procesui (PET-RPET GO)&#8221; (Nr. J05-LVPA-K-04-0014), finansuojam\u0105 2014-2020 met\u0173 Europos S\u0105jungos fond\u0173 (Europos regionin\u0117s pl\u0117tros fondo) investicij\u0173 veiksm\u0173 programos 1 prioriteto &#8220;Mokslini\u0173 tyrim\u0173, eksperimentin\u0117s pl\u0117tros ir inovacij\u0173 skatinimas&#8221; priemon\u0117s Nr. J05-LVPA-K-04 &#8220;Intelektas. Bendri mokslo ir verslo projektai&#8221;.<\/p><p>Projekto biud\u017eetas: 867 326,97 EUR.<\/p><p>Projekto finansavimo suma: 499 947,93 EUR.<\/p><p>\u012egyvendinan\u010dioji institucija: V\u012e Lietuvos verslo paramos agent\u016bra<\/p><p>Daugiau informacijos apie parai\u0161kas ir projektus:<\/p>\t\t\t\t\t\t\t\t<\/div>\n\t\t\t\t<\/div>\n\t\t\t\t<div class=\"elementor-element elementor-element-1b01202 elementor-widget elementor-widget-text-editor\" data-id=\"1b01202\" data-element_type=\"widget\" data-widget_type=\"text-editor.default\">\n\t\t\t\t<div class=\"elementor-widget-container\">\n\t\t\t\t\t\t\t\t\t<p><a href=\"https:\/\/www.esinvesticijos.lt\/lt\/finansavimas\/paraiskos_ir_projektai\/lanksti-ultragarsine-medziagos-terminio-sujungimo-technologija-automatiniam-neaustines-medziagos-maiseliu-gamybos-procesui-pet-rpet-go\" target=\"_blank\" rel=\"noopener\">ES finansavimo svetain\u0117<\/a><\/p>\t\t\t\t\t\t\t\t<\/div>\n\t\t\t\t<\/div>\n\t\t\t\t<\/div>\n\t\t\t\t\t<\/div>\n\t\t\t\t<\/div>\n\t\t\t\t<\/div>\n\t\t","protected":false},"excerpt":{"rendered":"<p>Projekto \u012fgyvendinimas &#8220;Lanks\u010dios ultragarsin\u0117s med\u017eiagos terminio sujungimo jungimo technologija, skirta automatiniam neaustini\u0173 mai\u0161eli\u0173 gamybos procesui (PET-RPET GO)&#8221; UAB &#8220;Bagfactory&#8221; yra neaustini\u0173 PP [&hellip;]<\/p>\n","protected":false},"author":17,"featured_media":19252,"parent":199604,"menu_order":0,"comment_status":"closed","ping_status":"closed","template":"elementor_header_footer","meta":{"_acf_changed":false,"footnotes":""},"class_list":["post-199610","page","type-page","status-publish","has-post-thumbnail","hentry"],"acf":[],"_links":{"self":[{"href":"https:\/\/bagfactory.eu\/lt\/wp-json\/wp\/v2\/pages\/199610","targetHints":{"allow":["GET"]}}],"collection":[{"href":"https:\/\/bagfactory.eu\/lt\/wp-json\/wp\/v2\/pages"}],"about":[{"href":"https:\/\/bagfactory.eu\/lt\/wp-json\/wp\/v2\/types\/page"}],"author":[{"embeddable":true,"href":"https:\/\/bagfactory.eu\/lt\/wp-json\/wp\/v2\/users\/17"}],"replies":[{"embeddable":true,"href":"https:\/\/bagfactory.eu\/lt\/wp-json\/wp\/v2\/comments?post=199610"}],"version-history":[{"count":4,"href":"https:\/\/bagfactory.eu\/lt\/wp-json\/wp\/v2\/pages\/199610\/revisions"}],"predecessor-version":[{"id":199614,"href":"https:\/\/bagfactory.eu\/lt\/wp-json\/wp\/v2\/pages\/199610\/revisions\/199614"}],"up":[{"embeddable":true,"href":"https:\/\/bagfactory.eu\/lt\/wp-json\/wp\/v2\/pages\/199604"}],"wp:featuredmedia":[{"embeddable":true,"href":"https:\/\/bagfactory.eu\/lt\/wp-json\/wp\/v2\/media\/19252"}],"wp:attachment":[{"href":"https:\/\/bagfactory.eu\/lt\/wp-json\/wp\/v2\/media?parent=199610"}],"curies":[{"name":"wp","href":"https:\/\/api.w.org\/{rel}","templated":true}]}}