{"id":199641,"date":"2021-06-11T18:11:47","date_gmt":"2021-06-11T15:11:47","guid":{"rendered":"https:\/\/lang.bagfactory.eu\/?page_id=199641"},"modified":"2025-11-03T16:15:00","modified_gmt":"2025-11-03T13:15:00","slug":"neaustiniai-gaminiai-skirti-covid-19","status":"publish","type":"page","link":"https:\/\/bagfactory.eu\/lt\/es-finansavimas\/neaustiniai-gaminiai-skirti-covid-19\/","title":{"rendered":"Neaustiniai gaminiai, skirti COVID-19"},"content":{"rendered":"\t\t<div data-elementor-type=\"wp-page\" data-elementor-id=\"199641\" class=\"elementor elementor-199641 elementor-16873\" data-elementor-settings=\"{&quot;element_pack_global_tooltip_width&quot;:{&quot;unit&quot;:&quot;px&quot;,&quot;size&quot;:&quot;&quot;,&quot;sizes&quot;:[]},&quot;element_pack_global_tooltip_width_tablet&quot;:{&quot;unit&quot;:&quot;px&quot;,&quot;size&quot;:&quot;&quot;,&quot;sizes&quot;:[]},&quot;element_pack_global_tooltip_width_mobile&quot;:{&quot;unit&quot;:&quot;px&quot;,&quot;size&quot;:&quot;&quot;,&quot;sizes&quot;:[]},&quot;element_pack_global_tooltip_padding&quot;:{&quot;unit&quot;:&quot;px&quot;,&quot;top&quot;:&quot;&quot;,&quot;right&quot;:&quot;&quot;,&quot;bottom&quot;:&quot;&quot;,&quot;left&quot;:&quot;&quot;,&quot;isLinked&quot;:true},&quot;element_pack_global_tooltip_padding_tablet&quot;:{&quot;unit&quot;:&quot;px&quot;,&quot;top&quot;:&quot;&quot;,&quot;right&quot;:&quot;&quot;,&quot;bottom&quot;:&quot;&quot;,&quot;left&quot;:&quot;&quot;,&quot;isLinked&quot;:true},&quot;element_pack_global_tooltip_padding_mobile&quot;:{&quot;unit&quot;:&quot;px&quot;,&quot;top&quot;:&quot;&quot;,&quot;right&quot;:&quot;&quot;,&quot;bottom&quot;:&quot;&quot;,&quot;left&quot;:&quot;&quot;,&quot;isLinked&quot;:true},&quot;element_pack_global_tooltip_border_radius&quot;:{&quot;unit&quot;:&quot;px&quot;,&quot;top&quot;:&quot;&quot;,&quot;right&quot;:&quot;&quot;,&quot;bottom&quot;:&quot;&quot;,&quot;left&quot;:&quot;&quot;,&quot;isLinked&quot;:true},&quot;element_pack_global_tooltip_border_radius_tablet&quot;:{&quot;unit&quot;:&quot;px&quot;,&quot;top&quot;:&quot;&quot;,&quot;right&quot;:&quot;&quot;,&quot;bottom&quot;:&quot;&quot;,&quot;left&quot;:&quot;&quot;,&quot;isLinked&quot;:true},&quot;element_pack_global_tooltip_border_radius_mobile&quot;:{&quot;unit&quot;:&quot;px&quot;,&quot;top&quot;:&quot;&quot;,&quot;right&quot;:&quot;&quot;,&quot;bottom&quot;:&quot;&quot;,&quot;left&quot;:&quot;&quot;,&quot;isLinked&quot;:true}}\" data-elementor-post-type=\"page\">\n\t\t\t\t<div class=\"has_eae_slider elementor-element elementor-element-d2c3912 e-con-full e-flex e-con e-parent\" data-eae-slider=\"59032\" data-id=\"d2c3912\" data-element_type=\"container\">\n\t\t<div class=\"has_eae_slider elementor-element elementor-element-607d7e8 e-con-full e-flex e-con e-child\" data-eae-slider=\"48023\" data-id=\"607d7e8\" data-element_type=\"container\">\n\t\t\t\t<div class=\"elementor-element elementor-element-59e73a8 elementor-widget elementor-widget-heading\" data-id=\"59e73a8\" data-element_type=\"widget\" data-widget_type=\"heading.default\">\n\t\t\t\t<div class=\"elementor-widget-container\">\n\t\t\t\t\t<h3 class=\"elementor-heading-title elementor-size-default\">Projekto \u012fgyvendinimas <br>\u201eInvesticijos \u012f kovai su COVID-19 skirt\u0173 neaustin\u0117s med\u017eiagos produkt\u0173 gamyb\u0105\u201c<\/h3>\t\t\t\t<\/div>\n\t\t\t\t<\/div>\n\t\t\t\t<div class=\"elementor-element elementor-element-97f2bc7 elementor-view-default elementor-widget elementor-widget-icon\" data-id=\"97f2bc7\" data-element_type=\"widget\" data-widget_type=\"icon.default\">\n\t\t\t\t<div class=\"elementor-widget-container\">\n\t\t\t\t\t\t\t<div class=\"elementor-icon-wrapper\">\n\t\t\t<div class=\"elementor-icon\">\n\t\t\t\t\t\t<\/div>\n\t\t<\/div>\n\t\t\t\t\t\t<\/div>\n\t\t\t\t<\/div>\n\t\t\t\t<\/div>\n\t\t<div class=\"has_eae_slider elementor-element elementor-element-8bca118 e-con-full e-flex e-con e-child\" data-eae-slider=\"54507\" data-id=\"8bca118\" data-element_type=\"container\">\n\t\t\t\t<div class=\"elementor-element elementor-element-e8bd0e7 elementor-widget elementor-widget-image\" data-id=\"e8bd0e7\" data-element_type=\"widget\" data-widget_type=\"image.default\">\n\t\t\t\t<div class=\"elementor-widget-container\">\n\t\t\t\t\t\t\t\t\t\t\t\t\t\t\t<img fetchpriority=\"high\" decoding=\"async\" width=\"768\" height=\"171\" src=\"https:\/\/bagfactory.eu\/wp-content\/uploads\/2021\/06\/LVPA-and-ES-Funding-e1623259003342-768x171.jpg\" class=\"attachment-medium_large size-medium_large wp-image-205434\" alt=\"Non woven and Paper Bag manufacturers\" srcset=\"https:\/\/bagfactory.eu\/wp-content\/uploads\/2021\/06\/LVPA-and-ES-Funding-e1623259003342-768x171.jpg 768w, https:\/\/bagfactory.eu\/wp-content\/uploads\/2021\/06\/LVPA-and-ES-Funding-e1623259003342-600x133.jpg 600w, https:\/\/bagfactory.eu\/wp-content\/uploads\/2021\/06\/LVPA-and-ES-Funding-e1623259003342-300x67.jpg 300w, https:\/\/bagfactory.eu\/wp-content\/uploads\/2021\/06\/LVPA-and-ES-Funding-e1623259003342-1024x228.jpg 1024w, https:\/\/bagfactory.eu\/wp-content\/uploads\/2021\/06\/LVPA-and-ES-Funding-e1623259003342.jpg 1444w\" sizes=\"(max-width: 768px) 100vw, 768px\" \/>\t\t\t\t\t\t\t\t\t\t\t\t\t\t\t<\/div>\n\t\t\t\t<\/div>\n\t\t\t\t<div class=\"elementor-element elementor-element-bfda56e elementor-widget elementor-widget-text-editor\" data-id=\"bfda56e\" data-element_type=\"widget\" data-widget_type=\"text-editor.default\">\n\t\t\t\t<div class=\"elementor-widget-container\">\n\t\t\t\t\t\t\t\t\t<p id=\"tw-target-text\" class=\"tw-data-text tw-text-large XcVN5d tw-ta\" dir=\"ltr\" data-placeholder=\"Vertimas\">UAB \u201eBagfactory\u201c nuo 2021 m. vasario 17 d. iki 2021 m. rugs\u0117jo 17 d. \u012fgyvendina projekt\u0105 \u201eInvesticijos \u012f kovai su COVID-19 skirt\u0173 neaustin\u0117s med\u017eiagos produkt\u0173 gamyb\u0105\u201c, (Nr. 03.3.1-LVPA-T-859-01-0055), i\u0161 dalies finansuojam\u0105 2014-2020 met\u0173 Europos S\u0105jungos fond\u0173 investicij\u0173 veiksm\u0173 programos 3 prioriteto \u201eSmulkiojo ir vidutinio verslo konkurencingumo skatinimas\u201c priemon\u0117s Nr. 03.3.1-LVPA-T-859 \u201eCOVID-19 produktai LT\u201c l\u0117\u0161os.<\/p><p class=\"tw-data-text tw-text-large XcVN5d tw-ta\" dir=\"ltr\" data-placeholder=\"Vertimas\">UAB \u201eBagfactory\u201c yra intensyviai auganti ir turinti did\u017eiul\u012f potencial\u0105 toliau augti pirkini\u0173 mai\u0161eli\u0173 gamintoja, rinkos lyder\u0117 Lietuvoje ir viena i\u0161 rinkos lyderi\u0173 ES. Tai aplink\u0105 tausojanti \u012fmon\u0117, naudojanti tiek pirmines (popieri\u0173, polipropileno (PP) ir polietileno teratalato (PET) neaustines med\u017eiagas), tiek perdirbtas atliekas (RPET &#8211; perdirbt\u0105 PET audin\u012f).<\/p><p class=\"tw-data-text tw-text-large XcVN5d tw-ta\" dir=\"ltr\" data-placeholder=\"Vertimas\">Vykdomas projektas skirtas naujai inovacinei \u012frangai, skirtai kovai su COVID-19, gaminti, \u012fsigyti ir sumontuoti reikalingus produktus, taip prisidedant prie \u012fmon\u0117s gamybos baz\u0117s atnaujinimo ir gamybos paj\u0117gum\u0173 didinimo.<\/p><p class=\"tw-data-text tw-text-large XcVN5d tw-ta\" dir=\"ltr\" data-placeholder=\"Vertimas\">Tur\u0117dama geriausius produktus Lietuvoje i\u0161 neaustini\u0173 med\u017eiag\u0173 gamybos patirties, UAB \u201eBagfactory\u201c u\u017eima tvirtas pozicijas gamini\u0173 i\u0161 neaustini\u0173 med\u017eiag\u0173 vert\u0117s ir tiekimo grandin\u0117je, o tai garantuoja ry\u0161ius tiek su neaustini\u0173 med\u017eiag\u0173 tiek\u0117jais ir gamintojais, tiek su vietiniais ir tarptautiniais neaustini\u0173 gamini\u0173 rinkos dalyviais. U\u017emegzti ry\u0161iai ir \u012fvairi\u0173 neaustini\u0173 med\u017eiag\u0173 \u017ealiav\u0173 gamybos patirtis garantuoja, kad investicijos \u012f kovai su COVID-19 reikaling\u0173 produkt\u0173 gamyb\u0105 bus s\u0117kmingos, \u012franga bus \u012fsigyta per trumpiausi\u0105 \u012fmanom\u0105 laik\u0105 (derybos su tiek\u0117jais jau vyksta) ir kovai su pandemija reikalingi produktai bus pateikti rinkai.<\/p><p class=\"tw-data-text tw-text-large XcVN5d tw-ta\" dir=\"ltr\" data-placeholder=\"Vertimas\">Projekto biud\u017eetas &#8211; 143 000,00 EUR.<\/p><p class=\"tw-data-text tw-text-large XcVN5d tw-ta\" dir=\"ltr\" data-placeholder=\"Vertimas\">Finansuojama suma &#8211; 114 400,00 EUR.<\/p><p class=\"tw-data-text tw-text-large XcVN5d tw-ta\" dir=\"ltr\" data-placeholder=\"Vertimas\">\u012egyvendinan\u010dioji institucija: Inovacij\u0173 agent\u016bra Lietuvoje<\/p><p class=\"tw-data-text tw-text-large XcVN5d tw-ta\" dir=\"ltr\" data-placeholder=\"Vertimas\">Daugiau informacijos apie parai\u0161kas ir projektus:<\/p>\t\t\t\t\t\t\t\t<\/div>\n\t\t\t\t<\/div>\n\t\t\t\t<div class=\"elementor-element elementor-element-5a2ee81 elementor-widget elementor-widget-text-editor\" data-id=\"5a2ee81\" data-element_type=\"widget\" data-widget_type=\"text-editor.default\">\n\t\t\t\t<div class=\"elementor-widget-container\">\n\t\t\t\t\t\t\t\t\t<p><a href=\"https:\/\/www.esinvesticijos.lt\/lt\/\/finansavimas\/paraiskos_ir_projektai\/investicijos-i-kovai-su-covid-19-skirtu-neaustines-medziagos-produktu-gamyba\" target=\"_blank\" rel=\"noopener\">ES finansavimo svetain\u0117<\/a><\/p>\t\t\t\t\t\t\t\t<\/div>\n\t\t\t\t<\/div>\n\t\t\t\t<\/div>\n\t\t\t\t<\/div>\n\t\t\t\t<\/div>\n\t\t","protected":false},"excerpt":{"rendered":"<p>Projekto \u012fgyvendinimas \u201eInvesticijos \u012f kovai su COVID-19 skirt\u0173 neaustin\u0117s med\u017eiagos produkt\u0173 gamyb\u0105\u201c UAB \u201eBagfactory\u201c nuo 2021 m. vasario 17 d. iki 2021 [&hellip;]<\/p>\n","protected":false},"author":17,"featured_media":19252,"parent":199604,"menu_order":0,"comment_status":"closed","ping_status":"closed","template":"elementor_header_footer","meta":{"_acf_changed":false,"footnotes":""},"class_list":["post-199641","page","type-page","status-publish","has-post-thumbnail","hentry"],"acf":[],"_links":{"self":[{"href":"https:\/\/bagfactory.eu\/lt\/wp-json\/wp\/v2\/pages\/199641","targetHints":{"allow":["GET"]}}],"collection":[{"href":"https:\/\/bagfactory.eu\/lt\/wp-json\/wp\/v2\/pages"}],"about":[{"href":"https:\/\/bagfactory.eu\/lt\/wp-json\/wp\/v2\/types\/page"}],"author":[{"embeddable":true,"href":"https:\/\/bagfactory.eu\/lt\/wp-json\/wp\/v2\/users\/17"}],"replies":[{"embeddable":true,"href":"https:\/\/bagfactory.eu\/lt\/wp-json\/wp\/v2\/comments?post=199641"}],"version-history":[{"count":7,"href":"https:\/\/bagfactory.eu\/lt\/wp-json\/wp\/v2\/pages\/199641\/revisions"}],"predecessor-version":[{"id":199649,"href":"https:\/\/bagfactory.eu\/lt\/wp-json\/wp\/v2\/pages\/199641\/revisions\/199649"}],"up":[{"embeddable":true,"href":"https:\/\/bagfactory.eu\/lt\/wp-json\/wp\/v2\/pages\/199604"}],"wp:featuredmedia":[{"embeddable":true,"href":"https:\/\/bagfactory.eu\/lt\/wp-json\/wp\/v2\/media\/19252"}],"wp:attachment":[{"href":"https:\/\/bagfactory.eu\/lt\/wp-json\/wp\/v2\/media?parent=199641"}],"curies":[{"name":"wp","href":"https:\/\/api.w.org\/{rel}","templated":true}]}}