{"id":199665,"date":"2025-10-30T12:18:49","date_gmt":"2025-10-30T09:18:49","guid":{"rendered":"https:\/\/lang.bagfactory.eu\/?page_id=199665"},"modified":"2025-10-30T14:15:44","modified_gmt":"2025-10-30T11:15:44","slug":"produktai","status":"publish","type":"page","link":"https:\/\/bagfactory.eu\/lt\/produktai\/","title":{"rendered":"Produktai"},"content":{"rendered":"\t\t<div data-elementor-type=\"wp-page\" data-elementor-id=\"199665\" class=\"elementor elementor-199665 elementor-15813\" data-elementor-settings=\"{&quot;element_pack_global_tooltip_width&quot;:{&quot;unit&quot;:&quot;px&quot;,&quot;size&quot;:&quot;&quot;,&quot;sizes&quot;:[]},&quot;element_pack_global_tooltip_width_tablet&quot;:{&quot;unit&quot;:&quot;px&quot;,&quot;size&quot;:&quot;&quot;,&quot;sizes&quot;:[]},&quot;element_pack_global_tooltip_width_mobile&quot;:{&quot;unit&quot;:&quot;px&quot;,&quot;size&quot;:&quot;&quot;,&quot;sizes&quot;:[]},&quot;element_pack_global_tooltip_padding&quot;:{&quot;unit&quot;:&quot;px&quot;,&quot;top&quot;:&quot;&quot;,&quot;right&quot;:&quot;&quot;,&quot;bottom&quot;:&quot;&quot;,&quot;left&quot;:&quot;&quot;,&quot;isLinked&quot;:true},&quot;element_pack_global_tooltip_padding_tablet&quot;:{&quot;unit&quot;:&quot;px&quot;,&quot;top&quot;:&quot;&quot;,&quot;right&quot;:&quot;&quot;,&quot;bottom&quot;:&quot;&quot;,&quot;left&quot;:&quot;&quot;,&quot;isLinked&quot;:true},&quot;element_pack_global_tooltip_padding_mobile&quot;:{&quot;unit&quot;:&quot;px&quot;,&quot;top&quot;:&quot;&quot;,&quot;right&quot;:&quot;&quot;,&quot;bottom&quot;:&quot;&quot;,&quot;left&quot;:&quot;&quot;,&quot;isLinked&quot;:true},&quot;element_pack_global_tooltip_border_radius&quot;:{&quot;unit&quot;:&quot;px&quot;,&quot;top&quot;:&quot;&quot;,&quot;right&quot;:&quot;&quot;,&quot;bottom&quot;:&quot;&quot;,&quot;left&quot;:&quot;&quot;,&quot;isLinked&quot;:true},&quot;element_pack_global_tooltip_border_radius_tablet&quot;:{&quot;unit&quot;:&quot;px&quot;,&quot;top&quot;:&quot;&quot;,&quot;right&quot;:&quot;&quot;,&quot;bottom&quot;:&quot;&quot;,&quot;left&quot;:&quot;&quot;,&quot;isLinked&quot;:true},&quot;element_pack_global_tooltip_border_radius_mobile&quot;:{&quot;unit&quot;:&quot;px&quot;,&quot;top&quot;:&quot;&quot;,&quot;right&quot;:&quot;&quot;,&quot;bottom&quot;:&quot;&quot;,&quot;left&quot;:&quot;&quot;,&quot;isLinked&quot;:true}}\" data-elementor-post-type=\"page\">\n\t\t\t\t<div class=\"has_eae_slider elementor-element elementor-element-2996cef e-con-full e-flex e-con e-parent\" data-eae-slider=\"8860\" data-id=\"2996cef\" data-element_type=\"container\">\n\t\t<div class=\"has_eae_slider elementor-element elementor-element-baa6b5d e-con-full e-flex e-con e-child\" data-eae-slider=\"65129\" data-id=\"baa6b5d\" data-element_type=\"container\">\n\t\t\t\t<div class=\"elementor-element elementor-element-cef7ed4 elementor-widget elementor-widget-heading\" data-id=\"cef7ed4\" data-element_type=\"widget\" data-widget_type=\"heading.default\">\n\t\t\t\t<div class=\"elementor-widget-container\">\n\t\t\t\t\t<h2 class=\"elementor-heading-title elementor-size-default\">Automatizuotos gamybos ekologi\u0161ki neaustin\u0117s med\u017eiagos ir popieriniai mai\u0161eliai<\/h2>\t\t\t\t<\/div>\n\t\t\t\t<\/div>\n\t\t\t\t<\/div>\n\t\t<div class=\"has_eae_slider elementor-element elementor-element-bf8866d e-con-full e-flex e-con e-child\" data-eae-slider=\"33579\" data-id=\"bf8866d\" data-element_type=\"container\">\n\t\t\t\t<div class=\"elementor-element elementor-element-081aaa9 elementor-widget elementor-widget-text-editor\" data-id=\"081aaa9\" data-element_type=\"widget\" data-widget_type=\"text-editor.default\">\n\t\t\t\t<div class=\"elementor-widget-container\">\n\t\t\t\t\t\t\t\t\t<p class=\"p1\">Bagfactory siekia savo klientams suteikti ekologi\u0161kus ir kokybi\u0161kus mai\u0161elius j\u0173 gaminiams.<\/p><p class=\"p1\">Si\u016blome tiek ekologi\u0161kos tekstil\u0117s, tiek automatizuotai gaminamus popierinius mai\u0161elius, atitinkan\u010dius j\u016bs\u0173 verslo poreikius.<\/p><p class=\"p1\">M\u016bs\u0173 patirtis ir \u017einios apima \u012fvairias pramon\u0117s \u0161akas &#8211; nuo prekybos centr\u0173 iki mados pramon\u0117s.<\/p><p class=\"p1\">Jau daugel\u012f met\u0173 kuriame kokybi\u0161kas, aplinkai nekenksmingas vienkartinio plastiko alternatyvas.<\/p><p class=\"p1\">Spustel\u0117kite toliau nurodytus gaminius ir su\u017einokite daugiau apie m\u016bs\u0173 mai\u0161elius &#8211; nuo dyd\u017ei\u0173 ir spalv\u0173 iki b\u016bd\u0173, kaip ant ekologi\u0161k\u0173 mai\u0161eli\u0173 atspausdinti j\u016bs\u0173 prek\u0117s \u017eenkl\u0105.<\/p>\t\t\t\t\t\t\t\t<\/div>\n\t\t\t\t<\/div>\n\t\t\t\t<\/div>\n\t\t\t\t<\/div>\n\t\t\t\t<section class=\"has_eae_slider elementor-section elementor-top-section elementor-element elementor-element-d4e27ca pix-scale-in-sm elementor-section-full_width elementor-section-height-default elementor-section-height-default\" data-eae-slider=\"47185\" data-id=\"d4e27ca\" data-element_type=\"section\">\n\t\t\t\t\t\t<div class=\"elementor-container elementor-column-gap-default\">\n\t\t\t\t\t<div data-wts-url=\"https:\/\/bagfactory.eu\/lt\/produktai\/ekologiski-neaustiniai-maiseliai-verslui\/\" data-wts-link=\"yes\" data-wts-new-window=\"\" class=\"has_eae_slider elementor-column elementor-col-50 elementor-top-column elementor-element elementor-element-65ca096 ae-link-yes\" data-eae-slider=\"39061\" data-id=\"65ca096\" data-element_type=\"column\">\n\t\t\t<div class=\"elementor-widget-wrap elementor-element-populated\">\n\t\t\t\t\t\t<section class=\"has_eae_slider elementor-section elementor-inner-section elementor-element elementor-element-6fa99bb elementor-section-height-min-height elementor-section-boxed elementor-section-height-default\" data-eae-slider=\"8637\" data-id=\"6fa99bb\" data-element_type=\"section\">\n\t\t\t\t\t\t<div class=\"elementor-container elementor-column-gap-default\">\n\t\t\t\t\t<div class=\"has_eae_slider elementor-column elementor-col-100 elementor-inner-column elementor-element elementor-element-af69514\" data-eae-slider=\"24295\" data-id=\"af69514\" data-element_type=\"column\">\n\t\t\t<div class=\"elementor-widget-wrap elementor-element-populated\">\n\t\t\t\t\t\t<div class=\"elementor-element elementor-element-3bac1ff elementor-widget elementor-widget-image\" data-id=\"3bac1ff\" data-element_type=\"widget\" data-widget_type=\"image.default\">\n\t\t\t\t<div class=\"elementor-widget-container\">\n\t\t\t\t\t\t\t\t\t\t\t\t\t\t\t<img fetchpriority=\"high\" decoding=\"async\" width=\"599\" height=\"541\" src=\"https:\/\/bagfactory.eu\/wp-content\/uploads\/2022\/01\/Lidl-Bag-Watermarked-3.png\" class=\"attachment-full size-full wp-image-212323\" alt=\"eco textile bags for customers\" srcset=\"https:\/\/bagfactory.eu\/wp-content\/uploads\/2022\/01\/Lidl-Bag-Watermarked-3.png 599w, https:\/\/bagfactory.eu\/wp-content\/uploads\/2022\/01\/Lidl-Bag-Watermarked-3-300x271.png 300w\" sizes=\"(max-width: 599px) 100vw, 599px\" \/>\t\t\t\t\t\t\t\t\t\t\t\t\t\t\t<\/div>\n\t\t\t\t<\/div>\n\t\t\t\t\t<\/div>\n\t\t<\/div>\n\t\t\t\t\t<\/div>\n\t\t<\/section>\n\t\t\t\t<section class=\"has_eae_slider elementor-section elementor-inner-section elementor-element elementor-element-efaf00f elementor-section-height-min-height elementor-section-content-bottom elementor-section-boxed elementor-section-height-default\" data-eae-slider=\"49234\" data-id=\"efaf00f\" data-element_type=\"section\" data-settings=\"{&quot;background_background&quot;:&quot;classic&quot;}\">\n\t\t\t\t\t\t<div class=\"elementor-container elementor-column-gap-default\">\n\t\t\t\t\t<div class=\"has_eae_slider elementor-column elementor-col-50 elementor-inner-column elementor-element elementor-element-bbdf6ad\" data-eae-slider=\"42160\" data-id=\"bbdf6ad\" data-element_type=\"column\">\n\t\t\t<div class=\"elementor-widget-wrap elementor-element-populated\">\n\t\t\t\t\t\t<div class=\"elementor-element elementor-element-f0e2b94 elementor-widget elementor-widget-heading\" data-id=\"f0e2b94\" data-element_type=\"widget\" data-widget_type=\"heading.default\">\n\t\t\t\t<div class=\"elementor-widget-container\">\n\t\t\t\t\t<h2 class=\"elementor-heading-title elementor-size-default\">Automatizuotos gamybos<\/h2>\t\t\t\t<\/div>\n\t\t\t\t<\/div>\n\t\t\t\t<div class=\"elementor-element elementor-element-07f28a9 elementor-widget elementor-widget-heading\" data-id=\"07f28a9\" data-element_type=\"widget\" data-widget_type=\"heading.default\">\n\t\t\t\t<div class=\"elementor-widget-container\">\n\t\t\t\t\t<h2 class=\"elementor-heading-title elementor-size-default\">Neaustin\u0117s med\u017eiagos ekologi\u0161ki mai\u0161eliai<\/h2>\t\t\t\t<\/div>\n\t\t\t\t<\/div>\n\t\t\t\t\t<\/div>\n\t\t<\/div>\n\t\t\t\t<div class=\"has_eae_slider elementor-column elementor-col-50 elementor-inner-column elementor-element elementor-element-b3e78a8\" data-eae-slider=\"95063\" data-id=\"b3e78a8\" data-element_type=\"column\">\n\t\t\t<div class=\"elementor-widget-wrap elementor-element-populated\">\n\t\t\t\t\t\t<div class=\"elementor-element elementor-element-fd8f989 elementor-widget elementor-widget-image\" data-id=\"fd8f989\" data-element_type=\"widget\" data-widget_type=\"image.default\">\n\t\t\t\t<div class=\"elementor-widget-container\">\n\t\t\t\t\t\t\t\t\t\t\t\t\t\t\t<img decoding=\"async\" width=\"52\" height=\"26\" src=\"https:\/\/bagfactory.eu\/wp-content\/uploads\/2021\/05\/Path-552_2x.png\" class=\"attachment-full size-full wp-image-205320\" alt=\"personalised paper carrier bags\" \/>\t\t\t\t\t\t\t\t\t\t\t\t\t\t\t<\/div>\n\t\t\t\t<\/div>\n\t\t\t\t\t<\/div>\n\t\t<\/div>\n\t\t\t\t\t<\/div>\n\t\t<\/section>\n\t\t\t\t\t<\/div>\n\t\t<\/div>\n\t\t\t\t<div data-wts-url=\"https:\/\/bagfactory.eu\/lt\/produktai\/ekologiski-popieriniai-maiseliai-verslui\/\" data-wts-link=\"yes\" data-wts-new-window=\"\" class=\"has_eae_slider elementor-column elementor-col-50 elementor-top-column elementor-element elementor-element-4129021 ae-link-yes\" data-eae-slider=\"44532\" data-id=\"4129021\" data-element_type=\"column\">\n\t\t\t<div class=\"elementor-widget-wrap elementor-element-populated\">\n\t\t\t\t\t\t<section class=\"has_eae_slider elementor-section elementor-inner-section elementor-element elementor-element-fce0228 elementor-section-height-min-height elementor-section-boxed elementor-section-height-default\" data-eae-slider=\"25107\" data-id=\"fce0228\" data-element_type=\"section\">\n\t\t\t\t\t\t<div class=\"elementor-container elementor-column-gap-default\">\n\t\t\t\t\t<div class=\"has_eae_slider elementor-column elementor-col-100 elementor-inner-column elementor-element elementor-element-d42a278\" data-eae-slider=\"15306\" data-id=\"d42a278\" data-element_type=\"column\">\n\t\t\t<div class=\"elementor-widget-wrap elementor-element-populated\">\n\t\t\t\t\t\t<div class=\"elementor-element elementor-element-1fe8ccd elementor-widget elementor-widget-image\" data-id=\"1fe8ccd\" data-element_type=\"widget\" data-widget_type=\"image.default\">\n\t\t\t\t<div class=\"elementor-widget-container\">\n\t\t\t\t\t\t\t\t\t\t\t\t\t\t\t<img decoding=\"async\" width=\"599\" height=\"541\" src=\"https:\/\/bagfactory.eu\/wp-content\/uploads\/2022\/01\/Coop-Bag-Watermarked-4.png\" class=\"attachment-full size-full wp-image-212278\" alt=\"kraft bags for customers\" srcset=\"https:\/\/bagfactory.eu\/wp-content\/uploads\/2022\/01\/Coop-Bag-Watermarked-4.png 599w, https:\/\/bagfactory.eu\/wp-content\/uploads\/2022\/01\/Coop-Bag-Watermarked-4-300x271.png 300w\" sizes=\"(max-width: 599px) 100vw, 599px\" \/>\t\t\t\t\t\t\t\t\t\t\t\t\t\t\t<\/div>\n\t\t\t\t<\/div>\n\t\t\t\t\t<\/div>\n\t\t<\/div>\n\t\t\t\t\t<\/div>\n\t\t<\/section>\n\t\t\t\t<section class=\"has_eae_slider elementor-section elementor-inner-section elementor-element elementor-element-6cd3d74 elementor-section-height-min-height elementor-section-content-bottom elementor-section-boxed elementor-section-height-default\" data-eae-slider=\"7312\" data-id=\"6cd3d74\" data-element_type=\"section\" data-settings=\"{&quot;background_background&quot;:&quot;classic&quot;}\">\n\t\t\t\t\t\t<div class=\"elementor-container elementor-column-gap-default\">\n\t\t\t\t\t<div class=\"has_eae_slider elementor-column elementor-col-50 elementor-inner-column elementor-element elementor-element-fe313b1\" data-eae-slider=\"16438\" data-id=\"fe313b1\" data-element_type=\"column\">\n\t\t\t<div class=\"elementor-widget-wrap elementor-element-populated\">\n\t\t\t\t\t\t<div class=\"elementor-element elementor-element-89bac43 elementor-widget elementor-widget-heading\" data-id=\"89bac43\" data-element_type=\"widget\" data-widget_type=\"heading.default\">\n\t\t\t\t<div class=\"elementor-widget-container\">\n\t\t\t\t\t<h2 class=\"elementor-heading-title elementor-size-default\">Automatizuotos gamybos<\/h2>\t\t\t\t<\/div>\n\t\t\t\t<\/div>\n\t\t\t\t<div class=\"elementor-element elementor-element-25fe16a elementor-widget elementor-widget-heading\" data-id=\"25fe16a\" data-element_type=\"widget\" data-widget_type=\"heading.default\">\n\t\t\t\t<div class=\"elementor-widget-container\">\n\t\t\t\t\t<h2 class=\"elementor-heading-title elementor-size-default\">Ekologi\u0161ki popieriniai mai\u0161eliai<\/h2>\t\t\t\t<\/div>\n\t\t\t\t<\/div>\n\t\t\t\t\t<\/div>\n\t\t<\/div>\n\t\t\t\t<div class=\"has_eae_slider elementor-column elementor-col-50 elementor-inner-column elementor-element elementor-element-17a31b7\" data-eae-slider=\"15692\" data-id=\"17a31b7\" data-element_type=\"column\">\n\t\t\t<div class=\"elementor-widget-wrap elementor-element-populated\">\n\t\t\t\t\t\t<div class=\"elementor-element elementor-element-2173c42 elementor-widget elementor-widget-image\" data-id=\"2173c42\" data-element_type=\"widget\" data-widget_type=\"image.default\">\n\t\t\t\t<div class=\"elementor-widget-container\">\n\t\t\t\t\t\t\t\t\t\t\t\t\t\t\t<img loading=\"lazy\" decoding=\"async\" width=\"52\" height=\"26\" src=\"https:\/\/bagfactory.eu\/wp-content\/uploads\/2021\/05\/Path-552_2x.png\" class=\"attachment-large size-large wp-image-205320\" alt=\"personalised paper carrier bags\" \/>\t\t\t\t\t\t\t\t\t\t\t\t\t\t\t<\/div>\n\t\t\t\t<\/div>\n\t\t\t\t\t<\/div>\n\t\t<\/div>\n\t\t\t\t\t<\/div>\n\t\t<\/section>\n\t\t\t\t\t<\/div>\n\t\t<\/div>\n\t\t\t\t\t<\/div>\n\t\t<\/section>\n\t\t\t\t<\/div>\n\t\t","protected":false},"excerpt":{"rendered":"<p>Automatizuotos gamybos ekologi\u0161ki neaustin\u0117s med\u017eiagos ir popieriniai mai\u0161eliai Bagfactory siekia savo klientams suteikti ekologi\u0161kus ir kokybi\u0161kus mai\u0161elius j\u0173 gaminiams. Si\u016blome tiek ekologi\u0161kos [&hellip;]<\/p>\n","protected":false},"author":17,"featured_media":42523,"parent":0,"menu_order":0,"comment_status":"closed","ping_status":"closed","template":"elementor_header_footer","meta":{"_acf_changed":false,"footnotes":""},"class_list":["post-199665","page","type-page","status-publish","has-post-thumbnail","hentry"],"acf":[],"_links":{"self":[{"href":"https:\/\/bagfactory.eu\/lt\/wp-json\/wp\/v2\/pages\/199665","targetHints":{"allow":["GET"]}}],"collection":[{"href":"https:\/\/bagfactory.eu\/lt\/wp-json\/wp\/v2\/pages"}],"about":[{"href":"https:\/\/bagfactory.eu\/lt\/wp-json\/wp\/v2\/types\/page"}],"author":[{"embeddable":true,"href":"https:\/\/bagfactory.eu\/lt\/wp-json\/wp\/v2\/users\/17"}],"replies":[{"embeddable":true,"href":"https:\/\/bagfactory.eu\/lt\/wp-json\/wp\/v2\/comments?post=199665"}],"version-history":[{"count":7,"href":"https:\/\/bagfactory.eu\/lt\/wp-json\/wp\/v2\/pages\/199665\/revisions"}],"predecessor-version":[{"id":199679,"href":"https:\/\/bagfactory.eu\/lt\/wp-json\/wp\/v2\/pages\/199665\/revisions\/199679"}],"wp:featuredmedia":[{"embeddable":true,"href":"https:\/\/bagfactory.eu\/lt\/wp-json\/wp\/v2\/media\/42523"}],"wp:attachment":[{"href":"https:\/\/bagfactory.eu\/lt\/wp-json\/wp\/v2\/media?parent=199665"}],"curies":[{"name":"wp","href":"https:\/\/api.w.org\/{rel}","templated":true}]}}