{"id":201180,"date":"2021-06-03T23:13:15","date_gmt":"2021-06-03T21:13:15","guid":{"rendered":"https:\/\/bagfactory.eu\/ultrasound-material-thermal-joining-pet-rpet-go\/"},"modified":"2025-12-18T13:37:22","modified_gmt":"2025-12-18T11:37:22","slug":"ultrasound-material-thermal-joining-pet-rpet-go","status":"publish","type":"page","link":"https:\/\/bagfactory.eu\/nl\/eu-funding\/ultrasound-material-thermal-joining-pet-rpet-go\/","title":{"rendered":"Ultrasound material thermal joining (PET-RPET GO)"},"content":{"rendered":"\t\t<div data-elementor-type=\"wp-page\" data-elementor-id=\"201180\" class=\"elementor elementor-201180 elementor-16017\" data-elementor-settings=\"{&quot;element_pack_global_tooltip_width&quot;:{&quot;unit&quot;:&quot;px&quot;,&quot;size&quot;:&quot;&quot;,&quot;sizes&quot;:[]},&quot;element_pack_global_tooltip_width_tablet&quot;:{&quot;unit&quot;:&quot;px&quot;,&quot;size&quot;:&quot;&quot;,&quot;sizes&quot;:[]},&quot;element_pack_global_tooltip_width_mobile&quot;:{&quot;unit&quot;:&quot;px&quot;,&quot;size&quot;:&quot;&quot;,&quot;sizes&quot;:[]},&quot;element_pack_global_tooltip_padding&quot;:{&quot;unit&quot;:&quot;px&quot;,&quot;top&quot;:&quot;&quot;,&quot;right&quot;:&quot;&quot;,&quot;bottom&quot;:&quot;&quot;,&quot;left&quot;:&quot;&quot;,&quot;isLinked&quot;:true},&quot;element_pack_global_tooltip_padding_tablet&quot;:{&quot;unit&quot;:&quot;px&quot;,&quot;top&quot;:&quot;&quot;,&quot;right&quot;:&quot;&quot;,&quot;bottom&quot;:&quot;&quot;,&quot;left&quot;:&quot;&quot;,&quot;isLinked&quot;:true},&quot;element_pack_global_tooltip_padding_mobile&quot;:{&quot;unit&quot;:&quot;px&quot;,&quot;top&quot;:&quot;&quot;,&quot;right&quot;:&quot;&quot;,&quot;bottom&quot;:&quot;&quot;,&quot;left&quot;:&quot;&quot;,&quot;isLinked&quot;:true},&quot;element_pack_global_tooltip_border_radius&quot;:{&quot;unit&quot;:&quot;px&quot;,&quot;top&quot;:&quot;&quot;,&quot;right&quot;:&quot;&quot;,&quot;bottom&quot;:&quot;&quot;,&quot;left&quot;:&quot;&quot;,&quot;isLinked&quot;:true},&quot;element_pack_global_tooltip_border_radius_tablet&quot;:{&quot;unit&quot;:&quot;px&quot;,&quot;top&quot;:&quot;&quot;,&quot;right&quot;:&quot;&quot;,&quot;bottom&quot;:&quot;&quot;,&quot;left&quot;:&quot;&quot;,&quot;isLinked&quot;:true},&quot;element_pack_global_tooltip_border_radius_mobile&quot;:{&quot;unit&quot;:&quot;px&quot;,&quot;top&quot;:&quot;&quot;,&quot;right&quot;:&quot;&quot;,&quot;bottom&quot;:&quot;&quot;,&quot;left&quot;:&quot;&quot;,&quot;isLinked&quot;:true}}\" data-elementor-post-type=\"page\">\n\t\t\t\t<div class=\"has_eae_slider elementor-element elementor-element-c98e92d e-flex e-con-boxed e-con e-parent\" data-eae-slider=\"77938\" data-id=\"c98e92d\" data-element_type=\"container\">\n\t\t\t\t\t<div class=\"e-con-inner\">\n\t\t<div class=\"has_eae_slider elementor-element elementor-element-7da223f e-con-full e-flex e-con e-child\" data-eae-slider=\"27914\" data-id=\"7da223f\" data-element_type=\"container\">\n\t\t\t\t<div class=\"elementor-element elementor-element-75cb23a elementor-widget elementor-widget-heading\" data-id=\"75cb23a\" data-element_type=\"widget\" data-widget_type=\"heading.default\">\n\t\t\t\t<div class=\"elementor-widget-container\">\n\t\t\t\t\t<h3 class=\"elementor-heading-title elementor-size-default\">Implementatie van het project <br>\"Flexibele ultrasone thermische verbindingstechnologie voor automatisch productieproces van non-woven tassen (PET-RPET GO)\"<\/h3>\t\t\t\t<\/div>\n\t\t\t\t<\/div>\n\t\t\t\t<div class=\"elementor-element elementor-element-aaebe36 elementor-view-default elementor-widget elementor-widget-icon\" data-id=\"aaebe36\" data-element_type=\"widget\" data-widget_type=\"icon.default\">\n\t\t\t\t<div class=\"elementor-widget-container\">\n\t\t\t\t\t\t\t<div class=\"elementor-icon-wrapper\">\n\t\t\t<div class=\"elementor-icon\">\n\t\t\t\t\t\t<\/div>\n\t\t<\/div>\n\t\t\t\t\t\t<\/div>\n\t\t\t\t<\/div>\n\t\t\t\t<\/div>\n\t\t<div class=\"has_eae_slider elementor-element elementor-element-870989d e-con-full e-flex e-con e-child\" data-eae-slider=\"40414\" data-id=\"870989d\" data-element_type=\"container\">\n\t\t\t\t<div class=\"elementor-element elementor-element-694056c elementor-widget elementor-widget-image\" data-id=\"694056c\" data-element_type=\"widget\" data-widget_type=\"image.default\">\n\t\t\t\t<div class=\"elementor-widget-container\">\n\t\t\t\t\t\t\t\t\t\t\t\t\t\t\t<img fetchpriority=\"high\" decoding=\"async\" width=\"768\" height=\"171\" src=\"https:\/\/bagfactory.eu\/wp-content\/uploads\/2021\/06\/LVPA-and-ES-Funding-e1623259003342-768x171.jpg\" class=\"attachment-medium_large size-medium_large wp-image-201181\" alt=\"Non woven and Paper Bag manufacturers\" srcset=\"https:\/\/bagfactory.eu\/wp-content\/uploads\/2021\/06\/LVPA-and-ES-Funding-e1623259003342-768x171.jpg 768w, https:\/\/bagfactory.eu\/wp-content\/uploads\/2021\/06\/LVPA-and-ES-Funding-e1623259003342-600x133.jpg 600w, https:\/\/bagfactory.eu\/wp-content\/uploads\/2021\/06\/LVPA-and-ES-Funding-e1623259003342-300x67.jpg 300w, https:\/\/bagfactory.eu\/wp-content\/uploads\/2021\/06\/LVPA-and-ES-Funding-e1623259003342-1024x228.jpg 1024w, https:\/\/bagfactory.eu\/wp-content\/uploads\/2021\/06\/LVPA-and-ES-Funding-e1623259003342.jpg 1444w\" sizes=\"(max-width: 768px) 100vw, 768px\" \/>\t\t\t\t\t\t\t\t\t\t\t\t\t\t\t<\/div>\n\t\t\t\t<\/div>\n\t\t\t\t<div class=\"elementor-element elementor-element-651d90c elementor-widget elementor-widget-text-editor\" data-id=\"651d90c\" data-element_type=\"widget\" data-widget_type=\"text-editor.default\">\n\t\t\t\t<div class=\"elementor-widget-container\">\n\t\t\t\t\t\t\t\t\t<p>UAB Bagfactory is een fabrikant van non-woven PP-tassen, marktleider in Litouwen en een van de marktleiders in de EU. <\/p><p>In het productieproces maakt het bedrijf gebruik van ultrasone technologie\u00ebn voor thermische randverbinding. De technologische productieprocessen met behulp van ultrasone technologie\u00ebn worden voortdurend verbeterd. Onlangs heeft de productielijn een innovatie ge\u00efntroduceerd die is ontwikkeld door de specialisten van het bedrijf. Deze innovatie heeft het mogelijk gemaakt om het standaardproductieproces te optimaliseren en een productiesnelheid van 50 PP-tassen per minuut te bereiken. <\/p><p>Momenteel modelleert de aanvrager, in samenwerking met onderzoekers van het KTU Ultrasound Institute, het productieproces van non-woven PET-tassen. Ook de productieprocessen voor non-woven RPET-materiaal worden onderzocht. De resultaten van het onderzoek tonen aan dat er niet alleen realistische voorwaarden zijn voor de nieuwe ultrasone thermische materiaalbindingstechnologie voor het automatische productieproces van non-woven PET \/ RPET-materiaalzakken, maar dat er ook problemen en R&#038;D-activiteiten zijn ge\u00efdentificeerd om deze problemen op te lossen. Het ingediende project is gericht op de automatische ontwikkeling van een flexibele ultrasone thermische materiaalbindingstechnologie voor het automatische productieproces van non-woven PET \/ RPET-zakken. De R&#038;D-activiteiten om wetenschappelijke en technologische problemen op te lossen, zullen een technologische oplossing cre\u00ebren voor het ultrasoon verbinden van non-woven PET \/ RPET-materiaal onder de omstandigheden van een automatisch productieproces, dat kan worden aangepast aan de productiefaciliteiten van non-woven PP-zakken die momenteel op de markt zijn; er zullen ook voorwaarden worden gecre\u00eberd voor de implementatie van deze methode: Tijdens het project zal een automatische handgreepvormings- en bevestigingsmodule worden ontwikkeld voor het automatische productieproces van non-woven PET \/ RPET-zakken, die de toepasbaarheid van de oplossing op het meest standaard productietechnologische proces zal aantonen. Het derde product is een non-woven PET\/RPET-zak met naden gemaakt door automatische thermische binding.<\/p><p>UAB Bagfactory van 2019.\u00a018 maart tot 2021\u00a013 maart implementeert het project &#8220;Flexibele ultrasone materiaal thermische bindingstechnologie voor automatisch non-woven zakkenproductie proces (PET-RPET GO)&#8221; (nr. J05-LVPA-K-04-0014) gefinancierd door de fondsen van de Europese Unie voor 2014-2020 (Europees Fonds voor Regionale Ontwikkeling) Investerings Operationeel Programma Prioriteit 1 &#8220;Bevordering van onderzoek, experimentele ontwikkeling en innovatie&#8221; maatregel nr.\u00a0J05-LVPA-K-04 &#8220;Intelligentie. Gezamenlijke wetenschap-bedrijfsprojecten&#8221;.<\/p><p>Projectbudget: 867 326,97 EUR.<\/p><p>Bedrag projectfinanciering: 499 947,93 EUR.<\/p><p>Uitvoerende instelling: SE Lithuanian Business Support Agency<\/p><p>Meer informatie over aanvragen en projecten:<\/p>\t\t\t\t\t\t\t\t<\/div>\n\t\t\t\t<\/div>\n\t\t\t\t<div class=\"elementor-element elementor-element-1b01202 elementor-widget elementor-widget-text-editor\" data-id=\"1b01202\" data-element_type=\"widget\" data-widget_type=\"text-editor.default\">\n\t\t\t\t<div class=\"elementor-widget-container\">\n\t\t\t\t\t\t\t\t\t<p><a href=\"https:\/\/www.esinvesticijos.lt\/lt\/finansavimas\/paraiskos_ir_projektai\/lanksti-ultragarsine-medziagos-terminio-sujungimo-technologija-automatiniam-neaustines-medziagos-maiseliu-gamybos-procesui-pet-rpet-go\" target=\"_blank\" rel=\"noopener\">Website EU-financiering<\/a><\/p>\t\t\t\t\t\t\t\t<\/div>\n\t\t\t\t<\/div>\n\t\t\t\t<\/div>\n\t\t\t\t\t<\/div>\n\t\t\t\t<\/div>\n\t\t\t\t<\/div>\n\t\t","protected":false},"excerpt":{"rendered":"<p>Implementatie van het project &#8220;Flexibele ultrasone thermische verbindingstechnologie voor automatisch productieproces van non-woven tassen (PET-RPET GO)&#8221; UAB Bagfactory is een fabrikant van [&hellip;]<\/p>\n","protected":false},"author":8,"featured_media":201193,"parent":233550,"menu_order":0,"comment_status":"closed","ping_status":"closed","template":"elementor_header_footer","meta":{"_acf_changed":false,"footnotes":""},"class_list":["post-201180","page","type-page","status-publish","has-post-thumbnail","hentry"],"acf":[],"_links":{"self":[{"href":"https:\/\/bagfactory.eu\/nl\/wp-json\/wp\/v2\/pages\/201180","targetHints":{"allow":["GET"]}}],"collection":[{"href":"https:\/\/bagfactory.eu\/nl\/wp-json\/wp\/v2\/pages"}],"about":[{"href":"https:\/\/bagfactory.eu\/nl\/wp-json\/wp\/v2\/types\/page"}],"author":[{"embeddable":true,"href":"https:\/\/bagfactory.eu\/nl\/wp-json\/wp\/v2\/users\/8"}],"replies":[{"embeddable":true,"href":"https:\/\/bagfactory.eu\/nl\/wp-json\/wp\/v2\/comments?post=201180"}],"version-history":[{"count":1,"href":"https:\/\/bagfactory.eu\/nl\/wp-json\/wp\/v2\/pages\/201180\/revisions"}],"predecessor-version":[{"id":201194,"href":"https:\/\/bagfactory.eu\/nl\/wp-json\/wp\/v2\/pages\/201180\/revisions\/201194"}],"up":[{"embeddable":true,"href":"https:\/\/bagfactory.eu\/nl\/wp-json\/wp\/v2\/pages\/233550"}],"wp:featuredmedia":[{"embeddable":true,"href":"https:\/\/bagfactory.eu\/nl\/wp-json\/wp\/v2\/media\/201193"}],"wp:attachment":[{"href":"https:\/\/bagfactory.eu\/nl\/wp-json\/wp\/v2\/media?parent=201180"}],"curies":[{"name":"wp","href":"https:\/\/api.w.org\/{rel}","templated":true}]}}