{"id":200939,"date":"2021-06-03T23:13:15","date_gmt":"2021-06-03T21:13:15","guid":{"rendered":"https:\/\/bagfactory.eu\/ultrasound-material-thermal-joining-pet-rpet-go\/"},"modified":"2025-12-17T22:48:14","modified_gmt":"2025-12-17T20:48:14","slug":"ultrasound-material-thermal-joining-pet-rpet-go","status":"publish","type":"page","link":"https:\/\/bagfactory.eu\/pl\/eu-funding\/ultrasound-material-thermal-joining-pet-rpet-go\/","title":{"rendered":"Ultrasound material thermal joining (PET-RPET GO)"},"content":{"rendered":"\t\t<div data-elementor-type=\"wp-page\" data-elementor-id=\"200939\" class=\"elementor elementor-200939 elementor-16017\" data-elementor-settings=\"{&quot;element_pack_global_tooltip_width&quot;:{&quot;unit&quot;:&quot;px&quot;,&quot;size&quot;:&quot;&quot;,&quot;sizes&quot;:[]},&quot;element_pack_global_tooltip_width_tablet&quot;:{&quot;unit&quot;:&quot;px&quot;,&quot;size&quot;:&quot;&quot;,&quot;sizes&quot;:[]},&quot;element_pack_global_tooltip_width_mobile&quot;:{&quot;unit&quot;:&quot;px&quot;,&quot;size&quot;:&quot;&quot;,&quot;sizes&quot;:[]},&quot;element_pack_global_tooltip_padding&quot;:{&quot;unit&quot;:&quot;px&quot;,&quot;top&quot;:&quot;&quot;,&quot;right&quot;:&quot;&quot;,&quot;bottom&quot;:&quot;&quot;,&quot;left&quot;:&quot;&quot;,&quot;isLinked&quot;:true},&quot;element_pack_global_tooltip_padding_tablet&quot;:{&quot;unit&quot;:&quot;px&quot;,&quot;top&quot;:&quot;&quot;,&quot;right&quot;:&quot;&quot;,&quot;bottom&quot;:&quot;&quot;,&quot;left&quot;:&quot;&quot;,&quot;isLinked&quot;:true},&quot;element_pack_global_tooltip_padding_mobile&quot;:{&quot;unit&quot;:&quot;px&quot;,&quot;top&quot;:&quot;&quot;,&quot;right&quot;:&quot;&quot;,&quot;bottom&quot;:&quot;&quot;,&quot;left&quot;:&quot;&quot;,&quot;isLinked&quot;:true},&quot;element_pack_global_tooltip_border_radius&quot;:{&quot;unit&quot;:&quot;px&quot;,&quot;top&quot;:&quot;&quot;,&quot;right&quot;:&quot;&quot;,&quot;bottom&quot;:&quot;&quot;,&quot;left&quot;:&quot;&quot;,&quot;isLinked&quot;:true},&quot;element_pack_global_tooltip_border_radius_tablet&quot;:{&quot;unit&quot;:&quot;px&quot;,&quot;top&quot;:&quot;&quot;,&quot;right&quot;:&quot;&quot;,&quot;bottom&quot;:&quot;&quot;,&quot;left&quot;:&quot;&quot;,&quot;isLinked&quot;:true},&quot;element_pack_global_tooltip_border_radius_mobile&quot;:{&quot;unit&quot;:&quot;px&quot;,&quot;top&quot;:&quot;&quot;,&quot;right&quot;:&quot;&quot;,&quot;bottom&quot;:&quot;&quot;,&quot;left&quot;:&quot;&quot;,&quot;isLinked&quot;:true}}\" data-elementor-post-type=\"page\">\n\t\t\t\t<div class=\"has_eae_slider elementor-element elementor-element-c98e92d e-flex e-con-boxed e-con e-parent\" data-eae-slider=\"63934\" data-id=\"c98e92d\" data-element_type=\"container\">\n\t\t\t\t\t<div class=\"e-con-inner\">\n\t\t<div class=\"has_eae_slider elementor-element elementor-element-7da223f e-con-full e-flex e-con e-child\" data-eae-slider=\"49609\" data-id=\"7da223f\" data-element_type=\"container\">\n\t\t\t\t<div class=\"elementor-element elementor-element-75cb23a elementor-widget elementor-widget-heading\" data-id=\"75cb23a\" data-element_type=\"widget\" data-widget_type=\"heading.default\">\n\t\t\t\t<div class=\"elementor-widget-container\">\n\t\t\t\t\t<h3 class=\"elementor-heading-title elementor-size-default\">Realizacja projektu <br>\u201eUltrad\u017awi\u0119kowa technologia termicznego \u0141\u0104CZENIA materia\u0142u do automatycznego procesu produkcji toreb z w\u0142\u00f3kniny (PET-RPET GO)\u201d.<\/h3>\t\t\t\t<\/div>\n\t\t\t\t<\/div>\n\t\t\t\t<div class=\"elementor-element elementor-element-aaebe36 elementor-view-default elementor-widget elementor-widget-icon\" data-id=\"aaebe36\" data-element_type=\"widget\" data-widget_type=\"icon.default\">\n\t\t\t\t<div class=\"elementor-widget-container\">\n\t\t\t\t\t\t\t<div class=\"elementor-icon-wrapper\">\n\t\t\t<div class=\"elementor-icon\">\n\t\t\t\t\t\t<\/div>\n\t\t<\/div>\n\t\t\t\t\t\t<\/div>\n\t\t\t\t<\/div>\n\t\t\t\t<\/div>\n\t\t<div class=\"has_eae_slider elementor-element elementor-element-870989d e-con-full e-flex e-con e-child\" data-eae-slider=\"49873\" data-id=\"870989d\" data-element_type=\"container\">\n\t\t\t\t<div class=\"elementor-element elementor-element-694056c elementor-widget elementor-widget-image\" data-id=\"694056c\" data-element_type=\"widget\" data-widget_type=\"image.default\">\n\t\t\t\t<div class=\"elementor-widget-container\">\n\t\t\t\t\t\t\t\t\t\t\t\t\t\t\t<img fetchpriority=\"high\" decoding=\"async\" width=\"768\" height=\"171\" src=\"https:\/\/bagfactory.eu\/wp-content\/uploads\/2021\/06\/LVPA-and-ES-Funding-e1623259003342-768x171.jpg\" class=\"attachment-medium_large size-medium_large wp-image-46177\" alt=\"Non woven and Paper Bag manufacturers\" srcset=\"https:\/\/bagfactory.eu\/wp-content\/uploads\/2021\/06\/LVPA-and-ES-Funding-e1623259003342-768x171.jpg 768w, https:\/\/bagfactory.eu\/wp-content\/uploads\/2021\/06\/LVPA-and-ES-Funding-e1623259003342-600x133.jpg 600w, https:\/\/bagfactory.eu\/wp-content\/uploads\/2021\/06\/LVPA-and-ES-Funding-e1623259003342-300x67.jpg 300w, https:\/\/bagfactory.eu\/wp-content\/uploads\/2021\/06\/LVPA-and-ES-Funding-e1623259003342-1024x228.jpg 1024w, https:\/\/bagfactory.eu\/wp-content\/uploads\/2021\/06\/LVPA-and-ES-Funding-e1623259003342.jpg 1444w\" sizes=\"(max-width: 768px) 100vw, 768px\" \/>\t\t\t\t\t\t\t\t\t\t\t\t\t\t\t<\/div>\n\t\t\t\t<\/div>\n\t\t\t\t<div class=\"elementor-element elementor-element-651d90c elementor-widget elementor-widget-text-editor\" data-id=\"651d90c\" data-element_type=\"widget\" data-widget_type=\"text-editor.default\">\n\t\t\t\t<div class=\"elementor-widget-container\">\n\t\t\t\t\t\t\t\t\t<p>UAB Bagfactory jest producentem toreb z w\u0142\u00f3kniny PP, liderem rynku na Litwie i jednym z lider\u00f3w rynku w UE.\u00a0<\/p><p>W procesie produkcyjnym firma wykorzystuje technologie ultrad\u017awi\u0119kowe do termicznego \u0142\u0105czenia kraw\u0119dzi. Procesy technologiczne wykorzystuj\u0105ce technologie ultrad\u017awi\u0119kowe s\u0105 stale ulepszane \u2013 niedawno na linii produkcyjnej wprowadzono innowacj\u0119 opracowan\u0105 przez specjalist\u00f3w firmy, kt\u00f3ra pozwoli\u0142a zoptymalizowa\u0107 standardowy proces produkcyjny i osi\u0105gn\u0105\u0107 pr\u0119dko\u015b\u0107 produkcji 50 work\u00f3w PP na minut\u0119.\u00a0<\/p><p>Obecnie wnioskodawca, przy udziale naukowc\u00f3w z Instytutu Ultrad\u017awi\u0119k\u00f3w KTU, modeluje proces produkcji toreb z w\u0142\u00f3kniny PET, a tak\u017ce bada procesy produkcji w\u0142\u00f3kniny RPET. Wyniki bada\u0144 pokazuj\u0105, \u017ce istniej\u0105 nie tylko realistyczne warunki wst\u0119pne dla nowej technologii zgrzewania ultrad\u017awi\u0119kowego materia\u0142\u00f3w w procesie automatycznej produkcji toreb z w\u0142\u00f3kniny PET \/ RPET, ale tak\u017ce zidentyfikowano problemy i dzia\u0142ania badawczo-rozwojowe maj\u0105ce na celu ich rozwi\u0105zanie.\u00a0<\/p><p>Przedstawiony projekt ma na celu automatyczne opracowanie technologii elastycznego \u0142\u0105czenia ultrad\u017awi\u0119kowego materia\u0142u termicznego do automatycznego procesu produkcji toreb z w\u0142\u00f3kniny PET \/ RPET. automatycznego procesu produkcji toreb z w\u0142\u00f3kniny PET \/ RPET. Dzia\u0142ania badawczo-rozwojowe maj\u0105ce na celu rozwi\u0105zanie problem\u00f3w naukowych i technologicznych pozwol\u0105 stworzy\u0107 rozwi\u0105zanie technologiczne do zgrzewania ultrad\u017awi\u0119kowego materia\u0142\u00f3w nietkanych PET \/ RPET w warunkach automatycznego procesu produkcyjnego, kt\u00f3re b\u0119dzie mo\u017cna dostosowa\u0107 do urz\u0105dze\u0144 produkcyjnych toreb z w\u0142\u00f3kniny PP dost\u0119pnych obecnie na rynku; zostan\u0105 r\u00f3wnie\u017c stworzone warunki wst\u0119pne do wdro\u017cenia tej metody: W trakcie projektu zostanie opracowany modu\u0142 do automatycznego formowania i mocowania uchwyt\u00f3w do automatycznego procesu produkcji toreb z w\u0142\u00f3kniny PET \/ RPET, kt\u00f3ry zademonstruje mo\u017cliwo\u015b\u0107 zastosowania rozwi\u0105zania w najbardziej standardowym procesie technologicznym produkcji. Trzecim produktem jest torba z w\u0142\u00f3kniny PET \/ RPET z szwami wykonanymi za pomoc\u0105 automatycznego zgrzewania termicznego.<\/p><p>UAB Bagfactory od 18 marca 2019 r. do 13 marca 2021 r. realizuje projekt \u201eElastyczna ultrad\u017awi\u0119kowa technologia termicznego \u0142\u0105czenia materia\u0142u w automatycznym procesie produkcji toreb z w\u0142\u00f3kniny\u201d (PET-RPET GO)\u201d (Nr J05-LVPA-K-04-0014) finansowany ze \u015brodk\u00f3w Unii Europejskiej na lata 2014\u20132020 (Europejski Fundusz Rozwoju Regionalnego) Program Operacyjny Inwestycje Priorytet 1 \u201ePromowanie bada\u0144, rozwoju eksperymentalnego i innowacji\u201d dzia\u0142anie nr.\u00a0J05-LVPA-K-04 \u201eInteligencja. Wsp\u00f3lne projekty naukowo-biznesowe\u201d.<\/p><p>Bud\u017cet projektu: 867 326,97 EUR.<\/p><p>Kwota finansowania projektu: 499 947,93 EUR.<\/p><p>Instytucja wdra\u017caj\u0105ca: SE Litewska Agencja Wspierania Biznesu<\/p><p>Wi\u0119cej informacji na temat wniosk\u00f3w i projekt\u00f3w:<\/p>\t\t\t\t\t\t\t\t<\/div>\n\t\t\t\t<\/div>\n\t\t\t\t<div class=\"elementor-element elementor-element-1b01202 elementor-widget elementor-widget-text-editor\" data-id=\"1b01202\" data-element_type=\"widget\" data-widget_type=\"text-editor.default\">\n\t\t\t\t<div class=\"elementor-widget-container\">\n\t\t\t\t\t\t\t\t\t<p><a href=\"https:\/\/www.esinvesticijos.lt\/lt\/finansavimas\/paraiskos_ir_projektai\/lanksti-ultragarsine-medziagos-terminio-sujungimo-technologija-automatiniam-neaustines-medziagos-maiseliu-gamybos-procesui-pet-rpet-go\" target=\"_blank\" rel=\"noopener\">Strona internetowa po\u015bwi\u0119cona funduszom UE<\/a><\/p>\t\t\t\t\t\t\t\t<\/div>\n\t\t\t\t<\/div>\n\t\t\t\t<\/div>\n\t\t\t\t\t<\/div>\n\t\t\t\t<\/div>\n\t\t\t\t<\/div>\n\t\t","protected":false},"excerpt":{"rendered":"<p>Realizacja projektu \u201eUltrad\u017awi\u0119kowa technologia termicznego \u0141\u0104CZENIA materia\u0142u do automatycznego procesu produkcji toreb z w\u0142\u00f3kniny (PET-RPET GO)\u201d. UAB Bagfactory jest producentem toreb z [&hellip;]<\/p>\n","protected":false},"author":8,"featured_media":55789,"parent":233260,"menu_order":0,"comment_status":"closed","ping_status":"closed","template":"elementor_header_footer","meta":{"_acf_changed":false,"footnotes":""},"class_list":["post-200939","page","type-page","status-publish","has-post-thumbnail","hentry"],"acf":[],"_links":{"self":[{"href":"https:\/\/bagfactory.eu\/pl\/wp-json\/wp\/v2\/pages\/200939","targetHints":{"allow":["GET"]}}],"collection":[{"href":"https:\/\/bagfactory.eu\/pl\/wp-json\/wp\/v2\/pages"}],"about":[{"href":"https:\/\/bagfactory.eu\/pl\/wp-json\/wp\/v2\/types\/page"}],"author":[{"embeddable":true,"href":"https:\/\/bagfactory.eu\/pl\/wp-json\/wp\/v2\/users\/8"}],"replies":[{"embeddable":true,"href":"https:\/\/bagfactory.eu\/pl\/wp-json\/wp\/v2\/comments?post=200939"}],"version-history":[{"count":1,"href":"https:\/\/bagfactory.eu\/pl\/wp-json\/wp\/v2\/pages\/200939\/revisions"}],"predecessor-version":[{"id":200940,"href":"https:\/\/bagfactory.eu\/pl\/wp-json\/wp\/v2\/pages\/200939\/revisions\/200940"}],"up":[{"embeddable":true,"href":"https:\/\/bagfactory.eu\/pl\/wp-json\/wp\/v2\/pages\/233260"}],"wp:featuredmedia":[{"embeddable":true,"href":"https:\/\/bagfactory.eu\/pl\/wp-json\/wp\/v2\/media\/55789"}],"wp:attachment":[{"href":"https:\/\/bagfactory.eu\/pl\/wp-json\/wp\/v2\/media?parent=200939"}],"curies":[{"name":"wp","href":"https:\/\/api.w.org\/{rel}","templated":true}]}}