{"id":200941,"date":"2021-05-31T20:26:25","date_gmt":"2021-05-31T18:26:25","guid":{"rendered":"https:\/\/bagfactory.eu\/products\/"},"modified":"2025-12-17T22:48:14","modified_gmt":"2025-12-17T20:48:14","slug":"products","status":"publish","type":"page","link":"https:\/\/bagfactory.eu\/pl\/products\/","title":{"rendered":"Products"},"content":{"rendered":"\t\t<div data-elementor-type=\"wp-page\" data-elementor-id=\"200941\" class=\"elementor elementor-200941 elementor-15813\" data-elementor-settings=\"{&quot;element_pack_global_tooltip_width&quot;:{&quot;unit&quot;:&quot;px&quot;,&quot;size&quot;:&quot;&quot;,&quot;sizes&quot;:[]},&quot;element_pack_global_tooltip_width_tablet&quot;:{&quot;unit&quot;:&quot;px&quot;,&quot;size&quot;:&quot;&quot;,&quot;sizes&quot;:[]},&quot;element_pack_global_tooltip_width_mobile&quot;:{&quot;unit&quot;:&quot;px&quot;,&quot;size&quot;:&quot;&quot;,&quot;sizes&quot;:[]},&quot;element_pack_global_tooltip_padding&quot;:{&quot;unit&quot;:&quot;px&quot;,&quot;top&quot;:&quot;&quot;,&quot;right&quot;:&quot;&quot;,&quot;bottom&quot;:&quot;&quot;,&quot;left&quot;:&quot;&quot;,&quot;isLinked&quot;:true},&quot;element_pack_global_tooltip_padding_tablet&quot;:{&quot;unit&quot;:&quot;px&quot;,&quot;top&quot;:&quot;&quot;,&quot;right&quot;:&quot;&quot;,&quot;bottom&quot;:&quot;&quot;,&quot;left&quot;:&quot;&quot;,&quot;isLinked&quot;:true},&quot;element_pack_global_tooltip_padding_mobile&quot;:{&quot;unit&quot;:&quot;px&quot;,&quot;top&quot;:&quot;&quot;,&quot;right&quot;:&quot;&quot;,&quot;bottom&quot;:&quot;&quot;,&quot;left&quot;:&quot;&quot;,&quot;isLinked&quot;:true},&quot;element_pack_global_tooltip_border_radius&quot;:{&quot;unit&quot;:&quot;px&quot;,&quot;top&quot;:&quot;&quot;,&quot;right&quot;:&quot;&quot;,&quot;bottom&quot;:&quot;&quot;,&quot;left&quot;:&quot;&quot;,&quot;isLinked&quot;:true},&quot;element_pack_global_tooltip_border_radius_tablet&quot;:{&quot;unit&quot;:&quot;px&quot;,&quot;top&quot;:&quot;&quot;,&quot;right&quot;:&quot;&quot;,&quot;bottom&quot;:&quot;&quot;,&quot;left&quot;:&quot;&quot;,&quot;isLinked&quot;:true},&quot;element_pack_global_tooltip_border_radius_mobile&quot;:{&quot;unit&quot;:&quot;px&quot;,&quot;top&quot;:&quot;&quot;,&quot;right&quot;:&quot;&quot;,&quot;bottom&quot;:&quot;&quot;,&quot;left&quot;:&quot;&quot;,&quot;isLinked&quot;:true}}\" data-elementor-post-type=\"page\">\n\t\t\t\t<div class=\"has_eae_slider elementor-element elementor-element-2996cef e-con-full e-flex e-con e-parent\" data-eae-slider=\"89817\" data-id=\"2996cef\" data-element_type=\"container\">\n\t\t<div class=\"has_eae_slider elementor-element elementor-element-baa6b5d e-con-full e-flex e-con e-child\" data-eae-slider=\"81054\" data-id=\"baa6b5d\" data-element_type=\"container\">\n\t\t\t\t<div class=\"elementor-element elementor-element-cef7ed4 elementor-widget elementor-widget-heading\" data-id=\"cef7ed4\" data-element_type=\"widget\" data-widget_type=\"heading.default\">\n\t\t\t\t<div class=\"elementor-widget-container\">\n\t\t\t\t\t<h2 class=\"elementor-heading-title elementor-size-default\">Torby ekologiczne i papierowe produkowane maszynowo<\/h2>\t\t\t\t<\/div>\n\t\t\t\t<\/div>\n\t\t\t\t<\/div>\n\t\t<div class=\"has_eae_slider elementor-element elementor-element-bf8866d e-con-full e-flex e-con e-child\" data-eae-slider=\"63004\" data-id=\"bf8866d\" data-element_type=\"container\">\n\t\t\t\t<div class=\"elementor-element elementor-element-081aaa9 elementor-widget elementor-widget-text-editor\" data-id=\"081aaa9\" data-element_type=\"widget\" data-widget_type=\"text-editor.default\">\n\t\t\t\t<div class=\"elementor-widget-container\">\n\t\t\t\t\t\t\t\t\t<p class=\"p1\">W Bagfactory z pasj\u0105 dostarczamy naszym klientom ekologiczne, wysokiej jako\u015bci torby na ich produkty.<\/p><p class=\"p1\">Oferujemy zar\u00f3wno torby ekologiczne, jak i papierowe, dostosowane do potrzeb Twojej firmy.<\/p><p class=\"p1\">Nasza wiedza i do\u015bwiadczenie obejmuj\u0105 szeroki zakres bran\u017c, od supermarket\u00f3w po przemys\u0142 modowy.<\/p><p class=\"p1\">Od wielu lat tworzymy wysokiej jako\u015bci torby przyjazne dla \u015brodowiska b\u0119d\u0105ce alternatywami dla jednorazowych tworzyw sztucznych.<\/p><p class=\"p1\">Kliknij poni\u017csze produkty, aby dowiedzie\u0107 si\u0119 wi\u0119cej o naszych torbach \u2013 od rozmiar\u00f3w i dost\u0119pnych kolor\u00f3w po sposoby nadruku Twojej marki na naszych torbach ekologicznych.<\/p>\t\t\t\t\t\t\t\t<\/div>\n\t\t\t\t<\/div>\n\t\t\t\t<\/div>\n\t\t\t\t<\/div>\n\t\t\t\t<section class=\"has_eae_slider elementor-section elementor-top-section elementor-element elementor-element-d4e27ca pix-scale-in-sm elementor-section-full_width elementor-section-height-default elementor-section-height-default\" data-eae-slider=\"75985\" data-id=\"d4e27ca\" data-element_type=\"section\">\n\t\t\t\t\t\t<div class=\"elementor-container elementor-column-gap-default\">\n\t\t\t\t\t<div data-wts-url=\"https:\/\/lang.bagfactory.eu\/products\/machine-made-eco-textile-bags\/\" data-wts-link=\"yes\" data-wts-new-window=\"\" class=\"has_eae_slider elementor-column elementor-col-50 elementor-top-column elementor-element elementor-element-65ca096 ae-link-yes\" data-eae-slider=\"4536\" data-id=\"65ca096\" data-element_type=\"column\">\n\t\t\t<div class=\"elementor-widget-wrap elementor-element-populated\">\n\t\t\t\t\t\t<section class=\"has_eae_slider elementor-section elementor-inner-section elementor-element elementor-element-6fa99bb elementor-section-height-min-height elementor-section-boxed elementor-section-height-default\" data-eae-slider=\"85303\" data-id=\"6fa99bb\" data-element_type=\"section\">\n\t\t\t\t\t\t<div class=\"elementor-container elementor-column-gap-default\">\n\t\t\t\t\t<div class=\"has_eae_slider elementor-column elementor-col-100 elementor-inner-column elementor-element elementor-element-af69514\" data-eae-slider=\"3888\" data-id=\"af69514\" data-element_type=\"column\">\n\t\t\t<div class=\"elementor-widget-wrap elementor-element-populated\">\n\t\t\t\t\t\t<div class=\"elementor-element elementor-element-3bac1ff elementor-widget elementor-widget-image\" data-id=\"3bac1ff\" data-element_type=\"widget\" data-widget_type=\"image.default\">\n\t\t\t\t<div class=\"elementor-widget-container\">\n\t\t\t\t\t\t\t\t\t\t\t\t\t\t\t<img fetchpriority=\"high\" decoding=\"async\" width=\"599\" height=\"541\" src=\"https:\/\/bagfactory.eu\/wp-content\/uploads\/2022\/01\/Lidl-Bag-Watermarked-3.png\" class=\"attachment-full size-full wp-image-147095\" alt=\"eco textile bags for customers\" srcset=\"https:\/\/bagfactory.eu\/wp-content\/uploads\/2022\/01\/Lidl-Bag-Watermarked-3.png 599w, https:\/\/bagfactory.eu\/wp-content\/uploads\/2022\/01\/Lidl-Bag-Watermarked-3-300x271.png 300w\" sizes=\"(max-width: 599px) 100vw, 599px\" \/>\t\t\t\t\t\t\t\t\t\t\t\t\t\t\t<\/div>\n\t\t\t\t<\/div>\n\t\t\t\t\t<\/div>\n\t\t<\/div>\n\t\t\t\t\t<\/div>\n\t\t<\/section>\n\t\t\t\t<section class=\"has_eae_slider elementor-section elementor-inner-section elementor-element elementor-element-efaf00f elementor-section-height-min-height elementor-section-content-bottom elementor-section-boxed elementor-section-height-default\" data-eae-slider=\"30758\" data-id=\"efaf00f\" data-element_type=\"section\" data-settings=\"{&quot;background_background&quot;:&quot;classic&quot;}\">\n\t\t\t\t\t\t<div class=\"elementor-container elementor-column-gap-default\">\n\t\t\t\t\t<div class=\"has_eae_slider elementor-column elementor-col-50 elementor-inner-column elementor-element elementor-element-bbdf6ad\" data-eae-slider=\"26571\" data-id=\"bbdf6ad\" data-element_type=\"column\">\n\t\t\t<div class=\"elementor-widget-wrap elementor-element-populated\">\n\t\t\t\t\t\t<div class=\"elementor-element elementor-element-f0e2b94 elementor-widget elementor-widget-heading\" data-id=\"f0e2b94\" data-element_type=\"widget\" data-widget_type=\"heading.default\">\n\t\t\t\t<div class=\"elementor-widget-container\">\n\t\t\t\t\t<h2 class=\"elementor-heading-title elementor-size-default\">Wykonane maszynowo<\/h2>\t\t\t\t<\/div>\n\t\t\t\t<\/div>\n\t\t\t\t<div class=\"elementor-element elementor-element-07f28a9 elementor-widget elementor-widget-heading\" data-id=\"07f28a9\" data-element_type=\"widget\" data-widget_type=\"heading.default\">\n\t\t\t\t<div class=\"elementor-widget-container\">\n\t\t\t\t\t<h2 class=\"elementor-heading-title elementor-size-default\">Torby ekologiczne<\/h2>\t\t\t\t<\/div>\n\t\t\t\t<\/div>\n\t\t\t\t\t<\/div>\n\t\t<\/div>\n\t\t\t\t<div class=\"has_eae_slider elementor-column elementor-col-50 elementor-inner-column elementor-element elementor-element-b3e78a8\" data-eae-slider=\"50083\" data-id=\"b3e78a8\" data-element_type=\"column\">\n\t\t\t<div class=\"elementor-widget-wrap elementor-element-populated\">\n\t\t\t\t\t\t<div class=\"elementor-element elementor-element-fd8f989 elementor-widget elementor-widget-image\" data-id=\"fd8f989\" data-element_type=\"widget\" data-widget_type=\"image.default\">\n\t\t\t\t<div class=\"elementor-widget-container\">\n\t\t\t\t\t\t\t\t\t\t\t\t\t\t\t<img decoding=\"async\" width=\"52\" height=\"26\" src=\"https:\/\/bagfactory.eu\/wp-content\/uploads\/2021\/05\/Path-552_2x.png\" class=\"attachment-full size-full wp-image-45673\" alt=\"personalised paper carrier bags\" \/>\t\t\t\t\t\t\t\t\t\t\t\t\t\t\t<\/div>\n\t\t\t\t<\/div>\n\t\t\t\t\t<\/div>\n\t\t<\/div>\n\t\t\t\t\t<\/div>\n\t\t<\/section>\n\t\t\t\t\t<\/div>\n\t\t<\/div>\n\t\t\t\t<div data-wts-url=\"https:\/\/lang.bagfactory.eu\/products\/machine-made-paper-bags\/\" data-wts-link=\"yes\" data-wts-new-window=\"\" class=\"has_eae_slider elementor-column elementor-col-50 elementor-top-column elementor-element elementor-element-4129021 ae-link-yes\" data-eae-slider=\"71787\" data-id=\"4129021\" data-element_type=\"column\">\n\t\t\t<div class=\"elementor-widget-wrap elementor-element-populated\">\n\t\t\t\t\t\t<section class=\"has_eae_slider elementor-section elementor-inner-section elementor-element elementor-element-fce0228 elementor-section-height-min-height elementor-section-boxed elementor-section-height-default\" data-eae-slider=\"98158\" data-id=\"fce0228\" data-element_type=\"section\">\n\t\t\t\t\t\t<div class=\"elementor-container elementor-column-gap-default\">\n\t\t\t\t\t<div class=\"has_eae_slider elementor-column elementor-col-100 elementor-inner-column elementor-element elementor-element-d42a278\" data-eae-slider=\"57039\" data-id=\"d42a278\" data-element_type=\"column\">\n\t\t\t<div class=\"elementor-widget-wrap elementor-element-populated\">\n\t\t\t\t\t\t<div class=\"elementor-element elementor-element-1fe8ccd elementor-widget elementor-widget-image\" data-id=\"1fe8ccd\" data-element_type=\"widget\" data-widget_type=\"image.default\">\n\t\t\t\t<div class=\"elementor-widget-container\">\n\t\t\t\t\t\t\t\t\t\t\t\t\t\t\t<img decoding=\"async\" width=\"599\" height=\"541\" src=\"https:\/\/bagfactory.eu\/wp-content\/uploads\/2022\/01\/Coop-Bag-Watermarked-4.png\" class=\"attachment-full size-full wp-image-146987\" alt=\"kraft bags for customers\" srcset=\"https:\/\/bagfactory.eu\/wp-content\/uploads\/2022\/01\/Coop-Bag-Watermarked-4.png 599w, https:\/\/bagfactory.eu\/wp-content\/uploads\/2022\/01\/Coop-Bag-Watermarked-4-300x271.png 300w\" sizes=\"(max-width: 599px) 100vw, 599px\" \/>\t\t\t\t\t\t\t\t\t\t\t\t\t\t\t<\/div>\n\t\t\t\t<\/div>\n\t\t\t\t\t<\/div>\n\t\t<\/div>\n\t\t\t\t\t<\/div>\n\t\t<\/section>\n\t\t\t\t<section class=\"has_eae_slider elementor-section elementor-inner-section elementor-element elementor-element-6cd3d74 elementor-section-height-min-height elementor-section-content-bottom elementor-section-boxed elementor-section-height-default\" data-eae-slider=\"25289\" data-id=\"6cd3d74\" data-element_type=\"section\" data-settings=\"{&quot;background_background&quot;:&quot;classic&quot;}\">\n\t\t\t\t\t\t<div class=\"elementor-container elementor-column-gap-default\">\n\t\t\t\t\t<div class=\"has_eae_slider elementor-column elementor-col-50 elementor-inner-column elementor-element elementor-element-fe313b1\" data-eae-slider=\"9289\" data-id=\"fe313b1\" data-element_type=\"column\">\n\t\t\t<div class=\"elementor-widget-wrap elementor-element-populated\">\n\t\t\t\t\t\t<div class=\"elementor-element elementor-element-89bac43 elementor-widget elementor-widget-heading\" data-id=\"89bac43\" data-element_type=\"widget\" data-widget_type=\"heading.default\">\n\t\t\t\t<div class=\"elementor-widget-container\">\n\t\t\t\t\t<h2 class=\"elementor-heading-title elementor-size-default\">Wykonane maszynowo<\/h2>\t\t\t\t<\/div>\n\t\t\t\t<\/div>\n\t\t\t\t<div class=\"elementor-element elementor-element-25fe16a elementor-widget elementor-widget-heading\" data-id=\"25fe16a\" data-element_type=\"widget\" data-widget_type=\"heading.default\">\n\t\t\t\t<div class=\"elementor-widget-container\">\n\t\t\t\t\t<h2 class=\"elementor-heading-title elementor-size-default\">Torby papierowe<\/h2>\t\t\t\t<\/div>\n\t\t\t\t<\/div>\n\t\t\t\t\t<\/div>\n\t\t<\/div>\n\t\t\t\t<div class=\"has_eae_slider elementor-column elementor-col-50 elementor-inner-column elementor-element elementor-element-17a31b7\" data-eae-slider=\"62489\" data-id=\"17a31b7\" data-element_type=\"column\">\n\t\t\t<div class=\"elementor-widget-wrap elementor-element-populated\">\n\t\t\t\t\t\t<div class=\"elementor-element elementor-element-2173c42 elementor-widget elementor-widget-image\" data-id=\"2173c42\" data-element_type=\"widget\" data-widget_type=\"image.default\">\n\t\t\t\t<div class=\"elementor-widget-container\">\n\t\t\t\t\t\t\t\t\t\t\t\t\t\t\t<img loading=\"lazy\" decoding=\"async\" width=\"52\" height=\"26\" src=\"https:\/\/bagfactory.eu\/wp-content\/uploads\/2021\/05\/Path-552_2x.png\" class=\"attachment-large size-large wp-image-45673\" alt=\"personalised paper carrier bags\" \/>\t\t\t\t\t\t\t\t\t\t\t\t\t\t\t<\/div>\n\t\t\t\t<\/div>\n\t\t\t\t\t<\/div>\n\t\t<\/div>\n\t\t\t\t\t<\/div>\n\t\t<\/section>\n\t\t\t\t\t<\/div>\n\t\t<\/div>\n\t\t\t\t\t<\/div>\n\t\t<\/section>\n\t\t\t\t<\/div>\n\t\t","protected":false},"excerpt":{"rendered":"<p>Torby ekologiczne i papierowe produkowane maszynowo W Bagfactory z pasj\u0105 dostarczamy naszym klientom ekologiczne, wysokiej jako\u015bci torby na ich produkty. Oferujemy zar\u00f3wno [&hellip;]<\/p>\n","protected":false},"author":8,"featured_media":194694,"parent":0,"menu_order":0,"comment_status":"closed","ping_status":"closed","template":"elementor_header_footer","meta":{"_acf_changed":false,"footnotes":""},"class_list":["post-200941","page","type-page","status-publish","has-post-thumbnail","hentry"],"acf":[],"_links":{"self":[{"href":"https:\/\/bagfactory.eu\/pl\/wp-json\/wp\/v2\/pages\/200941","targetHints":{"allow":["GET"]}}],"collection":[{"href":"https:\/\/bagfactory.eu\/pl\/wp-json\/wp\/v2\/pages"}],"about":[{"href":"https:\/\/bagfactory.eu\/pl\/wp-json\/wp\/v2\/types\/page"}],"author":[{"embeddable":true,"href":"https:\/\/bagfactory.eu\/pl\/wp-json\/wp\/v2\/users\/8"}],"replies":[{"embeddable":true,"href":"https:\/\/bagfactory.eu\/pl\/wp-json\/wp\/v2\/comments?post=200941"}],"version-history":[{"count":3,"href":"https:\/\/bagfactory.eu\/pl\/wp-json\/wp\/v2\/pages\/200941\/revisions"}],"predecessor-version":[{"id":203580,"href":"https:\/\/bagfactory.eu\/pl\/wp-json\/wp\/v2\/pages\/200941\/revisions\/203580"}],"wp:featuredmedia":[{"embeddable":true,"href":"https:\/\/bagfactory.eu\/pl\/wp-json\/wp\/v2\/media\/194694"}],"wp:attachment":[{"href":"https:\/\/bagfactory.eu\/pl\/wp-json\/wp\/v2\/media?parent=200941"}],"curies":[{"name":"wp","href":"https:\/\/api.w.org\/{rel}","templated":true}]}}