{"id":201373,"date":"2021-06-13T21:44:44","date_gmt":"2021-06-13T19:44:44","guid":{"rendered":"https:\/\/bagfactory.eu\/cookies-policy\/"},"modified":"2025-12-17T22:48:13","modified_gmt":"2025-12-17T20:48:13","slug":"cookies-policy","status":"publish","type":"page","link":"https:\/\/bagfactory.eu\/pl\/cookies-policy\/","title":{"rendered":"Cookies Policy"},"content":{"rendered":"\t\t<div data-elementor-type=\"wp-page\" data-elementor-id=\"201373\" class=\"elementor elementor-201373 elementor-17938\" data-elementor-settings=\"{&quot;element_pack_global_tooltip_width&quot;:{&quot;unit&quot;:&quot;px&quot;,&quot;size&quot;:&quot;&quot;,&quot;sizes&quot;:[]},&quot;element_pack_global_tooltip_width_tablet&quot;:{&quot;unit&quot;:&quot;px&quot;,&quot;size&quot;:&quot;&quot;,&quot;sizes&quot;:[]},&quot;element_pack_global_tooltip_width_mobile&quot;:{&quot;unit&quot;:&quot;px&quot;,&quot;size&quot;:&quot;&quot;,&quot;sizes&quot;:[]},&quot;element_pack_global_tooltip_padding&quot;:{&quot;unit&quot;:&quot;px&quot;,&quot;top&quot;:&quot;&quot;,&quot;right&quot;:&quot;&quot;,&quot;bottom&quot;:&quot;&quot;,&quot;left&quot;:&quot;&quot;,&quot;isLinked&quot;:true},&quot;element_pack_global_tooltip_padding_tablet&quot;:{&quot;unit&quot;:&quot;px&quot;,&quot;top&quot;:&quot;&quot;,&quot;right&quot;:&quot;&quot;,&quot;bottom&quot;:&quot;&quot;,&quot;left&quot;:&quot;&quot;,&quot;isLinked&quot;:true},&quot;element_pack_global_tooltip_padding_mobile&quot;:{&quot;unit&quot;:&quot;px&quot;,&quot;top&quot;:&quot;&quot;,&quot;right&quot;:&quot;&quot;,&quot;bottom&quot;:&quot;&quot;,&quot;left&quot;:&quot;&quot;,&quot;isLinked&quot;:true},&quot;element_pack_global_tooltip_border_radius&quot;:{&quot;unit&quot;:&quot;px&quot;,&quot;top&quot;:&quot;&quot;,&quot;right&quot;:&quot;&quot;,&quot;bottom&quot;:&quot;&quot;,&quot;left&quot;:&quot;&quot;,&quot;isLinked&quot;:true},&quot;element_pack_global_tooltip_border_radius_tablet&quot;:{&quot;unit&quot;:&quot;px&quot;,&quot;top&quot;:&quot;&quot;,&quot;right&quot;:&quot;&quot;,&quot;bottom&quot;:&quot;&quot;,&quot;left&quot;:&quot;&quot;,&quot;isLinked&quot;:true},&quot;element_pack_global_tooltip_border_radius_mobile&quot;:{&quot;unit&quot;:&quot;px&quot;,&quot;top&quot;:&quot;&quot;,&quot;right&quot;:&quot;&quot;,&quot;bottom&quot;:&quot;&quot;,&quot;left&quot;:&quot;&quot;,&quot;isLinked&quot;:true}}\" data-elementor-post-type=\"page\">\n\t\t\t\t\t\t<section class=\"has_eae_slider elementor-section elementor-top-section elementor-element elementor-element-1d19704 elementor-section-height-min-height elementor-section-items-bottom elementor-section-full_width elementor-section-height-default\" data-eae-slider=\"90707\" data-id=\"1d19704\" data-element_type=\"section\" data-settings=\"{&quot;background_background&quot;:&quot;classic&quot;}\">\n\t\t\t\t\t\t<div class=\"elementor-container elementor-column-gap-default\">\n\t\t\t\t\t<div class=\"has_eae_slider elementor-column elementor-col-100 elementor-top-column elementor-element elementor-element-53f7e47\" data-eae-slider=\"93250\" data-id=\"53f7e47\" data-element_type=\"column\">\n\t\t\t<div class=\"elementor-widget-wrap elementor-element-populated\">\n\t\t\t\t\t\t<div class=\"elementor-element elementor-element-9e1895a elementor-widget elementor-widget-heading\" data-id=\"9e1895a\" data-element_type=\"widget\" data-widget_type=\"heading.default\">\n\t\t\t\t<div class=\"elementor-widget-container\">\n\t\t\t\t\t<h2 class=\"elementor-heading-title elementor-size-default\">Polityka plik\u00f3w cookie<\/h2>\t\t\t\t<\/div>\n\t\t\t\t<\/div>\n\t\t\t\t\t<\/div>\n\t\t<\/div>\n\t\t\t\t\t<\/div>\n\t\t<\/section>\n\t\t\t\t<section class=\"has_eae_slider elementor-section elementor-top-section elementor-element elementor-element-0353795 elementor-section-full_width elementor-section-height-default elementor-section-height-default\" data-eae-slider=\"96316\" data-id=\"0353795\" data-element_type=\"section\">\n\t\t\t\t\t\t<div class=\"elementor-container elementor-column-gap-default\">\n\t\t\t\t\t<div class=\"has_eae_slider elementor-column elementor-col-100 elementor-top-column elementor-element elementor-element-522bfab\" data-eae-slider=\"95666\" data-id=\"522bfab\" data-element_type=\"column\">\n\t\t\t<div class=\"elementor-widget-wrap elementor-element-populated\">\n\t\t\t\t\t\t<div class=\"elementor-element elementor-element-1e4a8ae elementor-widget elementor-widget-text-editor\" data-id=\"1e4a8ae\" data-element_type=\"widget\" data-widget_type=\"text-editor.default\">\n\t\t\t\t<div class=\"elementor-widget-container\">\n\t\t\t\t\t\t\t\t\t<p><strong>POLITYKA PRYWATNO\u015aCI I PLIKI COOKIE<\/strong><\/p><p>Korzystaj\u0105c z niniejszej strony internetowej, wyra\u017caj\u0105 Pa\u0144stwo zgod\u0119 na gromadzenie i wykorzystywanie przez sp\u00f3\u0142k\u0119 UAB \u201eBAGFACTORY&#8221;, 302842562, Pa\u0144stwa danych osobowych zgodnie z niniejsz\u0105 Polityk\u0105 prywatno\u015bci i plik\u00f3w cookie. UAB \u201eBAGFACTORY&#8221; wykorzystuje informacje podane przez Pa\u0144stwa podczas rejestracji, sk\u0142adania zam\u00f3wie\u0144 lub wysy\u0142ania nam zapyta\u0144, w tym: imi\u0119, nazwisko, osoba kontaktowa, numer, adres e-mail, inne dane kontaktowe (\u0142\u0105cznie \u2013 dane osobowe) w celu prawid\u0142owego zarz\u0105dzania Pa\u0144stwa zam\u00f3wieniami\/zapytaniami.<\/p><p><u>Wykorzystanie plik\u00f3w cookie na naszej stronie internetowej:\u00a0<\/u><\/p><p><span style=\"text-decoration: underline;\">Analityczne pliki cookie:<\/span><br \/>Analityczne pliki cookie s\u0142u\u017c\u0105 do zrozumienia, w jaki spos\u00f3b odwiedzaj\u0105cy wchodz\u0105 w interakcj\u0119 ze stron\u0105 internetow\u0105. Pliki te dostarczaj\u0105 informacji na temat liczby odwiedzaj\u0105cych, wsp\u00f3\u0142czynnika odrzuce\u0144, \u017ar\u00f3d\u0142a ruchu itp.<\/p><p>[cookie_audit category=&#8221;analytics&#8221; style=&#8221;winter&#8221; columns=&#8221;cookie,duration,description&#8221;]<\/p><p><span style=\"text-decoration: underline;\">Niezb\u0119dne pliki cookie:<\/span><br \/>Niezb\u0119dne pliki cookie s\u0105 absolutnie niezb\u0119dne do prawid\u0142owego funkcjonowania strony internetowej. Pliki te zapewniaj\u0105 podstawowe funkcje i zabezpieczenia strony internetowej, zachowuj\u0105c anonimowo\u015b\u0107.<\/p><p>[cookie_audit category=&#8221;necessary&#8221; style=&#8221;winter&#8221; columns=&#8221;cookie,duration,description&#8221;]<\/p><p><strong>Postanowienia og\u00f3lne<\/strong><\/p><p>UAB \u201eBAGFACTORY&#8221; w \u017cadnym wypadku nie sprzedaje ani nie przekazuje Pa\u0144stwa danych osobowych \u017cadnym podmiotom trzecim bez Pa\u0144stwa wyra\u017anej zgody. \u017badne podmioty trzecie nie mog\u0105 oferowa\u0107 Pa\u0144stwu towar\u00f3w ani us\u0142ug za po\u015brednictwem system\u00f3w elektronicznych UAB \u201eBAGFACTORY\u201d. UAB \u201eBAGFACTORY\u201d nie b\u0119dzie wykorzystywa\u0107 Pa\u0144stwa danych osobowych do cel\u00f3w marketingu bezpo\u015bredniego. Je\u015bli UAB \u201eBAGFACTORY\u201d zamierza wykorzysta\u0107 dane osobowe u\u017cytkownika do cel\u00f3w marketingu bezpo\u015bredniego, u\u017cytkownik powinien zawsze wyrazi\u0107 na to zgod\u0119 i mie\u0107 mo\u017cliwo\u015b\u0107 wycofania tej zgody.<\/p><p><u>UAB \u201eBAGFACTORY\u201d przestrzega nast\u0119puj\u0105cych podstawowych zasad przetwarzania danych osobowych:<\/u><\/p><ol><li>Dane osobowe s\u0105 gromadzone w okre\u015blonych i uzasadnionych celach;<\/li><li>Dane osobowe powinny by\u0107 przetwarzane w spos\u00f3b rzetelny i uczciwy;<\/li><li>Dane osobowe s\u0105 przetwarzane zgodnie z prawem;<\/li><li>Wszystkie informacje dotycz\u0105ce przetwarzanych danych osobowych s\u0105 poufne;<\/li><\/ol><p>Zarz\u0105dzanie i ochrona danych osobowych UAB \u201eBAGFACTORY\u201d wdra\u017ca \u015brodki organizacyjne i techniczne, kt\u00f3re zapewniaj\u0105 ochron\u0119 danych osobowych przed przypadkowym lub niezgodnym z prawem zniszczeniem, zmian\u0105, ujawnieniem, a tak\u017ce wszelkimi innymi niezgodnymi z prawem dzia\u0142aniami. Dane osobowe s\u0105 przetwarzane zgodnie z rozporz\u0105dzeniem Parlamentu Europejskiego i Rady (UE) 2016\/679 z dnia 27 kwietnia 2016 r. w sprawie ochrony os\u00f3b fizycznych w zwi\u0105zku z przetwarzaniem danych osobowych i swobodnym przep\u0142ywem takich danych.<\/p><p><u>Dane osobowe s\u0105 gromadzone i przetwarzane w nast\u0119puj\u0105cych celach:<\/u><\/p><ol><li>Przetwarzanie zapyta\u0144;<\/li><li>W celach marketingu bezpo\u015bredniego \u2013 po uzyskaniu zgody, wy\u0142\u0105cznie poprzez umo\u017cliwienie odmowy i rezygnacji.<\/li><\/ol><p><strong>Prawa osobiste<\/strong><\/p><p><u>Zezwalaj\u0105c na zarz\u0105dzanie swoimi danymi osobowymi, maj\u0105 Pa\u0144stwo prawo do:<\/u><\/p><ol><li>\u017b\u0105dania poprawienia, zniszczenia lub zawieszenia przetwarzania swoich danych osobowych, gdy dane s\u0105 przetwarzane niezgodnie z niniejszymi i innymi przepisami prawa;<\/li><li>Wyra\u017cenia sprzeciwu wobec przetwarzania swoich danych osobowych;<\/li><li>UAB \u201eBAGFACTORY&#8221;, po otrzymaniu wniosku o przetwarzanie danych osobowych, udzieli odpowiedzi w ci\u0105gu 30 dni kalendarzowych od daty z\u0142o\u017cenia wniosku. Rozpatrywane s\u0105 wy\u0142\u0105cznie wnioski o przetwarzanie danych osobowych przes\u0142ane poczt\u0105 elektroniczn\u0105. Adres pocztowy: gvidas@bagfactory.eu;<\/li><li>Cz\u0142onkowie \/ klienci UAB \u201eBAGFACTORY\u201d maj\u0105 prawo za\u017c\u0105da\u0107 przeniesienia lub usuni\u0119cia informacji dotycz\u0105cych historii p\u0142atno\u015bci oraz informacji, kt\u00f3re podali. Takie wnioski b\u0119d\u0105 rozpatrywane w ci\u0105gu 30 dni od daty otrzymania wiadomo\u015bci e-mail od gvidas@bagfactory.eu.<\/li><\/ol><p><strong>Postanowienia ko\u0144cowe<\/strong><\/p><p>Istotne zmiany w niniejszej Polityce prywatno\u015bci i plik\u00f3w cookie s\u0105 wysy\u0142ane do cz\u0142onk\u00f3w poczt\u0105 elektroniczn\u0105. UAB \u201eBAGFACTORY\u201d mo\u017ce zmieni\u0107 niniejsz\u0105 Polityk\u0119 prywatno\u015bci i plik\u00f3w cookie bez uprzedniego powiadomienia. Je\u015bli maj\u0105 Pa\u0144stwo pytania dotycz\u0105ce naszej Polityki prywatno\u015bci i plik\u00f3w cookie, mog\u0105 si\u0119 Pa\u0144stwo skontaktowa\u0107 z nami w dowolnym momencie za po\u015brednictwem poczty elektronicznej: gvidas@bagfactory.eu.<\/p><p>Data ostatniej aktualizacji niniejszego dokumentu: 2020-05-26.<\/p>\t\t\t\t\t\t\t\t<\/div>\n\t\t\t\t<\/div>\n\t\t\t\t\t<\/div>\n\t\t<\/div>\n\t\t\t\t\t<\/div>\n\t\t<\/section>\n\t\t\t\t<\/div>\n\t\t","protected":false},"excerpt":{"rendered":"<p>Polityka plik\u00f3w cookie POLITYKA PRYWATNO\u015aCI I PLIKI COOKIE Korzystaj\u0105c z niniejszej strony internetowej, wyra\u017caj\u0105 Pa\u0144stwo zgod\u0119 na gromadzenie i wykorzystywanie przez sp\u00f3\u0142k\u0119 [&hellip;]<\/p>\n","protected":false},"author":8,"featured_media":0,"parent":0,"menu_order":0,"comment_status":"closed","ping_status":"closed","template":"elementor_header_footer","meta":{"_acf_changed":false,"footnotes":""},"class_list":["post-201373","page","type-page","status-publish","hentry"],"acf":[],"_links":{"self":[{"href":"https:\/\/bagfactory.eu\/pl\/wp-json\/wp\/v2\/pages\/201373","targetHints":{"allow":["GET"]}}],"collection":[{"href":"https:\/\/bagfactory.eu\/pl\/wp-json\/wp\/v2\/pages"}],"about":[{"href":"https:\/\/bagfactory.eu\/pl\/wp-json\/wp\/v2\/types\/page"}],"author":[{"embeddable":true,"href":"https:\/\/bagfactory.eu\/pl\/wp-json\/wp\/v2\/users\/8"}],"replies":[{"embeddable":true,"href":"https:\/\/bagfactory.eu\/pl\/wp-json\/wp\/v2\/comments?post=201373"}],"version-history":[{"count":3,"href":"https:\/\/bagfactory.eu\/pl\/wp-json\/wp\/v2\/pages\/201373\/revisions"}],"predecessor-version":[{"id":201650,"href":"https:\/\/bagfactory.eu\/pl\/wp-json\/wp\/v2\/pages\/201373\/revisions\/201650"}],"wp:attachment":[{"href":"https:\/\/bagfactory.eu\/pl\/wp-json\/wp\/v2\/media?parent=201373"}],"curies":[{"name":"wp","href":"https:\/\/api.w.org\/{rel}","templated":true}]}}