{"id":201376,"date":"2021-06-11T18:11:47","date_gmt":"2021-06-11T16:11:47","guid":{"rendered":"https:\/\/bagfactory.eu\/non-woven-products-for-covid-19\/"},"modified":"2025-12-17T22:48:13","modified_gmt":"2025-12-17T20:48:13","slug":"non-woven-products-for-covid-19","status":"publish","type":"page","link":"https:\/\/bagfactory.eu\/pl\/eu-funding\/non-woven-products-for-covid-19\/","title":{"rendered":"Non-Woven products for COVID-19"},"content":{"rendered":"\t\t<div data-elementor-type=\"wp-page\" data-elementor-id=\"201376\" class=\"elementor elementor-201376 elementor-16873\" data-elementor-settings=\"{&quot;element_pack_global_tooltip_width&quot;:{&quot;unit&quot;:&quot;px&quot;,&quot;size&quot;:&quot;&quot;,&quot;sizes&quot;:[]},&quot;element_pack_global_tooltip_width_tablet&quot;:{&quot;unit&quot;:&quot;px&quot;,&quot;size&quot;:&quot;&quot;,&quot;sizes&quot;:[]},&quot;element_pack_global_tooltip_width_mobile&quot;:{&quot;unit&quot;:&quot;px&quot;,&quot;size&quot;:&quot;&quot;,&quot;sizes&quot;:[]},&quot;element_pack_global_tooltip_padding&quot;:{&quot;unit&quot;:&quot;px&quot;,&quot;top&quot;:&quot;&quot;,&quot;right&quot;:&quot;&quot;,&quot;bottom&quot;:&quot;&quot;,&quot;left&quot;:&quot;&quot;,&quot;isLinked&quot;:true},&quot;element_pack_global_tooltip_padding_tablet&quot;:{&quot;unit&quot;:&quot;px&quot;,&quot;top&quot;:&quot;&quot;,&quot;right&quot;:&quot;&quot;,&quot;bottom&quot;:&quot;&quot;,&quot;left&quot;:&quot;&quot;,&quot;isLinked&quot;:true},&quot;element_pack_global_tooltip_padding_mobile&quot;:{&quot;unit&quot;:&quot;px&quot;,&quot;top&quot;:&quot;&quot;,&quot;right&quot;:&quot;&quot;,&quot;bottom&quot;:&quot;&quot;,&quot;left&quot;:&quot;&quot;,&quot;isLinked&quot;:true},&quot;element_pack_global_tooltip_border_radius&quot;:{&quot;unit&quot;:&quot;px&quot;,&quot;top&quot;:&quot;&quot;,&quot;right&quot;:&quot;&quot;,&quot;bottom&quot;:&quot;&quot;,&quot;left&quot;:&quot;&quot;,&quot;isLinked&quot;:true},&quot;element_pack_global_tooltip_border_radius_tablet&quot;:{&quot;unit&quot;:&quot;px&quot;,&quot;top&quot;:&quot;&quot;,&quot;right&quot;:&quot;&quot;,&quot;bottom&quot;:&quot;&quot;,&quot;left&quot;:&quot;&quot;,&quot;isLinked&quot;:true},&quot;element_pack_global_tooltip_border_radius_mobile&quot;:{&quot;unit&quot;:&quot;px&quot;,&quot;top&quot;:&quot;&quot;,&quot;right&quot;:&quot;&quot;,&quot;bottom&quot;:&quot;&quot;,&quot;left&quot;:&quot;&quot;,&quot;isLinked&quot;:true}}\" data-elementor-post-type=\"page\">\n\t\t\t\t<div class=\"has_eae_slider elementor-element elementor-element-d2c3912 e-con-full e-flex e-con e-parent\" data-eae-slider=\"80440\" data-id=\"d2c3912\" data-element_type=\"container\">\n\t\t<div class=\"has_eae_slider elementor-element elementor-element-607d7e8 e-con-full e-flex e-con e-child\" data-eae-slider=\"36297\" data-id=\"607d7e8\" data-element_type=\"container\">\n\t\t\t\t<div class=\"elementor-element elementor-element-59e73a8 elementor-widget elementor-widget-heading\" data-id=\"59e73a8\" data-element_type=\"widget\" data-widget_type=\"heading.default\">\n\t\t\t\t<div class=\"elementor-widget-container\">\n\t\t\t\t\t<h3 class=\"elementor-heading-title elementor-size-default\">Realizacja projektu <br>\u201eInwestycja w produkcj\u0119 wyrob\u00f3w z w\u0142\u00f3kniny do walki z COVID-19\u201d<\/h3>\t\t\t\t<\/div>\n\t\t\t\t<\/div>\n\t\t\t\t<div class=\"elementor-element elementor-element-97f2bc7 elementor-view-default elementor-widget elementor-widget-icon\" data-id=\"97f2bc7\" data-element_type=\"widget\" data-widget_type=\"icon.default\">\n\t\t\t\t<div class=\"elementor-widget-container\">\n\t\t\t\t\t\t\t<div class=\"elementor-icon-wrapper\">\n\t\t\t<div class=\"elementor-icon\">\n\t\t\t\t\t\t<\/div>\n\t\t<\/div>\n\t\t\t\t\t\t<\/div>\n\t\t\t\t<\/div>\n\t\t\t\t<\/div>\n\t\t<div class=\"has_eae_slider elementor-element elementor-element-8bca118 e-con-full e-flex e-con e-child\" data-eae-slider=\"92692\" data-id=\"8bca118\" data-element_type=\"container\">\n\t\t\t\t<div class=\"elementor-element elementor-element-e8bd0e7 elementor-widget elementor-widget-image\" data-id=\"e8bd0e7\" data-element_type=\"widget\" data-widget_type=\"image.default\">\n\t\t\t\t<div class=\"elementor-widget-container\">\n\t\t\t\t\t\t\t\t\t\t\t\t\t\t\t<img fetchpriority=\"high\" decoding=\"async\" width=\"768\" height=\"171\" src=\"https:\/\/bagfactory.eu\/wp-content\/uploads\/2021\/06\/LVPA-and-ES-Funding-e1623259003342-768x171.jpg\" class=\"attachment-medium_large size-medium_large wp-image-46177\" alt=\"Non woven and Paper Bag manufacturers\" srcset=\"https:\/\/bagfactory.eu\/wp-content\/uploads\/2021\/06\/LVPA-and-ES-Funding-e1623259003342-768x171.jpg 768w, https:\/\/bagfactory.eu\/wp-content\/uploads\/2021\/06\/LVPA-and-ES-Funding-e1623259003342-600x133.jpg 600w, https:\/\/bagfactory.eu\/wp-content\/uploads\/2021\/06\/LVPA-and-ES-Funding-e1623259003342-300x67.jpg 300w, https:\/\/bagfactory.eu\/wp-content\/uploads\/2021\/06\/LVPA-and-ES-Funding-e1623259003342-1024x228.jpg 1024w, https:\/\/bagfactory.eu\/wp-content\/uploads\/2021\/06\/LVPA-and-ES-Funding-e1623259003342.jpg 1444w\" sizes=\"(max-width: 768px) 100vw, 768px\" \/>\t\t\t\t\t\t\t\t\t\t\t\t\t\t\t<\/div>\n\t\t\t\t<\/div>\n\t\t\t\t<div class=\"elementor-element elementor-element-bfda56e elementor-widget elementor-widget-text-editor\" data-id=\"bfda56e\" data-element_type=\"widget\" data-widget_type=\"text-editor.default\">\n\t\t\t\t<div class=\"elementor-widget-container\">\n\t\t\t\t\t\t\t\t\t<p id=\"tw-target-text\" class=\"tw-data-text tw-text-large XcVN5d tw-ta\" dir=\"ltr\" data-placeholder=\"Vertimas\"><span class=\"Y2IQFc\" lang=\"en\">UAB Bagfactory od 2021 r. Od 17 lutego do 17 wrze\u015bnia 2021 r. realizuje projekt \u201eInwestycja w produkcj\u0119 wyrob\u00f3w z w\u0142\u00f3kniny do walki z COVID-19\u201d, (No 03.3.1-LVPA-T-859-01-0055) wsp\u00f3\u0142finansowany przez Uni\u0119 Europejsk\u0105 w ramach Programu Operacyjnego Inwestycje 2014-2020, Priorytet 3 \u201eWzrost konkurencyjno\u015bci ma\u0142ych i \u015brednich przedsi\u0119biorstw\u201d, Dzia\u0142anie nr 03.3.1-LVPA-T-859 Fundusze \u201eProdukty zwi\u0105zane z COVID-19 LT\u201d. <\/span><\/p>\n<p class=\"tw-data-text tw-text-large XcVN5d tw-ta\" dir=\"ltr\" data-placeholder=\"Vertimas\"><span class=\"Y2IQFc\" lang=\"en\">UAB Bagfactory to dynamicznie rozwijaj\u0105cy si\u0119 producent toreb na zakupy, lider rynku na Litwie i jeden z lider\u00f3w rynku w UE, posiadaj\u0105cy ogromny potencja\u0142 dalszego rozwoju. Jest to firma odpowiedzialna ekologicznie, kt\u00f3ra wykorzystuje zar\u00f3wno surowce pierwotne (papier, polipropylen (PP) i w\u0142\u00f3kniny z politereftalanu etylenu (PET), jak i surowce pochodz\u0105ce z recyklingu (RPET \u2013 tkanina z recyklingu PET). <\/span><\/p>\n<p class=\"tw-data-text tw-text-large XcVN5d tw-ta\" dir=\"ltr\" data-placeholder=\"Vertimas\"><span class=\"Y2IQFc\" lang=\"en\">Trwaj\u0105cy projekt dotyczy nowych, innowacyjnych urz\u0105dze\u0144 do walki z COVID-19, s\u0142u\u017c\u0105cych do produkcji, nabywania i instalacji niezb\u0119dnych produkt\u00f3w, przyczyniaj\u0105c si\u0119 w ten spos\u00f3b do modernizacji bazy produkcyjnej firmy i zwi\u0119kszenia naszych zdolno\u015bci produkcyjnych. <\/span><\/p>\n<p class=\"tw-data-text tw-text-large XcVN5d tw-ta\" dir=\"ltr\" data-placeholder=\"Vertimas\"><span class=\"Y2IQFc\" lang=\"en\">Dzi\u0119ki najlepszym produktom na Litwie opartym na do\u015bwiadczeniu w produkcji w\u0142\u00f3knin, firma Bagfactory ma siln\u0105 pozycj\u0119 w \u0142a\u0144cuchu warto\u015bci i dostaw produkt\u00f3w z w\u0142\u00f3knin, co gwarantuje powi\u0105zania zar\u00f3wno z dostawcami i producentami w\u0142\u00f3knin, jak i z krajowymi i mi\u0119dzynarodowymi uczestnikami rynku produkt\u00f3w z w\u0142\u00f3knin. Ugruntowane kontakty i do\u015bwiadczenie w produkcji r\u00f3\u017cnych surowc\u00f3w do produkcji w\u0142\u00f3knin gwarantuj\u0105, \u017ce inwestycja w produkcj\u0119 produkt\u00f3w potrzebnych do walki z COVID-19 zako\u0144czy si\u0119 sukcesem, sprz\u0119t zostanie zakupiony w najkr\u00f3tszym mo\u017cliwym czasie (negocjacje z dostawcami ju\u017c trwaj\u0105), a produkty potrzebne do walki z pandemi\u0105 trafi\u0105 na rynek. <\/span><\/p>\n<p class=\"tw-data-text tw-text-large XcVN5d tw-ta\" dir=\"ltr\" data-placeholder=\"Vertimas\"><span class=\"Y2IQFc\" lang=\"en\">Bud\u017cet projektu wynosi 143 000,00 EUR. <\/span><\/p>\n<p class=\"tw-data-text tw-text-large XcVN5d tw-ta\" dir=\"ltr\" data-placeholder=\"Vertimas\"><span class=\"Y2IQFc\" lang=\"en\">Kwota finansowania wynosi 114 400,00 EUR <br>Instytucja wdra\u017caj\u0105ca: Agencja ds. innowacji na Litwie<\/span><\/p>\n<p>Wi\u0119cej informacji na temat wniosk\u00f3w i projekt\u00f3w:&nbsp;<\/p>\t\t\t\t\t\t\t\t<\/div>\n\t\t\t\t<\/div>\n\t\t\t\t<div class=\"elementor-element elementor-element-5a2ee81 elementor-widget elementor-widget-text-editor\" data-id=\"5a2ee81\" data-element_type=\"widget\" data-widget_type=\"text-editor.default\">\n\t\t\t\t<div class=\"elementor-widget-container\">\n\t\t\t\t\t\t\t\t\t<p><a href=\"https:\/\/www.esinvesticijos.lt\/lt\/\/finansavimas\/paraiskos_ir_projektai\/investicijos-i-kovai-su-covid-19-skirtu-neaustines-medziagos-produktu-gamyba\" target=\"_blank\" rel=\"noopener\">Strona internetowa po\u015bwi\u0119cona funduszom UE<\/a><\/p>\t\t\t\t\t\t\t\t<\/div>\n\t\t\t\t<\/div>\n\t\t\t\t<\/div>\n\t\t\t\t<\/div>\n\t\t\t\t<\/div>\n\t\t","protected":false},"excerpt":{"rendered":"<p>Realizacja projektu \u201eInwestycja w produkcj\u0119 wyrob\u00f3w z w\u0142\u00f3kniny do walki z COVID-19\u201d UAB Bagfactory od 2021 r. Od 17 lutego do 17 [&hellip;]<\/p>\n","protected":false},"author":8,"featured_media":55789,"parent":233260,"menu_order":0,"comment_status":"closed","ping_status":"closed","template":"elementor_header_footer","meta":{"_acf_changed":false,"footnotes":""},"class_list":["post-201376","page","type-page","status-publish","has-post-thumbnail","hentry"],"acf":[],"_links":{"self":[{"href":"https:\/\/bagfactory.eu\/pl\/wp-json\/wp\/v2\/pages\/201376","targetHints":{"allow":["GET"]}}],"collection":[{"href":"https:\/\/bagfactory.eu\/pl\/wp-json\/wp\/v2\/pages"}],"about":[{"href":"https:\/\/bagfactory.eu\/pl\/wp-json\/wp\/v2\/types\/page"}],"author":[{"embeddable":true,"href":"https:\/\/bagfactory.eu\/pl\/wp-json\/wp\/v2\/users\/8"}],"replies":[{"embeddable":true,"href":"https:\/\/bagfactory.eu\/pl\/wp-json\/wp\/v2\/comments?post=201376"}],"version-history":[{"count":3,"href":"https:\/\/bagfactory.eu\/pl\/wp-json\/wp\/v2\/pages\/201376\/revisions"}],"predecessor-version":[{"id":201662,"href":"https:\/\/bagfactory.eu\/pl\/wp-json\/wp\/v2\/pages\/201376\/revisions\/201662"}],"up":[{"embeddable":true,"href":"https:\/\/bagfactory.eu\/pl\/wp-json\/wp\/v2\/pages\/233260"}],"wp:featuredmedia":[{"embeddable":true,"href":"https:\/\/bagfactory.eu\/pl\/wp-json\/wp\/v2\/media\/55789"}],"wp:attachment":[{"href":"https:\/\/bagfactory.eu\/pl\/wp-json\/wp\/v2\/media?parent=201376"}],"curies":[{"name":"wp","href":"https:\/\/api.w.org\/{rel}","templated":true}]}}