{"id":202404,"date":"2021-05-17T23:22:04","date_gmt":"2021-05-17T21:22:04","guid":{"rendered":"https:\/\/bagfactory.eu\/quality-certifications\/"},"modified":"2025-12-31T13:07:38","modified_gmt":"2025-12-31T11:07:38","slug":"quality-certifications","status":"publish","type":"page","link":"https:\/\/bagfactory.eu\/pl\/quality-certifications\/","title":{"rendered":"Jako\u015b\u0107 i certyfikaty"},"content":{"rendered":"\t\t<div data-elementor-type=\"wp-page\" data-elementor-id=\"202404\" class=\"elementor elementor-202404 elementor-17\" data-elementor-settings=\"{&quot;element_pack_global_tooltip_width&quot;:{&quot;unit&quot;:&quot;px&quot;,&quot;size&quot;:&quot;&quot;,&quot;sizes&quot;:[]},&quot;element_pack_global_tooltip_width_tablet&quot;:{&quot;unit&quot;:&quot;px&quot;,&quot;size&quot;:&quot;&quot;,&quot;sizes&quot;:[]},&quot;element_pack_global_tooltip_width_mobile&quot;:{&quot;unit&quot;:&quot;px&quot;,&quot;size&quot;:&quot;&quot;,&quot;sizes&quot;:[]},&quot;element_pack_global_tooltip_padding&quot;:{&quot;unit&quot;:&quot;px&quot;,&quot;top&quot;:&quot;&quot;,&quot;right&quot;:&quot;&quot;,&quot;bottom&quot;:&quot;&quot;,&quot;left&quot;:&quot;&quot;,&quot;isLinked&quot;:true},&quot;element_pack_global_tooltip_padding_tablet&quot;:{&quot;unit&quot;:&quot;px&quot;,&quot;top&quot;:&quot;&quot;,&quot;right&quot;:&quot;&quot;,&quot;bottom&quot;:&quot;&quot;,&quot;left&quot;:&quot;&quot;,&quot;isLinked&quot;:true},&quot;element_pack_global_tooltip_padding_mobile&quot;:{&quot;unit&quot;:&quot;px&quot;,&quot;top&quot;:&quot;&quot;,&quot;right&quot;:&quot;&quot;,&quot;bottom&quot;:&quot;&quot;,&quot;left&quot;:&quot;&quot;,&quot;isLinked&quot;:true},&quot;element_pack_global_tooltip_border_radius&quot;:{&quot;unit&quot;:&quot;px&quot;,&quot;top&quot;:&quot;&quot;,&quot;right&quot;:&quot;&quot;,&quot;bottom&quot;:&quot;&quot;,&quot;left&quot;:&quot;&quot;,&quot;isLinked&quot;:true},&quot;element_pack_global_tooltip_border_radius_tablet&quot;:{&quot;unit&quot;:&quot;px&quot;,&quot;top&quot;:&quot;&quot;,&quot;right&quot;:&quot;&quot;,&quot;bottom&quot;:&quot;&quot;,&quot;left&quot;:&quot;&quot;,&quot;isLinked&quot;:true},&quot;element_pack_global_tooltip_border_radius_mobile&quot;:{&quot;unit&quot;:&quot;px&quot;,&quot;top&quot;:&quot;&quot;,&quot;right&quot;:&quot;&quot;,&quot;bottom&quot;:&quot;&quot;,&quot;left&quot;:&quot;&quot;,&quot;isLinked&quot;:true}}\" data-elementor-post-type=\"page\">\n\t\t\t\t<div class=\"has_eae_slider elementor-element elementor-element-7af9abe e-flex e-con-boxed e-con e-parent\" data-eae-slider=\"59603\" data-id=\"7af9abe\" data-element_type=\"container\">\n\t\t\t\t\t<div class=\"e-con-inner\">\n\t\t<div class=\"has_eae_slider elementor-element elementor-element-7420e81 e-con-full e-flex e-con e-child\" data-eae-slider=\"22728\" data-id=\"7420e81\" data-element_type=\"container\">\n\t\t\t\t<div class=\"elementor-element elementor-element-ec10924 elementor-widget elementor-widget-spacer\" data-id=\"ec10924\" data-element_type=\"widget\" data-widget_type=\"spacer.default\">\n\t\t\t\t<div class=\"elementor-widget-container\">\n\t\t\t\t\t\t\t<div class=\"elementor-spacer\">\n\t\t\t<div class=\"elementor-spacer-inner\"><\/div>\n\t\t<\/div>\n\t\t\t\t\t\t<\/div>\n\t\t\t\t<\/div>\n\t\t\t\t<div class=\"elementor-element elementor-element-0d446bd elementor-widget elementor-widget-heading\" data-id=\"0d446bd\" data-element_type=\"widget\" data-widget_type=\"heading.default\">\n\t\t\t\t<div class=\"elementor-widget-container\">\n\t\t\t\t\t<h2 class=\"elementor-heading-title elementor-size-default\">Bagfactory przestrzega najwy\u017cszych standard\u00f3w bran\u017cowych, potwierdzonych mi\u0119dzynarodowymi certyfikatami jako\u015bci.<\/h2>\t\t\t\t<\/div>\n\t\t\t\t<\/div>\n\t\t\t\t<\/div>\n\t\t<div class=\"has_eae_slider elementor-element elementor-element-5d38f57 e-con-full e-flex e-con e-child\" data-eae-slider=\"11145\" data-id=\"5d38f57\" data-element_type=\"container\">\n\t\t\t\t<div class=\"elementor-element elementor-element-d964c55 elementor-widget elementor-widget-spacer\" data-id=\"d964c55\" data-element_type=\"widget\" data-widget_type=\"spacer.default\">\n\t\t\t\t<div class=\"elementor-widget-container\">\n\t\t\t\t\t\t\t<div class=\"elementor-spacer\">\n\t\t\t<div class=\"elementor-spacer-inner\"><\/div>\n\t\t<\/div>\n\t\t\t\t\t\t<\/div>\n\t\t\t\t<\/div>\n\t\t\t\t<div class=\"elementor-element elementor-element-7474ed4 elementor-widget elementor-widget-text-editor\" data-id=\"7474ed4\" data-element_type=\"widget\" data-widget_type=\"text-editor.default\">\n\t\t\t\t<div class=\"elementor-widget-container\">\n\t\t\t\t\t\t\t\t\t<p>Wdra\u017camy skuteczne systemy i procedury, aby<br \/>zapewni\u0107 jako\u015b\u0107 naszych toreb na ka\u017cdym etapie produkcji.<br \/>Nasze certyfikaty gwarantuj\u0105 wysok\u0105 jako\u015b\u0107 wytwarzanych<br \/>produkt\u00f3w.<\/p>\n\t\t\t\t\t\t\t\t<\/div>\n\t\t\t\t<\/div>\n\t\t\t\t<\/div>\n\t\t\t\t\t<\/div>\n\t\t\t\t<\/div>\n\t\t<div class=\"has_eae_slider elementor-element elementor-element-260d51f e-flex e-con-boxed e-con e-parent\" data-eae-slider=\"72830\" data-id=\"260d51f\" data-element_type=\"container\">\n\t\t\t\t\t<div class=\"e-con-inner\">\n\t\t<div class=\"has_eae_slider elementor-element elementor-element-7ebbe00 e-grid e-con-full e-con e-child\" data-eae-slider=\"75492\" data-id=\"7ebbe00\" data-element_type=\"container\">\n\t\t\t\t<div class=\"elementor-element elementor-element-0442cf1 elementor-position-top elementor-widget elementor-widget-image-box\" data-id=\"0442cf1\" data-element_type=\"widget\" data-widget_type=\"image-box.default\">\n\t\t\t\t<div class=\"elementor-widget-container\">\n\t\t\t\t\t<div class=\"elementor-image-box-wrapper\"><figure class=\"elementor-image-box-img\"><img fetchpriority=\"high\" decoding=\"async\" width=\"452\" height=\"338\" src=\"https:\/\/bagfactory.eu\/wp-content\/uploads\/2025\/02\/BRC-Packaging-Materials-grayscale-transparent.png\" class=\"attachment-full size-full wp-image-198279\" alt=\"bag producer\" srcset=\"https:\/\/bagfactory.eu\/wp-content\/uploads\/2025\/02\/BRC-Packaging-Materials-grayscale-transparent.png 452w, https:\/\/bagfactory.eu\/wp-content\/uploads\/2025\/02\/BRC-Packaging-Materials-grayscale-transparent-300x224.png 300w\" sizes=\"(max-width: 452px) 100vw, 452px\" \/><\/figure><div class=\"elementor-image-box-content\"><p class=\"elementor-image-box-description\">BRC Packaging \u2013 certyfikat ten gwarantuje bezpiecze\u0144stwo, jako\u015b\u0107 i legalno\u015b\u0107 materia\u0142\u00f3w opakowaniowych, w szczeg\u00f3lno\u015bci przeznaczonych do pakowania \u017cywno\u015bci i produkt\u00f3w konsumenckich. Uznany przez Global Food Safety Initiative (GFSI), obejmuje higien\u0119, bezpiecze\u0144stwo i zgodno\u015b\u0107 z przepisami prawa na wszystkich etapach proces\u00f3w produkcyjnych i drukarskich. Certyfikat BRCGS \u015bwiadczy o zaanga\u017cowaniu w dostarczanie niezawodnych, wysokiej jako\u015bci i bezpiecznych rozwi\u0105za\u0144 w dziedzinie opakowa\u0144. <br><br><a href=\"https:\/\/www.brcgs.com\/\" target=\"_blank\" rel=\"noopener\">Certyfikacja opakowa\u0144 BRCGS<\/a><\/p><\/div><\/div>\t\t\t\t<\/div>\n\t\t\t\t<\/div>\n\t\t\t\t<div class=\"elementor-element elementor-element-149e1b6 elementor-position-top elementor-widget elementor-widget-image-box\" data-id=\"149e1b6\" data-element_type=\"widget\" data-widget_type=\"image-box.default\">\n\t\t\t\t<div class=\"elementor-widget-container\">\n\t\t\t\t\t<div class=\"elementor-image-box-wrapper\"><figure class=\"elementor-image-box-img\"><img decoding=\"async\" width=\"338\" height=\"188\" src=\"https:\/\/bagfactory.eu\/wp-content\/uploads\/2025\/01\/Okeo-Tex-standart-100.jpg\" class=\"attachment-full size-full wp-image-111037\" alt=\"bag producer\" srcset=\"https:\/\/bagfactory.eu\/wp-content\/uploads\/2025\/01\/Okeo-Tex-standart-100.jpg 338w, https:\/\/bagfactory.eu\/wp-content\/uploads\/2025\/01\/Okeo-Tex-standart-100-300x167.jpg 300w\" sizes=\"(max-width: 338px) 100vw, 338px\" \/><\/figure><div class=\"elementor-image-box-content\"><p class=\"elementor-image-box-description\">OEKO-TEX\u00ae Standard 100 to uznany na ca\u0142ym \u015bwiecie certyfikat gwarantuj\u0105cy, \u017ce tekstylia i produkty pokrewne nie zawieraj\u0105 substancji szkodliwych i s\u0105 bezpieczne dla ludzi. OEKO-TEX obejmuje wszystkie etapy produkcji, od surowc\u00f3w po produkt ko\u0144cowy, zapewniaj\u0105c zgodno\u015b\u0107 z rygorystycznymi normami bezpiecze\u0144stwa chemicznego. Jest to punkt odniesienia dla zr\u00f3wnowa\u017conego rozwoju i bezpiecze\u0144stwa konsument\u00f3w w przemy\u015ble tekstylnym. <br><br><a href=\"https:\/\/www.oeko-tex.com\/\" target=\"_blank\" rel=\"noopener\">OEKO-TEX Standard 100<\/a><\/p><\/div><\/div>\t\t\t\t<\/div>\n\t\t\t\t<\/div>\n\t\t\t\t<div class=\"elementor-element elementor-element-26bb794 elementor-position-top elementor-widget elementor-widget-image-box\" data-id=\"26bb794\" data-element_type=\"widget\" data-widget_type=\"image-box.default\">\n\t\t\t\t<div class=\"elementor-widget-container\">\n\t\t\t\t\t<div class=\"elementor-image-box-wrapper\"><figure class=\"elementor-image-box-img\"><img decoding=\"async\" width=\"866\" height=\"650\" src=\"https:\/\/bagfactory.eu\/wp-content\/uploads\/2025\/08\/CU-1-1.png\" class=\"attachment-full size-full wp-image-202422\" alt=\"bag producer\" srcset=\"https:\/\/bagfactory.eu\/wp-content\/uploads\/2025\/08\/CU-1-1.png 866w, https:\/\/bagfactory.eu\/wp-content\/uploads\/2025\/08\/CU-1-1-300x225.png 300w, https:\/\/bagfactory.eu\/wp-content\/uploads\/2025\/08\/CU-1-1-768x576.png 768w, https:\/\/bagfactory.eu\/wp-content\/uploads\/2025\/08\/CU-1-1-16x12.png 16w, https:\/\/bagfactory.eu\/wp-content\/uploads\/2025\/08\/CU-1-1-650x488.png 650w\" sizes=\"(max-width: 866px) 100vw, 866px\" \/><\/figure><div class=\"elementor-image-box-content\"><p class=\"elementor-image-box-description\">Global Recycled Standard (GRS) weryfikuje procentow\u0105 zawarto\u015b\u0107 materia\u0142\u00f3w pochodz\u0105cych z recyklingu i monitoruje je od momentu recyklingu do produktu ko\u0144cowego. Ponadto zak\u0142ady, od recyklera po ko\u0144cowego dostawc\u0119, spe\u0142niaj\u0105 wymagania spo\u0142eczne, \u015brodowiskowe i chemiczne. Wybrane produkty Bagfactory posiadaj\u0105 certyfikat GRS, oparty na wa\u017cnych certyfikatach transakcyjnych. Bagfactory posiada certyfikat Global Recycled Standard, wydany przez Control Union 1114812. Tylko produkty obj\u0119te wa\u017cnym certyfikatem transakcyjnym posiadaj\u0105 certyfikat GRS.<br><br><a href=\"https:\/\/www.controlunion.com\/certification-program\/grs-global-recycled-standard\/\" target=\"_blank\" rel=\"noopener\">Global Recycled Standard (GRS)<\/a><\/p><\/div><\/div>\t\t\t\t<\/div>\n\t\t\t\t<\/div>\n\t\t\t\t<\/div>\n\t\t\t\t\t<\/div>\n\t\t\t\t<\/div>\n\t\t\t\t<section class=\"has_eae_slider elementor-section elementor-top-section elementor-element elementor-element-4e45594 elementor-section-full_width elementor-section-height-default elementor-section-height-default\" data-eae-slider=\"7545\" data-id=\"4e45594\" data-element_type=\"section\">\n\t\t\t\t\t\t<div class=\"elementor-container elementor-column-gap-wider\">\n\t\t\t\t\t<div class=\"has_eae_slider elementor-column elementor-col-100 elementor-top-column elementor-element elementor-element-32b1b30\" data-eae-slider=\"84934\" data-id=\"32b1b30\" data-element_type=\"column\">\n\t\t\t<div class=\"elementor-widget-wrap elementor-element-populated\">\n\t\t\t\t\t\t<div class=\"elementor-element elementor-element-44cfa90 elementor-widget elementor-widget-heading\" data-id=\"44cfa90\" data-element_type=\"widget\" data-widget_type=\"heading.default\">\n\t\t\t\t<div class=\"elementor-widget-container\">\n\t\t\t\t\t<h2 class=\"elementor-heading-title elementor-size-default\"><a href=\"https:\/\/bagfactory.eu\/products\/\">Nasze produkty<\/a><\/h2>\t\t\t\t<\/div>\n\t\t\t\t<\/div>\n\t\t\t\t<div class=\"elementor-element elementor-element-a114916 elementor-widget-divider--view-line elementor-widget elementor-widget-divider\" data-id=\"a114916\" data-element_type=\"widget\" data-widget_type=\"divider.default\">\n\t\t\t\t<div class=\"elementor-widget-container\">\n\t\t\t\t\t\t\t<div class=\"elementor-divider\">\n\t\t\t<span class=\"elementor-divider-separator\">\n\t\t\t\t\t\t<\/span>\n\t\t<\/div>\n\t\t\t\t\t\t<\/div>\n\t\t\t\t<\/div>\n\t\t\t\t\t<\/div>\n\t\t<\/div>\n\t\t\t\t\t<\/div>\n\t\t<\/section>\n\t\t\t\t<\/div>\n\t\t","protected":false},"excerpt":{"rendered":"<p>Bagfactory przestrzega najwy\u017cszych standard\u00f3w bran\u017cowych, potwierdzonych mi\u0119dzynarodowymi certyfikatami jako\u015bci. Wdra\u017camy skuteczne systemy i procedury, abyzapewni\u0107 jako\u015b\u0107 naszych toreb na ka\u017cdym etapie produkcji.Nasze [&hellip;]<\/p>\n","protected":false},"author":8,"featured_media":192912,"parent":0,"menu_order":0,"comment_status":"closed","ping_status":"closed","template":"elementor_header_footer","meta":{"_acf_changed":false,"footnotes":""},"class_list":["post-202404","page","type-page","status-publish","has-post-thumbnail","hentry"],"acf":[],"_links":{"self":[{"href":"https:\/\/bagfactory.eu\/pl\/wp-json\/wp\/v2\/pages\/202404","targetHints":{"allow":["GET"]}}],"collection":[{"href":"https:\/\/bagfactory.eu\/pl\/wp-json\/wp\/v2\/pages"}],"about":[{"href":"https:\/\/bagfactory.eu\/pl\/wp-json\/wp\/v2\/types\/page"}],"author":[{"embeddable":true,"href":"https:\/\/bagfactory.eu\/pl\/wp-json\/wp\/v2\/users\/8"}],"replies":[{"embeddable":true,"href":"https:\/\/bagfactory.eu\/pl\/wp-json\/wp\/v2\/comments?post=202404"}],"version-history":[{"count":7,"href":"https:\/\/bagfactory.eu\/pl\/wp-json\/wp\/v2\/pages\/202404\/revisions"}],"predecessor-version":[{"id":233612,"href":"https:\/\/bagfactory.eu\/pl\/wp-json\/wp\/v2\/pages\/202404\/revisions\/233612"}],"wp:featuredmedia":[{"embeddable":true,"href":"https:\/\/bagfactory.eu\/pl\/wp-json\/wp\/v2\/media\/192912"}],"wp:attachment":[{"href":"https:\/\/bagfactory.eu\/pl\/wp-json\/wp\/v2\/media?parent=202404"}],"curies":[{"name":"wp","href":"https:\/\/api.w.org\/{rel}","templated":true}]}}